{"id":10008,"date":"2022-11-16T13:17:50","date_gmt":"2022-11-16T12:17:50","guid":{"rendered":"https:\/\/hygienic-seat.com\/product\/higijenska-rola"},"modified":"2023-01-27T14:55:51","modified_gmt":"2023-01-27T13:55:51","slug":"higienska-rola","status":"publish","type":"product","link":"https:\/\/hygienic-seat.com\/sl\/izdelek\/higienska-rola","title":{"rendered":"Higienska rola Clean4U"},"content":{"rendered":"<section class=\"wpb-content-wrapper\"><p>[vc_row full_width=&#8221;stretch_row&#8221; content_placement=&#8221;middle&#8221; css=&#8221;.vc_custom_1668604487038{margin-top: 20px !important;margin-bottom: 0px !important;padding-top: 60px !important;padding-bottom: 20px !important;background-color: #f9f9f9 !important;}&#8221; woodmart_css_id=&#8221;6374e22d7f97c&#8221; responsive_spacing=&#8221;eyJwYXJhbV90eXBlIjoid29vZG1hcnRfcmVzcG9uc2l2ZV9zcGFjaW5nIiwic2VsZWN0b3JfaWQiOiI2Mzc0ZTIyZDdmOTdjIiwic2hvcnRjb2RlIjoidmNfcm93IiwiZGF0YSI6eyJ0YWJsZXQiOnt9LCJtb2JpbGUiOnsicGFkZGluZy10b3AiOiI0MHB4IiwicGFkZGluZy1ib3R0b20iOiI0MHB4In19fQ==&#8221; mobile_bg_img_hidden=&#8221;no&#8221; tablet_bg_img_hidden=&#8221;no&#8221; woodmart_parallax=&#8221;0&#8243; woodmart_gradient_switch=&#8221;no&#8221; row_reverse_mobile=&#8221;0&#8243; row_reverse_tablet=&#8221;0&#8243; woodmart_disable_overflow=&#8221;0&#8243; woodmart_box_shadow=&#8221;no&#8221; wd_z_index=&#8221;no&#8221;][vc_column width=&#8221;1\/2&#8243; woodmart_text_align=&#8221;center&#8221; css=&#8221;.vc_custom_1626857735559{padding-top: 10px !important;padding-bottom: 10px !important;}&#8221; woodmart_css_id=&#8221;60f7e103515cb&#8221; responsive_spacing=&#8221;eyJwYXJhbV90eXBlIjoid29vZG1hcnRfcmVzcG9uc2l2ZV9zcGFjaW5nIiwic2VsZWN0b3JfaWQiOiI2MGY3ZTEwMzUxNWNiIiwic2hvcnRjb2RlIjoidmNfY29sdW1uIiwiZGF0YSI6eyJ0YWJsZXQiOnt9LCJtb2JpbGUiOnt9fX0=&#8221; parallax_scroll=&#8221;no&#8221; mobile_bg_img_hidden=&#8221;no&#8221; tablet_bg_img_hidden=&#8221;no&#8221; woodmart_parallax=&#8221;0&#8243; woodmart_sticky_column=&#8221;false&#8221; mobile_reset_margin=&#8221;no&#8221; tablet_reset_margin=&#8221;no&#8221;]\t\t<div id=\"wd-63d280fe9d8ab\" class=\"wd-text-block wd-wpb reset-last-child wd-rs-63d280fe9d8ab text-center wd-font-weight-600 wd-fontsize-s font-primary vc_custom_1674739971704\">\n\t\t\t<p>HIGIENSKA ROLA<\/p>\n\t\t<\/div>\n\t\t\n\t\t<div id=\"wd-63d28151dc506\" class=\"title-wrapper wd-wpb set-mb-s reset-last-child  wd-rs-63d28151dc506 wd-title-color-default wd-title-style-default text-center vc_custom_1674740104481 wd-width-enabled wd-underline-colored\" style=\"--wd-max-width: 90%;\">\n\t\t\t\n\t\t\t<div class=\"liner-continer\">\n\t\t\t\t<h4 class=\"woodmart-title-container title  wd-font-weight- wd-fontsize-xxxl\" >Potro\u0161ni material za enkratno uporabo<\/h4>\n\t\t\t\t\t\t\t<\/div>\n\t\t\t\n\t\t\t\t\t\t\t<div class=\"title-after_title  set-cont-mb-s reset-last-child  wd-fontsize-s\">Higienska rola Clean4U je izdelana iz visokokakovostnega polietilena visoke gostote (HDPE). Ta ne oddaja skoraj nobenih kemikalij, zato je najbolj varen za zdravje uporabnika.<\/div>\n\t\t\t\n\t\t\t\n\t\t<\/div>\n\t\t\n\t\t<div id=\"wd-63d281e671adc\" class=\" wd-rs-63d281e671adc  wd-button-wrapper text-center inline-element\"><a href=\"\/sl\/izdelek\/higienska-rola-50-kosov\" title=\"\" class=\"btn btn-color-primary btn-style-default btn-style-round btn-size-default\">HIGIENSKA ROLA \u2013 50 KOSOV<\/a><\/div><div id=\"wd-63d281da55945\" class=\" wd-rs-63d281da55945  wd-button-wrapper text-center inline-element\"><a href=\"\/sl\/kontakt\/\" title=\"\" class=\"btn btn-color-primary btn-style-bordered btn-style-round btn-size-default\">KONTAKT<\/a><\/div>[\/vc_column][vc_column width=&#8221;1\/2&#8243; css=&#8221;.vc_custom_1626857739078{padding-top: 10px !important;padding-bottom: 10px !important;}&#8221; woodmart_css_id=&#8221;60f7e10957ea8&#8243; responsive_spacing=&#8221;eyJwYXJhbV90eXBlIjoid29vZG1hcnRfcmVzcG9uc2l2ZV9zcGFjaW5nIiwic2VsZWN0b3JfaWQiOiI2MGY3ZTEwOTU3ZWE4Iiwic2hvcnRjb2RlIjoidmNfY29sdW1uIiwiZGF0YSI6eyJ0YWJsZXQiOnt9LCJtb2JpbGUiOnt9fX0=&#8221; parallax_scroll=&#8221;no&#8221; mobile_bg_img_hidden=&#8221;no&#8221; tablet_bg_img_hidden=&#8221;no&#8221; woodmart_parallax=&#8221;0&#8243; woodmart_sticky_column=&#8221;false&#8221; mobile_reset_margin=&#8221;no&#8221; tablet_reset_margin=&#8221;no&#8221;]\t\t<div id=\"wd-636a32dd9af6f\" class=\"wd-image wd-wpb wd-rs-636a32dd9af6f text-left vc_custom_1667904226108\">\n\t\t\t\n\t\t\t<img loading=\"lazy\" decoding=\"async\" width=\"800\" height=\"672\" src=\"https:\/\/hygienic-seat.com\/wp-content\/uploads\/2022\/11\/Skoljka-2-sivi-zid-folija-strelice-800x672.jpg\" class=\"attachment-medium\" alt=\"\" title=\"Skoljka-2-sivi-zid-folija-strelice\" srcset=\"https:\/\/hygienic-seat.com\/wp-content\/uploads\/2022\/11\/Skoljka-2-sivi-zid-folija-strelice-800x672.jpg 800w, https:\/\/hygienic-seat.com\/wp-content\/uploads\/2022\/11\/Skoljka-2-sivi-zid-folija-strelice-768x646.jpg 768w, https:\/\/hygienic-seat.com\/wp-content\/uploads\/2022\/11\/Skoljka-2-sivi-zid-folija-strelice-1400x1177.jpg 1400w, https:\/\/hygienic-seat.com\/wp-content\/uploads\/2022\/11\/Skoljka-2-sivi-zid-folija-strelice-700x588.jpg 700w, https:\/\/hygienic-seat.com\/wp-content\/uploads\/2022\/11\/Skoljka-2-sivi-zid-folija-strelice-500x420.jpg 500w, https:\/\/hygienic-seat.com\/wp-content\/uploads\/2022\/11\/Skoljka-2-sivi-zid-folija-strelice.jpg 1499w\" sizes=\"auto, (max-width: 800px) 100vw, 800px\" \/>\n\t\t\t\t\t<\/div>\n\t\t[\/vc_column][\/vc_row][vc_row full_width=&#8221;stretch_row_content&#8221; content_placement=&#8221;top&#8221; css=&#8221;.vc_custom_1668603757138{margin-bottom: 0px !important;padding-top: 60px !important;padding-bottom: 60px !important;background-color: #f9f9f9 !important;}&#8221; woodmart_css_id=&#8221;6374df69d75ea&#8221; responsive_spacing=&#8221;eyJwYXJhbV90eXBlIjoid29vZG1hcnRfcmVzcG9uc2l2ZV9zcGFjaW5nIiwic2VsZWN0b3JfaWQiOiI2Mzc0ZGY2OWQ3NWVhIiwic2hvcnRjb2RlIjoidmNfcm93IiwiZGF0YSI6eyJ0YWJsZXQiOnt9LCJtb2JpbGUiOnsicGFkZGluZy10b3AiOiI0MHB4IiwicGFkZGluZy1ib3R0b20iOiI0MHB4In19fQ==&#8221; mobile_bg_img_hidden=&#8221;no&#8221; tablet_bg_img_hidden=&#8221;no&#8221; woodmart_parallax=&#8221;0&#8243; woodmart_gradient_switch=&#8221;no&#8221; row_reverse_mobile=&#8221;0&#8243; row_reverse_tablet=&#8221;0&#8243; woodmart_disable_overflow=&#8221;0&#8243; woodmart_box_shadow=&#8221;no&#8221; wd_z_index=&#8221;no&#8221;][vc_column css=&#8221;.vc_custom_1668604229616{border-right-width: 1px !important;padding-top: 30px !important;padding-right: 50px !important;padding-left: 50px !important;border-right-color: rgba(129,129,129,0.2) !important;border-right-style: solid !important;}&#8221; woodmart_css_id=&#8221;6374e11c1f248&#8243; responsive_spacing=&#8221;eyJwYXJhbV90eXBlIjoid29vZG1hcnRfcmVzcG9uc2l2ZV9zcGFjaW5nIiwic2VsZWN0b3JfaWQiOiI2Mzc0ZTExYzFmMjQ4Iiwic2hvcnRjb2RlIjoidmNfY29sdW1uIiwiZGF0YSI6eyJ0YWJsZXQiOnt9LCJtb2JpbGUiOnt9fX0=&#8221; parallax_scroll=&#8221;no&#8221; mobile_bg_img_hidden=&#8221;no&#8221; tablet_bg_img_hidden=&#8221;no&#8221; woodmart_parallax=&#8221;0&#8243; woodmart_sticky_column=&#8221;false&#8221; mobile_reset_margin=&#8221;no&#8221; tablet_reset_margin=&#8221;no&#8221; wd_collapsible_content_switcher=&#8221;no&#8221; wd_column_role_offcanvas_desktop=&#8221;no&#8221; wd_column_role_offcanvas_tablet=&#8221;no&#8221; wd_column_role_offcanvas_mobile=&#8221;no&#8221; wd_column_role_content_desktop=&#8221;no&#8221; wd_column_role_content_tablet=&#8221;no&#8221; wd_column_role_content_mobile=&#8221;no&#8221; woodmart_box_shadow=&#8221;no&#8221; wd_z_index=&#8221;no&#8221; offset=&#8221;vc_col-lg-4 vc_col-md-4 vc_col-xs-12&#8243;]\t\t<div id=\"wd-6374dec1a7971\" class=\"wd-text-block wd-wpb reset-last-child wd-rs-6374dec1a7971 text-center wd-font-weight-600 wd-fontsize-s font-primary vc_custom_1668603593411\">\n\t\t\t<p>CLEAN4U<\/p>\n\t\t<\/div>\n\t\t\n\t\t<div id=\"wd-63d28625509cd\" class=\"title-wrapper wd-wpb set-mb-s reset-last-child  wd-rs-63d28625509cd wd-title-color-default wd-title-style-default text-center  wd-width-enabled wd-underline-colored\" style=\"--wd-max-width: 90%;\">\n\t\t\t\n\t\t\t<div class=\"liner-continer\">\n\t\t\t\t<h4 class=\"woodmart-title-container title  wd-font-weight- wd-fontsize-xl\" >Splo\u0161no o higienski deski<\/h4>\n\t\t\t\t\t\t\t<\/div>\n\t\t\t\n\t\t\t\n\t\t\t\n\t\t<\/div>\n\t\t\n\t\t[vc_video link=&#8221;https:\/\/www.youtube.com\/watch?v=dS0q0keNlCM&#8221; align=&#8221;center&#8221; image_poster_switch=&#8221;no&#8221;][\/vc_column][vc_column css=&#8221;.vc_custom_1668604238606{border-right-width: 1px !important;padding-top: 30px !important;padding-right: 50px !important;padding-left: 50px !important;border-right-color: rgba(129,129,129,0.2) !important;border-right-style: solid !important;}&#8221; woodmart_css_id=&#8221;6374e146bb507&#8243; parallax_scroll=&#8221;no&#8221; woodmart_sticky_column=&#8221;false&#8221; wd_collapsible_content_switcher=&#8221;no&#8221; wd_column_role_offcanvas_desktop=&#8221;no&#8221; wd_column_role_offcanvas_tablet=&#8221;no&#8221; wd_column_role_offcanvas_mobile=&#8221;no&#8221; wd_column_role_content_desktop=&#8221;no&#8221; wd_column_role_content_tablet=&#8221;no&#8221; wd_column_role_content_mobile=&#8221;no&#8221; mobile_bg_img_hidden=&#8221;no&#8221; tablet_bg_img_hidden=&#8221;no&#8221; woodmart_parallax=&#8221;0&#8243; woodmart_box_shadow=&#8221;no&#8221; responsive_spacing=&#8221;eyJwYXJhbV90eXBlIjoid29vZG1hcnRfcmVzcG9uc2l2ZV9zcGFjaW5nIiwic2VsZWN0b3JfaWQiOiI2Mzc0ZTE0NmJiNTA3Iiwic2hvcnRjb2RlIjoidmNfY29sdW1uIiwiZGF0YSI6eyJ0YWJsZXQiOnt9LCJtb2JpbGUiOnt9fX0=&#8221; mobile_reset_margin=&#8221;no&#8221; tablet_reset_margin=&#8221;no&#8221; wd_z_index=&#8221;no&#8221; offset=&#8221;vc_col-lg-4 vc_col-md-4 vc_col-xs-12&#8243;]\t\t<div id=\"wd-63d3d7e17ea23\" class=\"wd-text-block wd-wpb reset-last-child wd-rs-63d3d7e17ea23 text-center wd-font-weight-600 wd-fontsize-s font-primary vc_custom_1674827747474\">\n\t\t\t<p>HIGIENSKA STRANI\u0160\u010cNA DESKA<\/p>\n\t\t<\/div>\n\t\t\n\t\t<div id=\"wd-63d2856adcf04\" class=\"title-wrapper wd-wpb set-mb-s reset-last-child  wd-rs-63d2856adcf04 wd-title-color-default wd-title-style-default text-center  wd-width-enabled wd-underline-colored\" style=\"--wd-max-width: 90%;\">\n\t\t\t\n\t\t\t<div class=\"liner-continer\">\n\t\t\t\t<h4 class=\"woodmart-title-container title  wd-font-weight- wd-fontsize-xl\" >Monta\u017ea Clean4U higienske deske<\/h4>\n\t\t\t\t\t\t\t<\/div>\n\t\t\t\n\t\t\t\n\t\t\t\n\t\t<\/div>\n\t\t\n\t\t[vc_video link=&#8221;https:\/\/www.youtube.com\/watch?v=lYdh26kIhaI&#8221; align=&#8221;center&#8221; image_poster_switch=&#8221;no&#8221;][\/vc_column][vc_column css=&#8221;.vc_custom_1668604246827{padding-top: 30px !important;padding-right: 50px !important;padding-left: 50px !important;}&#8221; woodmart_css_id=&#8221;6374e1500b4a4&#8243; parallax_scroll=&#8221;no&#8221; woodmart_sticky_column=&#8221;false&#8221; wd_collapsible_content_switcher=&#8221;no&#8221; wd_column_role_offcanvas_desktop=&#8221;no&#8221; wd_column_role_offcanvas_tablet=&#8221;no&#8221; wd_column_role_offcanvas_mobile=&#8221;no&#8221; wd_column_role_content_desktop=&#8221;no&#8221; wd_column_role_content_tablet=&#8221;no&#8221; wd_column_role_content_mobile=&#8221;no&#8221; mobile_bg_img_hidden=&#8221;no&#8221; tablet_bg_img_hidden=&#8221;no&#8221; woodmart_parallax=&#8221;0&#8243; woodmart_box_shadow=&#8221;no&#8221; responsive_spacing=&#8221;eyJwYXJhbV90eXBlIjoid29vZG1hcnRfcmVzcG9uc2l2ZV9zcGFjaW5nIiwic2VsZWN0b3JfaWQiOiI2Mzc0ZTE1MDBiNGE0Iiwic2hvcnRjb2RlIjoidmNfY29sdW1uIiwiZGF0YSI6eyJ0YWJsZXQiOnt9LCJtb2JpbGUiOnt9fX0=&#8221; mobile_reset_margin=&#8221;no&#8221; tablet_reset_margin=&#8221;no&#8221; wd_z_index=&#8221;no&#8221; offset=&#8221;vc_col-lg-4 vc_col-md-4 vc_col-xs-12&#8243;]\t\t<div id=\"wd-63d286e22b26e\" class=\"wd-text-block wd-wpb reset-last-child wd-rs-63d286e22b26e text-center wd-font-weight-600 wd-fontsize-s font-primary vc_custom_1674741477486\">\n\t\t\t<p>HIGIENSKA ROLA<\/p>\n\t\t<\/div>\n\t\t\n\t\t<div id=\"wd-63d286e8b47e8\" class=\"title-wrapper wd-wpb set-mb-s reset-last-child  wd-rs-63d286e8b47e8 wd-title-color-default wd-title-style-default text-center  wd-width-enabled wd-underline-colored\" style=\"--wd-max-width: 90%;\">\n\t\t\t\n\t\t\t<div class=\"liner-continer\">\n\t\t\t\t<h4 class=\"woodmart-title-container title  wd-font-weight- wd-fontsize-xl\" >Zamenjava higienske role Clean4U<\/h4>\n\t\t\t\t\t\t\t<\/div>\n\t\t\t\n\t\t\t\n\t\t\t\n\t\t<\/div>\n\t\t\n\t\t[vc_video link=&#8221;https:\/\/www.youtube.com\/watch?v=HLaDVDMdd2Q&#8221; align=&#8221;center&#8221; image_poster_switch=&#8221;no&#8221;][\/vc_column][\/vc_row]<\/p>\n<\/section>","protected":false},"excerpt":{"rendered":"<p><span class=\"fontstyle0\">Higienska rola Clean4U je izdelana iz visokokakovostnega polietilena visoke gostote (HDPE). Ta ne oddaja skoraj nobenih kemikalij, zato je najbolj varen za zdravje uporabnika. Ena rola Clean4U zadostuje za 100 uporab. <\/span><\/p>\n<p style=\"color: var(--wd-primary-color);\"><i class=\"fas fa-paperclip\" data-fip-value=\"fas fa-paperclip\"><\/i> <span style=\"padding-left: 5px;\"><a style=\"color: var(--wd-primary-color);\" href=\"\/wp-content\/uploads\/2023\/01\/clean4u-navodila-za-uporabo.pdf\" target=\"_blank\" rel=\"noopener\">Navodila za uporabo<\/a><\/span><\/p>\n","protected":false},"featured_media":9364,"template":"","meta":[],"product_brand":[],"product_cat":[109],"product_tag":[],"class_list":{"0":"post-10008","1":"product","2":"type-product","3":"status-publish","4":"has-post-thumbnail","6":"product_cat-shop-sl","8":"first","9":"instock","10":"taxable","11":"shipping-taxable","12":"purchasable","13":"product-type-simple"},"yoast_head":"<!-- This site is optimized with the Yoast SEO plugin v27.1.1 - https:\/\/yoast.com\/product\/yoast-seo-wordpress\/ -->\n<title>Higienska rola Clean4U - Hygienic Seat - strani\u0161\u010dne deske \u0161e nikoli niso bile tako zdrave<\/title>\n<meta name=\"robots\" content=\"index, follow, max-snippet:-1, max-image-preview:large, max-video-preview:-1\" \/>\n<link rel=\"canonical\" href=\"https:\/\/hygienic-seat.com\/sl\/izdelek\/higienska-rola\" \/>\n<meta property=\"og:locale\" content=\"sl_SI\" \/>\n<meta property=\"og:type\" content=\"article\" \/>\n<meta property=\"og:title\" content=\"Higienska rola Clean4U - Hygienic Seat - strani\u0161\u010dne deske \u0161e nikoli niso bile tako zdrave\" \/>\n<meta property=\"og:description\" content=\"Higienska rola Clean4U je izdelana iz visokokakovostnega polietilena visoke gostote (HDPE). Ta ne oddaja skoraj nobenih kemikalij, zato je najbolj varen za zdravje uporabnika. Ena rola Clean4U zadostuje za 100 uporab.  Navodila za uporabo\" \/>\n<meta property=\"og:url\" content=\"https:\/\/hygienic-seat.com\/sl\/izdelek\/higienska-rola\" \/>\n<meta property=\"og:site_name\" content=\"Hygienic Seat - strani\u0161\u010dne deske \u0161e nikoli niso bile tako zdrave\" \/>\n<meta property=\"article:modified_time\" content=\"2023-01-27T13:55:51+00:00\" \/>\n<meta property=\"og:image\" content=\"https:\/\/hygienic-seat.com\/wp-content\/uploads\/2022\/11\/clean4u-higijenska-rola-1.jpg\" \/>\n\t<meta property=\"og:image:width\" content=\"1200\" \/>\n\t<meta property=\"og:image:height\" content=\"1600\" \/>\n\t<meta property=\"og:image:type\" content=\"image\/jpeg\" \/>\n<meta name=\"twitter:card\" content=\"summary_large_image\" \/>\n<meta name=\"twitter:label1\" content=\"Est. reading time\" \/>\n\t<meta name=\"twitter:data1\" content=\"2 minuti\" \/>\n<script type=\"application\/ld+json\" class=\"yoast-schema-graph\">{\"@context\":\"https:\/\/schema.org\",\"@graph\":[{\"@type\":\"WebPage\",\"@id\":\"https:\/\/hygienic-seat.com\/sl\/izdelek\/higienska-rola\",\"url\":\"https:\/\/hygienic-seat.com\/sl\/izdelek\/higienska-rola\",\"name\":\"Higienska rola Clean4U - Hygienic Seat - strani\u0161\u010dne deske \u0161e nikoli niso bile tako zdrave\",\"isPartOf\":{\"@id\":\"https:\/\/hygienic-seat.com\/#website\"},\"primaryImageOfPage\":{\"@id\":\"https:\/\/hygienic-seat.com\/sl\/izdelek\/higienska-rola#primaryimage\"},\"image\":{\"@id\":\"https:\/\/hygienic-seat.com\/sl\/izdelek\/higienska-rola#primaryimage\"},\"thumbnailUrl\":\"https:\/\/hygienic-seat.com\/wp-content\/uploads\/2022\/11\/clean4u-higijenska-rola-1.jpg\",\"datePublished\":\"2022-11-16T12:17:50+00:00\",\"dateModified\":\"2023-01-27T13:55:51+00:00\",\"breadcrumb\":{\"@id\":\"https:\/\/hygienic-seat.com\/sl\/izdelek\/higienska-rola#breadcrumb\"},\"inLanguage\":\"sl-SI\",\"potentialAction\":[{\"@type\":\"ReadAction\",\"target\":[\"https:\/\/hygienic-seat.com\/sl\/izdelek\/higienska-rola\"]}]},{\"@type\":\"ImageObject\",\"inLanguage\":\"sl-SI\",\"@id\":\"https:\/\/hygienic-seat.com\/sl\/izdelek\/higienska-rola#primaryimage\",\"url\":\"https:\/\/hygienic-seat.com\/wp-content\/uploads\/2022\/11\/clean4u-higijenska-rola-1.jpg\",\"contentUrl\":\"https:\/\/hygienic-seat.com\/wp-content\/uploads\/2022\/11\/clean4u-higijenska-rola-1.jpg\",\"width\":1200,\"height\":1600},{\"@type\":\"BreadcrumbList\",\"@id\":\"https:\/\/hygienic-seat.com\/sl\/izdelek\/higienska-rola#breadcrumb\",\"itemListElement\":[{\"@type\":\"ListItem\",\"position\":1,\"name\":\"Po\u010detna stranica\",\"item\":\"https:\/\/hygienic-seat.com\/sl\"},{\"@type\":\"ListItem\",\"position\":2,\"name\":\"Trgovina\",\"item\":\"https:\/\/hygienic-seat.com\/sl\/trgovina\"},{\"@type\":\"ListItem\",\"position\":3,\"name\":\"Higienska rola Clean4U\"}]},{\"@type\":\"WebSite\",\"@id\":\"https:\/\/hygienic-seat.com\/#website\",\"url\":\"https:\/\/hygienic-seat.com\/\",\"name\":\"Hygienic Seat - strani\u0161\u010dne deske \u0161e nikoli niso bile tako zdrave\",\"description\":\"\",\"publisher\":{\"@id\":\"https:\/\/hygienic-seat.com\/#organization\"},\"alternateName\":\"Hygienic Seat - toilet seats have never been this clean\",\"potentialAction\":[{\"@type\":\"SearchAction\",\"target\":{\"@type\":\"EntryPoint\",\"urlTemplate\":\"https:\/\/hygienic-seat.com\/?s={search_term_string}\"},\"query-input\":{\"@type\":\"PropertyValueSpecification\",\"valueRequired\":true,\"valueName\":\"search_term_string\"}}],\"inLanguage\":\"sl-SI\"},{\"@type\":\"Organization\",\"@id\":\"https:\/\/hygienic-seat.com\/#organization\",\"name\":\"Hygienic Seat - strani\u0161\u010dne deske \u0161e nikoli niso bile tako zdrave\",\"alternateName\":\"Hygienic Seat - toilet seats have never been this clean\",\"url\":\"https:\/\/hygienic-seat.com\/\",\"logo\":{\"@type\":\"ImageObject\",\"inLanguage\":\"sl-SI\",\"@id\":\"https:\/\/hygienic-seat.com\/#\/schema\/logo\/image\/\",\"url\":\"https:\/\/hygienic-seat.com\/wp-content\/uploads\/2022\/11\/CLEAN4U-logo-350.png\",\"contentUrl\":\"https:\/\/hygienic-seat.com\/wp-content\/uploads\/2022\/11\/CLEAN4U-logo-350.png\",\"width\":350,\"height\":329,\"caption\":\"Hygienic Seat - strani\u0161\u010dne deske \u0161e nikoli niso bile tako zdrave\"},\"image\":{\"@id\":\"https:\/\/hygienic-seat.com\/#\/schema\/logo\/image\/\"}}]}<\/script>\n<!-- \/ Yoast SEO plugin. -->","yoast_head_json":{"title":"Higienska rola Clean4U - Hygienic Seat - strani\u0161\u010dne deske \u0161e nikoli niso bile tako zdrave","robots":{"index":"index","follow":"follow","max-snippet":"max-snippet:-1","max-image-preview":"max-image-preview:large","max-video-preview":"max-video-preview:-1"},"canonical":"https:\/\/hygienic-seat.com\/sl\/izdelek\/higienska-rola","og_locale":"sl_SI","og_type":"article","og_title":"Higienska rola Clean4U - Hygienic Seat - strani\u0161\u010dne deske \u0161e nikoli niso bile tako zdrave","og_description":"Higienska rola Clean4U je izdelana iz visokokakovostnega polietilena visoke gostote (HDPE). Ta ne oddaja skoraj nobenih kemikalij, zato je najbolj varen za zdravje uporabnika. Ena rola Clean4U zadostuje za 100 uporab.  Navodila za uporabo","og_url":"https:\/\/hygienic-seat.com\/sl\/izdelek\/higienska-rola","og_site_name":"Hygienic Seat - strani\u0161\u010dne deske \u0161e nikoli niso bile tako zdrave","article_modified_time":"2023-01-27T13:55:51+00:00","og_image":[{"width":1200,"height":1600,"url":"https:\/\/hygienic-seat.com\/wp-content\/uploads\/2022\/11\/clean4u-higijenska-rola-1.jpg","type":"image\/jpeg"}],"twitter_card":"summary_large_image","twitter_misc":{"Est. reading time":"2 minuti"},"schema":{"@context":"https:\/\/schema.org","@graph":[{"@type":"WebPage","@id":"https:\/\/hygienic-seat.com\/sl\/izdelek\/higienska-rola","url":"https:\/\/hygienic-seat.com\/sl\/izdelek\/higienska-rola","name":"Higienska rola Clean4U - Hygienic Seat - strani\u0161\u010dne deske \u0161e nikoli niso bile tako zdrave","isPartOf":{"@id":"https:\/\/hygienic-seat.com\/#website"},"primaryImageOfPage":{"@id":"https:\/\/hygienic-seat.com\/sl\/izdelek\/higienska-rola#primaryimage"},"image":{"@id":"https:\/\/hygienic-seat.com\/sl\/izdelek\/higienska-rola#primaryimage"},"thumbnailUrl":"https:\/\/hygienic-seat.com\/wp-content\/uploads\/2022\/11\/clean4u-higijenska-rola-1.jpg","datePublished":"2022-11-16T12:17:50+00:00","dateModified":"2023-01-27T13:55:51+00:00","breadcrumb":{"@id":"https:\/\/hygienic-seat.com\/sl\/izdelek\/higienska-rola#breadcrumb"},"inLanguage":"sl-SI","potentialAction":[{"@type":"ReadAction","target":["https:\/\/hygienic-seat.com\/sl\/izdelek\/higienska-rola"]}]},{"@type":"ImageObject","inLanguage":"sl-SI","@id":"https:\/\/hygienic-seat.com\/sl\/izdelek\/higienska-rola#primaryimage","url":"https:\/\/hygienic-seat.com\/wp-content\/uploads\/2022\/11\/clean4u-higijenska-rola-1.jpg","contentUrl":"https:\/\/hygienic-seat.com\/wp-content\/uploads\/2022\/11\/clean4u-higijenska-rola-1.jpg","width":1200,"height":1600},{"@type":"BreadcrumbList","@id":"https:\/\/hygienic-seat.com\/sl\/izdelek\/higienska-rola#breadcrumb","itemListElement":[{"@type":"ListItem","position":1,"name":"Po\u010detna stranica","item":"https:\/\/hygienic-seat.com\/sl"},{"@type":"ListItem","position":2,"name":"Trgovina","item":"https:\/\/hygienic-seat.com\/sl\/trgovina"},{"@type":"ListItem","position":3,"name":"Higienska rola Clean4U"}]},{"@type":"WebSite","@id":"https:\/\/hygienic-seat.com\/#website","url":"https:\/\/hygienic-seat.com\/","name":"Hygienic Seat - strani\u0161\u010dne deske \u0161e nikoli niso bile tako zdrave","description":"","publisher":{"@id":"https:\/\/hygienic-seat.com\/#organization"},"alternateName":"Hygienic Seat - toilet seats have never been this clean","potentialAction":[{"@type":"SearchAction","target":{"@type":"EntryPoint","urlTemplate":"https:\/\/hygienic-seat.com\/?s={search_term_string}"},"query-input":{"@type":"PropertyValueSpecification","valueRequired":true,"valueName":"search_term_string"}}],"inLanguage":"sl-SI"},{"@type":"Organization","@id":"https:\/\/hygienic-seat.com\/#organization","name":"Hygienic Seat - strani\u0161\u010dne deske \u0161e nikoli niso bile tako zdrave","alternateName":"Hygienic Seat - toilet seats have never been this clean","url":"https:\/\/hygienic-seat.com\/","logo":{"@type":"ImageObject","inLanguage":"sl-SI","@id":"https:\/\/hygienic-seat.com\/#\/schema\/logo\/image\/","url":"https:\/\/hygienic-seat.com\/wp-content\/uploads\/2022\/11\/CLEAN4U-logo-350.png","contentUrl":"https:\/\/hygienic-seat.com\/wp-content\/uploads\/2022\/11\/CLEAN4U-logo-350.png","width":350,"height":329,"caption":"Hygienic Seat - strani\u0161\u010dne deske \u0161e nikoli niso bile tako zdrave"},"image":{"@id":"https:\/\/hygienic-seat.com\/#\/schema\/logo\/image\/"}}]}},"_links":{"self":[{"href":"https:\/\/hygienic-seat.com\/sl\/wp-json\/wp\/v2\/product\/10008","targetHints":{"allow":["GET"]}}],"collection":[{"href":"https:\/\/hygienic-seat.com\/sl\/wp-json\/wp\/v2\/product"}],"about":[{"href":"https:\/\/hygienic-seat.com\/sl\/wp-json\/wp\/v2\/types\/product"}],"wp:featuredmedia":[{"embeddable":true,"href":"https:\/\/hygienic-seat.com\/sl\/wp-json\/wp\/v2\/media\/9364"}],"wp:attachment":[{"href":"https:\/\/hygienic-seat.com\/sl\/wp-json\/wp\/v2\/media?parent=10008"}],"wp:term":[{"taxonomy":"product_brand","embeddable":true,"href":"https:\/\/hygienic-seat.com\/sl\/wp-json\/wp\/v2\/product_brand?post=10008"},{"taxonomy":"product_cat","embeddable":true,"href":"https:\/\/hygienic-seat.com\/sl\/wp-json\/wp\/v2\/product_cat?post=10008"},{"taxonomy":"product_tag","embeddable":true,"href":"https:\/\/hygienic-seat.com\/sl\/wp-json\/wp\/v2\/product_tag?post=10008"}],"curies":[{"name":"wp","href":"https:\/\/api.w.org\/{rel}","templated":true}]}}