{"id":10112,"date":"2022-11-15T14:11:20","date_gmt":"2022-11-15T13:11:20","guid":{"rendered":"https:\/\/hygienic-seat.com\/dostava-i-jamstvo"},"modified":"2023-01-27T12:38:15","modified_gmt":"2023-01-27T11:38:15","slug":"dostava-in-garancija","status":"publish","type":"page","link":"https:\/\/hygienic-seat.com\/sl\/dostava-in-garancija","title":{"rendered":"Dostava in garancija"},"content":{"rendered":"<section class=\"wpb-content-wrapper\"><p>[vc_row el_class=&#8221;pravni-tekstovi&#8221; woodmart_css_id=&#8221;637362c6a4f13&#8243; responsive_spacing=&#8221;eyJwYXJhbV90eXBlIjoid29vZG1hcnRfcmVzcG9uc2l2ZV9zcGFjaW5nIiwic2VsZWN0b3JfaWQiOiI2MzczNjJjNmE0ZjEzIiwic2hvcnRjb2RlIjoidmNfcm93IiwiZGF0YSI6eyJ0YWJsZXQiOnt9LCJtb2JpbGUiOnt9fX0=&#8221; mobile_bg_img_hidden=&#8221;no&#8221; tablet_bg_img_hidden=&#8221;no&#8221; woodmart_parallax=&#8221;0&#8243; woodmart_gradient_switch=&#8221;no&#8221; woodmart_box_shadow=&#8221;no&#8221; wd_z_index=&#8221;no&#8221; woodmart_disable_overflow=&#8221;0&#8243; row_reverse_mobile=&#8221;0&#8243; row_reverse_tablet=&#8221;0&#8243;][vc_column][vc_column_text woodmart_inline=&#8221;no&#8221; text_larger=&#8221;no&#8221;]<\/p>\n<h3>DOSTAVA IN GARANCIJA<\/h3>\n<h4>1. OBMO\u010cJE DOSTAVE<\/h4>\n<p>Clean4U dostavlja v vse dr\u017eave sveta. Stro\u0161ki dostave se samodejno obra\u010dunajo, ko izberete lokacijo dostave.<\/p>\n<p>Cena ne vklju\u010duje stro\u0161kov carine in davkov drugih dr\u017eav (izven EU).<\/p>\n<h4>2. DOBAVNI \u010cAS<\/h4>\n<p>Vsa naro\u010dila prejeta na delovni dan obdelamo \u0161e isti dan do 12.00 ure, zato bo naro\u010deno blago v ve\u010dini primerov dostavljeno dostavni slu\u017ebi \u0161e isti dan.<br \/>\nNaro\u010dila po 12. uri ob delavnikih (razen petka) dostavimo naslednji dan, naro\u010dila prejeta v petek po 12. uri pa ob ponedeljkih.<\/p>\n<p>Ko blago predamo dostavni slu\u017ebi, vam na va\u0161 elektronski naslov po\u0161ljemo \u0161tevilko po\u0161iljke, da lahko na naslovu dostavne slu\u017ebe preverite njeno stanje.<\/p>\n<p>\u017dal ne moremo vplivati na nadaljnjo hitrost dostave in morebitne zaplete v zvezi s samim porodom, ki bi jih povzro\u010dil porod.<\/p>\n<p>Za vsako po\u0161iljko prejemnik ob prevzemu po\u0161iljke potrdi in podpi\u0161e dobavnico. Skladno z dolo\u010dili Zakona o obligacijskih razmerjih se z overitvijo dobavnice s strani prejemnika \u0161teje, da je bila po\u0161iljka izro\u010dena v nepo\u0161kodovani obliki in je prevoznik prost vsakr\u0161ne kasnej\u0161e odgovornosti. V primeru, da prejemnika ni na navedenem naslovu ali je naslov neznan, bo dostavna slu\u017eba posku\u0161ala kontaktirati prejemnika, da se dogovorimo o to\u010dni uri in morebitnem drugem naslovu dostave.<\/p>\n<p>V primeru nemo\u017enosti dostave nam po\u0161iljko vrnemo. Zavezujemo se, da bomo va\u0161e naro\u010dilo dostavili pravo\u010dasno, \u010de ste podatke vnesli popolnoma pravilno in resni\u010dno.<\/p>\n<h4>3. UGOVORI<\/h4>\n<p>V primeru reklamacije, po\u0161kodbe pri dostavi, napake pri prenosu podatkov ali kakr\u0161ne koli druge okvare nas kontaktirajte v roku dveh delovnih dni od prevzema po\u0161iljke.<\/p>\n<p>Uporabnik pridobi pravico do ugovora, \u010de:<\/p>\n<ul>\n<li>blago ni bilo dostavljeno v skladu z navodili v naro\u010dilu<\/li>\n<li>dobavljeno blago ne ustreza standardom<\/li>\n<li>je bil med dostavo po\u0161kodovan<\/li>\n<\/ul>\n<p>Vse navedene reklamacije re\u0161ujemo v dogovoru s kupcem oziroma prejemnikom blaga.[\/vc_column_text][\/vc_column][\/vc_row]<\/p>\n<\/section>","protected":false},"excerpt":{"rendered":"<p>[vc_row el_class=&#8221;pravni-tekstovi&#8221; woodmart_css_id=&#8221;637362c6a4f13&#8243; responsive_spacing=&#8221;eyJwYXJhbV90eXBlIjoid29vZG1hcnRfcmVzcG9uc2l2ZV9zcGFjaW5nIiwic2VsZWN0b3JfaWQiOiI2MzczNjJjNmE0ZjEzIiwic2hvcnRjb2RlIjoidmNfcm93IiwiZGF0YSI6eyJ0YWJsZXQiOnt9LCJtb2JpbGUiOnt9fX0=&#8221; mobile_bg_img_hidden=&#8221;no&#8221; tablet_bg_img_hidden=&#8221;no&#8221; woodmart_parallax=&#8221;0&#8243; woodmart_gradient_switch=&#8221;no&#8221; woodmart_box_shadow=&#8221;no&#8221; wd_z_index=&#8221;no&#8221; woodmart_disable_overflow=&#8221;0&#8243; row_reverse_mobile=&#8221;0&#8243; row_reverse_tablet=&#8221;0&#8243;][vc_column][vc_column_text woodmart_inline=&#8221;no&#8221; text_larger=&#8221;no&#8221;] DOSTAVA IN GARANCIJA 1. OBMO\u010cJE<\/p>\n","protected":false},"author":2,"featured_media":0,"parent":0,"menu_order":0,"comment_status":"closed","ping_status":"closed","template":"","meta":{"footnotes":""},"class_list":["post-10112","page","type-page","status-publish","hentry"],"yoast_head":"<!-- This site is optimized with the Yoast SEO plugin v27.1.1 - https:\/\/yoast.com\/product\/yoast-seo-wordpress\/ -->\n<title>Dostava in garancija - Hygienic Seat - strani\u0161\u010dne deske \u0161e nikoli niso bile tako zdrave<\/title>\n<meta name=\"robots\" content=\"index, follow, max-snippet:-1, max-image-preview:large, max-video-preview:-1\" \/>\n<link rel=\"canonical\" href=\"https:\/\/hygienic-seat.com\/sl\/dostava-in-garancija\" \/>\n<meta property=\"og:locale\" content=\"sl_SI\" \/>\n<meta property=\"og:type\" content=\"article\" \/>\n<meta property=\"og:title\" content=\"Dostava in garancija - Hygienic Seat - strani\u0161\u010dne deske \u0161e nikoli niso bile tako zdrave\" \/>\n<meta property=\"og:description\" content=\"[vc_row el_class=&#8221;pravni-tekstovi&#8221; woodmart_css_id=&#8221;637362c6a4f13&#8243; responsive_spacing=&#8221;eyJwYXJhbV90eXBlIjoid29vZG1hcnRfcmVzcG9uc2l2ZV9zcGFjaW5nIiwic2VsZWN0b3JfaWQiOiI2MzczNjJjNmE0ZjEzIiwic2hvcnRjb2RlIjoidmNfcm93IiwiZGF0YSI6eyJ0YWJsZXQiOnt9LCJtb2JpbGUiOnt9fX0=&#8221; mobile_bg_img_hidden=&#8221;no&#8221; tablet_bg_img_hidden=&#8221;no&#8221; woodmart_parallax=&#8221;0&#8243; woodmart_gradient_switch=&#8221;no&#8221; woodmart_box_shadow=&#8221;no&#8221; wd_z_index=&#8221;no&#8221; woodmart_disable_overflow=&#8221;0&#8243; row_reverse_mobile=&#8221;0&#8243; row_reverse_tablet=&#8221;0&#8243;][vc_column][vc_column_text woodmart_inline=&#8221;no&#8221; text_larger=&#8221;no&#8221;] DOSTAVA IN GARANCIJA 1. OBMO\u010cJE\" \/>\n<meta property=\"og:url\" content=\"https:\/\/hygienic-seat.com\/sl\/dostava-in-garancija\" \/>\n<meta property=\"og:site_name\" content=\"Hygienic Seat - strani\u0161\u010dne deske \u0161e nikoli niso bile tako zdrave\" \/>\n<meta property=\"article:modified_time\" content=\"2023-01-27T11:38:15+00:00\" \/>\n<meta property=\"og:image\" content=\"https:\/\/hygienic-seat.com\/wp-content\/uploads\/2022\/11\/CLEAN4U-logo-350.png\" \/>\n\t<meta property=\"og:image:width\" content=\"350\" \/>\n\t<meta property=\"og:image:height\" content=\"329\" \/>\n\t<meta property=\"og:image:type\" content=\"image\/png\" \/>\n<meta name=\"twitter:card\" content=\"summary_large_image\" \/>\n<meta name=\"twitter:label1\" content=\"Est. reading time\" \/>\n\t<meta name=\"twitter:data1\" content=\"2 minuti\" \/>\n<script type=\"application\/ld+json\" class=\"yoast-schema-graph\">{\"@context\":\"https:\/\/schema.org\",\"@graph\":[{\"@type\":\"WebPage\",\"@id\":\"https:\/\/hygienic-seat.com\/sl\/dostava-in-garancija\",\"url\":\"https:\/\/hygienic-seat.com\/sl\/dostava-in-garancija\",\"name\":\"Dostava in garancija - Hygienic Seat - strani\u0161\u010dne deske \u0161e nikoli niso bile tako zdrave\",\"isPartOf\":{\"@id\":\"https:\/\/hygienic-seat.com\/#website\"},\"datePublished\":\"2022-11-15T13:11:20+00:00\",\"dateModified\":\"2023-01-27T11:38:15+00:00\",\"breadcrumb\":{\"@id\":\"https:\/\/hygienic-seat.com\/sl\/dostava-in-garancija#breadcrumb\"},\"inLanguage\":\"sl-SI\",\"potentialAction\":[{\"@type\":\"ReadAction\",\"target\":[\"https:\/\/hygienic-seat.com\/sl\/dostava-in-garancija\"]}]},{\"@type\":\"BreadcrumbList\",\"@id\":\"https:\/\/hygienic-seat.com\/sl\/dostava-in-garancija#breadcrumb\",\"itemListElement\":[{\"@type\":\"ListItem\",\"position\":1,\"name\":\"Po\u010detna stranica\",\"item\":\"https:\/\/hygienic-seat.com\/sl\"},{\"@type\":\"ListItem\",\"position\":2,\"name\":\"Dostava in garancija\"}]},{\"@type\":\"WebSite\",\"@id\":\"https:\/\/hygienic-seat.com\/#website\",\"url\":\"https:\/\/hygienic-seat.com\/\",\"name\":\"Hygienic Seat - strani\u0161\u010dne deske \u0161e nikoli niso bile tako zdrave\",\"description\":\"\",\"publisher\":{\"@id\":\"https:\/\/hygienic-seat.com\/#organization\"},\"alternateName\":\"Hygienic Seat - toilet seats have never been this clean\",\"potentialAction\":[{\"@type\":\"SearchAction\",\"target\":{\"@type\":\"EntryPoint\",\"urlTemplate\":\"https:\/\/hygienic-seat.com\/?s={search_term_string}\"},\"query-input\":{\"@type\":\"PropertyValueSpecification\",\"valueRequired\":true,\"valueName\":\"search_term_string\"}}],\"inLanguage\":\"sl-SI\"},{\"@type\":\"Organization\",\"@id\":\"https:\/\/hygienic-seat.com\/#organization\",\"name\":\"Hygienic Seat - strani\u0161\u010dne deske \u0161e nikoli niso bile tako zdrave\",\"alternateName\":\"Hygienic Seat - toilet seats have never been this clean\",\"url\":\"https:\/\/hygienic-seat.com\/\",\"logo\":{\"@type\":\"ImageObject\",\"inLanguage\":\"sl-SI\",\"@id\":\"https:\/\/hygienic-seat.com\/#\/schema\/logo\/image\/\",\"url\":\"https:\/\/hygienic-seat.com\/wp-content\/uploads\/2022\/11\/CLEAN4U-logo-350.png\",\"contentUrl\":\"https:\/\/hygienic-seat.com\/wp-content\/uploads\/2022\/11\/CLEAN4U-logo-350.png\",\"width\":350,\"height\":329,\"caption\":\"Hygienic Seat - strani\u0161\u010dne deske \u0161e nikoli niso bile tako zdrave\"},\"image\":{\"@id\":\"https:\/\/hygienic-seat.com\/#\/schema\/logo\/image\/\"}}]}<\/script>\n<!-- \/ Yoast SEO plugin. -->","yoast_head_json":{"title":"Dostava in garancija - Hygienic Seat - strani\u0161\u010dne deske \u0161e nikoli niso bile tako zdrave","robots":{"index":"index","follow":"follow","max-snippet":"max-snippet:-1","max-image-preview":"max-image-preview:large","max-video-preview":"max-video-preview:-1"},"canonical":"https:\/\/hygienic-seat.com\/sl\/dostava-in-garancija","og_locale":"sl_SI","og_type":"article","og_title":"Dostava in garancija - Hygienic Seat - strani\u0161\u010dne deske \u0161e nikoli niso bile tako zdrave","og_description":"[vc_row el_class=&#8221;pravni-tekstovi&#8221; woodmart_css_id=&#8221;637362c6a4f13&#8243; responsive_spacing=&#8221;eyJwYXJhbV90eXBlIjoid29vZG1hcnRfcmVzcG9uc2l2ZV9zcGFjaW5nIiwic2VsZWN0b3JfaWQiOiI2MzczNjJjNmE0ZjEzIiwic2hvcnRjb2RlIjoidmNfcm93IiwiZGF0YSI6eyJ0YWJsZXQiOnt9LCJtb2JpbGUiOnt9fX0=&#8221; mobile_bg_img_hidden=&#8221;no&#8221; tablet_bg_img_hidden=&#8221;no&#8221; woodmart_parallax=&#8221;0&#8243; woodmart_gradient_switch=&#8221;no&#8221; woodmart_box_shadow=&#8221;no&#8221; wd_z_index=&#8221;no&#8221; woodmart_disable_overflow=&#8221;0&#8243; row_reverse_mobile=&#8221;0&#8243; row_reverse_tablet=&#8221;0&#8243;][vc_column][vc_column_text woodmart_inline=&#8221;no&#8221; text_larger=&#8221;no&#8221;] DOSTAVA IN GARANCIJA 1. OBMO\u010cJE","og_url":"https:\/\/hygienic-seat.com\/sl\/dostava-in-garancija","og_site_name":"Hygienic Seat - strani\u0161\u010dne deske \u0161e nikoli niso bile tako zdrave","article_modified_time":"2023-01-27T11:38:15+00:00","og_image":[{"width":350,"height":329,"url":"https:\/\/hygienic-seat.com\/wp-content\/uploads\/2022\/11\/CLEAN4U-logo-350.png","type":"image\/png"}],"twitter_card":"summary_large_image","twitter_misc":{"Est. reading time":"2 minuti"},"schema":{"@context":"https:\/\/schema.org","@graph":[{"@type":"WebPage","@id":"https:\/\/hygienic-seat.com\/sl\/dostava-in-garancija","url":"https:\/\/hygienic-seat.com\/sl\/dostava-in-garancija","name":"Dostava in garancija - Hygienic Seat - strani\u0161\u010dne deske \u0161e nikoli niso bile tako zdrave","isPartOf":{"@id":"https:\/\/hygienic-seat.com\/#website"},"datePublished":"2022-11-15T13:11:20+00:00","dateModified":"2023-01-27T11:38:15+00:00","breadcrumb":{"@id":"https:\/\/hygienic-seat.com\/sl\/dostava-in-garancija#breadcrumb"},"inLanguage":"sl-SI","potentialAction":[{"@type":"ReadAction","target":["https:\/\/hygienic-seat.com\/sl\/dostava-in-garancija"]}]},{"@type":"BreadcrumbList","@id":"https:\/\/hygienic-seat.com\/sl\/dostava-in-garancija#breadcrumb","itemListElement":[{"@type":"ListItem","position":1,"name":"Po\u010detna stranica","item":"https:\/\/hygienic-seat.com\/sl"},{"@type":"ListItem","position":2,"name":"Dostava in garancija"}]},{"@type":"WebSite","@id":"https:\/\/hygienic-seat.com\/#website","url":"https:\/\/hygienic-seat.com\/","name":"Hygienic Seat - strani\u0161\u010dne deske \u0161e nikoli niso bile tako zdrave","description":"","publisher":{"@id":"https:\/\/hygienic-seat.com\/#organization"},"alternateName":"Hygienic Seat - toilet seats have never been this clean","potentialAction":[{"@type":"SearchAction","target":{"@type":"EntryPoint","urlTemplate":"https:\/\/hygienic-seat.com\/?s={search_term_string}"},"query-input":{"@type":"PropertyValueSpecification","valueRequired":true,"valueName":"search_term_string"}}],"inLanguage":"sl-SI"},{"@type":"Organization","@id":"https:\/\/hygienic-seat.com\/#organization","name":"Hygienic Seat - strani\u0161\u010dne deske \u0161e nikoli niso bile tako zdrave","alternateName":"Hygienic Seat - toilet seats have never been this clean","url":"https:\/\/hygienic-seat.com\/","logo":{"@type":"ImageObject","inLanguage":"sl-SI","@id":"https:\/\/hygienic-seat.com\/#\/schema\/logo\/image\/","url":"https:\/\/hygienic-seat.com\/wp-content\/uploads\/2022\/11\/CLEAN4U-logo-350.png","contentUrl":"https:\/\/hygienic-seat.com\/wp-content\/uploads\/2022\/11\/CLEAN4U-logo-350.png","width":350,"height":329,"caption":"Hygienic Seat - strani\u0161\u010dne deske \u0161e nikoli niso bile tako zdrave"},"image":{"@id":"https:\/\/hygienic-seat.com\/#\/schema\/logo\/image\/"}}]}},"_links":{"self":[{"href":"https:\/\/hygienic-seat.com\/sl\/wp-json\/wp\/v2\/pages\/10112","targetHints":{"allow":["GET"]}}],"collection":[{"href":"https:\/\/hygienic-seat.com\/sl\/wp-json\/wp\/v2\/pages"}],"about":[{"href":"https:\/\/hygienic-seat.com\/sl\/wp-json\/wp\/v2\/types\/page"}],"author":[{"embeddable":true,"href":"https:\/\/hygienic-seat.com\/sl\/wp-json\/wp\/v2\/users\/2"}],"replies":[{"embeddable":true,"href":"https:\/\/hygienic-seat.com\/sl\/wp-json\/wp\/v2\/comments?post=10112"}],"version-history":[{"count":3,"href":"https:\/\/hygienic-seat.com\/sl\/wp-json\/wp\/v2\/pages\/10112\/revisions"}],"predecessor-version":[{"id":10116,"href":"https:\/\/hygienic-seat.com\/sl\/wp-json\/wp\/v2\/pages\/10112\/revisions\/10116"}],"wp:attachment":[{"href":"https:\/\/hygienic-seat.com\/sl\/wp-json\/wp\/v2\/media?parent=10112"}],"curies":[{"name":"wp","href":"https:\/\/api.w.org\/{rel}","templated":true}]}}