{"id":10108,"date":"2022-11-15T11:06:06","date_gmt":"2022-11-15T10:06:06","guid":{"rendered":"https:\/\/hygienic-seat.com\/nacini-placanja"},"modified":"2023-01-27T12:01:38","modified_gmt":"2023-01-27T11:01:38","slug":"nacini-placila","status":"publish","type":"page","link":"https:\/\/hygienic-seat.com\/sl\/nacini-placila","title":{"rendered":"Na\u010dini pla\u010dila"},"content":{"rendered":"<section class=\"wpb-content-wrapper\"><p>[vc_row el_class=&#8221;pravni-tekstovi&#8221; woodmart_css_id=&#8221;637362c6a4f13&#8243; responsive_spacing=&#8221;eyJwYXJhbV90eXBlIjoid29vZG1hcnRfcmVzcG9uc2l2ZV9zcGFjaW5nIiwic2VsZWN0b3JfaWQiOiI2MzczNjJjNmE0ZjEzIiwic2hvcnRjb2RlIjoidmNfcm93IiwiZGF0YSI6eyJ0YWJsZXQiOnt9LCJtb2JpbGUiOnt9fX0=&#8221; mobile_bg_img_hidden=&#8221;no&#8221; tablet_bg_img_hidden=&#8221;no&#8221; woodmart_parallax=&#8221;0&#8243; woodmart_gradient_switch=&#8221;no&#8221; woodmart_box_shadow=&#8221;no&#8221; wd_z_index=&#8221;no&#8221; woodmart_disable_overflow=&#8221;0&#8243; row_reverse_mobile=&#8221;0&#8243; row_reverse_tablet=&#8221;0&#8243;][vc_column][vc_column_text woodmart_inline=&#8221;no&#8221; text_larger=&#8221;no&#8221;]<\/p>\n<h3>NA\u010cINI PLA\u010cILA<\/h3>\n<h4>1. Z ban\u010dno transakcijo<\/h4>\n<p>Pla\u010dilo preko internetne banke ali polo\u017enice po na\u0161i ponudbi. Cena je enaka kot za gotovino. Blago po\u0161ljemo po prejemu pla\u010dila na na\u0161 ra\u010dun.<\/p>\n<p><strong>Prejemnik pla\u010dila:<\/strong><\/p>\n<p>Krainc auto d.o.o.<br \/>\nKa\u010djak 2, 51000 Rijeka, Hrva\u0161ka<\/p>\n<p>OIB: 56357939924<br \/>\nBanka: Erste&amp;Steierm\u00e4rkische Bank d.d.<br \/>\nIBAN: HR5124020061100103270<br \/>\nSWIFT: ESBCHR22<\/p>\n<p>Sledite navodilom, ki jih boste prejeli po oddaji naro\u010dila. Bodite pozorni na znesek, ki ga morate pla\u010dati. Prosimo, da pla\u010dilo izvedete v roku glede na vrednost prejete ponudbe, sicer ne moremo zagotoviti dobavljivosti blaga in bomo nepla\u010dano naro\u010dilo stornirali.<\/p>\n<h4>2. S kreditno ali debetno kartico<\/h4>\n<p>Pla\u010dilo neposredno preko interneta z uporabo karti\u010dnih pla\u010dilnih storitev: Visa Electron, American Express, MasterCard, Maestro, Visa in Diners.<\/p>\n<div style=\"padding-bottom: 30px;\" align=\"left\"><a href=\"https:\/\/www.vivawallet.com\/hr_hr\" target=\"_blank\" rel=\"noopener noreferrer\"><img decoding=\"async\" src=\"\/wp-content\/uploads\/2022\/11\/VIVA_WALLET_logo.jpg\" alt=\"Viva Wallet\" \/><\/a>\u00a0<a href=\"https:\/\/www.apple.com\/apple-pay\/\" target=\"_blank\" rel=\"noopener noreferrer\"><img decoding=\"async\" src=\"\/wp-content\/uploads\/2022\/11\/applepay.png\" alt=\"Apple Pay\" \/><\/a>\u00a0<a href=\"https:\/\/pay.google.com\/\" target=\"_blank\" rel=\"noopener noreferrer\"><img decoding=\"async\" src=\"\/wp-content\/uploads\/2022\/11\/googlepay.jpg\" alt=\"Google Pay\" \/><\/a>\u00a0<a href=\"https:\/\/www.paypal.com\/\" target=\"_blank\" rel=\"noopener noreferrer\"><img decoding=\"async\" src=\"\/wp-content\/uploads\/2022\/11\/PayPalLogo.png\" alt=\"PayPal\" \/><\/a>\u00a0<a href=\"http:\/\/www.visa.com\" target=\"_blank\" rel=\"noopener noreferrer\"><img decoding=\"async\" src=\"\/wp-content\/uploads\/2022\/11\/pp_logo_122_v1.jpg\" alt=\"\" \/><\/a>\u00a0<a href=\"http:\/\/www.americanexpress.hr\/\" target=\"_blank\" rel=\"noopener noreferrer\"><img decoding=\"async\" src=\"\/wp-content\/uploads\/2022\/11\/AmericanExpress50.png\" \/><\/a>\u00a0<a href=\"http:\/\/www.mastercard.com\" target=\"&quot;_blank\" rel=\"noopener noreferrer\"><img decoding=\"async\" src=\"\/wp-content\/uploads\/2022\/11\/MasterCard50.gif\" alt=\"\" \/><\/a>\u00a0<a href=\"https:\/\/www.mastercard.hr\/hr-hr\/consumers\/find-card-products\/debit-cards\/maestro-debit.html\" target=\"_blank\" rel=\"noopener noreferrer\"><img decoding=\"async\" src=\"\/wp-content\/uploads\/2022\/11\/maestro50.gif\" alt=\"\" \/><\/a>\u00a0<a href=\"http:\/\/www.visa.com\" target=\"_blank\" rel=\"noopener noreferrer\"><img decoding=\"async\" src=\"\/wp-content\/uploads\/2022\/11\/Visa50.gif\" alt=\"\" \/><\/a>\u00a0<a href=\"http:\/\/www.diners.com.hr\" target=\"_blank\" rel=\"noopener noreferrer\"><img decoding=\"async\" src=\"\/wp-content\/uploads\/2022\/11\/diners_50.png\" \/><\/a><\/div>\n<h4>3. Pla\u010dilo po povzetju (ob prevzemu po\u0161iljke)<\/h4>\n<p>Omogo\u010da, da kupec pla\u010da znesek naro\u010dila dostavljalcu ob dostavi na naslov.<\/p>\n<p>Pla\u010dilo po povzetju se izvaja izklju\u010dno z gotovino, kar pomeni, da zneska ni mogo\u010de pla\u010dati s kreditno kartico.<\/p>\n<h3>SKLADNOST S PSD2<\/h3>\n<p>Denarnica Viva je zdru\u017eljiva z vsemi varnostnimi protokoli transakcij PSD2, tako da so vsa pla\u010dila strank varna v kateri koli re\u0161itvi Checkout po njihovi izbiri.<\/p>\n<p>Viva Wallet Smart Checkout, vti\u010dniki in pla\u010dilna orodja so v celoti skladni s PSD2, 3DS pa upravljajo izdajatelji kartic prek SMS OTP.<\/p>\n<h3>IZJAVA O KONVERZIJI<\/h3>\n<p>Vsa pla\u010dila bodo izvedena v hrva\u0161kih kunah. Znesek, zara\u010dunan kreditni kartici, se pridobi s pretvorbo cene iz evrov v HRK po trenutnem menjalnem te\u010daju Hrva\u0161ke narodne banke. Pri bremenitvi va\u0161e kreditne kartice se isti znesek pretvori v va\u0161o lokalno valuto v skladu z menjalnim te\u010dajem izdajatelja kartice. Zaradi te konverzije obstaja mo\u017enost manj\u0161e razlike v primerjavi s ceno, navedeno na na\u0161i spletni strani.[\/vc_column_text][\/vc_column][\/vc_row]<\/p>\n<\/section>","protected":false},"excerpt":{"rendered":"<p>[vc_row el_class=&#8221;pravni-tekstovi&#8221; woodmart_css_id=&#8221;637362c6a4f13&#8243; responsive_spacing=&#8221;eyJwYXJhbV90eXBlIjoid29vZG1hcnRfcmVzcG9uc2l2ZV9zcGFjaW5nIiwic2VsZWN0b3JfaWQiOiI2MzczNjJjNmE0ZjEzIiwic2hvcnRjb2RlIjoidmNfcm93IiwiZGF0YSI6eyJ0YWJsZXQiOnt9LCJtb2JpbGUiOnt9fX0=&#8221; mobile_bg_img_hidden=&#8221;no&#8221; tablet_bg_img_hidden=&#8221;no&#8221; woodmart_parallax=&#8221;0&#8243; woodmart_gradient_switch=&#8221;no&#8221; woodmart_box_shadow=&#8221;no&#8221; wd_z_index=&#8221;no&#8221; woodmart_disable_overflow=&#8221;0&#8243; row_reverse_mobile=&#8221;0&#8243; row_reverse_tablet=&#8221;0&#8243;][vc_column][vc_column_text woodmart_inline=&#8221;no&#8221; text_larger=&#8221;no&#8221;] NA\u010cINI PLA\u010cILA 1. Z ban\u010dno<\/p>\n","protected":false},"author":2,"featured_media":0,"parent":0,"menu_order":0,"comment_status":"closed","ping_status":"closed","template":"","meta":{"footnotes":""},"class_list":["post-10108","page","type-page","status-publish","hentry"],"yoast_head":"<!-- This site is optimized with the Yoast SEO plugin v27.1.1 - https:\/\/yoast.com\/product\/yoast-seo-wordpress\/ -->\n<title>Na\u010dini pla\u010dila - Hygienic Seat - strani\u0161\u010dne deske \u0161e nikoli niso bile tako zdrave<\/title>\n<meta name=\"robots\" content=\"index, follow, max-snippet:-1, max-image-preview:large, max-video-preview:-1\" \/>\n<link rel=\"canonical\" href=\"https:\/\/hygienic-seat.com\/sl\/nacini-placila\" \/>\n<meta property=\"og:locale\" content=\"sl_SI\" \/>\n<meta property=\"og:type\" content=\"article\" \/>\n<meta property=\"og:title\" content=\"Na\u010dini pla\u010dila - Hygienic Seat - strani\u0161\u010dne deske \u0161e nikoli niso bile tako zdrave\" \/>\n<meta property=\"og:description\" content=\"[vc_row el_class=&#8221;pravni-tekstovi&#8221; woodmart_css_id=&#8221;637362c6a4f13&#8243; responsive_spacing=&#8221;eyJwYXJhbV90eXBlIjoid29vZG1hcnRfcmVzcG9uc2l2ZV9zcGFjaW5nIiwic2VsZWN0b3JfaWQiOiI2MzczNjJjNmE0ZjEzIiwic2hvcnRjb2RlIjoidmNfcm93IiwiZGF0YSI6eyJ0YWJsZXQiOnt9LCJtb2JpbGUiOnt9fX0=&#8221; mobile_bg_img_hidden=&#8221;no&#8221; tablet_bg_img_hidden=&#8221;no&#8221; woodmart_parallax=&#8221;0&#8243; woodmart_gradient_switch=&#8221;no&#8221; woodmart_box_shadow=&#8221;no&#8221; wd_z_index=&#8221;no&#8221; woodmart_disable_overflow=&#8221;0&#8243; row_reverse_mobile=&#8221;0&#8243; row_reverse_tablet=&#8221;0&#8243;][vc_column][vc_column_text woodmart_inline=&#8221;no&#8221; text_larger=&#8221;no&#8221;] NA\u010cINI PLA\u010cILA 1. Z ban\u010dno\" \/>\n<meta property=\"og:url\" content=\"https:\/\/hygienic-seat.com\/sl\/nacini-placila\" \/>\n<meta property=\"og:site_name\" content=\"Hygienic Seat - strani\u0161\u010dne deske \u0161e nikoli niso bile tako zdrave\" \/>\n<meta property=\"article:modified_time\" content=\"2023-01-27T11:01:38+00:00\" \/>\n<meta property=\"og:image\" content=\"https:\/\/hygienic-seat.com\/wp-content\/uploads\/2022\/11\/CLEAN4U-logo-350.png\" \/>\n\t<meta property=\"og:image:width\" content=\"350\" \/>\n\t<meta property=\"og:image:height\" content=\"329\" \/>\n\t<meta property=\"og:image:type\" content=\"image\/png\" \/>\n<meta name=\"twitter:card\" content=\"summary_large_image\" \/>\n<meta name=\"twitter:label1\" content=\"Est. reading time\" \/>\n\t<meta name=\"twitter:data1\" content=\"4 minute\" \/>\n<script type=\"application\/ld+json\" class=\"yoast-schema-graph\">{\"@context\":\"https:\/\/schema.org\",\"@graph\":[{\"@type\":\"WebPage\",\"@id\":\"https:\/\/hygienic-seat.com\/sl\/nacini-placila\",\"url\":\"https:\/\/hygienic-seat.com\/sl\/nacini-placila\",\"name\":\"Na\u010dini pla\u010dila - Hygienic Seat - strani\u0161\u010dne deske \u0161e nikoli niso bile tako zdrave\",\"isPartOf\":{\"@id\":\"https:\/\/hygienic-seat.com\/#website\"},\"datePublished\":\"2022-11-15T10:06:06+00:00\",\"dateModified\":\"2023-01-27T11:01:38+00:00\",\"breadcrumb\":{\"@id\":\"https:\/\/hygienic-seat.com\/sl\/nacini-placila#breadcrumb\"},\"inLanguage\":\"sl-SI\",\"potentialAction\":[{\"@type\":\"ReadAction\",\"target\":[\"https:\/\/hygienic-seat.com\/sl\/nacini-placila\"]}]},{\"@type\":\"BreadcrumbList\",\"@id\":\"https:\/\/hygienic-seat.com\/sl\/nacini-placila#breadcrumb\",\"itemListElement\":[{\"@type\":\"ListItem\",\"position\":1,\"name\":\"Po\u010detna stranica\",\"item\":\"https:\/\/hygienic-seat.com\/sl\"},{\"@type\":\"ListItem\",\"position\":2,\"name\":\"Na\u010dini pla\u010dila\"}]},{\"@type\":\"WebSite\",\"@id\":\"https:\/\/hygienic-seat.com\/#website\",\"url\":\"https:\/\/hygienic-seat.com\/\",\"name\":\"Hygienic Seat - strani\u0161\u010dne deske \u0161e nikoli niso bile tako zdrave\",\"description\":\"\",\"publisher\":{\"@id\":\"https:\/\/hygienic-seat.com\/#organization\"},\"alternateName\":\"Hygienic Seat - toilet seats have never been this clean\",\"potentialAction\":[{\"@type\":\"SearchAction\",\"target\":{\"@type\":\"EntryPoint\",\"urlTemplate\":\"https:\/\/hygienic-seat.com\/?s={search_term_string}\"},\"query-input\":{\"@type\":\"PropertyValueSpecification\",\"valueRequired\":true,\"valueName\":\"search_term_string\"}}],\"inLanguage\":\"sl-SI\"},{\"@type\":\"Organization\",\"@id\":\"https:\/\/hygienic-seat.com\/#organization\",\"name\":\"Hygienic Seat - strani\u0161\u010dne deske \u0161e nikoli niso bile tako zdrave\",\"alternateName\":\"Hygienic Seat - toilet seats have never been this clean\",\"url\":\"https:\/\/hygienic-seat.com\/\",\"logo\":{\"@type\":\"ImageObject\",\"inLanguage\":\"sl-SI\",\"@id\":\"https:\/\/hygienic-seat.com\/#\/schema\/logo\/image\/\",\"url\":\"https:\/\/hygienic-seat.com\/wp-content\/uploads\/2022\/11\/CLEAN4U-logo-350.png\",\"contentUrl\":\"https:\/\/hygienic-seat.com\/wp-content\/uploads\/2022\/11\/CLEAN4U-logo-350.png\",\"width\":350,\"height\":329,\"caption\":\"Hygienic Seat - strani\u0161\u010dne deske \u0161e nikoli niso bile tako zdrave\"},\"image\":{\"@id\":\"https:\/\/hygienic-seat.com\/#\/schema\/logo\/image\/\"}}]}<\/script>\n<!-- \/ Yoast SEO plugin. -->","yoast_head_json":{"title":"Na\u010dini pla\u010dila - Hygienic Seat - strani\u0161\u010dne deske \u0161e nikoli niso bile tako zdrave","robots":{"index":"index","follow":"follow","max-snippet":"max-snippet:-1","max-image-preview":"max-image-preview:large","max-video-preview":"max-video-preview:-1"},"canonical":"https:\/\/hygienic-seat.com\/sl\/nacini-placila","og_locale":"sl_SI","og_type":"article","og_title":"Na\u010dini pla\u010dila - Hygienic Seat - strani\u0161\u010dne deske \u0161e nikoli niso bile tako zdrave","og_description":"[vc_row el_class=&#8221;pravni-tekstovi&#8221; woodmart_css_id=&#8221;637362c6a4f13&#8243; responsive_spacing=&#8221;eyJwYXJhbV90eXBlIjoid29vZG1hcnRfcmVzcG9uc2l2ZV9zcGFjaW5nIiwic2VsZWN0b3JfaWQiOiI2MzczNjJjNmE0ZjEzIiwic2hvcnRjb2RlIjoidmNfcm93IiwiZGF0YSI6eyJ0YWJsZXQiOnt9LCJtb2JpbGUiOnt9fX0=&#8221; mobile_bg_img_hidden=&#8221;no&#8221; tablet_bg_img_hidden=&#8221;no&#8221; woodmart_parallax=&#8221;0&#8243; woodmart_gradient_switch=&#8221;no&#8221; woodmart_box_shadow=&#8221;no&#8221; wd_z_index=&#8221;no&#8221; woodmart_disable_overflow=&#8221;0&#8243; row_reverse_mobile=&#8221;0&#8243; row_reverse_tablet=&#8221;0&#8243;][vc_column][vc_column_text woodmart_inline=&#8221;no&#8221; text_larger=&#8221;no&#8221;] NA\u010cINI PLA\u010cILA 1. Z ban\u010dno","og_url":"https:\/\/hygienic-seat.com\/sl\/nacini-placila","og_site_name":"Hygienic Seat - strani\u0161\u010dne deske \u0161e nikoli niso bile tako zdrave","article_modified_time":"2023-01-27T11:01:38+00:00","og_image":[{"width":350,"height":329,"url":"https:\/\/hygienic-seat.com\/wp-content\/uploads\/2022\/11\/CLEAN4U-logo-350.png","type":"image\/png"}],"twitter_card":"summary_large_image","twitter_misc":{"Est. reading time":"4 minute"},"schema":{"@context":"https:\/\/schema.org","@graph":[{"@type":"WebPage","@id":"https:\/\/hygienic-seat.com\/sl\/nacini-placila","url":"https:\/\/hygienic-seat.com\/sl\/nacini-placila","name":"Na\u010dini pla\u010dila - Hygienic Seat - strani\u0161\u010dne deske \u0161e nikoli niso bile tako zdrave","isPartOf":{"@id":"https:\/\/hygienic-seat.com\/#website"},"datePublished":"2022-11-15T10:06:06+00:00","dateModified":"2023-01-27T11:01:38+00:00","breadcrumb":{"@id":"https:\/\/hygienic-seat.com\/sl\/nacini-placila#breadcrumb"},"inLanguage":"sl-SI","potentialAction":[{"@type":"ReadAction","target":["https:\/\/hygienic-seat.com\/sl\/nacini-placila"]}]},{"@type":"BreadcrumbList","@id":"https:\/\/hygienic-seat.com\/sl\/nacini-placila#breadcrumb","itemListElement":[{"@type":"ListItem","position":1,"name":"Po\u010detna stranica","item":"https:\/\/hygienic-seat.com\/sl"},{"@type":"ListItem","position":2,"name":"Na\u010dini pla\u010dila"}]},{"@type":"WebSite","@id":"https:\/\/hygienic-seat.com\/#website","url":"https:\/\/hygienic-seat.com\/","name":"Hygienic Seat - strani\u0161\u010dne deske \u0161e nikoli niso bile tako zdrave","description":"","publisher":{"@id":"https:\/\/hygienic-seat.com\/#organization"},"alternateName":"Hygienic Seat - toilet seats have never been this clean","potentialAction":[{"@type":"SearchAction","target":{"@type":"EntryPoint","urlTemplate":"https:\/\/hygienic-seat.com\/?s={search_term_string}"},"query-input":{"@type":"PropertyValueSpecification","valueRequired":true,"valueName":"search_term_string"}}],"inLanguage":"sl-SI"},{"@type":"Organization","@id":"https:\/\/hygienic-seat.com\/#organization","name":"Hygienic Seat - strani\u0161\u010dne deske \u0161e nikoli niso bile tako zdrave","alternateName":"Hygienic Seat - toilet seats have never been this clean","url":"https:\/\/hygienic-seat.com\/","logo":{"@type":"ImageObject","inLanguage":"sl-SI","@id":"https:\/\/hygienic-seat.com\/#\/schema\/logo\/image\/","url":"https:\/\/hygienic-seat.com\/wp-content\/uploads\/2022\/11\/CLEAN4U-logo-350.png","contentUrl":"https:\/\/hygienic-seat.com\/wp-content\/uploads\/2022\/11\/CLEAN4U-logo-350.png","width":350,"height":329,"caption":"Hygienic Seat - strani\u0161\u010dne deske \u0161e nikoli niso bile tako zdrave"},"image":{"@id":"https:\/\/hygienic-seat.com\/#\/schema\/logo\/image\/"}}]}},"_links":{"self":[{"href":"https:\/\/hygienic-seat.com\/sl\/wp-json\/wp\/v2\/pages\/10108","targetHints":{"allow":["GET"]}}],"collection":[{"href":"https:\/\/hygienic-seat.com\/sl\/wp-json\/wp\/v2\/pages"}],"about":[{"href":"https:\/\/hygienic-seat.com\/sl\/wp-json\/wp\/v2\/types\/page"}],"author":[{"embeddable":true,"href":"https:\/\/hygienic-seat.com\/sl\/wp-json\/wp\/v2\/users\/2"}],"replies":[{"embeddable":true,"href":"https:\/\/hygienic-seat.com\/sl\/wp-json\/wp\/v2\/comments?post=10108"}],"version-history":[{"count":2,"href":"https:\/\/hygienic-seat.com\/sl\/wp-json\/wp\/v2\/pages\/10108\/revisions"}],"predecessor-version":[{"id":10111,"href":"https:\/\/hygienic-seat.com\/sl\/wp-json\/wp\/v2\/pages\/10108\/revisions\/10111"}],"wp:attachment":[{"href":"https:\/\/hygienic-seat.com\/sl\/wp-json\/wp\/v2\/media?parent=10108"}],"curies":[{"name":"wp","href":"https:\/\/api.w.org\/{rel}","templated":true}]}}