{"id":10099,"date":"2022-10-26T07:55:06","date_gmt":"2022-10-26T05:55:06","guid":{"rendered":"https:\/\/hygienic-seat.com\/pravilnik-o-privatnosti"},"modified":"2023-01-27T11:37:03","modified_gmt":"2023-01-27T10:37:03","slug":"politika-zasebnosti","status":"publish","type":"page","link":"https:\/\/hygienic-seat.com\/sl\/politika-zasebnosti","title":{"rendered":"Politika zasebnosti"},"content":{"rendered":"<section class=\"wpb-content-wrapper\"><p>[vc_row el_class=&#8221;pravni-tekstovi&#8221; woodmart_css_id=&#8221;637362c6a4f13&#8243; responsive_spacing=&#8221;eyJwYXJhbV90eXBlIjoid29vZG1hcnRfcmVzcG9uc2l2ZV9zcGFjaW5nIiwic2VsZWN0b3JfaWQiOiI2MzczNjJjNmE0ZjEzIiwic2hvcnRjb2RlIjoidmNfcm93IiwiZGF0YSI6eyJ0YWJsZXQiOnt9LCJtb2JpbGUiOnt9fX0=&#8221; mobile_bg_img_hidden=&#8221;no&#8221; tablet_bg_img_hidden=&#8221;no&#8221; woodmart_parallax=&#8221;0&#8243; woodmart_gradient_switch=&#8221;no&#8221; woodmart_box_shadow=&#8221;no&#8221; wd_z_index=&#8221;no&#8221; woodmart_disable_overflow=&#8221;0&#8243; row_reverse_mobile=&#8221;0&#8243; row_reverse_tablet=&#8221;0&#8243;][vc_column][vc_column_text woodmart_inline=&#8221;no&#8221; text_larger=&#8221;no&#8221;]<\/p>\r\n<h3>1. IZJAVA O VAROVANJU IN ZBIRANJU OSEBNIH PODATKOV TER NJIHOVI UPORABI<\/h3>\r\n<p>V Ford Servis Krainc in Krainc Auto doo se kot skupna obdelovalca zavedamo pomena zasebnosti osebnih podatkov in uporabljamo visoke standarde varovanja osebnih podatkov. Uredba, ki jo je sprejela Evropska unija, narekuje visoke standarde, ki dolo\u010dajo, kako se va\u0161i podatki zbirajo in hranijo ter vam omogo\u010dajo vpogled, zahtevo po izbrisu in \u0161e veliko ve\u010d. V skladu z zakonodajo in zavedanjem pomena tega podro\u010dja smo pripravili pojasnila v zvezi z varstvom va\u0161ih podatkov in pravicami, ki jih imate kot lastnik podatkov.<\/p>\r\n<p>Preden se strinjate z zbiranjem ali obdelavo va\u0161ih osebnih podatkov, natan\u010dno preberite spodnjo razlago.<\/p>\r\n<p><strong>To obvestilo:<\/strong><\/p>\r\n<ul>\r\n<li>opisuje vrsto osebnih podatkov, ki jih zbiramo in prejemamo,<\/li>\r\n<li>predpisuje pravila in postopke, ki smo jih vzpostavili za njihovo uporabo in shranjevanje,<\/li>\r\n<li>predpisuje izmenjavo dolo\u010denih vrst osebnih podatkov v dolo\u010denih omejenih okoli\u0161\u010dinah,<\/li>\r\n<li>opisuje postopke, ki jih morate upo\u0161tevati, \u010de imate kakr\u0161na koli vpra\u0161anja ali zahteve glede va\u0161ih osebnih podatkov ali na\u0161ih politik in postopkov;<\/li>\r\n<li>vsebuje kontaktne podatke o osebi, na katero je treba nasloviti taka vpra\u0161anja ali zahteve, in kako z njo komunicirati<\/li>\r\n<\/ul>\r\n<h5>1.1 DEFINICIJE<\/h5>\r\n<p>V skladu z UREDBO (EU) 2016\/679 EVROPSKEGA PARLAMENTA IN SVETA Splo\u0161na uredba o varstvu podatkov imajo nekateri izrazi v tem pravilniku naslednji pomen:<\/p>\r\n<ul>\r\n<li>\u00bbOsebni podatki\u00ab so vsi podatki, ki se nana\u0161ajo na posameznika, katerega identiteta je ugotovljena ali jo je mogo\u010de ugotoviti;<\/li>\r\n<li>\u00bbRespondent\u00ab posameznik, katerega identiteto je mogo\u010de ugotoviti, je oseba, ki jo je mogo\u010de identificirati neposredno ali posredno, zlasti s pomo\u010djo identifikatorjev, kot so ime, identifikacijska \u0161tevilka, podatki o lokaciji, identifikator omre\u017eja ali s pomo\u010djo enega ali ve\u010d dejavnikov, v fizi\u010dni, fiziolo\u0161ki, genetski, du\u0161evni, ekonomski, kulturni ali dru\u017ebeni identiteti tega posameznika;<\/li>\r\n<li>\u00bbObdelava\u00ab pomeni kateri koli postopek ali niz procesov, ki se izvajajo na osebnih podatkih ali nizih osebnih podatkov, bodisi z avtomatiziranimi ali neavtomatiziranimi sredstvi, kot so zbiranje, bele\u017eenje, organiziranje, strukturiranje, shranjevanje, prilagajanje ali spreminjanje, priklic, pregled, uporaba. , razkritje s prenosom, raz\u0161irjanjem ali druga\u010dnim dajanjem na voljo, ujemanje ali zdru\u017eevanje, omejitev, izbris ali uni\u010denje<\/li>\r\n<li>\u00bbUpravljavec\u00ab je fizi\u010dna ali pravna oseba, javni organ, agencija ali drug organ, ki sam ali skupaj z drugimi dolo\u010da namene in sredstva obdelave osebnih podatkov; kadar so nameni in sredstva tak\u0161ne obdelave dolo\u010deni s pravom Unije ali pravom dr\u017eave \u010dlanice, lahko upravljavec ali posebna merila za njegovo imenovanje dolo\u010di pravo Unije ali pravo dr\u017eave \u010dlanice;<\/li>\r\n<li>\u00bbPrivolitev subjekta\u00ab pomeni vsako prostovoljno, specifi\u010dno, ozave\u0161\u010deno in nedvoumno izra\u017eanje \u017eelja subjekta, s katerim z izjavo ali jasnim pritrdilnim dejanjem privoli v obdelavo osebnih podatkov, ki se nana\u0161ajo nanj;<\/li>\r\n<\/ul>\r\n<h5>1.2 PODRO\u010cJE UPORABE<\/h5>\r\n<p>Ta pravila veljajo za vse na\u0161e goste, stranke in osebe, ki povpra\u0161ujejo po storitvah in blagu. Osebne podatke otrok, mlaj\u0161ih od 16 let, obdelujemo izklju\u010dno za namene izpolnjevanja zakonskih obveznosti. Pravila veljajo za vse uporabnike in vrste obdelav enako in jih uveljavlja Fordov servis.<\/p>\r\n<p>Ford Servis in Krainc Auto d.o.o. lahko anga\u017eira podobdelovalce (druge obdelovalce) za izvajanje dolo\u010denih dejavnosti obdelave v njegovem imenu. Podizvajalcem je dovoljena obdelava osebnih podatkov izklju\u010dno za namene, navedene v tem obvestilu.<\/p>\r\n<p><strong>Ta pravila veljajo za vse informacije in zapise, ne glede na to, kako so zbrani:<\/strong><\/p>\r\n<ul>\r\n<li>Elektronska po\u0161ta<\/li>\r\n<li>Fizi\u010dni primer dokumenta<\/li>\r\n<li>Dokument v elektronski obliki<\/li>\r\n<li>Video in avdio<\/li>\r\n<\/ul>\r\n<h5>1.3 KATERE PODATKE ZBIRAMO IN ZA KAK\u0160EN NAMEN ZBIRAMO PODATKE<\/h5>\r\n<p><strong>Od vas zbiramo:<\/strong><\/p>\r\n<p><strong>a) Osebni podatki, ki se lahko uporabijo za va\u0161o identifikacijo:<\/strong><\/p>\r\n<ul>\r\n<li>Ime in priimek<\/li>\r\n<li>Kraj bivanja, mesto, dr\u017eava<\/li>\r\n<li>ID \u0161tevilka<\/li>\r\n<\/ul>\r\n<p><strong>Uporabljamo te podatke:<\/strong><\/p>\r\n<ul>\r\n<li>za zagotavljanje storitev, ki jih zahtevate<\/li>\r\n<li>za izdelavo ponudbe in\/ali ra\u010duna<\/li>\r\n<li>za zagotavljanje storitev, ki jih zahtevate<\/li>\r\n<li>za poro\u010danje<\/li>\r\n<\/ul>\r\n<p><strong>b) Va\u0161i kontakti:<\/strong><\/p>\r\n<ul>\r\n<li>Telefonska \u0161tevilka<\/li>\r\n<li>E-naslov<\/li>\r\n<\/ul>\r\n<p><strong>Uporabljamo te podatke:<\/strong><\/p>\r\n<ul>\r\n<li>za po\u0161iljanje obvestil o dejanjih<\/li>\r\n<li>za po\u0161iljanje rednih servisnih obvestil<\/li>\r\n<li>kot tudi po\u0161iljanje obvestila o izvedbi storitve<\/li>\r\n<\/ul>\r\n<p><strong>c) Finan\u010dni podatki:<\/strong><\/p>\r\n<ul>\r\n<li>\u0160tevilka ra\u010duna<\/li>\r\n<\/ul>\r\n<p><strong>Uporabljamo te podatke:<\/strong><\/p>\r\n<ul>\r\n<li>za obdelavo pla\u010dila<\/li>\r\n<\/ul>\r\n<h5>1.4 KJE SO PODATKI SHRANJENI<\/h5>\r\n<p><strong>Va\u0161i podatki v fizi\u010dni in elektronski obliki so shranjeni:<\/strong><\/p>\r\n<ul>\r\n<li>Na naslovu Ka\u010djak 2 &#8211; Orehovica, 51000 Rijeka<\/li>\r\n<li>Na lokalnem stre\u017eniku na naslovu Ka\u010djak 2 &#8211; Orehovica, 51000 Rijeka Za podatke obstaja tajna varnostna kopija<\/li>\r\n<\/ul>\r\n<h5>1.5 VA\u0160E PRAVICE KOT SPONDENT<\/h5>\r\n<p>Pravica do dostopa do osebnih podatkov &#8211; Pravico do dostopa do osebnih podatkov imate s strani Krainc Auto d.o.o. pridobite potrditev, ali se osebni podatki, ki se nana\u0161ajo na vas, obdelujejo, in informacije o namenu obdelave, kategorijah podatkov, ki se obdelujejo, prejemnikih, \u010dasu hrambe ter o va\u0161ih pravicah kot subjekta.<\/p>\r\n<p>Pravica do popravka in pravica do izbrisa &#8211; kadarkoli imate pravico, da od poobla\u0161\u010dene osebe za varstvo podatkov zahtevate popravek ali dopolnitev neto\u010dnih ali nepopolnih osebnih podatkov v zvezi z vami. Zahtevate lahko vpogled v podatke, ki jih je upravitelj zbral o vas, ali takoj\u0161en izbris va\u0161ih osebnih podatkov.<\/p>\r\n<p>Pravica do omejitve obdelave &#8211; Pravico imate od upravljavca dose\u010di omejitev obdelave va\u0161ih podatkov, \u010de ta obdelava nima pravne podlage. Svojo privolitev za obdelavo osebnih podatkov imate kadarkoli preklicati. Pravico lahko prekli\u010dete za dolo\u010den namen ali za vse namene obdelave osebnih podatkov, s katerimi ste sogla\u0161ali.<\/p>\r\n<p>Pravica do prenosljivosti podatkov \u2013 imate pravico zahtevati, da va\u0161e osebne podatke, ki jih obdelujemo, posredujemo drugemu upravljavcu podatkov.<\/p>\r\n<p>Pravica do ugovora \u2013 \u010ce opazite, da se va\u0161i podatki uporabljajo za namene, ki niso navedeni v tem obvestilu, ali namen obdelave ni zakonsko utemeljen, lahko pisno (po elektronski po\u0161ti) zahtevate prenehanje uporabe va\u0161ih podatkov. podatke za te namene.<\/p>\r\n<p>Svoje pravice lahko pustite pisno na e-naslov <a href=\"mailto:szp@ford-krainc.com\">szp@ford-krainc.com<\/a>.<\/p>\r\n<p>Na\u0161a poobla\u0161\u010dena oseba za varstvo podatkov vas bo najkasneje v 30 dneh obvestila o poteku zahteve in razlogih za zavrnitev zahteve.<\/p>\r\n<p>\u010ce menite, da Krainc Auto d.o.o. kr\u0161ena ena od pravic, zagotovljenih s Splo\u0161no uredbo, imate pravico vlo\u017eiti zahtevo za ugotovitev kr\u0161itve pravice pri pristojnem organu.<\/p>\r\n<h5>1.6 NA KOGA LAHKO KONTAKTIRATE<\/h5>\r\n<p>V primeru nejasnosti in dodatnih vpra\u0161anj se lahko obrnete na na\u0161o poobla\u0161\u010deno osebo za varstvo osebnih podatkov preko elektronskega naslova <a href=\"mailto:szp@ford-krainc.com\">szp@ford-krainc.com<\/a>.<\/p>\r\n<p>[\/vc_column_text][\/vc_column][\/vc_row]<\/p><\/section>","protected":false},"excerpt":{"rendered":"<p>[vc_row el_class=&#8221;pravni-tekstovi&#8221; woodmart_css_id=&#8221;637362c6a4f13&#8243; responsive_spacing=&#8221;eyJwYXJhbV90eXBlIjoid29vZG1hcnRfcmVzcG9uc2l2ZV9zcGFjaW5nIiwic2VsZWN0b3JfaWQiOiI2MzczNjJjNmE0ZjEzIiwic2hvcnRjb2RlIjoidmNfcm93IiwiZGF0YSI6eyJ0YWJsZXQiOnt9LCJtb2JpbGUiOnt9fX0=&#8221; mobile_bg_img_hidden=&#8221;no&#8221; tablet_bg_img_hidden=&#8221;no&#8221; woodmart_parallax=&#8221;0&#8243; woodmart_gradient_switch=&#8221;no&#8221; woodmart_box_shadow=&#8221;no&#8221; wd_z_index=&#8221;no&#8221; woodmart_disable_overflow=&#8221;0&#8243; row_reverse_mobile=&#8221;0&#8243; row_reverse_tablet=&#8221;0&#8243;][vc_column][vc_column_text woodmart_inline=&#8221;no&#8221; text_larger=&#8221;no&#8221;] 1. IZJAVA O VAROVANJU IN<\/p>\n","protected":false},"author":2,"featured_media":0,"parent":0,"menu_order":0,"comment_status":"closed","ping_status":"closed","template":"","meta":{"footnotes":""},"class_list":["post-10099","page","type-page","status-publish","hentry"],"yoast_head":"<!-- This site is optimized with the Yoast SEO plugin v27.1.1 - https:\/\/yoast.com\/product\/yoast-seo-wordpress\/ -->\n<title>Politika zasebnosti - Hygienic Seat - strani\u0161\u010dne deske \u0161e nikoli niso bile tako zdrave<\/title>\n<meta name=\"robots\" content=\"index, follow, max-snippet:-1, max-image-preview:large, max-video-preview:-1\" \/>\n<link rel=\"canonical\" href=\"https:\/\/hygienic-seat.com\/sl\/politika-zasebnosti\" \/>\n<meta property=\"og:locale\" content=\"sl_SI\" \/>\n<meta property=\"og:type\" content=\"article\" \/>\n<meta property=\"og:title\" content=\"Politika zasebnosti - Hygienic Seat - strani\u0161\u010dne deske \u0161e nikoli niso bile tako zdrave\" \/>\n<meta property=\"og:description\" content=\"[vc_row el_class=&#8221;pravni-tekstovi&#8221; woodmart_css_id=&#8221;637362c6a4f13&#8243; responsive_spacing=&#8221;eyJwYXJhbV90eXBlIjoid29vZG1hcnRfcmVzcG9uc2l2ZV9zcGFjaW5nIiwic2VsZWN0b3JfaWQiOiI2MzczNjJjNmE0ZjEzIiwic2hvcnRjb2RlIjoidmNfcm93IiwiZGF0YSI6eyJ0YWJsZXQiOnt9LCJtb2JpbGUiOnt9fX0=&#8221; mobile_bg_img_hidden=&#8221;no&#8221; tablet_bg_img_hidden=&#8221;no&#8221; woodmart_parallax=&#8221;0&#8243; woodmart_gradient_switch=&#8221;no&#8221; woodmart_box_shadow=&#8221;no&#8221; wd_z_index=&#8221;no&#8221; woodmart_disable_overflow=&#8221;0&#8243; row_reverse_mobile=&#8221;0&#8243; row_reverse_tablet=&#8221;0&#8243;][vc_column][vc_column_text woodmart_inline=&#8221;no&#8221; text_larger=&#8221;no&#8221;] 1. IZJAVA O VAROVANJU IN\" \/>\n<meta property=\"og:url\" content=\"https:\/\/hygienic-seat.com\/sl\/politika-zasebnosti\" \/>\n<meta property=\"og:site_name\" content=\"Hygienic Seat - strani\u0161\u010dne deske \u0161e nikoli niso bile tako zdrave\" \/>\n<meta property=\"article:modified_time\" content=\"2023-01-27T10:37:03+00:00\" \/>\n<meta property=\"og:image\" content=\"https:\/\/hygienic-seat.com\/wp-content\/uploads\/2022\/11\/CLEAN4U-logo-350.png\" \/>\n\t<meta property=\"og:image:width\" content=\"350\" \/>\n\t<meta property=\"og:image:height\" content=\"329\" \/>\n\t<meta property=\"og:image:type\" content=\"image\/png\" \/>\n<meta name=\"twitter:card\" content=\"summary_large_image\" \/>\n<meta name=\"twitter:label1\" content=\"Est. reading time\" \/>\n\t<meta name=\"twitter:data1\" content=\"6 minut\" \/>\n<script type=\"application\/ld+json\" class=\"yoast-schema-graph\">{\"@context\":\"https:\/\/schema.org\",\"@graph\":[{\"@type\":\"WebPage\",\"@id\":\"https:\/\/hygienic-seat.com\/sl\/politika-zasebnosti\",\"url\":\"https:\/\/hygienic-seat.com\/sl\/politika-zasebnosti\",\"name\":\"Politika zasebnosti - Hygienic Seat - strani\u0161\u010dne deske \u0161e nikoli niso bile tako zdrave\",\"isPartOf\":{\"@id\":\"https:\/\/hygienic-seat.com\/#website\"},\"datePublished\":\"2022-10-26T05:55:06+00:00\",\"dateModified\":\"2023-01-27T10:37:03+00:00\",\"breadcrumb\":{\"@id\":\"https:\/\/hygienic-seat.com\/sl\/politika-zasebnosti#breadcrumb\"},\"inLanguage\":\"sl-SI\",\"potentialAction\":[{\"@type\":\"ReadAction\",\"target\":[\"https:\/\/hygienic-seat.com\/sl\/politika-zasebnosti\"]}]},{\"@type\":\"BreadcrumbList\",\"@id\":\"https:\/\/hygienic-seat.com\/sl\/politika-zasebnosti#breadcrumb\",\"itemListElement\":[{\"@type\":\"ListItem\",\"position\":1,\"name\":\"Po\u010detna stranica\",\"item\":\"https:\/\/hygienic-seat.com\/sl\"},{\"@type\":\"ListItem\",\"position\":2,\"name\":\"Politika zasebnosti\"}]},{\"@type\":\"WebSite\",\"@id\":\"https:\/\/hygienic-seat.com\/#website\",\"url\":\"https:\/\/hygienic-seat.com\/\",\"name\":\"Hygienic Seat - strani\u0161\u010dne deske \u0161e nikoli niso bile tako zdrave\",\"description\":\"\",\"publisher\":{\"@id\":\"https:\/\/hygienic-seat.com\/#organization\"},\"alternateName\":\"Hygienic Seat - toilet seats have never been this clean\",\"potentialAction\":[{\"@type\":\"SearchAction\",\"target\":{\"@type\":\"EntryPoint\",\"urlTemplate\":\"https:\/\/hygienic-seat.com\/?s={search_term_string}\"},\"query-input\":{\"@type\":\"PropertyValueSpecification\",\"valueRequired\":true,\"valueName\":\"search_term_string\"}}],\"inLanguage\":\"sl-SI\"},{\"@type\":\"Organization\",\"@id\":\"https:\/\/hygienic-seat.com\/#organization\",\"name\":\"Hygienic Seat - strani\u0161\u010dne deske \u0161e nikoli niso bile tako zdrave\",\"alternateName\":\"Hygienic Seat - toilet seats have never been this clean\",\"url\":\"https:\/\/hygienic-seat.com\/\",\"logo\":{\"@type\":\"ImageObject\",\"inLanguage\":\"sl-SI\",\"@id\":\"https:\/\/hygienic-seat.com\/#\/schema\/logo\/image\/\",\"url\":\"https:\/\/hygienic-seat.com\/wp-content\/uploads\/2022\/11\/CLEAN4U-logo-350.png\",\"contentUrl\":\"https:\/\/hygienic-seat.com\/wp-content\/uploads\/2022\/11\/CLEAN4U-logo-350.png\",\"width\":350,\"height\":329,\"caption\":\"Hygienic Seat - strani\u0161\u010dne deske \u0161e nikoli niso bile tako zdrave\"},\"image\":{\"@id\":\"https:\/\/hygienic-seat.com\/#\/schema\/logo\/image\/\"}}]}<\/script>\n<!-- \/ Yoast SEO plugin. -->","yoast_head_json":{"title":"Politika zasebnosti - Hygienic Seat - strani\u0161\u010dne deske \u0161e nikoli niso bile tako zdrave","robots":{"index":"index","follow":"follow","max-snippet":"max-snippet:-1","max-image-preview":"max-image-preview:large","max-video-preview":"max-video-preview:-1"},"canonical":"https:\/\/hygienic-seat.com\/sl\/politika-zasebnosti","og_locale":"sl_SI","og_type":"article","og_title":"Politika zasebnosti - Hygienic Seat - strani\u0161\u010dne deske \u0161e nikoli niso bile tako zdrave","og_description":"[vc_row el_class=&#8221;pravni-tekstovi&#8221; woodmart_css_id=&#8221;637362c6a4f13&#8243; responsive_spacing=&#8221;eyJwYXJhbV90eXBlIjoid29vZG1hcnRfcmVzcG9uc2l2ZV9zcGFjaW5nIiwic2VsZWN0b3JfaWQiOiI2MzczNjJjNmE0ZjEzIiwic2hvcnRjb2RlIjoidmNfcm93IiwiZGF0YSI6eyJ0YWJsZXQiOnt9LCJtb2JpbGUiOnt9fX0=&#8221; mobile_bg_img_hidden=&#8221;no&#8221; tablet_bg_img_hidden=&#8221;no&#8221; woodmart_parallax=&#8221;0&#8243; woodmart_gradient_switch=&#8221;no&#8221; woodmart_box_shadow=&#8221;no&#8221; wd_z_index=&#8221;no&#8221; woodmart_disable_overflow=&#8221;0&#8243; row_reverse_mobile=&#8221;0&#8243; row_reverse_tablet=&#8221;0&#8243;][vc_column][vc_column_text woodmart_inline=&#8221;no&#8221; text_larger=&#8221;no&#8221;] 1. IZJAVA O VAROVANJU IN","og_url":"https:\/\/hygienic-seat.com\/sl\/politika-zasebnosti","og_site_name":"Hygienic Seat - strani\u0161\u010dne deske \u0161e nikoli niso bile tako zdrave","article_modified_time":"2023-01-27T10:37:03+00:00","og_image":[{"width":350,"height":329,"url":"https:\/\/hygienic-seat.com\/wp-content\/uploads\/2022\/11\/CLEAN4U-logo-350.png","type":"image\/png"}],"twitter_card":"summary_large_image","twitter_misc":{"Est. reading time":"6 minut"},"schema":{"@context":"https:\/\/schema.org","@graph":[{"@type":"WebPage","@id":"https:\/\/hygienic-seat.com\/sl\/politika-zasebnosti","url":"https:\/\/hygienic-seat.com\/sl\/politika-zasebnosti","name":"Politika zasebnosti - Hygienic Seat - strani\u0161\u010dne deske \u0161e nikoli niso bile tako zdrave","isPartOf":{"@id":"https:\/\/hygienic-seat.com\/#website"},"datePublished":"2022-10-26T05:55:06+00:00","dateModified":"2023-01-27T10:37:03+00:00","breadcrumb":{"@id":"https:\/\/hygienic-seat.com\/sl\/politika-zasebnosti#breadcrumb"},"inLanguage":"sl-SI","potentialAction":[{"@type":"ReadAction","target":["https:\/\/hygienic-seat.com\/sl\/politika-zasebnosti"]}]},{"@type":"BreadcrumbList","@id":"https:\/\/hygienic-seat.com\/sl\/politika-zasebnosti#breadcrumb","itemListElement":[{"@type":"ListItem","position":1,"name":"Po\u010detna stranica","item":"https:\/\/hygienic-seat.com\/sl"},{"@type":"ListItem","position":2,"name":"Politika zasebnosti"}]},{"@type":"WebSite","@id":"https:\/\/hygienic-seat.com\/#website","url":"https:\/\/hygienic-seat.com\/","name":"Hygienic Seat - strani\u0161\u010dne deske \u0161e nikoli niso bile tako zdrave","description":"","publisher":{"@id":"https:\/\/hygienic-seat.com\/#organization"},"alternateName":"Hygienic Seat - toilet seats have never been this clean","potentialAction":[{"@type":"SearchAction","target":{"@type":"EntryPoint","urlTemplate":"https:\/\/hygienic-seat.com\/?s={search_term_string}"},"query-input":{"@type":"PropertyValueSpecification","valueRequired":true,"valueName":"search_term_string"}}],"inLanguage":"sl-SI"},{"@type":"Organization","@id":"https:\/\/hygienic-seat.com\/#organization","name":"Hygienic Seat - strani\u0161\u010dne deske \u0161e nikoli niso bile tako zdrave","alternateName":"Hygienic Seat - toilet seats have never been this clean","url":"https:\/\/hygienic-seat.com\/","logo":{"@type":"ImageObject","inLanguage":"sl-SI","@id":"https:\/\/hygienic-seat.com\/#\/schema\/logo\/image\/","url":"https:\/\/hygienic-seat.com\/wp-content\/uploads\/2022\/11\/CLEAN4U-logo-350.png","contentUrl":"https:\/\/hygienic-seat.com\/wp-content\/uploads\/2022\/11\/CLEAN4U-logo-350.png","width":350,"height":329,"caption":"Hygienic Seat - strani\u0161\u010dne deske \u0161e nikoli niso bile tako zdrave"},"image":{"@id":"https:\/\/hygienic-seat.com\/#\/schema\/logo\/image\/"}}]}},"_links":{"self":[{"href":"https:\/\/hygienic-seat.com\/sl\/wp-json\/wp\/v2\/pages\/10099","targetHints":{"allow":["GET"]}}],"collection":[{"href":"https:\/\/hygienic-seat.com\/sl\/wp-json\/wp\/v2\/pages"}],"about":[{"href":"https:\/\/hygienic-seat.com\/sl\/wp-json\/wp\/v2\/types\/page"}],"author":[{"embeddable":true,"href":"https:\/\/hygienic-seat.com\/sl\/wp-json\/wp\/v2\/users\/2"}],"replies":[{"embeddable":true,"href":"https:\/\/hygienic-seat.com\/sl\/wp-json\/wp\/v2\/comments?post=10099"}],"version-history":[{"count":2,"href":"https:\/\/hygienic-seat.com\/sl\/wp-json\/wp\/v2\/pages\/10099\/revisions"}],"predecessor-version":[{"id":10102,"href":"https:\/\/hygienic-seat.com\/sl\/wp-json\/wp\/v2\/pages\/10099\/revisions\/10102"}],"wp:attachment":[{"href":"https:\/\/hygienic-seat.com\/sl\/wp-json\/wp\/v2\/media?parent=10099"}],"curies":[{"name":"wp","href":"https:\/\/api.w.org\/{rel}","templated":true}]}}