{"id":10086,"date":"2023-01-18T09:01:26","date_gmt":"2023-01-18T08:01:26","guid":{"rendered":"https:\/\/hygienic-seat.com\/galerija"},"modified":"2023-01-18T09:01:26","modified_gmt":"2023-01-18T08:01:26","slug":"galerija","status":"publish","type":"page","link":"https:\/\/hygienic-seat.com\/sl\/galerija","title":{"rendered":"Galerija"},"content":{"rendered":"<section class=\"wpb-content-wrapper\"><p>[vc_row css=&#8221;.vc_custom_1674029332374{padding-top: 40px !important;padding-bottom: 10px !important;}&#8221; woodmart_css_id=&#8221;63c7a90ec9847&#8243; responsive_spacing=&#8221;eyJwYXJhbV90eXBlIjoid29vZG1hcnRfcmVzcG9uc2l2ZV9zcGFjaW5nIiwic2VsZWN0b3JfaWQiOiI2M2M3YTkwZWM5ODQ3Iiwic2hvcnRjb2RlIjoidmNfcm93IiwiZGF0YSI6eyJ0YWJsZXQiOnt9LCJtb2JpbGUiOnt9fX0=&#8221; mobile_bg_img_hidden=&#8221;no&#8221; tablet_bg_img_hidden=&#8221;no&#8221; woodmart_parallax=&#8221;0&#8243; woodmart_gradient_switch=&#8221;no&#8221; woodmart_box_shadow=&#8221;no&#8221; wd_z_index=&#8221;no&#8221; woodmart_disable_overflow=&#8221;0&#8243; row_reverse_mobile=&#8221;0&#8243; row_reverse_tablet=&#8221;0&#8243;][vc_column]\t\t<div id=\"gallery_856\" class=\"wd-images-gallery wd-rs-63cfe159a45aa wd-justify-center wd-items-middle view-grid photoswipe-images\" >\n\t\t\t<div class=\"gallery-images row wd-spacing-10\">\n\t\t\t\t\t\t\t\t\t\t\t\t\t\t\t<div class=\"wd-gallery-item col-lg-4 col-md-4 col-sm-6 col-6\">\n\t\t\t\t\t\t\t\t\t\t\t\t\t\t<a href=\"https:\/\/hygienic-seat.com\/wp-content\/uploads\/2023\/01\/hy-2.gif\" data-elementor-open-lightbox=\"no\" data-index=\"1\" data-width=\"1280\" data-height=\"1920\"  >\n\t\t\t\t\t\t\t\t\n\t\t\t\t\t\t\t\t\t\t\t\t\t\t\t\t\t<img loading=\"lazy\" decoding=\"async\" width=\"500\" height=\"500\" src=\"https:\/\/hygienic-seat.com\/wp-content\/uploads\/2023\/01\/hy-2-500x500.gif\" class=\"wd-gallery-image image-1 attachment-thumbnail\" alt=\"\" title=\"hy-2\" \/>\t\t\t\t\t\t\t\t\n\n\t\t\t\t\t\t\t\t\t\t\t\t\t\t\t<\/a>\n\t\t\t\t\t\t\t\t\t\t\t\t<\/div>\n\t\t\t\t\t\t\t\t\t\t\t<div class=\"wd-gallery-item col-lg-4 col-md-4 col-sm-6 col-6\">\n\t\t\t\t\t\t\t\t\t\t\t\t\t\t<a href=\"https:\/\/hygienic-seat.com\/wp-content\/uploads\/2023\/01\/hy-14.jpg\" data-elementor-open-lightbox=\"no\" data-index=\"2\" data-width=\"1067\" data-height=\"1600\"  >\n\t\t\t\t\t\t\t\t\n\t\t\t\t\t\t\t\t\t\t\t\t\t\t\t\t\t<img loading=\"lazy\" decoding=\"async\" width=\"500\" height=\"500\" src=\"https:\/\/hygienic-seat.com\/wp-content\/uploads\/2023\/01\/hy-14-500x500.jpg\" class=\"wd-gallery-image image-2 attachment-thumbnail\" alt=\"\" title=\"hy-14\" \/>\t\t\t\t\t\t\t\t\n\n\t\t\t\t\t\t\t\t\t\t\t\t\t\t\t<\/a>\n\t\t\t\t\t\t\t\t\t\t\t\t<\/div>\n\t\t\t\t\t\t\t\t\t\t\t<div class=\"wd-gallery-item col-lg-4 col-md-4 col-sm-6 col-6\">\n\t\t\t\t\t\t\t\t\t\t\t\t\t\t<a href=\"https:\/\/hygienic-seat.com\/wp-content\/uploads\/2023\/01\/hy-27.jpg\" data-elementor-open-lightbox=\"no\" data-index=\"3\" data-width=\"1067\" data-height=\"1600\"  >\n\t\t\t\t\t\t\t\t\n\t\t\t\t\t\t\t\t\t\t\t\t\t\t\t\t\t<img loading=\"lazy\" decoding=\"async\" width=\"500\" height=\"500\" src=\"https:\/\/hygienic-seat.com\/wp-content\/uploads\/2023\/01\/hy-27-500x500.jpg\" class=\"wd-gallery-image image-3 attachment-thumbnail\" alt=\"\" title=\"hy-27\" \/>\t\t\t\t\t\t\t\t\n\n\t\t\t\t\t\t\t\t\t\t\t\t\t\t\t<\/a>\n\t\t\t\t\t\t\t\t\t\t\t\t<\/div>\n\t\t\t\t\t\t\t\t\t\t\t<div class=\"wd-gallery-item col-lg-4 col-md-4 col-sm-6 col-6\">\n\t\t\t\t\t\t\t\t\t\t\t\t\t\t<a href=\"https:\/\/hygienic-seat.com\/wp-content\/uploads\/2023\/01\/hy-17.jpg\" data-elementor-open-lightbox=\"no\" data-index=\"4\" data-width=\"1600\" data-height=\"1067\"  >\n\t\t\t\t\t\t\t\t\n\t\t\t\t\t\t\t\t\t\t\t\t\t\t\t\t\t<img loading=\"lazy\" decoding=\"async\" width=\"500\" height=\"500\" src=\"https:\/\/hygienic-seat.com\/wp-content\/uploads\/2023\/01\/hy-17-500x500.jpg\" class=\"wd-gallery-image image-4 attachment-thumbnail\" alt=\"\" title=\"hy-17\" \/>\t\t\t\t\t\t\t\t\n\n\t\t\t\t\t\t\t\t\t\t\t\t\t\t\t<\/a>\n\t\t\t\t\t\t\t\t\t\t\t\t<\/div>\n\t\t\t\t\t\t\t\t\t\t\t<div class=\"wd-gallery-item col-lg-4 col-md-4 col-sm-6 col-6\">\n\t\t\t\t\t\t\t\t\t\t\t\t\t\t<a href=\"https:\/\/hygienic-seat.com\/wp-content\/uploads\/2023\/01\/hy-18.jpg\" data-elementor-open-lightbox=\"no\" data-index=\"5\" data-width=\"1600\" data-height=\"1067\"  >\n\t\t\t\t\t\t\t\t\n\t\t\t\t\t\t\t\t\t\t\t\t\t\t\t\t\t<img loading=\"lazy\" decoding=\"async\" width=\"500\" height=\"500\" src=\"https:\/\/hygienic-seat.com\/wp-content\/uploads\/2023\/01\/hy-18-500x500.jpg\" class=\"wd-gallery-image image-5 attachment-thumbnail\" alt=\"\" title=\"hy-18\" \/>\t\t\t\t\t\t\t\t\n\n\t\t\t\t\t\t\t\t\t\t\t\t\t\t\t<\/a>\n\t\t\t\t\t\t\t\t\t\t\t\t<\/div>\n\t\t\t\t\t\t\t\t\t\t\t<div class=\"wd-gallery-item col-lg-4 col-md-4 col-sm-6 col-6\">\n\t\t\t\t\t\t\t\t\t\t\t\t\t\t<a href=\"https:\/\/hygienic-seat.com\/wp-content\/uploads\/2023\/01\/hy-16.jpg\" data-elementor-open-lightbox=\"no\" data-index=\"6\" data-width=\"1067\" data-height=\"1600\"  >\n\t\t\t\t\t\t\t\t\n\t\t\t\t\t\t\t\t\t\t\t\t\t\t\t\t\t<img loading=\"lazy\" decoding=\"async\" width=\"500\" height=\"500\" src=\"https:\/\/hygienic-seat.com\/wp-content\/uploads\/2023\/01\/hy-16-500x500.jpg\" class=\"wd-gallery-image image-6 attachment-thumbnail\" alt=\"\" title=\"hy-16\" \/>\t\t\t\t\t\t\t\t\n\n\t\t\t\t\t\t\t\t\t\t\t\t\t\t\t<\/a>\n\t\t\t\t\t\t\t\t\t\t\t\t<\/div>\n\t\t\t\t\t\t\t\t\t\t\t<div class=\"wd-gallery-item col-lg-4 col-md-4 col-sm-6 col-6\">\n\t\t\t\t\t\t\t\t\t\t\t\t\t\t<a href=\"https:\/\/hygienic-seat.com\/wp-content\/uploads\/2023\/01\/hy-21.jpg\" data-elementor-open-lightbox=\"no\" data-index=\"7\" data-width=\"1067\" data-height=\"1600\"  >\n\t\t\t\t\t\t\t\t\n\t\t\t\t\t\t\t\t\t\t\t\t\t\t\t\t\t<img loading=\"lazy\" decoding=\"async\" width=\"500\" height=\"500\" src=\"https:\/\/hygienic-seat.com\/wp-content\/uploads\/2023\/01\/hy-21-500x500.jpg\" class=\"wd-gallery-image image-7 attachment-thumbnail\" alt=\"\" title=\"hy-21\" \/>\t\t\t\t\t\t\t\t\n\n\t\t\t\t\t\t\t\t\t\t\t\t\t\t\t<\/a>\n\t\t\t\t\t\t\t\t\t\t\t\t<\/div>\n\t\t\t\t\t\t\t\t\t\t\t<div class=\"wd-gallery-item col-lg-4 col-md-4 col-sm-6 col-6\">\n\t\t\t\t\t\t\t\t\t\t\t\t\t\t<a href=\"https:\/\/hygienic-seat.com\/wp-content\/uploads\/2023\/01\/hy-15.jpg\" data-elementor-open-lightbox=\"no\" data-index=\"8\" data-width=\"1600\" data-height=\"1067\"  >\n\t\t\t\t\t\t\t\t\n\t\t\t\t\t\t\t\t\t\t\t\t\t\t\t\t\t<img loading=\"lazy\" decoding=\"async\" width=\"500\" height=\"500\" src=\"https:\/\/hygienic-seat.com\/wp-content\/uploads\/2023\/01\/hy-15-500x500.jpg\" class=\"wd-gallery-image image-8 attachment-thumbnail\" alt=\"\" title=\"hy-15\" \/>\t\t\t\t\t\t\t\t\n\n\t\t\t\t\t\t\t\t\t\t\t\t\t\t\t<\/a>\n\t\t\t\t\t\t\t\t\t\t\t\t<\/div>\n\t\t\t\t\t\t\t\t\t\t\t<div class=\"wd-gallery-item col-lg-4 col-md-4 col-sm-6 col-6\">\n\t\t\t\t\t\t\t\t\t\t\t\t\t\t<a href=\"https:\/\/hygienic-seat.com\/wp-content\/uploads\/2023\/01\/hy-13.jpg\" data-elementor-open-lightbox=\"no\" data-index=\"9\" data-width=\"1600\" data-height=\"1067\"  >\n\t\t\t\t\t\t\t\t\n\t\t\t\t\t\t\t\t\t\t\t\t\t\t\t\t\t<img loading=\"lazy\" decoding=\"async\" width=\"500\" height=\"500\" src=\"https:\/\/hygienic-seat.com\/wp-content\/uploads\/2023\/01\/hy-13-500x500.jpg\" class=\"wd-gallery-image image-9 attachment-thumbnail\" alt=\"\" title=\"hy-13\" \/>\t\t\t\t\t\t\t\t\n\n\t\t\t\t\t\t\t\t\t\t\t\t\t\t\t<\/a>\n\t\t\t\t\t\t\t\t\t\t\t\t<\/div>\n\t\t\t\t\t\t\t\t\t\t\t<div class=\"wd-gallery-item col-lg-4 col-md-4 col-sm-6 col-6\">\n\t\t\t\t\t\t\t\t\t\t\t\t\t\t<a href=\"https:\/\/hygienic-seat.com\/wp-content\/uploads\/2023\/01\/hy-25.jpg\" data-elementor-open-lightbox=\"no\" data-index=\"10\" data-width=\"1600\" data-height=\"1067\"  >\n\t\t\t\t\t\t\t\t\n\t\t\t\t\t\t\t\t\t\t\t\t\t\t\t\t\t<img loading=\"lazy\" decoding=\"async\" width=\"500\" height=\"500\" src=\"https:\/\/hygienic-seat.com\/wp-content\/uploads\/2023\/01\/hy-25-500x500.jpg\" class=\"wd-gallery-image image-10 attachment-thumbnail\" alt=\"\" title=\"hy-25\" \/>\t\t\t\t\t\t\t\t\n\n\t\t\t\t\t\t\t\t\t\t\t\t\t\t\t<\/a>\n\t\t\t\t\t\t\t\t\t\t\t\t<\/div>\n\t\t\t\t\t\t\t\t\t\t\t<div class=\"wd-gallery-item col-lg-4 col-md-4 col-sm-6 col-6\">\n\t\t\t\t\t\t\t\t\t\t\t\t\t\t<a href=\"https:\/\/hygienic-seat.com\/wp-content\/uploads\/2023\/01\/hy-19.jpg\" data-elementor-open-lightbox=\"no\" data-index=\"11\" data-width=\"1600\" data-height=\"1067\"  >\n\t\t\t\t\t\t\t\t\n\t\t\t\t\t\t\t\t\t\t\t\t\t\t\t\t\t<img loading=\"lazy\" decoding=\"async\" width=\"500\" height=\"500\" src=\"https:\/\/hygienic-seat.com\/wp-content\/uploads\/2023\/01\/hy-19-500x500.jpg\" class=\"wd-gallery-image image-11 attachment-thumbnail\" alt=\"\" title=\"hy-19\" \/>\t\t\t\t\t\t\t\t\n\n\t\t\t\t\t\t\t\t\t\t\t\t\t\t\t<\/a>\n\t\t\t\t\t\t\t\t\t\t\t\t<\/div>\n\t\t\t\t\t\t\t\t\t\t\t<div class=\"wd-gallery-item col-lg-4 col-md-4 col-sm-6 col-6\">\n\t\t\t\t\t\t\t\t\t\t\t\t\t\t<a href=\"https:\/\/hygienic-seat.com\/wp-content\/uploads\/2023\/01\/hy-26.jpg\" data-elementor-open-lightbox=\"no\" data-index=\"12\" data-width=\"1600\" data-height=\"1067\"  >\n\t\t\t\t\t\t\t\t\n\t\t\t\t\t\t\t\t\t\t\t\t\t\t\t\t\t<img loading=\"lazy\" decoding=\"async\" width=\"500\" height=\"500\" src=\"https:\/\/hygienic-seat.com\/wp-content\/uploads\/2023\/01\/hy-26-500x500.jpg\" class=\"wd-gallery-image image-12 attachment-thumbnail\" alt=\"\" title=\"hy-26\" \/>\t\t\t\t\t\t\t\t\n\n\t\t\t\t\t\t\t\t\t\t\t\t\t\t\t<\/a>\n\t\t\t\t\t\t\t\t\t\t\t\t<\/div>\n\t\t\t\t\t\t\t\t\t\t\t<div class=\"wd-gallery-item col-lg-4 col-md-4 col-sm-6 col-6\">\n\t\t\t\t\t\t\t\t\t\t\t\t\t\t<a href=\"https:\/\/hygienic-seat.com\/wp-content\/uploads\/2023\/01\/hy-1.gif\" data-elementor-open-lightbox=\"no\" data-index=\"13\" data-width=\"1920\" data-height=\"1280\"  >\n\t\t\t\t\t\t\t\t\n\t\t\t\t\t\t\t\t\t\t\t\t\t\t\t\t\t<img loading=\"lazy\" decoding=\"async\" width=\"500\" height=\"500\" src=\"https:\/\/hygienic-seat.com\/wp-content\/uploads\/2023\/01\/hy-1-500x500.gif\" class=\"wd-gallery-image image-13 attachment-thumbnail\" alt=\"\" title=\"hy-1\" \/>\t\t\t\t\t\t\t\t\n\n\t\t\t\t\t\t\t\t\t\t\t\t\t\t\t<\/a>\n\t\t\t\t\t\t\t\t\t\t\t\t<\/div>\n\t\t\t\t\t\t\t\t\t\t\t<div class=\"wd-gallery-item col-lg-4 col-md-4 col-sm-6 col-6\">\n\t\t\t\t\t\t\t\t\t\t\t\t\t\t<a href=\"https:\/\/hygienic-seat.com\/wp-content\/uploads\/2023\/01\/hy-20.jpg\" data-elementor-open-lightbox=\"no\" data-index=\"14\" data-width=\"1600\" data-height=\"1067\"  >\n\t\t\t\t\t\t\t\t\n\t\t\t\t\t\t\t\t\t\t\t\t\t\t\t\t\t<img loading=\"lazy\" decoding=\"async\" width=\"500\" height=\"500\" src=\"https:\/\/hygienic-seat.com\/wp-content\/uploads\/2023\/01\/hy-20-500x500.jpg\" class=\"wd-gallery-image image-14 attachment-thumbnail\" alt=\"\" title=\"hy-20\" \/>\t\t\t\t\t\t\t\t\n\n\t\t\t\t\t\t\t\t\t\t\t\t\t\t\t<\/a>\n\t\t\t\t\t\t\t\t\t\t\t\t<\/div>\n\t\t\t\t\t\t\t\t\t\t\t<div class=\"wd-gallery-item col-lg-4 col-md-4 col-sm-6 col-6\">\n\t\t\t\t\t\t\t\t\t\t\t\t\t\t<a href=\"https:\/\/hygienic-seat.com\/wp-content\/uploads\/2023\/01\/hy-22.jpg\" data-elementor-open-lightbox=\"no\" data-index=\"15\" data-width=\"1600\" data-height=\"1067\"  >\n\t\t\t\t\t\t\t\t\n\t\t\t\t\t\t\t\t\t\t\t\t\t\t\t\t\t<img loading=\"lazy\" decoding=\"async\" width=\"500\" height=\"500\" src=\"https:\/\/hygienic-seat.com\/wp-content\/uploads\/2023\/01\/hy-22-500x500.jpg\" class=\"wd-gallery-image image-15 attachment-thumbnail\" alt=\"\" title=\"hy-22\" \/>\t\t\t\t\t\t\t\t\n\n\t\t\t\t\t\t\t\t\t\t\t\t\t\t\t<\/a>\n\t\t\t\t\t\t\t\t\t\t\t\t<\/div>\n\t\t\t\t\t\t\t\t\t\t\t<div class=\"wd-gallery-item col-lg-4 col-md-4 col-sm-6 col-6\">\n\t\t\t\t\t\t\t\t\t\t\t\t\t\t<a href=\"https:\/\/hygienic-seat.com\/wp-content\/uploads\/2023\/01\/hy-23.jpg\" data-elementor-open-lightbox=\"no\" data-index=\"16\" data-width=\"1600\" data-height=\"1067\"  >\n\t\t\t\t\t\t\t\t\n\t\t\t\t\t\t\t\t\t\t\t\t\t\t\t\t\t<img loading=\"lazy\" decoding=\"async\" width=\"500\" height=\"500\" src=\"https:\/\/hygienic-seat.com\/wp-content\/uploads\/2023\/01\/hy-23-500x500.jpg\" class=\"wd-gallery-image image-16 attachment-thumbnail\" alt=\"\" title=\"hy-23\" \/>\t\t\t\t\t\t\t\t\n\n\t\t\t\t\t\t\t\t\t\t\t\t\t\t\t<\/a>\n\t\t\t\t\t\t\t\t\t\t\t\t<\/div>\n\t\t\t\t\t\t\t\t\t\t\t<div class=\"wd-gallery-item col-lg-4 col-md-4 col-sm-6 col-6\">\n\t\t\t\t\t\t\t\t\t\t\t\t\t\t<a href=\"https:\/\/hygienic-seat.com\/wp-content\/uploads\/2023\/01\/hy-24.jpg\" data-elementor-open-lightbox=\"no\" data-index=\"17\" data-width=\"1600\" data-height=\"1067\"  >\n\t\t\t\t\t\t\t\t\n\t\t\t\t\t\t\t\t\t\t\t\t\t\t\t\t\t<img loading=\"lazy\" decoding=\"async\" width=\"500\" height=\"500\" src=\"https:\/\/hygienic-seat.com\/wp-content\/uploads\/2023\/01\/hy-24-500x500.jpg\" class=\"wd-gallery-image image-17 attachment-thumbnail\" alt=\"\" title=\"hy-24\" \/>\t\t\t\t\t\t\t\t\n\n\t\t\t\t\t\t\t\t\t\t\t\t\t\t\t<\/a>\n\t\t\t\t\t\t\t\t\t\t\t\t<\/div>\n\t\t\t\t\t\t\t\t\t\t\t\t<\/div>\n\t\t<\/div>\n\t\t\t\t[\/vc_column][\/vc_row]<\/p>\n<\/section>","protected":false},"excerpt":{"rendered":"<p>[vc_row css=&#8221;.vc_custom_1674029332374{padding-top: 40px !important;padding-bottom: 10px !important;}&#8221; woodmart_css_id=&#8221;63c7a90ec9847&#8243; responsive_spacing=&#8221;eyJwYXJhbV90eXBlIjoid29vZG1hcnRfcmVzcG9uc2l2ZV9zcGFjaW5nIiwic2VsZWN0b3JfaWQiOiI2M2M3YTkwZWM5ODQ3Iiwic2hvcnRjb2RlIjoidmNfcm93IiwiZGF0YSI6eyJ0YWJsZXQiOnt9LCJtb2JpbGUiOnt9fX0=&#8221; mobile_bg_img_hidden=&#8221;no&#8221; tablet_bg_img_hidden=&#8221;no&#8221; woodmart_parallax=&#8221;0&#8243; woodmart_gradient_switch=&#8221;no&#8221; woodmart_box_shadow=&#8221;no&#8221; wd_z_index=&#8221;no&#8221; woodmart_disable_overflow=&#8221;0&#8243; row_reverse_mobile=&#8221;0&#8243; row_reverse_tablet=&#8221;0&#8243;][vc_column][\/vc_column][\/vc_row]<\/p>\n","protected":false},"author":2,"featured_media":0,"parent":0,"menu_order":0,"comment_status":"closed","ping_status":"closed","template":"","meta":{"footnotes":""},"class_list":["post-10086","page","type-page","status-publish","hentry"],"yoast_head":"<!-- This site is optimized with the Yoast SEO plugin v27.1.1 - https:\/\/yoast.com\/product\/yoast-seo-wordpress\/ -->\n<title>Galerija - Hygienic Seat - strani\u0161\u010dne deske \u0161e nikoli niso bile tako zdrave<\/title>\n<meta name=\"robots\" content=\"index, follow, max-snippet:-1, max-image-preview:large, max-video-preview:-1\" \/>\n<link rel=\"canonical\" href=\"https:\/\/hygienic-seat.com\/sl\/galerija\" \/>\n<meta property=\"og:locale\" content=\"sl_SI\" \/>\n<meta property=\"og:type\" content=\"article\" \/>\n<meta property=\"og:title\" content=\"Galerija - Hygienic Seat - strani\u0161\u010dne deske \u0161e nikoli niso bile tako zdrave\" \/>\n<meta property=\"og:description\" content=\"[vc_row css=&#8221;.vc_custom_1674029332374{padding-top: 40px !important;padding-bottom: 10px !important;}&#8221; woodmart_css_id=&#8221;63c7a90ec9847&#8243; responsive_spacing=&#8221;eyJwYXJhbV90eXBlIjoid29vZG1hcnRfcmVzcG9uc2l2ZV9zcGFjaW5nIiwic2VsZWN0b3JfaWQiOiI2M2M3YTkwZWM5ODQ3Iiwic2hvcnRjb2RlIjoidmNfcm93IiwiZGF0YSI6eyJ0YWJsZXQiOnt9LCJtb2JpbGUiOnt9fX0=&#8221; mobile_bg_img_hidden=&#8221;no&#8221; tablet_bg_img_hidden=&#8221;no&#8221; woodmart_parallax=&#8221;0&#8243; woodmart_gradient_switch=&#8221;no&#8221; woodmart_box_shadow=&#8221;no&#8221; wd_z_index=&#8221;no&#8221; woodmart_disable_overflow=&#8221;0&#8243; row_reverse_mobile=&#8221;0&#8243; row_reverse_tablet=&#8221;0&#8243;][vc_column][\/vc_column][\/vc_row]\" \/>\n<meta property=\"og:url\" content=\"https:\/\/hygienic-seat.com\/sl\/galerija\" \/>\n<meta property=\"og:site_name\" content=\"Hygienic Seat - strani\u0161\u010dne deske \u0161e nikoli niso bile tako zdrave\" \/>\n<meta property=\"og:image\" content=\"https:\/\/hygienic-seat.com\/wp-content\/uploads\/2022\/11\/CLEAN4U-logo-350.png\" \/>\n\t<meta property=\"og:image:width\" content=\"350\" \/>\n\t<meta property=\"og:image:height\" content=\"329\" \/>\n\t<meta property=\"og:image:type\" content=\"image\/png\" \/>\n<meta name=\"twitter:card\" content=\"summary_large_image\" \/>\n<meta name=\"twitter:label1\" content=\"Est. reading time\" \/>\n\t<meta name=\"twitter:data1\" content=\"1 minuta\" \/>\n<script type=\"application\/ld+json\" class=\"yoast-schema-graph\">{\"@context\":\"https:\/\/schema.org\",\"@graph\":[{\"@type\":\"WebPage\",\"@id\":\"https:\/\/hygienic-seat.com\/sl\/galerija\",\"url\":\"https:\/\/hygienic-seat.com\/sl\/galerija\",\"name\":\"Galerija - Hygienic Seat - strani\u0161\u010dne deske \u0161e nikoli niso bile tako zdrave\",\"isPartOf\":{\"@id\":\"https:\/\/hygienic-seat.com\/#website\"},\"datePublished\":\"2023-01-18T08:01:26+00:00\",\"breadcrumb\":{\"@id\":\"https:\/\/hygienic-seat.com\/sl\/galerija#breadcrumb\"},\"inLanguage\":\"sl-SI\",\"potentialAction\":[{\"@type\":\"ReadAction\",\"target\":[\"https:\/\/hygienic-seat.com\/sl\/galerija\"]}]},{\"@type\":\"BreadcrumbList\",\"@id\":\"https:\/\/hygienic-seat.com\/sl\/galerija#breadcrumb\",\"itemListElement\":[{\"@type\":\"ListItem\",\"position\":1,\"name\":\"Po\u010detna stranica\",\"item\":\"https:\/\/hygienic-seat.com\/sl\"},{\"@type\":\"ListItem\",\"position\":2,\"name\":\"Galerija\"}]},{\"@type\":\"WebSite\",\"@id\":\"https:\/\/hygienic-seat.com\/#website\",\"url\":\"https:\/\/hygienic-seat.com\/\",\"name\":\"Hygienic Seat - strani\u0161\u010dne deske \u0161e nikoli niso bile tako zdrave\",\"description\":\"\",\"publisher\":{\"@id\":\"https:\/\/hygienic-seat.com\/#organization\"},\"alternateName\":\"Hygienic Seat - toilet seats have never been this clean\",\"potentialAction\":[{\"@type\":\"SearchAction\",\"target\":{\"@type\":\"EntryPoint\",\"urlTemplate\":\"https:\/\/hygienic-seat.com\/?s={search_term_string}\"},\"query-input\":{\"@type\":\"PropertyValueSpecification\",\"valueRequired\":true,\"valueName\":\"search_term_string\"}}],\"inLanguage\":\"sl-SI\"},{\"@type\":\"Organization\",\"@id\":\"https:\/\/hygienic-seat.com\/#organization\",\"name\":\"Hygienic Seat - strani\u0161\u010dne deske \u0161e nikoli niso bile tako zdrave\",\"alternateName\":\"Hygienic Seat - toilet seats have never been this clean\",\"url\":\"https:\/\/hygienic-seat.com\/\",\"logo\":{\"@type\":\"ImageObject\",\"inLanguage\":\"sl-SI\",\"@id\":\"https:\/\/hygienic-seat.com\/#\/schema\/logo\/image\/\",\"url\":\"https:\/\/hygienic-seat.com\/wp-content\/uploads\/2022\/11\/CLEAN4U-logo-350.png\",\"contentUrl\":\"https:\/\/hygienic-seat.com\/wp-content\/uploads\/2022\/11\/CLEAN4U-logo-350.png\",\"width\":350,\"height\":329,\"caption\":\"Hygienic Seat - strani\u0161\u010dne deske \u0161e nikoli niso bile tako zdrave\"},\"image\":{\"@id\":\"https:\/\/hygienic-seat.com\/#\/schema\/logo\/image\/\"}}]}<\/script>\n<!-- \/ Yoast SEO plugin. -->","yoast_head_json":{"title":"Galerija - Hygienic Seat - strani\u0161\u010dne deske \u0161e nikoli niso bile tako zdrave","robots":{"index":"index","follow":"follow","max-snippet":"max-snippet:-1","max-image-preview":"max-image-preview:large","max-video-preview":"max-video-preview:-1"},"canonical":"https:\/\/hygienic-seat.com\/sl\/galerija","og_locale":"sl_SI","og_type":"article","og_title":"Galerija - Hygienic Seat - strani\u0161\u010dne deske \u0161e nikoli niso bile tako zdrave","og_description":"[vc_row css=&#8221;.vc_custom_1674029332374{padding-top: 40px !important;padding-bottom: 10px !important;}&#8221; woodmart_css_id=&#8221;63c7a90ec9847&#8243; responsive_spacing=&#8221;eyJwYXJhbV90eXBlIjoid29vZG1hcnRfcmVzcG9uc2l2ZV9zcGFjaW5nIiwic2VsZWN0b3JfaWQiOiI2M2M3YTkwZWM5ODQ3Iiwic2hvcnRjb2RlIjoidmNfcm93IiwiZGF0YSI6eyJ0YWJsZXQiOnt9LCJtb2JpbGUiOnt9fX0=&#8221; mobile_bg_img_hidden=&#8221;no&#8221; tablet_bg_img_hidden=&#8221;no&#8221; woodmart_parallax=&#8221;0&#8243; woodmart_gradient_switch=&#8221;no&#8221; woodmart_box_shadow=&#8221;no&#8221; wd_z_index=&#8221;no&#8221; woodmart_disable_overflow=&#8221;0&#8243; row_reverse_mobile=&#8221;0&#8243; row_reverse_tablet=&#8221;0&#8243;][vc_column][\/vc_column][\/vc_row]","og_url":"https:\/\/hygienic-seat.com\/sl\/galerija","og_site_name":"Hygienic Seat - strani\u0161\u010dne deske \u0161e nikoli niso bile tako zdrave","og_image":[{"width":350,"height":329,"url":"https:\/\/hygienic-seat.com\/wp-content\/uploads\/2022\/11\/CLEAN4U-logo-350.png","type":"image\/png"}],"twitter_card":"summary_large_image","twitter_misc":{"Est. reading time":"1 minuta"},"schema":{"@context":"https:\/\/schema.org","@graph":[{"@type":"WebPage","@id":"https:\/\/hygienic-seat.com\/sl\/galerija","url":"https:\/\/hygienic-seat.com\/sl\/galerija","name":"Galerija - Hygienic Seat - strani\u0161\u010dne deske \u0161e nikoli niso bile tako zdrave","isPartOf":{"@id":"https:\/\/hygienic-seat.com\/#website"},"datePublished":"2023-01-18T08:01:26+00:00","breadcrumb":{"@id":"https:\/\/hygienic-seat.com\/sl\/galerija#breadcrumb"},"inLanguage":"sl-SI","potentialAction":[{"@type":"ReadAction","target":["https:\/\/hygienic-seat.com\/sl\/galerija"]}]},{"@type":"BreadcrumbList","@id":"https:\/\/hygienic-seat.com\/sl\/galerija#breadcrumb","itemListElement":[{"@type":"ListItem","position":1,"name":"Po\u010detna stranica","item":"https:\/\/hygienic-seat.com\/sl"},{"@type":"ListItem","position":2,"name":"Galerija"}]},{"@type":"WebSite","@id":"https:\/\/hygienic-seat.com\/#website","url":"https:\/\/hygienic-seat.com\/","name":"Hygienic Seat - strani\u0161\u010dne deske \u0161e nikoli niso bile tako zdrave","description":"","publisher":{"@id":"https:\/\/hygienic-seat.com\/#organization"},"alternateName":"Hygienic Seat - toilet seats have never been this clean","potentialAction":[{"@type":"SearchAction","target":{"@type":"EntryPoint","urlTemplate":"https:\/\/hygienic-seat.com\/?s={search_term_string}"},"query-input":{"@type":"PropertyValueSpecification","valueRequired":true,"valueName":"search_term_string"}}],"inLanguage":"sl-SI"},{"@type":"Organization","@id":"https:\/\/hygienic-seat.com\/#organization","name":"Hygienic Seat - strani\u0161\u010dne deske \u0161e nikoli niso bile tako zdrave","alternateName":"Hygienic Seat - toilet seats have never been this clean","url":"https:\/\/hygienic-seat.com\/","logo":{"@type":"ImageObject","inLanguage":"sl-SI","@id":"https:\/\/hygienic-seat.com\/#\/schema\/logo\/image\/","url":"https:\/\/hygienic-seat.com\/wp-content\/uploads\/2022\/11\/CLEAN4U-logo-350.png","contentUrl":"https:\/\/hygienic-seat.com\/wp-content\/uploads\/2022\/11\/CLEAN4U-logo-350.png","width":350,"height":329,"caption":"Hygienic Seat - strani\u0161\u010dne deske \u0161e nikoli niso bile tako zdrave"},"image":{"@id":"https:\/\/hygienic-seat.com\/#\/schema\/logo\/image\/"}}]}},"_links":{"self":[{"href":"https:\/\/hygienic-seat.com\/sl\/wp-json\/wp\/v2\/pages\/10086","targetHints":{"allow":["GET"]}}],"collection":[{"href":"https:\/\/hygienic-seat.com\/sl\/wp-json\/wp\/v2\/pages"}],"about":[{"href":"https:\/\/hygienic-seat.com\/sl\/wp-json\/wp\/v2\/types\/page"}],"author":[{"embeddable":true,"href":"https:\/\/hygienic-seat.com\/sl\/wp-json\/wp\/v2\/users\/2"}],"replies":[{"embeddable":true,"href":"https:\/\/hygienic-seat.com\/sl\/wp-json\/wp\/v2\/comments?post=10086"}],"version-history":[{"count":0,"href":"https:\/\/hygienic-seat.com\/sl\/wp-json\/wp\/v2\/pages\/10086\/revisions"}],"wp:attachment":[{"href":"https:\/\/hygienic-seat.com\/sl\/wp-json\/wp\/v2\/media?parent=10086"}],"curies":[{"name":"wp","href":"https:\/\/api.w.org\/{rel}","templated":true}]}}