{"id":10064,"date":"2022-12-09T12:29:33","date_gmt":"2022-12-09T11:29:33","guid":{"rendered":"https:\/\/hygienic-seat.com\/materijali"},"modified":"2023-01-27T11:10:12","modified_gmt":"2023-01-27T10:10:12","slug":"materiali","status":"publish","type":"page","link":"https:\/\/hygienic-seat.com\/sl\/materiali","title":{"rendered":"Materiali"},"content":{"rendered":"<section class=\"wpb-content-wrapper\"><p>[vc_row css=&#8221;.vc_custom_1670589132675{padding-top: 30px !important;padding-bottom: 60px !important;}&#8221; woodmart_css_id=&#8221;63932ac4deb45&#8243; responsive_spacing=&#8221;eyJwYXJhbV90eXBlIjoid29vZG1hcnRfcmVzcG9uc2l2ZV9zcGFjaW5nIiwic2VsZWN0b3JfaWQiOiI2MzkzMmFjNGRlYjQ1Iiwic2hvcnRjb2RlIjoidmNfcm93IiwiZGF0YSI6eyJ0YWJsZXQiOnt9LCJtb2JpbGUiOnt9fX0=&#8221; mobile_bg_img_hidden=&#8221;no&#8221; tablet_bg_img_hidden=&#8221;no&#8221; woodmart_parallax=&#8221;0&#8243; woodmart_gradient_switch=&#8221;no&#8221; woodmart_box_shadow=&#8221;no&#8221; wd_z_index=&#8221;no&#8221; woodmart_disable_overflow=&#8221;0&#8243; row_reverse_mobile=&#8221;0&#8243; row_reverse_tablet=&#8221;0&#8243;][vc_column width=&#8221;1\/2&#8243; css=&#8221;.vc_custom_1670589143896{padding-top: 0px !important;}&#8221; mobile_bg_img_hidden=&#8221;no&#8221; tablet_bg_img_hidden=&#8221;no&#8221; woodmart_parallax=&#8221;0&#8243; woodmart_sticky_column=&#8221;false&#8221; parallax_scroll=&#8221;no&#8221; mobile_reset_margin=&#8221;no&#8221; tablet_reset_margin=&#8221;no&#8221; woodmart_css_id=&#8221;63932ad224cb3&#8243; wd_collapsible_content_switcher=&#8221;no&#8221; wd_column_role_offcanvas_desktop=&#8221;no&#8221; wd_column_role_offcanvas_tablet=&#8221;no&#8221; wd_column_role_offcanvas_mobile=&#8221;no&#8221; wd_column_role_content_desktop=&#8221;no&#8221; wd_column_role_content_tablet=&#8221;no&#8221; wd_column_role_content_mobile=&#8221;no&#8221; woodmart_box_shadow=&#8221;no&#8221; responsive_spacing=&#8221;eyJwYXJhbV90eXBlIjoid29vZG1hcnRfcmVzcG9uc2l2ZV9zcGFjaW5nIiwic2VsZWN0b3JfaWQiOiI2MzkzMmFkMjI0Y2IzIiwic2hvcnRjb2RlIjoidmNfY29sdW1uIiwiZGF0YSI6eyJ0YWJsZXQiOnt9LCJtb2JpbGUiOnsicGFkZGluZy1ib3R0b20iOiI2MHB4In19fQ==&#8221; wd_z_index=&#8221;no&#8221;]\t\t<div id=\"wd-63d3a1e612367\" class=\"wd-image wd-wpb wd-rs-63d3a1e612367 text-left \">\n\t\t\t\t\t\t\t<a href=\"\/wp-content\/uploads\/2023\/01\/clean4u-brosura-A5-SLO-PRESS.pdf\"  target=\"_blank\">\n\t\t\t\n\t\t\t<img loading=\"lazy\" decoding=\"async\" width=\"800\" height=\"596\" src=\"https:\/\/hygienic-seat.com\/wp-content\/uploads\/2023\/01\/clean4u-brosura-A5-SLO-PRESS-1-800x596.jpg\" class=\"attachment-medium\" alt=\"\" title=\"clean4u-brosura-A5-SLO---PRESS-1\" srcset=\"https:\/\/hygienic-seat.com\/wp-content\/uploads\/2023\/01\/clean4u-brosura-A5-SLO-PRESS-1-800x596.jpg 800w, https:\/\/hygienic-seat.com\/wp-content\/uploads\/2023\/01\/clean4u-brosura-A5-SLO-PRESS-1-768x572.jpg 768w, https:\/\/hygienic-seat.com\/wp-content\/uploads\/2023\/01\/clean4u-brosura-A5-SLO-PRESS-1-1400x1043.jpg 1400w, https:\/\/hygienic-seat.com\/wp-content\/uploads\/2023\/01\/clean4u-brosura-A5-SLO-PRESS-1-700x521.jpg 700w, https:\/\/hygienic-seat.com\/wp-content\/uploads\/2023\/01\/clean4u-brosura-A5-SLO-PRESS-1-500x372.jpg 500w, https:\/\/hygienic-seat.com\/wp-content\/uploads\/2023\/01\/clean4u-brosura-A5-SLO-PRESS-1.jpg 1500w\" sizes=\"auto, (max-width: 800px) 100vw, 800px\" \/>\n\t\t\t\t\t\t\t<\/a>\n\t\t\t\t\t<\/div>\n\t\t\n\t\t<div id=\"wd-6393200f05704\" class=\"title-wrapper wd-wpb set-mb-s reset-last-child  wd-rs-6393200f05704 wd-title-color-default wd-title-style-default text-center vc_custom_1670586385968 wd-underline-colored\">\n\t\t\t\n\t\t\t<div class=\"liner-continer\">\n\t\t\t\t<h4 class=\"woodmart-title-container title  wd-font-weight- wd-fontsize-l\" >Hygienic Seat - bro\u0161ura<\/h4>\n\t\t\t\t\t\t\t<\/div>\n\t\t\t\n\t\t\t\n\t\t\t\n\t\t<\/div>\n\t\t\n\t\t<div id=\"wd-63d3a23a41587\" class=\" wd-rs-63d3a23a41587  wd-button-wrapper text-center\"><a href=\"\/wp-content\/uploads\/2023\/01\/clean4u-brosura-A5-SLO-PRESS.pdf\" title=\"\" target=\"_blank\" class=\"btn btn-color-primary btn-style-default btn-style-round btn-size-default\">Prenos<\/a><\/div>[\/vc_column][vc_column width=&#8221;1\/2&#8243; css=&#8221;.vc_custom_1629877093976{padding-top: 0px !important;}&#8221; mobile_bg_img_hidden=&#8221;no&#8221; tablet_bg_img_hidden=&#8221;no&#8221; woodmart_parallax=&#8221;0&#8243; woodmart_sticky_column=&#8221;false&#8221; parallax_scroll=&#8221;no&#8221; mobile_reset_margin=&#8221;no&#8221; tablet_reset_margin=&#8221;no&#8221; wd_z_index=&#8221;no&#8221; woodmart_css_id=&#8221;6125f363cf509&#8243; responsive_spacing=&#8221;eyJwYXJhbV90eXBlIjoid29vZG1hcnRfcmVzcG9uc2l2ZV9zcGFjaW5nIiwic2VsZWN0b3JfaWQiOiI2MTI1ZjM2M2NmNTA5Iiwic2hvcnRjb2RlIjoidmNfY29sdW1uIiwiZGF0YSI6eyJ0YWJsZXQiOnt9LCJtb2JpbGUiOnt9fX0=&#8221;]\t\t<div id=\"wd-63d3a254c44e4\" class=\"wd-image wd-wpb wd-rs-63d3a254c44e4 text-left \">\n\t\t\t\t\t\t\t<a href=\"\/wp-content\/uploads\/2023\/01\/clean4u_letak_SLO.pdf\"  target=\"_blank\">\n\t\t\t\n\t\t\t<img loading=\"lazy\" decoding=\"async\" width=\"800\" height=\"596\" src=\"https:\/\/hygienic-seat.com\/wp-content\/uploads\/2023\/01\/clean4u-brosura-A5-SLO-PRESS-1-800x596.jpg\" class=\"attachment-medium\" alt=\"\" title=\"clean4u-brosura-A5-SLO---PRESS-1\" srcset=\"https:\/\/hygienic-seat.com\/wp-content\/uploads\/2023\/01\/clean4u-brosura-A5-SLO-PRESS-1-800x596.jpg 800w, https:\/\/hygienic-seat.com\/wp-content\/uploads\/2023\/01\/clean4u-brosura-A5-SLO-PRESS-1-768x572.jpg 768w, https:\/\/hygienic-seat.com\/wp-content\/uploads\/2023\/01\/clean4u-brosura-A5-SLO-PRESS-1-1400x1043.jpg 1400w, https:\/\/hygienic-seat.com\/wp-content\/uploads\/2023\/01\/clean4u-brosura-A5-SLO-PRESS-1-700x521.jpg 700w, https:\/\/hygienic-seat.com\/wp-content\/uploads\/2023\/01\/clean4u-brosura-A5-SLO-PRESS-1-500x372.jpg 500w, https:\/\/hygienic-seat.com\/wp-content\/uploads\/2023\/01\/clean4u-brosura-A5-SLO-PRESS-1.jpg 1500w\" sizes=\"auto, (max-width: 800px) 100vw, 800px\" \/>\n\t\t\t\t\t\t\t<\/a>\n\t\t\t\t\t<\/div>\n\t\t\n\t\t<div id=\"wd-63d3a2731b25f\" class=\"title-wrapper wd-wpb set-mb-s reset-last-child  wd-rs-63d3a2731b25f wd-title-color-default wd-title-style-default text-center vc_custom_1674814072260 wd-underline-colored\">\n\t\t\t\n\t\t\t<div class=\"liner-continer\">\n\t\t\t\t<h4 class=\"woodmart-title-container title  wd-font-weight- wd-fontsize-l\" >Hygienic Seat - zlo\u017eenka<\/h4>\n\t\t\t\t\t\t\t<\/div>\n\t\t\t\n\t\t\t\n\t\t\t\n\t\t<\/div>\n\t\t\n\t\t<div id=\"wd-63d3a26879937\" class=\" wd-rs-63d3a26879937  wd-button-wrapper text-center\"><a href=\"\/wp-content\/uploads\/2023\/01\/clean4u_letak_SLO.pdf\" title=\"\" target=\"_blank\" class=\"btn btn-color-primary btn-style-default btn-style-round btn-size-default\">Prenos<\/a><\/div>[\/vc_column][\/vc_row][vc_row full_width=&#8221;stretch_row_content&#8221; content_placement=&#8221;top&#8221; css=&#8221;.vc_custom_1668603757138{margin-bottom: 0px !important;padding-top: 60px !important;padding-bottom: 60px !important;background-color: #f9f9f9 !important;}&#8221; woodmart_css_id=&#8221;6374df69d75ea&#8221; responsive_spacing=&#8221;eyJwYXJhbV90eXBlIjoid29vZG1hcnRfcmVzcG9uc2l2ZV9zcGFjaW5nIiwic2VsZWN0b3JfaWQiOiI2Mzc0ZGY2OWQ3NWVhIiwic2hvcnRjb2RlIjoidmNfcm93IiwiZGF0YSI6eyJ0YWJsZXQiOnt9LCJtb2JpbGUiOnsicGFkZGluZy10b3AiOiI0MHB4IiwicGFkZGluZy1ib3R0b20iOiI0MHB4In19fQ==&#8221; mobile_bg_img_hidden=&#8221;no&#8221; tablet_bg_img_hidden=&#8221;no&#8221; woodmart_parallax=&#8221;0&#8243; woodmart_gradient_switch=&#8221;no&#8221; row_reverse_mobile=&#8221;0&#8243; row_reverse_tablet=&#8221;0&#8243; woodmart_disable_overflow=&#8221;0&#8243; woodmart_box_shadow=&#8221;no&#8221; wd_z_index=&#8221;no&#8221;][vc_column css=&#8221;.vc_custom_1668604229616{border-right-width: 1px !important;padding-top: 30px !important;padding-right: 50px !important;padding-left: 50px !important;border-right-color: rgba(129,129,129,0.2) !important;border-right-style: solid !important;}&#8221; woodmart_css_id=&#8221;6374e11c1f248&#8243; responsive_spacing=&#8221;eyJwYXJhbV90eXBlIjoid29vZG1hcnRfcmVzcG9uc2l2ZV9zcGFjaW5nIiwic2VsZWN0b3JfaWQiOiI2Mzc0ZTExYzFmMjQ4Iiwic2hvcnRjb2RlIjoidmNfY29sdW1uIiwiZGF0YSI6eyJ0YWJsZXQiOnt9LCJtb2JpbGUiOnt9fX0=&#8221; parallax_scroll=&#8221;no&#8221; mobile_bg_img_hidden=&#8221;no&#8221; tablet_bg_img_hidden=&#8221;no&#8221; woodmart_parallax=&#8221;0&#8243; woodmart_sticky_column=&#8221;false&#8221; mobile_reset_margin=&#8221;no&#8221; tablet_reset_margin=&#8221;no&#8221; wd_collapsible_content_switcher=&#8221;no&#8221; wd_column_role_offcanvas_desktop=&#8221;no&#8221; wd_column_role_offcanvas_tablet=&#8221;no&#8221; wd_column_role_offcanvas_mobile=&#8221;no&#8221; wd_column_role_content_desktop=&#8221;no&#8221; wd_column_role_content_tablet=&#8221;no&#8221; wd_column_role_content_mobile=&#8221;no&#8221; woodmart_box_shadow=&#8221;no&#8221; wd_z_index=&#8221;no&#8221; offset=&#8221;vc_col-lg-4 vc_col-md-4 vc_col-xs-12&#8243;]\t\t<div id=\"wd-6374dec1a7971\" class=\"wd-text-block wd-wpb reset-last-child wd-rs-6374dec1a7971 text-center wd-font-weight-600 wd-fontsize-s font-primary vc_custom_1668603593411\">\n\t\t\t<p>CLEAN4U<\/p>\n\t\t<\/div>\n\t\t\n\t\t<div id=\"wd-63d3a2c030485\" class=\"title-wrapper wd-wpb set-mb-s reset-last-child  wd-rs-63d3a2c030485 wd-title-color-default wd-title-style-default text-center  wd-width-enabled wd-underline-colored\" style=\"--wd-max-width: 90%;\">\n\t\t\t\n\t\t\t<div class=\"liner-continer\">\n\t\t\t\t<h4 class=\"woodmart-title-container title  wd-font-weight- wd-fontsize-xl\" >Splo\u0161no o higienski deski<\/h4>\n\t\t\t\t\t\t\t<\/div>\n\t\t\t\n\t\t\t\n\t\t\t\n\t\t<\/div>\n\t\t\n\t\t[vc_video link=&#8221;https:\/\/www.youtube.com\/watch?v=dS0q0keNlCM&#8221; align=&#8221;center&#8221; image_poster_switch=&#8221;no&#8221;][\/vc_column][vc_column css=&#8221;.vc_custom_1668604238606{border-right-width: 1px !important;padding-top: 30px !important;padding-right: 50px !important;padding-left: 50px !important;border-right-color: rgba(129,129,129,0.2) !important;border-right-style: solid !important;}&#8221; woodmart_css_id=&#8221;6374e146bb507&#8243; parallax_scroll=&#8221;no&#8221; woodmart_sticky_column=&#8221;false&#8221; wd_collapsible_content_switcher=&#8221;no&#8221; wd_column_role_offcanvas_desktop=&#8221;no&#8221; wd_column_role_offcanvas_tablet=&#8221;no&#8221; wd_column_role_offcanvas_mobile=&#8221;no&#8221; wd_column_role_content_desktop=&#8221;no&#8221; wd_column_role_content_tablet=&#8221;no&#8221; wd_column_role_content_mobile=&#8221;no&#8221; mobile_bg_img_hidden=&#8221;no&#8221; tablet_bg_img_hidden=&#8221;no&#8221; woodmart_parallax=&#8221;0&#8243; woodmart_box_shadow=&#8221;no&#8221; responsive_spacing=&#8221;eyJwYXJhbV90eXBlIjoid29vZG1hcnRfcmVzcG9uc2l2ZV9zcGFjaW5nIiwic2VsZWN0b3JfaWQiOiI2Mzc0ZTE0NmJiNTA3Iiwic2hvcnRjb2RlIjoidmNfY29sdW1uIiwiZGF0YSI6eyJ0YWJsZXQiOnt9LCJtb2JpbGUiOnt9fX0=&#8221; mobile_reset_margin=&#8221;no&#8221; tablet_reset_margin=&#8221;no&#8221; wd_z_index=&#8221;no&#8221; offset=&#8221;vc_col-lg-4 vc_col-md-4 vc_col-xs-12&#8243;]\t\t<div id=\"wd-63d3a2c70a665\" class=\"wd-text-block wd-wpb reset-last-child wd-rs-63d3a2c70a665 text-center wd-font-weight-600 wd-fontsize-s font-primary vc_custom_1674814155844\">\n\t\t\t<p>HIGIENSKA WC DESKA<\/p>\n\t\t<\/div>\n\t\t\n\t\t<div id=\"wd-63d3a2cf93aa9\" class=\"title-wrapper wd-wpb set-mb-s reset-last-child  wd-rs-63d3a2cf93aa9 wd-title-color-default wd-title-style-default text-center  wd-width-enabled wd-underline-colored\" style=\"--wd-max-width: 90%;\">\n\t\t\t\n\t\t\t<div class=\"liner-continer\">\n\t\t\t\t<h4 class=\"woodmart-title-container title  wd-font-weight- wd-fontsize-xl\" >Monta\u017ea Clean4U higienske deske<\/h4>\n\t\t\t\t\t\t\t<\/div>\n\t\t\t\n\t\t\t\n\t\t\t\n\t\t<\/div>\n\t\t\n\t\t[vc_video link=&#8221;https:\/\/www.youtube.com\/watch?v=lYdh26kIhaI&#8221; align=&#8221;center&#8221; image_poster_switch=&#8221;no&#8221;][\/vc_column][vc_column css=&#8221;.vc_custom_1668604246827{padding-top: 30px !important;padding-right: 50px !important;padding-left: 50px !important;}&#8221; woodmart_css_id=&#8221;6374e1500b4a4&#8243; parallax_scroll=&#8221;no&#8221; woodmart_sticky_column=&#8221;false&#8221; wd_collapsible_content_switcher=&#8221;no&#8221; wd_column_role_offcanvas_desktop=&#8221;no&#8221; wd_column_role_offcanvas_tablet=&#8221;no&#8221; wd_column_role_offcanvas_mobile=&#8221;no&#8221; wd_column_role_content_desktop=&#8221;no&#8221; wd_column_role_content_tablet=&#8221;no&#8221; wd_column_role_content_mobile=&#8221;no&#8221; mobile_bg_img_hidden=&#8221;no&#8221; tablet_bg_img_hidden=&#8221;no&#8221; woodmart_parallax=&#8221;0&#8243; woodmart_box_shadow=&#8221;no&#8221; responsive_spacing=&#8221;eyJwYXJhbV90eXBlIjoid29vZG1hcnRfcmVzcG9uc2l2ZV9zcGFjaW5nIiwic2VsZWN0b3JfaWQiOiI2Mzc0ZTE1MDBiNGE0Iiwic2hvcnRjb2RlIjoidmNfY29sdW1uIiwiZGF0YSI6eyJ0YWJsZXQiOnt9LCJtb2JpbGUiOnt9fX0=&#8221; mobile_reset_margin=&#8221;no&#8221; tablet_reset_margin=&#8221;no&#8221; wd_z_index=&#8221;no&#8221; offset=&#8221;vc_col-lg-4 vc_col-md-4 vc_col-xs-12&#8243;]\t\t<div id=\"wd-63d3a2e3285bc\" class=\"wd-text-block wd-wpb reset-last-child wd-rs-63d3a2e3285bc text-center wd-font-weight-600 wd-fontsize-s font-primary vc_custom_1674814183601\">\n\t\t\t<p>HIGIENSKA ROLA<\/p>\n\t\t<\/div>\n\t\t\n\t\t<div id=\"wd-63d3a2eb6721c\" class=\"title-wrapper wd-wpb set-mb-s reset-last-child  wd-rs-63d3a2eb6721c wd-title-color-default wd-title-style-default text-center  wd-width-enabled wd-underline-colored\" style=\"--wd-max-width: 90%;\">\n\t\t\t\n\t\t\t<div class=\"liner-continer\">\n\t\t\t\t<h4 class=\"woodmart-title-container title  wd-font-weight- wd-fontsize-xl\" >Zamenjava higienske role Clean4U<\/h4>\n\t\t\t\t\t\t\t<\/div>\n\t\t\t\n\t\t\t\n\t\t\t\n\t\t<\/div>\n\t\t\n\t\t[vc_video link=&#8221;https:\/\/www.youtube.com\/watch?v=HLaDVDMdd2Q&#8221; align=&#8221;center&#8221; image_poster_switch=&#8221;no&#8221;][\/vc_column][\/vc_row]<\/p>\n<\/section>","protected":false},"excerpt":{"rendered":"<p>[vc_row css=&#8221;.vc_custom_1670589132675{padding-top: 30px !important;padding-bottom: 60px !important;}&#8221; woodmart_css_id=&#8221;63932ac4deb45&#8243; responsive_spacing=&#8221;eyJwYXJhbV90eXBlIjoid29vZG1hcnRfcmVzcG9uc2l2ZV9zcGFjaW5nIiwic2VsZWN0b3JfaWQiOiI2MzkzMmFjNGRlYjQ1Iiwic2hvcnRjb2RlIjoidmNfcm93IiwiZGF0YSI6eyJ0YWJsZXQiOnt9LCJtb2JpbGUiOnt9fX0=&#8221; mobile_bg_img_hidden=&#8221;no&#8221; tablet_bg_img_hidden=&#8221;no&#8221; woodmart_parallax=&#8221;0&#8243; woodmart_gradient_switch=&#8221;no&#8221; woodmart_box_shadow=&#8221;no&#8221; wd_z_index=&#8221;no&#8221; woodmart_disable_overflow=&#8221;0&#8243; row_reverse_mobile=&#8221;0&#8243; row_reverse_tablet=&#8221;0&#8243;][vc_column width=&#8221;1\/2&#8243; css=&#8221;.vc_custom_1670589143896{padding-top: 0px<\/p>\n","protected":false},"author":2,"featured_media":0,"parent":0,"menu_order":0,"comment_status":"closed","ping_status":"closed","template":"","meta":{"footnotes":""},"class_list":["post-10064","page","type-page","status-publish","hentry"],"yoast_head":"<!-- This site is optimized with the Yoast SEO plugin v27.1.1 - https:\/\/yoast.com\/product\/yoast-seo-wordpress\/ -->\n<title>Materiali - Hygienic Seat - strani\u0161\u010dne deske \u0161e nikoli niso bile tako zdrave<\/title>\n<meta name=\"robots\" content=\"index, follow, max-snippet:-1, max-image-preview:large, max-video-preview:-1\" \/>\n<link rel=\"canonical\" href=\"https:\/\/hygienic-seat.com\/sl\/materiali\" \/>\n<meta property=\"og:locale\" content=\"sl_SI\" \/>\n<meta property=\"og:type\" content=\"article\" \/>\n<meta property=\"og:title\" content=\"Materiali - Hygienic Seat - strani\u0161\u010dne deske \u0161e nikoli niso bile tako zdrave\" \/>\n<meta property=\"og:description\" content=\"[vc_row css=&#8221;.vc_custom_1670589132675{padding-top: 30px !important;padding-bottom: 60px !important;}&#8221; woodmart_css_id=&#8221;63932ac4deb45&#8243; responsive_spacing=&#8221;eyJwYXJhbV90eXBlIjoid29vZG1hcnRfcmVzcG9uc2l2ZV9zcGFjaW5nIiwic2VsZWN0b3JfaWQiOiI2MzkzMmFjNGRlYjQ1Iiwic2hvcnRjb2RlIjoidmNfcm93IiwiZGF0YSI6eyJ0YWJsZXQiOnt9LCJtb2JpbGUiOnt9fX0=&#8221; mobile_bg_img_hidden=&#8221;no&#8221; tablet_bg_img_hidden=&#8221;no&#8221; woodmart_parallax=&#8221;0&#8243; woodmart_gradient_switch=&#8221;no&#8221; woodmart_box_shadow=&#8221;no&#8221; wd_z_index=&#8221;no&#8221; woodmart_disable_overflow=&#8221;0&#8243; row_reverse_mobile=&#8221;0&#8243; row_reverse_tablet=&#8221;0&#8243;][vc_column width=&#8221;1\/2&#8243; css=&#8221;.vc_custom_1670589143896{padding-top: 0px\" \/>\n<meta property=\"og:url\" content=\"https:\/\/hygienic-seat.com\/sl\/materiali\" \/>\n<meta property=\"og:site_name\" content=\"Hygienic Seat - strani\u0161\u010dne deske \u0161e nikoli niso bile tako zdrave\" \/>\n<meta property=\"article:modified_time\" content=\"2023-01-27T10:10:12+00:00\" \/>\n<meta property=\"og:image\" content=\"https:\/\/hygienic-seat.com\/wp-content\/uploads\/2022\/11\/CLEAN4U-logo-350.png\" \/>\n\t<meta property=\"og:image:width\" content=\"350\" \/>\n\t<meta property=\"og:image:height\" content=\"329\" \/>\n\t<meta property=\"og:image:type\" content=\"image\/png\" \/>\n<meta name=\"twitter:card\" content=\"summary_large_image\" \/>\n<meta name=\"twitter:label1\" content=\"Est. reading time\" \/>\n\t<meta name=\"twitter:data1\" content=\"2 minuti\" \/>\n<script type=\"application\/ld+json\" class=\"yoast-schema-graph\">{\"@context\":\"https:\/\/schema.org\",\"@graph\":[{\"@type\":\"WebPage\",\"@id\":\"https:\/\/hygienic-seat.com\/sl\/materiali\",\"url\":\"https:\/\/hygienic-seat.com\/sl\/materiali\",\"name\":\"Materiali - Hygienic Seat - strani\u0161\u010dne deske \u0161e nikoli niso bile tako zdrave\",\"isPartOf\":{\"@id\":\"https:\/\/hygienic-seat.com\/#website\"},\"datePublished\":\"2022-12-09T11:29:33+00:00\",\"dateModified\":\"2023-01-27T10:10:12+00:00\",\"breadcrumb\":{\"@id\":\"https:\/\/hygienic-seat.com\/sl\/materiali#breadcrumb\"},\"inLanguage\":\"sl-SI\",\"potentialAction\":[{\"@type\":\"ReadAction\",\"target\":[\"https:\/\/hygienic-seat.com\/sl\/materiali\"]}]},{\"@type\":\"BreadcrumbList\",\"@id\":\"https:\/\/hygienic-seat.com\/sl\/materiali#breadcrumb\",\"itemListElement\":[{\"@type\":\"ListItem\",\"position\":1,\"name\":\"Po\u010detna stranica\",\"item\":\"https:\/\/hygienic-seat.com\/sl\"},{\"@type\":\"ListItem\",\"position\":2,\"name\":\"Materiali\"}]},{\"@type\":\"WebSite\",\"@id\":\"https:\/\/hygienic-seat.com\/#website\",\"url\":\"https:\/\/hygienic-seat.com\/\",\"name\":\"Hygienic Seat - strani\u0161\u010dne deske \u0161e nikoli niso bile tako zdrave\",\"description\":\"\",\"publisher\":{\"@id\":\"https:\/\/hygienic-seat.com\/#organization\"},\"alternateName\":\"Hygienic Seat - toilet seats have never been this clean\",\"potentialAction\":[{\"@type\":\"SearchAction\",\"target\":{\"@type\":\"EntryPoint\",\"urlTemplate\":\"https:\/\/hygienic-seat.com\/?s={search_term_string}\"},\"query-input\":{\"@type\":\"PropertyValueSpecification\",\"valueRequired\":true,\"valueName\":\"search_term_string\"}}],\"inLanguage\":\"sl-SI\"},{\"@type\":\"Organization\",\"@id\":\"https:\/\/hygienic-seat.com\/#organization\",\"name\":\"Hygienic Seat - strani\u0161\u010dne deske \u0161e nikoli niso bile tako zdrave\",\"alternateName\":\"Hygienic Seat - toilet seats have never been this clean\",\"url\":\"https:\/\/hygienic-seat.com\/\",\"logo\":{\"@type\":\"ImageObject\",\"inLanguage\":\"sl-SI\",\"@id\":\"https:\/\/hygienic-seat.com\/#\/schema\/logo\/image\/\",\"url\":\"https:\/\/hygienic-seat.com\/wp-content\/uploads\/2022\/11\/CLEAN4U-logo-350.png\",\"contentUrl\":\"https:\/\/hygienic-seat.com\/wp-content\/uploads\/2022\/11\/CLEAN4U-logo-350.png\",\"width\":350,\"height\":329,\"caption\":\"Hygienic Seat - strani\u0161\u010dne deske \u0161e nikoli niso bile tako zdrave\"},\"image\":{\"@id\":\"https:\/\/hygienic-seat.com\/#\/schema\/logo\/image\/\"}}]}<\/script>\n<!-- \/ Yoast SEO plugin. -->","yoast_head_json":{"title":"Materiali - Hygienic Seat - strani\u0161\u010dne deske \u0161e nikoli niso bile tako zdrave","robots":{"index":"index","follow":"follow","max-snippet":"max-snippet:-1","max-image-preview":"max-image-preview:large","max-video-preview":"max-video-preview:-1"},"canonical":"https:\/\/hygienic-seat.com\/sl\/materiali","og_locale":"sl_SI","og_type":"article","og_title":"Materiali - Hygienic Seat - strani\u0161\u010dne deske \u0161e nikoli niso bile tako zdrave","og_description":"[vc_row css=&#8221;.vc_custom_1670589132675{padding-top: 30px !important;padding-bottom: 60px !important;}&#8221; woodmart_css_id=&#8221;63932ac4deb45&#8243; responsive_spacing=&#8221;eyJwYXJhbV90eXBlIjoid29vZG1hcnRfcmVzcG9uc2l2ZV9zcGFjaW5nIiwic2VsZWN0b3JfaWQiOiI2MzkzMmFjNGRlYjQ1Iiwic2hvcnRjb2RlIjoidmNfcm93IiwiZGF0YSI6eyJ0YWJsZXQiOnt9LCJtb2JpbGUiOnt9fX0=&#8221; mobile_bg_img_hidden=&#8221;no&#8221; tablet_bg_img_hidden=&#8221;no&#8221; woodmart_parallax=&#8221;0&#8243; woodmart_gradient_switch=&#8221;no&#8221; woodmart_box_shadow=&#8221;no&#8221; wd_z_index=&#8221;no&#8221; woodmart_disable_overflow=&#8221;0&#8243; row_reverse_mobile=&#8221;0&#8243; row_reverse_tablet=&#8221;0&#8243;][vc_column width=&#8221;1\/2&#8243; css=&#8221;.vc_custom_1670589143896{padding-top: 0px","og_url":"https:\/\/hygienic-seat.com\/sl\/materiali","og_site_name":"Hygienic Seat - strani\u0161\u010dne deske \u0161e nikoli niso bile tako zdrave","article_modified_time":"2023-01-27T10:10:12+00:00","og_image":[{"width":350,"height":329,"url":"https:\/\/hygienic-seat.com\/wp-content\/uploads\/2022\/11\/CLEAN4U-logo-350.png","type":"image\/png"}],"twitter_card":"summary_large_image","twitter_misc":{"Est. reading time":"2 minuti"},"schema":{"@context":"https:\/\/schema.org","@graph":[{"@type":"WebPage","@id":"https:\/\/hygienic-seat.com\/sl\/materiali","url":"https:\/\/hygienic-seat.com\/sl\/materiali","name":"Materiali - Hygienic Seat - strani\u0161\u010dne deske \u0161e nikoli niso bile tako zdrave","isPartOf":{"@id":"https:\/\/hygienic-seat.com\/#website"},"datePublished":"2022-12-09T11:29:33+00:00","dateModified":"2023-01-27T10:10:12+00:00","breadcrumb":{"@id":"https:\/\/hygienic-seat.com\/sl\/materiali#breadcrumb"},"inLanguage":"sl-SI","potentialAction":[{"@type":"ReadAction","target":["https:\/\/hygienic-seat.com\/sl\/materiali"]}]},{"@type":"BreadcrumbList","@id":"https:\/\/hygienic-seat.com\/sl\/materiali#breadcrumb","itemListElement":[{"@type":"ListItem","position":1,"name":"Po\u010detna stranica","item":"https:\/\/hygienic-seat.com\/sl"},{"@type":"ListItem","position":2,"name":"Materiali"}]},{"@type":"WebSite","@id":"https:\/\/hygienic-seat.com\/#website","url":"https:\/\/hygienic-seat.com\/","name":"Hygienic Seat - strani\u0161\u010dne deske \u0161e nikoli niso bile tako zdrave","description":"","publisher":{"@id":"https:\/\/hygienic-seat.com\/#organization"},"alternateName":"Hygienic Seat - toilet seats have never been this clean","potentialAction":[{"@type":"SearchAction","target":{"@type":"EntryPoint","urlTemplate":"https:\/\/hygienic-seat.com\/?s={search_term_string}"},"query-input":{"@type":"PropertyValueSpecification","valueRequired":true,"valueName":"search_term_string"}}],"inLanguage":"sl-SI"},{"@type":"Organization","@id":"https:\/\/hygienic-seat.com\/#organization","name":"Hygienic Seat - strani\u0161\u010dne deske \u0161e nikoli niso bile tako zdrave","alternateName":"Hygienic Seat - toilet seats have never been this clean","url":"https:\/\/hygienic-seat.com\/","logo":{"@type":"ImageObject","inLanguage":"sl-SI","@id":"https:\/\/hygienic-seat.com\/#\/schema\/logo\/image\/","url":"https:\/\/hygienic-seat.com\/wp-content\/uploads\/2022\/11\/CLEAN4U-logo-350.png","contentUrl":"https:\/\/hygienic-seat.com\/wp-content\/uploads\/2022\/11\/CLEAN4U-logo-350.png","width":350,"height":329,"caption":"Hygienic Seat - strani\u0161\u010dne deske \u0161e nikoli niso bile tako zdrave"},"image":{"@id":"https:\/\/hygienic-seat.com\/#\/schema\/logo\/image\/"}}]}},"_links":{"self":[{"href":"https:\/\/hygienic-seat.com\/sl\/wp-json\/wp\/v2\/pages\/10064","targetHints":{"allow":["GET"]}}],"collection":[{"href":"https:\/\/hygienic-seat.com\/sl\/wp-json\/wp\/v2\/pages"}],"about":[{"href":"https:\/\/hygienic-seat.com\/sl\/wp-json\/wp\/v2\/types\/page"}],"author":[{"embeddable":true,"href":"https:\/\/hygienic-seat.com\/sl\/wp-json\/wp\/v2\/users\/2"}],"replies":[{"embeddable":true,"href":"https:\/\/hygienic-seat.com\/sl\/wp-json\/wp\/v2\/comments?post=10064"}],"version-history":[{"count":4,"href":"https:\/\/hygienic-seat.com\/sl\/wp-json\/wp\/v2\/pages\/10064\/revisions"}],"predecessor-version":[{"id":10085,"href":"https:\/\/hygienic-seat.com\/sl\/wp-json\/wp\/v2\/pages\/10064\/revisions\/10085"}],"wp:attachment":[{"href":"https:\/\/hygienic-seat.com\/sl\/wp-json\/wp\/v2\/media?parent=10064"}],"curies":[{"name":"wp","href":"https:\/\/api.w.org\/{rel}","templated":true}]}}