{"id":9644,"date":"2022-12-09T14:22:04","date_gmt":"2022-12-09T13:22:04","guid":{"rendered":"https:\/\/hygienic-seat.com\/product\/rotolo-igienico-confezione-da-50-pezzi"},"modified":"2022-12-28T11:27:48","modified_gmt":"2022-12-28T10:27:48","slug":"rotolo-igienico-confezione-da-50-pezzi","status":"publish","type":"product","link":"https:\/\/hygienic-seat.com\/it\/prodotto\/rotolo-igienico-confezione-da-50-pezzi","title":{"rendered":"Rotolo igienico Clean4U &#8211; confezione da 50 pezzi"},"content":{"rendered":"<section class=\"wpb-content-wrapper\"><p>[vc_row full_width=&#8221;stretch_row&#8221; content_placement=&#8221;middle&#8221; css=&#8221;.vc_custom_1668604487038{margin-top: 20px !important;margin-bottom: 0px !important;padding-top: 60px !important;padding-bottom: 20px !important;background-color: #f9f9f9 !important;}&#8221; woodmart_css_id=&#8221;6374e22d7f97c&#8221; responsive_spacing=&#8221;eyJwYXJhbV90eXBlIjoid29vZG1hcnRfcmVzcG9uc2l2ZV9zcGFjaW5nIiwic2VsZWN0b3JfaWQiOiI2Mzc0ZTIyZDdmOTdjIiwic2hvcnRjb2RlIjoidmNfcm93IiwiZGF0YSI6eyJ0YWJsZXQiOnt9LCJtb2JpbGUiOnsicGFkZGluZy10b3AiOiI0MHB4IiwicGFkZGluZy1ib3R0b20iOiI0MHB4In19fQ==&#8221; mobile_bg_img_hidden=&#8221;no&#8221; tablet_bg_img_hidden=&#8221;no&#8221; woodmart_parallax=&#8221;0&#8243; woodmart_gradient_switch=&#8221;no&#8221; row_reverse_mobile=&#8221;0&#8243; row_reverse_tablet=&#8221;0&#8243; woodmart_disable_overflow=&#8221;0&#8243; woodmart_box_shadow=&#8221;no&#8221; wd_z_index=&#8221;no&#8221;][vc_column width=&#8221;1\/2&#8243; woodmart_text_align=&#8221;center&#8221; css=&#8221;.vc_custom_1626857735559{padding-top: 10px !important;padding-bottom: 10px !important;}&#8221; woodmart_css_id=&#8221;60f7e103515cb&#8221; responsive_spacing=&#8221;eyJwYXJhbV90eXBlIjoid29vZG1hcnRfcmVzcG9uc2l2ZV9zcGFjaW5nIiwic2VsZWN0b3JfaWQiOiI2MGY3ZTEwMzUxNWNiIiwic2hvcnRjb2RlIjoidmNfY29sdW1uIiwiZGF0YSI6eyJ0YWJsZXQiOnt9LCJtb2JpbGUiOnt9fX0=&#8221; parallax_scroll=&#8221;no&#8221; mobile_bg_img_hidden=&#8221;no&#8221; tablet_bg_img_hidden=&#8221;no&#8221; woodmart_parallax=&#8221;0&#8243; woodmart_sticky_column=&#8221;false&#8221; mobile_reset_margin=&#8221;no&#8221; tablet_reset_margin=&#8221;no&#8221;]\t\t<div id=\"wd-63ac19a5c29d8\" class=\"wd-text-block wd-wpb reset-last-child wd-rs-63ac19a5c29d8 text-center wd-font-weight-600 wd-fontsize-s font-primary vc_custom_1672223148766\">\n\t\t\t<p>ROTOLO IGIENICO<\/p>\n\t\t<\/div>\n\t\t\n\t\t<div id=\"wd-63ac19afec8a3\" class=\"title-wrapper wd-wpb set-mb-s reset-last-child  wd-rs-63ac19afec8a3 wd-title-color-default wd-title-style-default text-center vc_custom_1672223170932 wd-width-enabled wd-underline-colored\" style=\"--wd-max-width: 90%;\">\n\t\t\t\n\t\t\t<div class=\"liner-continer\">\n\t\t\t\t<h4 class=\"woodmart-title-container title  wd-font-weight- wd-fontsize-xxxl\" >Materiale consumabile usa e getta<\/h4>\n\t\t\t\t\t\t\t<\/div>\n\t\t\t\n\t\t\t\t\t\t\t<div class=\"title-after_title  set-cont-mb-s reset-last-child  wd-fontsize-s\">Il rotolo igienico Clean4U \u00e8 realizzato in polietilene ad alta densit\u00e0 (HDPE) di alta qualit\u00e0. Poich\u00e9 l'HDPE non emette quasi nessuna sostanza chimica, \u00e8 il pi\u00f9 sicuro per la salute dell'utente.<\/div>\n\t\t\t\n\t\t\t\n\t\t<\/div>\n\t\t\n\t\t<div id=\"wd-63ac19c5dca83\" class=\" wd-rs-63ac19c5dca83  wd-button-wrapper text-center inline-element\"><a href=\"\/it\/prodotto\/rotolo-igienico\" title=\"\" class=\"btn btn-color-primary btn-style-default btn-style-round btn-size-default\">Rotolo igienico<\/a><\/div><div id=\"wd-63ac19d6a4a1f\" class=\" wd-rs-63ac19d6a4a1f  wd-button-wrapper text-center inline-element\"><a href=\"\/it\/contatto\" title=\"\" class=\"btn btn-color-primary btn-style-bordered btn-style-round btn-size-default\">Contatto<\/a><\/div>[\/vc_column][vc_column width=&#8221;1\/2&#8243; css=&#8221;.vc_custom_1626857739078{padding-top: 10px !important;padding-bottom: 10px !important;}&#8221; woodmart_css_id=&#8221;60f7e10957ea8&#8243; responsive_spacing=&#8221;eyJwYXJhbV90eXBlIjoid29vZG1hcnRfcmVzcG9uc2l2ZV9zcGFjaW5nIiwic2VsZWN0b3JfaWQiOiI2MGY3ZTEwOTU3ZWE4Iiwic2hvcnRjb2RlIjoidmNfY29sdW1uIiwiZGF0YSI6eyJ0YWJsZXQiOnt9LCJtb2JpbGUiOnt9fX0=&#8221; parallax_scroll=&#8221;no&#8221; mobile_bg_img_hidden=&#8221;no&#8221; tablet_bg_img_hidden=&#8221;no&#8221; woodmart_parallax=&#8221;0&#8243; woodmart_sticky_column=&#8221;false&#8221; mobile_reset_margin=&#8221;no&#8221; tablet_reset_margin=&#8221;no&#8221;]\t\t<div id=\"wd-636a32dd9af6f\" class=\"wd-image wd-wpb wd-rs-636a32dd9af6f text-left vc_custom_1667904226108\">\n\t\t\t\n\t\t\t<img loading=\"lazy\" decoding=\"async\" width=\"800\" height=\"672\" src=\"https:\/\/hygienic-seat.com\/wp-content\/uploads\/2022\/11\/Skoljka-2-sivi-zid-folija-strelice-800x672.jpg\" class=\"attachment-medium\" alt=\"\" title=\"Skoljka-2-sivi-zid-folija-strelice\" srcset=\"https:\/\/hygienic-seat.com\/wp-content\/uploads\/2022\/11\/Skoljka-2-sivi-zid-folija-strelice-800x672.jpg 800w, https:\/\/hygienic-seat.com\/wp-content\/uploads\/2022\/11\/Skoljka-2-sivi-zid-folija-strelice-768x646.jpg 768w, https:\/\/hygienic-seat.com\/wp-content\/uploads\/2022\/11\/Skoljka-2-sivi-zid-folija-strelice-1400x1177.jpg 1400w, https:\/\/hygienic-seat.com\/wp-content\/uploads\/2022\/11\/Skoljka-2-sivi-zid-folija-strelice-700x588.jpg 700w, https:\/\/hygienic-seat.com\/wp-content\/uploads\/2022\/11\/Skoljka-2-sivi-zid-folija-strelice-500x420.jpg 500w, https:\/\/hygienic-seat.com\/wp-content\/uploads\/2022\/11\/Skoljka-2-sivi-zid-folija-strelice.jpg 1499w\" sizes=\"auto, (max-width: 800px) 100vw, 800px\" \/>\n\t\t\t\t\t<\/div>\n\t\t[\/vc_column][\/vc_row][vc_row full_width=&#8221;stretch_row_content&#8221; content_placement=&#8221;top&#8221; css=&#8221;.vc_custom_1668603757138{margin-bottom: 0px !important;padding-top: 60px !important;padding-bottom: 60px !important;background-color: #f9f9f9 !important;}&#8221; woodmart_css_id=&#8221;6374df69d75ea&#8221; responsive_spacing=&#8221;eyJwYXJhbV90eXBlIjoid29vZG1hcnRfcmVzcG9uc2l2ZV9zcGFjaW5nIiwic2VsZWN0b3JfaWQiOiI2Mzc0ZGY2OWQ3NWVhIiwic2hvcnRjb2RlIjoidmNfcm93IiwiZGF0YSI6eyJ0YWJsZXQiOnt9LCJtb2JpbGUiOnsicGFkZGluZy10b3AiOiI0MHB4IiwicGFkZGluZy1ib3R0b20iOiI0MHB4In19fQ==&#8221; mobile_bg_img_hidden=&#8221;no&#8221; tablet_bg_img_hidden=&#8221;no&#8221; woodmart_parallax=&#8221;0&#8243; woodmart_gradient_switch=&#8221;no&#8221; row_reverse_mobile=&#8221;0&#8243; row_reverse_tablet=&#8221;0&#8243; woodmart_disable_overflow=&#8221;0&#8243; woodmart_box_shadow=&#8221;no&#8221; wd_z_index=&#8221;no&#8221;][vc_column css=&#8221;.vc_custom_1668604229616{border-right-width: 1px !important;padding-top: 30px !important;padding-right: 50px !important;padding-left: 50px !important;border-right-color: rgba(129,129,129,0.2) !important;border-right-style: solid !important;}&#8221; woodmart_css_id=&#8221;6374e11c1f248&#8243; responsive_spacing=&#8221;eyJwYXJhbV90eXBlIjoid29vZG1hcnRfcmVzcG9uc2l2ZV9zcGFjaW5nIiwic2VsZWN0b3JfaWQiOiI2Mzc0ZTExYzFmMjQ4Iiwic2hvcnRjb2RlIjoidmNfY29sdW1uIiwiZGF0YSI6eyJ0YWJsZXQiOnt9LCJtb2JpbGUiOnt9fX0=&#8221; parallax_scroll=&#8221;no&#8221; mobile_bg_img_hidden=&#8221;no&#8221; tablet_bg_img_hidden=&#8221;no&#8221; woodmart_parallax=&#8221;0&#8243; woodmart_sticky_column=&#8221;false&#8221; mobile_reset_margin=&#8221;no&#8221; tablet_reset_margin=&#8221;no&#8221; wd_collapsible_content_switcher=&#8221;no&#8221; wd_column_role_offcanvas_desktop=&#8221;no&#8221; wd_column_role_offcanvas_tablet=&#8221;no&#8221; wd_column_role_offcanvas_mobile=&#8221;no&#8221; wd_column_role_content_desktop=&#8221;no&#8221; wd_column_role_content_tablet=&#8221;no&#8221; wd_column_role_content_mobile=&#8221;no&#8221; woodmart_box_shadow=&#8221;no&#8221; wd_z_index=&#8221;no&#8221; offset=&#8221;vc_col-lg-4 vc_col-md-4 vc_col-xs-12&#8243;]\t\t<div id=\"wd-6374dec1a7971\" class=\"wd-text-block wd-wpb reset-last-child wd-rs-6374dec1a7971 text-center wd-font-weight-600 wd-fontsize-s font-primary vc_custom_1668603593411\">\n\t\t\t<p>CLEAN4U<\/p>\n\t\t<\/div>\n\t\t\n\t\t<div id=\"wd-63ac19e51583f\" class=\"title-wrapper wd-wpb set-mb-s reset-last-child  wd-rs-63ac19e51583f wd-title-color-default wd-title-style-default text-center  wd-width-enabled wd-underline-colored\" style=\"--wd-max-width: 90%;\">\n\t\t\t\n\t\t\t<div class=\"liner-continer\">\n\t\t\t\t<h4 class=\"woodmart-title-container title  wd-font-weight- wd-fontsize-xl\" >Informazioni generali<\/h4>\n\t\t\t\t\t\t\t<\/div>\n\t\t\t\n\t\t\t\n\t\t\t\n\t\t<\/div>\n\t\t\n\t\t[vc_video link=&#8221;https:\/\/www.youtube.com\/watch?v=XvE65KPt928&#8243; align=&#8221;center&#8221; image_poster_switch=&#8221;no&#8221;][\/vc_column][vc_column css=&#8221;.vc_custom_1668604238606{border-right-width: 1px !important;padding-top: 30px !important;padding-right: 50px !important;padding-left: 50px !important;border-right-color: rgba(129,129,129,0.2) !important;border-right-style: solid !important;}&#8221; woodmart_css_id=&#8221;6374e146bb507&#8243; parallax_scroll=&#8221;no&#8221; woodmart_sticky_column=&#8221;false&#8221; wd_collapsible_content_switcher=&#8221;no&#8221; wd_column_role_offcanvas_desktop=&#8221;no&#8221; wd_column_role_offcanvas_tablet=&#8221;no&#8221; wd_column_role_offcanvas_mobile=&#8221;no&#8221; wd_column_role_content_desktop=&#8221;no&#8221; wd_column_role_content_tablet=&#8221;no&#8221; wd_column_role_content_mobile=&#8221;no&#8221; mobile_bg_img_hidden=&#8221;no&#8221; tablet_bg_img_hidden=&#8221;no&#8221; woodmart_parallax=&#8221;0&#8243; woodmart_box_shadow=&#8221;no&#8221; responsive_spacing=&#8221;eyJwYXJhbV90eXBlIjoid29vZG1hcnRfcmVzcG9uc2l2ZV9zcGFjaW5nIiwic2VsZWN0b3JfaWQiOiI2Mzc0ZTE0NmJiNTA3Iiwic2hvcnRjb2RlIjoidmNfY29sdW1uIiwiZGF0YSI6eyJ0YWJsZXQiOnt9LCJtb2JpbGUiOnt9fX0=&#8221; mobile_reset_margin=&#8221;no&#8221; tablet_reset_margin=&#8221;no&#8221; wd_z_index=&#8221;no&#8221; offset=&#8221;vc_col-lg-4 vc_col-md-4 vc_col-xs-12&#8243;]\t\t<div id=\"wd-63ac19fae8318\" class=\"wd-text-block wd-wpb reset-last-child wd-rs-63ac19fae8318 text-center wd-font-weight-600 wd-fontsize-s font-primary vc_custom_1672223229976\">\n\t\t\t<p>IL SEDILE DEL WATER IGIENICO<\/p>\n\t\t<\/div>\n\t\t\n\t\t<div id=\"wd-63ac1a01002d1\" class=\"title-wrapper wd-wpb set-mb-s reset-last-child  wd-rs-63ac1a01002d1 wd-title-color-default wd-title-style-default text-center  wd-width-enabled wd-underline-colored\" style=\"--wd-max-width: 90%;\">\n\t\t\t\n\t\t\t<div class=\"liner-continer\">\n\t\t\t\t<h4 class=\"woodmart-title-container title  wd-font-weight- wd-fontsize-xl\" >Assemblaggio<\/h4>\n\t\t\t\t\t\t\t<\/div>\n\t\t\t\n\t\t\t\n\t\t\t\n\t\t<\/div>\n\t\t\n\t\t[vc_video link=&#8221;https:\/\/www.youtube.com\/watch?v=Yjw1fIBZk6k&#8221; align=&#8221;center&#8221; image_poster_switch=&#8221;no&#8221;][\/vc_column][vc_column css=&#8221;.vc_custom_1668604246827{padding-top: 30px !important;padding-right: 50px !important;padding-left: 50px !important;}&#8221; woodmart_css_id=&#8221;6374e1500b4a4&#8243; parallax_scroll=&#8221;no&#8221; woodmart_sticky_column=&#8221;false&#8221; wd_collapsible_content_switcher=&#8221;no&#8221; wd_column_role_offcanvas_desktop=&#8221;no&#8221; wd_column_role_offcanvas_tablet=&#8221;no&#8221; wd_column_role_offcanvas_mobile=&#8221;no&#8221; wd_column_role_content_desktop=&#8221;no&#8221; wd_column_role_content_tablet=&#8221;no&#8221; wd_column_role_content_mobile=&#8221;no&#8221; mobile_bg_img_hidden=&#8221;no&#8221; tablet_bg_img_hidden=&#8221;no&#8221; woodmart_parallax=&#8221;0&#8243; woodmart_box_shadow=&#8221;no&#8221; responsive_spacing=&#8221;eyJwYXJhbV90eXBlIjoid29vZG1hcnRfcmVzcG9uc2l2ZV9zcGFjaW5nIiwic2VsZWN0b3JfaWQiOiI2Mzc0ZTE1MDBiNGE0Iiwic2hvcnRjb2RlIjoidmNfY29sdW1uIiwiZGF0YSI6eyJ0YWJsZXQiOnt9LCJtb2JpbGUiOnt9fX0=&#8221; mobile_reset_margin=&#8221;no&#8221; tablet_reset_margin=&#8221;no&#8221; wd_z_index=&#8221;no&#8221; offset=&#8221;vc_col-lg-4 vc_col-md-4 vc_col-xs-12&#8243;]\t\t<div id=\"wd-63ac1a1069b8e\" class=\"wd-text-block wd-wpb reset-last-child wd-rs-63ac1a1069b8e text-center wd-font-weight-600 wd-fontsize-s font-primary vc_custom_1672223251613\">\n\t\t\t<p>IL ROTOLO DI CARTA IGIENICA<\/p>\n\t\t<\/div>\n\t\t\n\t\t<div id=\"wd-63ac1a167c94d\" class=\"title-wrapper wd-wpb set-mb-s reset-last-child  wd-rs-63ac1a167c94d wd-title-color-default wd-title-style-default text-center  wd-width-enabled wd-underline-colored\" style=\"--wd-max-width: 90%;\">\n\t\t\t\n\t\t\t<div class=\"liner-continer\">\n\t\t\t\t<h4 class=\"woodmart-title-container title  wd-font-weight- wd-fontsize-xl\" >Sostituzione del rotolo<\/h4>\n\t\t\t\t\t\t\t<\/div>\n\t\t\t\n\t\t\t\n\t\t\t\n\t\t<\/div>\n\t\t\n\t\t[vc_video link=&#8221;https:\/\/www.youtube.com\/watch?v=5rBM9tJbRHA&#8221; align=&#8221;center&#8221; image_poster_switch=&#8221;no&#8221;][\/vc_column][\/vc_row]<\/p>\n<\/section>","protected":false},"excerpt":{"rendered":"<p>Il rotolo igienico Clean4U \u00e8 realizzato in polietilene ad alta densit\u00e0 (HDPE) di alta qualit\u00e0. Poich\u00e9 l&#8217;HDPE non emette quasi nessuna sostanza chimica, \u00e8 il pi\u00f9 sicuro per la salute dell&#8217;utente. Un rotolo Clean4U ha una durata di 100 utilizzi. Una confezione contiene 50 rotoli igienici.<\/p>\n<p style=\"color: var(--wd-primary-color);\"><i class=\"fas fa-paperclip\" data-fip-value=\"fas fa-paperclip\"><\/i> <span style=\"padding-left: 5px;\"><a style=\"color: var(--wd-primary-color);\" href=\"\/wp-content\/uploads\/2022\/12\/clean4u-manuale-d-uso-IT.pdf\" target=\"_blank\" rel=\"noopener\">Manuale d&#8217;uso<\/a><\/span><\/p>\n","protected":false},"featured_media":9527,"template":"","meta":[],"product_brand":[],"product_cat":[108],"product_tag":[],"class_list":{"0":"post-9644","1":"product","2":"type-product","3":"status-publish","4":"has-post-thumbnail","6":"product_cat-shop-it","8":"first","9":"instock","10":"taxable","11":"shipping-taxable","12":"purchasable","13":"product-type-simple"},"yoast_head":"<!-- This site is optimized with the Yoast SEO plugin v27.1.1 - https:\/\/yoast.com\/product\/yoast-seo-wordpress\/ -->\n<title>Rotolo igienico Clean4U - confezione da 50 pezzi - Hygienic Seat - non si erano ancora viste delle tavolette del water cos\u00ec sane<\/title>\n<meta name=\"robots\" content=\"index, follow, max-snippet:-1, max-image-preview:large, max-video-preview:-1\" \/>\n<link rel=\"canonical\" href=\"https:\/\/hygienic-seat.com\/it\/prodotto\/rotolo-igienico-confezione-da-50-pezzi\" \/>\n<meta property=\"og:locale\" content=\"it_IT\" \/>\n<meta property=\"og:type\" content=\"article\" \/>\n<meta property=\"og:title\" content=\"Rotolo igienico Clean4U - confezione da 50 pezzi - Hygienic Seat - non si erano ancora viste delle tavolette del water cos\u00ec sane\" \/>\n<meta property=\"og:description\" content=\"Il rotolo igienico Clean4U \u00e8 realizzato in polietilene ad alta densit\u00e0 (HDPE) di alta qualit\u00e0. Poich\u00e9 l&#039;HDPE non emette quasi nessuna sostanza chimica, \u00e8 il pi\u00f9 sicuro per la salute dell&#039;utente. Un rotolo Clean4U ha una durata di 100 utilizzi. Una confezione contiene 50 rotoli igienici.  Manuale d&#039;uso\" \/>\n<meta property=\"og:url\" content=\"https:\/\/hygienic-seat.com\/it\/prodotto\/rotolo-igienico-confezione-da-50-pezzi\" \/>\n<meta property=\"og:site_name\" content=\"Hygienic Seat - non si erano ancora viste delle tavolette del water cos\u00ec sane\" \/>\n<meta property=\"article:modified_time\" content=\"2022-12-28T10:27:48+00:00\" \/>\n<meta property=\"og:image\" content=\"https:\/\/hygienic-seat.com\/wp-content\/uploads\/2022\/12\/IMG_8096_1500-1-rotated.jpg\" \/>\n\t<meta property=\"og:image:width\" content=\"1574\" \/>\n\t<meta property=\"og:image:height\" content=\"1500\" \/>\n\t<meta property=\"og:image:type\" content=\"image\/jpeg\" \/>\n<meta name=\"twitter:card\" content=\"summary_large_image\" \/>\n<meta name=\"twitter:label1\" content=\"Tempo di lettura stimato\" \/>\n\t<meta name=\"twitter:data1\" content=\"2 minuti\" \/>\n<script type=\"application\/ld+json\" class=\"yoast-schema-graph\">{\"@context\":\"https:\/\/schema.org\",\"@graph\":[{\"@type\":\"WebPage\",\"@id\":\"https:\/\/hygienic-seat.com\/it\/prodotto\/rotolo-igienico-confezione-da-50-pezzi\",\"url\":\"https:\/\/hygienic-seat.com\/it\/prodotto\/rotolo-igienico-confezione-da-50-pezzi\",\"name\":\"Rotolo igienico Clean4U - confezione da 50 pezzi - Hygienic Seat - non si erano ancora viste delle tavolette del water cos\u00ec sane\",\"isPartOf\":{\"@id\":\"https:\/\/hygienic-seat.com\/#website\"},\"primaryImageOfPage\":{\"@id\":\"https:\/\/hygienic-seat.com\/it\/prodotto\/rotolo-igienico-confezione-da-50-pezzi#primaryimage\"},\"image\":{\"@id\":\"https:\/\/hygienic-seat.com\/it\/prodotto\/rotolo-igienico-confezione-da-50-pezzi#primaryimage\"},\"thumbnailUrl\":\"https:\/\/hygienic-seat.com\/wp-content\/uploads\/2022\/12\/IMG_8096_1500-1-rotated.jpg\",\"datePublished\":\"2022-12-09T13:22:04+00:00\",\"dateModified\":\"2022-12-28T10:27:48+00:00\",\"breadcrumb\":{\"@id\":\"https:\/\/hygienic-seat.com\/it\/prodotto\/rotolo-igienico-confezione-da-50-pezzi#breadcrumb\"},\"inLanguage\":\"it-IT\",\"potentialAction\":[{\"@type\":\"ReadAction\",\"target\":[\"https:\/\/hygienic-seat.com\/it\/prodotto\/rotolo-igienico-confezione-da-50-pezzi\"]}]},{\"@type\":\"ImageObject\",\"inLanguage\":\"it-IT\",\"@id\":\"https:\/\/hygienic-seat.com\/it\/prodotto\/rotolo-igienico-confezione-da-50-pezzi#primaryimage\",\"url\":\"https:\/\/hygienic-seat.com\/wp-content\/uploads\/2022\/12\/IMG_8096_1500-1-rotated.jpg\",\"contentUrl\":\"https:\/\/hygienic-seat.com\/wp-content\/uploads\/2022\/12\/IMG_8096_1500-1-rotated.jpg\",\"width\":1574,\"height\":1500},{\"@type\":\"BreadcrumbList\",\"@id\":\"https:\/\/hygienic-seat.com\/it\/prodotto\/rotolo-igienico-confezione-da-50-pezzi#breadcrumb\",\"itemListElement\":[{\"@type\":\"ListItem\",\"position\":1,\"name\":\"Po\u010detna stranica\",\"item\":\"https:\/\/hygienic-seat.com\/it\"},{\"@type\":\"ListItem\",\"position\":2,\"name\":\"Shop\",\"item\":\"https:\/\/hygienic-seat.com\/it\/shop\"},{\"@type\":\"ListItem\",\"position\":3,\"name\":\"Rotolo igienico Clean4U &#8211; confezione da 50 pezzi\"}]},{\"@type\":\"WebSite\",\"@id\":\"https:\/\/hygienic-seat.com\/#website\",\"url\":\"https:\/\/hygienic-seat.com\/\",\"name\":\"Hygienic Seat - non si erano ancora viste delle tavolette del water cos\u00ec sane\",\"description\":\"\",\"publisher\":{\"@id\":\"https:\/\/hygienic-seat.com\/#organization\"},\"alternateName\":\"Hygienic Seat - toilet seats have never been this clean\",\"potentialAction\":[{\"@type\":\"SearchAction\",\"target\":{\"@type\":\"EntryPoint\",\"urlTemplate\":\"https:\/\/hygienic-seat.com\/?s={search_term_string}\"},\"query-input\":{\"@type\":\"PropertyValueSpecification\",\"valueRequired\":true,\"valueName\":\"search_term_string\"}}],\"inLanguage\":\"it-IT\"},{\"@type\":\"Organization\",\"@id\":\"https:\/\/hygienic-seat.com\/#organization\",\"name\":\"Hygienic Seat - non si erano ancora viste delle tavolette del water cos\u00ec sane\",\"alternateName\":\"Hygienic Seat - toilet seats have never been this clean\",\"url\":\"https:\/\/hygienic-seat.com\/\",\"logo\":{\"@type\":\"ImageObject\",\"inLanguage\":\"it-IT\",\"@id\":\"https:\/\/hygienic-seat.com\/#\/schema\/logo\/image\/\",\"url\":\"https:\/\/hygienic-seat.com\/wp-content\/uploads\/2022\/11\/CLEAN4U-logo-350.png\",\"contentUrl\":\"https:\/\/hygienic-seat.com\/wp-content\/uploads\/2022\/11\/CLEAN4U-logo-350.png\",\"width\":350,\"height\":329,\"caption\":\"Hygienic Seat - non si erano ancora viste delle tavolette del water cos\u00ec sane\"},\"image\":{\"@id\":\"https:\/\/hygienic-seat.com\/#\/schema\/logo\/image\/\"}}]}<\/script>\n<!-- \/ Yoast SEO plugin. -->","yoast_head_json":{"title":"Rotolo igienico Clean4U - confezione da 50 pezzi - Hygienic Seat - non si erano ancora viste delle tavolette del water cos\u00ec sane","robots":{"index":"index","follow":"follow","max-snippet":"max-snippet:-1","max-image-preview":"max-image-preview:large","max-video-preview":"max-video-preview:-1"},"canonical":"https:\/\/hygienic-seat.com\/it\/prodotto\/rotolo-igienico-confezione-da-50-pezzi","og_locale":"it_IT","og_type":"article","og_title":"Rotolo igienico Clean4U - confezione da 50 pezzi - Hygienic Seat - non si erano ancora viste delle tavolette del water cos\u00ec sane","og_description":"Il rotolo igienico Clean4U \u00e8 realizzato in polietilene ad alta densit\u00e0 (HDPE) di alta qualit\u00e0. Poich\u00e9 l'HDPE non emette quasi nessuna sostanza chimica, \u00e8 il pi\u00f9 sicuro per la salute dell'utente. Un rotolo Clean4U ha una durata di 100 utilizzi. Una confezione contiene 50 rotoli igienici.  Manuale d'uso","og_url":"https:\/\/hygienic-seat.com\/it\/prodotto\/rotolo-igienico-confezione-da-50-pezzi","og_site_name":"Hygienic Seat - non si erano ancora viste delle tavolette del water cos\u00ec sane","article_modified_time":"2022-12-28T10:27:48+00:00","og_image":[{"width":1574,"height":1500,"url":"https:\/\/hygienic-seat.com\/wp-content\/uploads\/2022\/12\/IMG_8096_1500-1-rotated.jpg","type":"image\/jpeg"}],"twitter_card":"summary_large_image","twitter_misc":{"Tempo di lettura stimato":"2 minuti"},"schema":{"@context":"https:\/\/schema.org","@graph":[{"@type":"WebPage","@id":"https:\/\/hygienic-seat.com\/it\/prodotto\/rotolo-igienico-confezione-da-50-pezzi","url":"https:\/\/hygienic-seat.com\/it\/prodotto\/rotolo-igienico-confezione-da-50-pezzi","name":"Rotolo igienico Clean4U - confezione da 50 pezzi - Hygienic Seat - non si erano ancora viste delle tavolette del water cos\u00ec sane","isPartOf":{"@id":"https:\/\/hygienic-seat.com\/#website"},"primaryImageOfPage":{"@id":"https:\/\/hygienic-seat.com\/it\/prodotto\/rotolo-igienico-confezione-da-50-pezzi#primaryimage"},"image":{"@id":"https:\/\/hygienic-seat.com\/it\/prodotto\/rotolo-igienico-confezione-da-50-pezzi#primaryimage"},"thumbnailUrl":"https:\/\/hygienic-seat.com\/wp-content\/uploads\/2022\/12\/IMG_8096_1500-1-rotated.jpg","datePublished":"2022-12-09T13:22:04+00:00","dateModified":"2022-12-28T10:27:48+00:00","breadcrumb":{"@id":"https:\/\/hygienic-seat.com\/it\/prodotto\/rotolo-igienico-confezione-da-50-pezzi#breadcrumb"},"inLanguage":"it-IT","potentialAction":[{"@type":"ReadAction","target":["https:\/\/hygienic-seat.com\/it\/prodotto\/rotolo-igienico-confezione-da-50-pezzi"]}]},{"@type":"ImageObject","inLanguage":"it-IT","@id":"https:\/\/hygienic-seat.com\/it\/prodotto\/rotolo-igienico-confezione-da-50-pezzi#primaryimage","url":"https:\/\/hygienic-seat.com\/wp-content\/uploads\/2022\/12\/IMG_8096_1500-1-rotated.jpg","contentUrl":"https:\/\/hygienic-seat.com\/wp-content\/uploads\/2022\/12\/IMG_8096_1500-1-rotated.jpg","width":1574,"height":1500},{"@type":"BreadcrumbList","@id":"https:\/\/hygienic-seat.com\/it\/prodotto\/rotolo-igienico-confezione-da-50-pezzi#breadcrumb","itemListElement":[{"@type":"ListItem","position":1,"name":"Po\u010detna stranica","item":"https:\/\/hygienic-seat.com\/it"},{"@type":"ListItem","position":2,"name":"Shop","item":"https:\/\/hygienic-seat.com\/it\/shop"},{"@type":"ListItem","position":3,"name":"Rotolo igienico Clean4U &#8211; confezione da 50 pezzi"}]},{"@type":"WebSite","@id":"https:\/\/hygienic-seat.com\/#website","url":"https:\/\/hygienic-seat.com\/","name":"Hygienic Seat - non si erano ancora viste delle tavolette del water cos\u00ec sane","description":"","publisher":{"@id":"https:\/\/hygienic-seat.com\/#organization"},"alternateName":"Hygienic Seat - toilet seats have never been this clean","potentialAction":[{"@type":"SearchAction","target":{"@type":"EntryPoint","urlTemplate":"https:\/\/hygienic-seat.com\/?s={search_term_string}"},"query-input":{"@type":"PropertyValueSpecification","valueRequired":true,"valueName":"search_term_string"}}],"inLanguage":"it-IT"},{"@type":"Organization","@id":"https:\/\/hygienic-seat.com\/#organization","name":"Hygienic Seat - non si erano ancora viste delle tavolette del water cos\u00ec sane","alternateName":"Hygienic Seat - toilet seats have never been this clean","url":"https:\/\/hygienic-seat.com\/","logo":{"@type":"ImageObject","inLanguage":"it-IT","@id":"https:\/\/hygienic-seat.com\/#\/schema\/logo\/image\/","url":"https:\/\/hygienic-seat.com\/wp-content\/uploads\/2022\/11\/CLEAN4U-logo-350.png","contentUrl":"https:\/\/hygienic-seat.com\/wp-content\/uploads\/2022\/11\/CLEAN4U-logo-350.png","width":350,"height":329,"caption":"Hygienic Seat - non si erano ancora viste delle tavolette del water cos\u00ec sane"},"image":{"@id":"https:\/\/hygienic-seat.com\/#\/schema\/logo\/image\/"}}]}},"_links":{"self":[{"href":"https:\/\/hygienic-seat.com\/it\/wp-json\/wp\/v2\/product\/9644","targetHints":{"allow":["GET"]}}],"collection":[{"href":"https:\/\/hygienic-seat.com\/it\/wp-json\/wp\/v2\/product"}],"about":[{"href":"https:\/\/hygienic-seat.com\/it\/wp-json\/wp\/v2\/types\/product"}],"wp:featuredmedia":[{"embeddable":true,"href":"https:\/\/hygienic-seat.com\/it\/wp-json\/wp\/v2\/media\/9527"}],"wp:attachment":[{"href":"https:\/\/hygienic-seat.com\/it\/wp-json\/wp\/v2\/media?parent=9644"}],"wp:term":[{"taxonomy":"product_brand","embeddable":true,"href":"https:\/\/hygienic-seat.com\/it\/wp-json\/wp\/v2\/product_brand?post=9644"},{"taxonomy":"product_cat","embeddable":true,"href":"https:\/\/hygienic-seat.com\/it\/wp-json\/wp\/v2\/product_cat?post=9644"},{"taxonomy":"product_tag","embeddable":true,"href":"https:\/\/hygienic-seat.com\/it\/wp-json\/wp\/v2\/product_tag?post=9644"}],"curies":[{"name":"wp","href":"https:\/\/api.w.org\/{rel}","templated":true}]}}