{"id":9663,"date":"2022-11-15T14:13:17","date_gmt":"2022-11-15T13:13:17","guid":{"rendered":"https:\/\/hygienic-seat.com\/reklamacije-i-povrat"},"modified":"2022-12-28T10:11:23","modified_gmt":"2022-12-28T09:11:23","slug":"reclami-e-resi","status":"publish","type":"page","link":"https:\/\/hygienic-seat.com\/it\/reclami-e-resi","title":{"rendered":"Reclami e resi"},"content":{"rendered":"<section class=\"wpb-content-wrapper\"><p>[vc_row el_class=&#8221;pravni-tekstovi&#8221; woodmart_css_id=&#8221;637362c6a4f13&#8243; responsive_spacing=&#8221;eyJwYXJhbV90eXBlIjoid29vZG1hcnRfcmVzcG9uc2l2ZV9zcGFjaW5nIiwic2VsZWN0b3JfaWQiOiI2MzczNjJjNmE0ZjEzIiwic2hvcnRjb2RlIjoidmNfcm93IiwiZGF0YSI6eyJ0YWJsZXQiOnt9LCJtb2JpbGUiOnt9fX0=&#8221; mobile_bg_img_hidden=&#8221;no&#8221; tablet_bg_img_hidden=&#8221;no&#8221; woodmart_parallax=&#8221;0&#8243; woodmart_gradient_switch=&#8221;no&#8221; woodmart_box_shadow=&#8221;no&#8221; wd_z_index=&#8221;no&#8221; woodmart_disable_overflow=&#8221;0&#8243; row_reverse_mobile=&#8221;0&#8243; row_reverse_tablet=&#8221;0&#8243;][vc_column][vc_column_text woodmart_inline=&#8221;no&#8221; text_larger=&#8221;no&#8221;]<\/p>\n<h3>RECLAMI E RESI<\/h3>\n<p>Se il cliente \u00e8 insoddisfatto per qualsiasi motivo, ha il diritto di restituire la merce o di risolvere unilateralmente il contratto entro 14 giorni, ai sensi della legge sulla tutela dei consumatori, art. 57 e artt. 72 (<a href=\"http:\/\/narodne-novine.nn.hr\/clanci\/sluzbeni\/2014_03_41_723.html\">qui<\/a> potete leggere l&#8217;intero testo dell&#8217;atto). In caso di reclamo o risoluzione unilaterale del contratto, l&#8217;Acquirente \u00e8 obbligato a restituire il prodotto al Venditore a proprie spese. L&#8217;acquirente \u00e8 responsabile dell&#8217;eventuale diminuzione del valore della merce risultante dalla manipolazione della merce, fatta eccezione per quella necessaria per determinare la natura, le caratteristiche e la funzionalit\u00e0 della merce. Il venditore \u00e8 obbligato entro 14 giorni dalla data di ricezione del reclamo scritto all&#8217;Acquirente a sostituire il prodotto oa restituire l&#8217;intero importo pagato all&#8217;Acquirente, a decorrere dal ricevimento della comunicazione scritta di risoluzione unilaterale del contratto. Puoi anche inviare la notifica tramite il modulo di reclamo sottostante, tramite <a href=\"mailto:info@hygienic-seat.com\">e-mail<\/a>, o per posta.<\/p>\n<p>Il venditore approver\u00e0 la restituzione della merce all&#8217;acquirente dopo aver ricevuto il reclamo via e-mail, tramite il modulo sottostante o in altro modo specificato. In caso di impossibilit\u00e0 di consegnare altra merce, il Venditore risarcir\u00e0 all&#8217;Acquirente le spese postali di restituzione della merce e l&#8217;eventuale valore della merce che non \u00e8 pi\u00f9 in grado di consegnare. In caso di restituzione della merce non causata da colpa del venditore, l&#8217;acquirente si assume tutte le spese di gestione sostenute.<\/p>\n<p>Se successivamente hai scoperto un vizio o un danno alla merce che non si \u00e8 verificato durante il trasporto, vuoi avvalerti del tuo diritto di recedere unilateralmente dal contratto, o hai qualsiasi altro reclamo entro il periodo di garanzia o al di fuori del periodo di garanzia, non esitare a contattare noi utilizzando il modulo sottostante. Risponderemo al tuo reclamo per iscritto il prima possibile e non oltre 14 giorni dopo aver ricevuto il reclamo.<\/p>\n<h4>RISOLUZIONE ONLINE DELLE CONTROVERSIE<\/h4>\n<p>Secondo un apposito regolamento dell&#8217;Unione Europea, dal 15 febbraio 2016, sar\u00e0 possibile risolvere le controversie relative agli acquisti online in tutta l&#8217;UE attraverso la piattaforma ODR, a cui puoi accedere <a href=\"http:\/\/ec.europa.eu\/consumers\/odr\/\">qui<\/a>.<\/p>\n<p>Ci\u00f2 significa che se riscontri un problema durante un acquisto online all&#8217;interno dell&#8217;UE (prodotto difettoso, impossibilit\u00e0 di cambiare un prodotto, ecc.), puoi presentare il tuo reclamo in modo pi\u00f9 semplice e veloce al link sopra.<\/p>\n<p>La piattaforma pu\u00f2 essere utilizzata sia dai consumatori che dai commercianti e i reclami possono essere presentati in una qualsiasi delle 23 lingue ufficiali dell&#8217;UE.<\/p>\n<h4>MODULO DI RECLAMO E RESO DELLA MERCE<\/h4>\n<div class=\"wpcf7 no-js\" id=\"wpcf7-f9666-o1\" lang=\"en-US\" dir=\"ltr\" data-wpcf7-id=\"9666\">\n<div class=\"screen-reader-response\"><p role=\"status\" aria-live=\"polite\" aria-atomic=\"true\"><\/p> <ul><\/ul><\/div>\n<form action=\"\/it\/wp-json\/wp\/v2\/pages\/9663#wpcf7-f9666-o1\" method=\"post\" class=\"wpcf7-form init\" aria-label=\"Contact form\" novalidate=\"novalidate\" data-status=\"init\">\n<fieldset class=\"hidden-fields-container\"><input type=\"hidden\" name=\"_wpcf7\" value=\"9666\" \/><input type=\"hidden\" name=\"_wpcf7_version\" value=\"6.1.5\" \/><input type=\"hidden\" name=\"_wpcf7_locale\" value=\"en_US\" \/><input type=\"hidden\" name=\"_wpcf7_unit_tag\" value=\"wpcf7-f9666-o1\" \/><input type=\"hidden\" name=\"_wpcf7_container_post\" value=\"0\" \/><input type=\"hidden\" name=\"_wpcf7_posted_data_hash\" value=\"\" \/><input type=\"hidden\" name=\"_wpcf7_recaptcha_response\" value=\"\" \/>\n<\/fieldset>\n<p>Nome, cognome e\/o ragione sociale *\n<\/p>\n<p><span class=\"wpcf7-form-control-wrap\" data-name=\"tvrtka\"><input size=\"40\" maxlength=\"400\" class=\"wpcf7-form-control wpcf7-text wpcf7-validates-as-required\" aria-required=\"true\" aria-invalid=\"false\" value=\"\" type=\"text\" name=\"tvrtka\" \/><\/span>\n<\/p>\n<p>Via, luogo e codice postale *\n<\/p>\n<p><span class=\"wpcf7-form-control-wrap\" data-name=\"adresa\"><input size=\"40\" maxlength=\"400\" class=\"wpcf7-form-control wpcf7-text wpcf7-validates-as-required\" aria-required=\"true\" aria-invalid=\"false\" value=\"\" type=\"text\" name=\"adresa\" \/><\/span>\n<\/p>\n<p>Indirizzo e-mail *\n<\/p>\n<p><span class=\"wpcf7-form-control-wrap\" data-name=\"email\"><input size=\"40\" maxlength=\"400\" class=\"wpcf7-form-control wpcf7-email wpcf7-validates-as-required wpcf7-text wpcf7-validates-as-email\" aria-required=\"true\" aria-invalid=\"false\" value=\"\" type=\"email\" name=\"email\" \/><\/span>\n<\/p>\n<p>Telefono *\n<\/p>\n<p><span class=\"wpcf7-form-control-wrap\" data-name=\"telefon\"><input size=\"40\" maxlength=\"400\" class=\"wpcf7-form-control wpcf7-text wpcf7-validates-as-required\" aria-required=\"true\" aria-invalid=\"false\" value=\"\" type=\"text\" name=\"telefon\" \/><\/span>\n<\/p>\n<p>Numero fattura o ordine *\n<\/p>\n<p><span class=\"wpcf7-form-control-wrap\" data-name=\"racun\"><input size=\"40\" maxlength=\"400\" class=\"wpcf7-form-control wpcf7-text wpcf7-validates-as-required\" aria-required=\"true\" aria-invalid=\"false\" value=\"\" type=\"text\" name=\"racun\" \/><\/span>\n<\/p>\n<p>Data fattura o ordine *\n<\/p>\n<p><span class=\"wpcf7-form-control-wrap\" data-name=\"datum\"><input size=\"40\" maxlength=\"400\" class=\"wpcf7-form-control wpcf7-text wpcf7-validates-as-required\" aria-required=\"true\" aria-invalid=\"false\" value=\"\" type=\"text\" name=\"datum\" \/><\/span>\n<\/p>\n<h4 style=\"margin-top: 15px;\">INFORMAZIONI SUL PRODOTTO PUBBLICIZZATO\n<\/h4>\n<p>Nome del prodotto *\n<\/p>\n<p><span class=\"wpcf7-form-control-wrap\" data-name=\"naziv\"><input size=\"40\" maxlength=\"400\" class=\"wpcf7-form-control wpcf7-text wpcf7-validates-as-required\" aria-required=\"true\" aria-invalid=\"false\" value=\"\" type=\"text\" name=\"naziv\" \/><\/span>\n<\/p>\n<p>Identificatore\/codice prodotto (SKU) *\n<\/p>\n<p><span class=\"wpcf7-form-control-wrap\" data-name=\"oznaka\"><input size=\"40\" maxlength=\"400\" class=\"wpcf7-form-control wpcf7-text wpcf7-validates-as-required\" aria-required=\"true\" aria-invalid=\"false\" value=\"\" type=\"text\" name=\"oznaka\" \/><\/span>\n<\/p>\n<p>Quantit\u00e0 *\n<\/p>\n<p><span class=\"wpcf7-form-control-wrap\" data-name=\"kolicina\"><input size=\"40\" maxlength=\"400\" class=\"wpcf7-form-control wpcf7-text wpcf7-validates-as-required\" aria-required=\"true\" aria-invalid=\"false\" value=\"\" type=\"text\" name=\"kolicina\" \/><\/span>\n<\/p>\n<p>Descrizione dei difetti del prodotto e motivo del reso *\n<\/p>\n<p><span class=\"wpcf7-form-control-wrap\" data-name=\"your-message\"><textarea cols=\"40\" rows=\"10\" maxlength=\"2000\" class=\"wpcf7-form-control wpcf7-textarea wpcf7-validates-as-required\" aria-required=\"true\" aria-invalid=\"false\" name=\"your-message\"><\/textarea><\/span>\n<\/p>\n<p style=\"margin-bottom:25px;\">Questo sito \u00e8 protetto da reCAPTCHA e si applicano <a href=\"https:\/\/policies.google.com\/privacy\" target=\"_blank\">le Norme sulla privacy<\/a> e <a href=\"https:\/\/policies.google.com\/terms\" target=\"_blank\">i Termini di servizio<\/a> di Google.\n<\/p>\n<p><input class=\"wpcf7-form-control wpcf7-submit has-spinner\" type=\"submit\" value=\"Inviare\" \/>\n<\/p><div class=\"wpcf7-response-output\" aria-hidden=\"true\"><\/div>\n<\/form>\n<\/div>\n[\/vc_column_text][\/vc_column][\/vc_row]<\/p>\n<\/section>","protected":false},"excerpt":{"rendered":"<p>[vc_row el_class=&#8221;pravni-tekstovi&#8221; woodmart_css_id=&#8221;637362c6a4f13&#8243; responsive_spacing=&#8221;eyJwYXJhbV90eXBlIjoid29vZG1hcnRfcmVzcG9uc2l2ZV9zcGFjaW5nIiwic2VsZWN0b3JfaWQiOiI2MzczNjJjNmE0ZjEzIiwic2hvcnRjb2RlIjoidmNfcm93IiwiZGF0YSI6eyJ0YWJsZXQiOnt9LCJtb2JpbGUiOnt9fX0=&#8221; mobile_bg_img_hidden=&#8221;no&#8221; tablet_bg_img_hidden=&#8221;no&#8221; woodmart_parallax=&#8221;0&#8243; woodmart_gradient_switch=&#8221;no&#8221; woodmart_box_shadow=&#8221;no&#8221; wd_z_index=&#8221;no&#8221; woodmart_disable_overflow=&#8221;0&#8243; row_reverse_mobile=&#8221;0&#8243; row_reverse_tablet=&#8221;0&#8243;][vc_column][vc_column_text woodmart_inline=&#8221;no&#8221; text_larger=&#8221;no&#8221;] RECLAMI E RESI Se il<\/p>\n","protected":false},"author":2,"featured_media":0,"parent":0,"menu_order":0,"comment_status":"closed","ping_status":"closed","template":"","meta":{"footnotes":""},"class_list":["post-9663","page","type-page","status-publish","hentry"],"yoast_head":"<!-- This site is optimized with the Yoast SEO plugin v27.1.1 - https:\/\/yoast.com\/product\/yoast-seo-wordpress\/ -->\n<title>Reclami e resi - Hygienic Seat - non si erano ancora viste delle tavolette del water cos\u00ec sane<\/title>\n<meta name=\"robots\" content=\"index, follow, max-snippet:-1, max-image-preview:large, max-video-preview:-1\" \/>\n<link rel=\"canonical\" href=\"https:\/\/hygienic-seat.com\/it\/reclami-e-resi\" \/>\n<meta property=\"og:locale\" content=\"it_IT\" \/>\n<meta property=\"og:type\" content=\"article\" \/>\n<meta property=\"og:title\" content=\"Reclami e resi - Hygienic Seat - non si erano ancora viste delle tavolette del water cos\u00ec sane\" \/>\n<meta property=\"og:description\" content=\"[vc_row el_class=&#8221;pravni-tekstovi&#8221; woodmart_css_id=&#8221;637362c6a4f13&#8243; responsive_spacing=&#8221;eyJwYXJhbV90eXBlIjoid29vZG1hcnRfcmVzcG9uc2l2ZV9zcGFjaW5nIiwic2VsZWN0b3JfaWQiOiI2MzczNjJjNmE0ZjEzIiwic2hvcnRjb2RlIjoidmNfcm93IiwiZGF0YSI6eyJ0YWJsZXQiOnt9LCJtb2JpbGUiOnt9fX0=&#8221; mobile_bg_img_hidden=&#8221;no&#8221; tablet_bg_img_hidden=&#8221;no&#8221; woodmart_parallax=&#8221;0&#8243; woodmart_gradient_switch=&#8221;no&#8221; woodmart_box_shadow=&#8221;no&#8221; wd_z_index=&#8221;no&#8221; woodmart_disable_overflow=&#8221;0&#8243; row_reverse_mobile=&#8221;0&#8243; row_reverse_tablet=&#8221;0&#8243;][vc_column][vc_column_text woodmart_inline=&#8221;no&#8221; text_larger=&#8221;no&#8221;] RECLAMI E RESI Se il\" \/>\n<meta property=\"og:url\" content=\"https:\/\/hygienic-seat.com\/it\/reclami-e-resi\" \/>\n<meta property=\"og:site_name\" content=\"Hygienic Seat - non si erano ancora viste delle tavolette del water cos\u00ec sane\" \/>\n<meta property=\"article:modified_time\" content=\"2022-12-28T09:11:23+00:00\" \/>\n<meta property=\"og:image\" content=\"https:\/\/hygienic-seat.com\/wp-content\/uploads\/2022\/11\/CLEAN4U-logo-350.png\" \/>\n\t<meta property=\"og:image:width\" content=\"350\" \/>\n\t<meta property=\"og:image:height\" content=\"329\" \/>\n\t<meta property=\"og:image:type\" content=\"image\/png\" \/>\n<meta name=\"twitter:card\" content=\"summary_large_image\" \/>\n<meta name=\"twitter:label1\" content=\"Tempo di lettura stimato\" \/>\n\t<meta name=\"twitter:data1\" content=\"2 minuti\" \/>\n<script type=\"application\/ld+json\" class=\"yoast-schema-graph\">{\"@context\":\"https:\/\/schema.org\",\"@graph\":[{\"@type\":\"WebPage\",\"@id\":\"https:\/\/hygienic-seat.com\/it\/reclami-e-resi\",\"url\":\"https:\/\/hygienic-seat.com\/it\/reclami-e-resi\",\"name\":\"Reclami e resi - Hygienic Seat - non si erano ancora viste delle tavolette del water cos\u00ec sane\",\"isPartOf\":{\"@id\":\"https:\/\/hygienic-seat.com\/#website\"},\"datePublished\":\"2022-11-15T13:13:17+00:00\",\"dateModified\":\"2022-12-28T09:11:23+00:00\",\"breadcrumb\":{\"@id\":\"https:\/\/hygienic-seat.com\/it\/reclami-e-resi#breadcrumb\"},\"inLanguage\":\"it-IT\",\"potentialAction\":[{\"@type\":\"ReadAction\",\"target\":[\"https:\/\/hygienic-seat.com\/it\/reclami-e-resi\"]}]},{\"@type\":\"BreadcrumbList\",\"@id\":\"https:\/\/hygienic-seat.com\/it\/reclami-e-resi#breadcrumb\",\"itemListElement\":[{\"@type\":\"ListItem\",\"position\":1,\"name\":\"Po\u010detna stranica\",\"item\":\"https:\/\/hygienic-seat.com\/it\"},{\"@type\":\"ListItem\",\"position\":2,\"name\":\"Reclami e resi\"}]},{\"@type\":\"WebSite\",\"@id\":\"https:\/\/hygienic-seat.com\/#website\",\"url\":\"https:\/\/hygienic-seat.com\/\",\"name\":\"Hygienic Seat - non si erano ancora viste delle tavolette del water cos\u00ec sane\",\"description\":\"\",\"publisher\":{\"@id\":\"https:\/\/hygienic-seat.com\/#organization\"},\"alternateName\":\"Hygienic Seat - toilet seats have never been this clean\",\"potentialAction\":[{\"@type\":\"SearchAction\",\"target\":{\"@type\":\"EntryPoint\",\"urlTemplate\":\"https:\/\/hygienic-seat.com\/?s={search_term_string}\"},\"query-input\":{\"@type\":\"PropertyValueSpecification\",\"valueRequired\":true,\"valueName\":\"search_term_string\"}}],\"inLanguage\":\"it-IT\"},{\"@type\":\"Organization\",\"@id\":\"https:\/\/hygienic-seat.com\/#organization\",\"name\":\"Hygienic Seat - non si erano ancora viste delle tavolette del water cos\u00ec sane\",\"alternateName\":\"Hygienic Seat - toilet seats have never been this clean\",\"url\":\"https:\/\/hygienic-seat.com\/\",\"logo\":{\"@type\":\"ImageObject\",\"inLanguage\":\"it-IT\",\"@id\":\"https:\/\/hygienic-seat.com\/#\/schema\/logo\/image\/\",\"url\":\"https:\/\/hygienic-seat.com\/wp-content\/uploads\/2022\/11\/CLEAN4U-logo-350.png\",\"contentUrl\":\"https:\/\/hygienic-seat.com\/wp-content\/uploads\/2022\/11\/CLEAN4U-logo-350.png\",\"width\":350,\"height\":329,\"caption\":\"Hygienic Seat - non si erano ancora viste delle tavolette del water cos\u00ec sane\"},\"image\":{\"@id\":\"https:\/\/hygienic-seat.com\/#\/schema\/logo\/image\/\"}}]}<\/script>\n<!-- \/ Yoast SEO plugin. -->","yoast_head_json":{"title":"Reclami e resi - Hygienic Seat - non si erano ancora viste delle tavolette del water cos\u00ec sane","robots":{"index":"index","follow":"follow","max-snippet":"max-snippet:-1","max-image-preview":"max-image-preview:large","max-video-preview":"max-video-preview:-1"},"canonical":"https:\/\/hygienic-seat.com\/it\/reclami-e-resi","og_locale":"it_IT","og_type":"article","og_title":"Reclami e resi - Hygienic Seat - non si erano ancora viste delle tavolette del water cos\u00ec sane","og_description":"[vc_row el_class=&#8221;pravni-tekstovi&#8221; woodmart_css_id=&#8221;637362c6a4f13&#8243; responsive_spacing=&#8221;eyJwYXJhbV90eXBlIjoid29vZG1hcnRfcmVzcG9uc2l2ZV9zcGFjaW5nIiwic2VsZWN0b3JfaWQiOiI2MzczNjJjNmE0ZjEzIiwic2hvcnRjb2RlIjoidmNfcm93IiwiZGF0YSI6eyJ0YWJsZXQiOnt9LCJtb2JpbGUiOnt9fX0=&#8221; mobile_bg_img_hidden=&#8221;no&#8221; tablet_bg_img_hidden=&#8221;no&#8221; woodmart_parallax=&#8221;0&#8243; woodmart_gradient_switch=&#8221;no&#8221; woodmart_box_shadow=&#8221;no&#8221; wd_z_index=&#8221;no&#8221; woodmart_disable_overflow=&#8221;0&#8243; row_reverse_mobile=&#8221;0&#8243; row_reverse_tablet=&#8221;0&#8243;][vc_column][vc_column_text woodmart_inline=&#8221;no&#8221; text_larger=&#8221;no&#8221;] RECLAMI E RESI Se il","og_url":"https:\/\/hygienic-seat.com\/it\/reclami-e-resi","og_site_name":"Hygienic Seat - non si erano ancora viste delle tavolette del water cos\u00ec sane","article_modified_time":"2022-12-28T09:11:23+00:00","og_image":[{"width":350,"height":329,"url":"https:\/\/hygienic-seat.com\/wp-content\/uploads\/2022\/11\/CLEAN4U-logo-350.png","type":"image\/png"}],"twitter_card":"summary_large_image","twitter_misc":{"Tempo di lettura stimato":"2 minuti"},"schema":{"@context":"https:\/\/schema.org","@graph":[{"@type":"WebPage","@id":"https:\/\/hygienic-seat.com\/it\/reclami-e-resi","url":"https:\/\/hygienic-seat.com\/it\/reclami-e-resi","name":"Reclami e resi - Hygienic Seat - non si erano ancora viste delle tavolette del water cos\u00ec sane","isPartOf":{"@id":"https:\/\/hygienic-seat.com\/#website"},"datePublished":"2022-11-15T13:13:17+00:00","dateModified":"2022-12-28T09:11:23+00:00","breadcrumb":{"@id":"https:\/\/hygienic-seat.com\/it\/reclami-e-resi#breadcrumb"},"inLanguage":"it-IT","potentialAction":[{"@type":"ReadAction","target":["https:\/\/hygienic-seat.com\/it\/reclami-e-resi"]}]},{"@type":"BreadcrumbList","@id":"https:\/\/hygienic-seat.com\/it\/reclami-e-resi#breadcrumb","itemListElement":[{"@type":"ListItem","position":1,"name":"Po\u010detna stranica","item":"https:\/\/hygienic-seat.com\/it"},{"@type":"ListItem","position":2,"name":"Reclami e resi"}]},{"@type":"WebSite","@id":"https:\/\/hygienic-seat.com\/#website","url":"https:\/\/hygienic-seat.com\/","name":"Hygienic Seat - non si erano ancora viste delle tavolette del water cos\u00ec sane","description":"","publisher":{"@id":"https:\/\/hygienic-seat.com\/#organization"},"alternateName":"Hygienic Seat - toilet seats have never been this clean","potentialAction":[{"@type":"SearchAction","target":{"@type":"EntryPoint","urlTemplate":"https:\/\/hygienic-seat.com\/?s={search_term_string}"},"query-input":{"@type":"PropertyValueSpecification","valueRequired":true,"valueName":"search_term_string"}}],"inLanguage":"it-IT"},{"@type":"Organization","@id":"https:\/\/hygienic-seat.com\/#organization","name":"Hygienic Seat - non si erano ancora viste delle tavolette del water cos\u00ec sane","alternateName":"Hygienic Seat - toilet seats have never been this clean","url":"https:\/\/hygienic-seat.com\/","logo":{"@type":"ImageObject","inLanguage":"it-IT","@id":"https:\/\/hygienic-seat.com\/#\/schema\/logo\/image\/","url":"https:\/\/hygienic-seat.com\/wp-content\/uploads\/2022\/11\/CLEAN4U-logo-350.png","contentUrl":"https:\/\/hygienic-seat.com\/wp-content\/uploads\/2022\/11\/CLEAN4U-logo-350.png","width":350,"height":329,"caption":"Hygienic Seat - non si erano ancora viste delle tavolette del water cos\u00ec sane"},"image":{"@id":"https:\/\/hygienic-seat.com\/#\/schema\/logo\/image\/"}}]}},"_links":{"self":[{"href":"https:\/\/hygienic-seat.com\/it\/wp-json\/wp\/v2\/pages\/9663","targetHints":{"allow":["GET"]}}],"collection":[{"href":"https:\/\/hygienic-seat.com\/it\/wp-json\/wp\/v2\/pages"}],"about":[{"href":"https:\/\/hygienic-seat.com\/it\/wp-json\/wp\/v2\/types\/page"}],"author":[{"embeddable":true,"href":"https:\/\/hygienic-seat.com\/it\/wp-json\/wp\/v2\/users\/2"}],"replies":[{"embeddable":true,"href":"https:\/\/hygienic-seat.com\/it\/wp-json\/wp\/v2\/comments?post=9663"}],"version-history":[{"count":2,"href":"https:\/\/hygienic-seat.com\/it\/wp-json\/wp\/v2\/pages\/9663\/revisions"}],"predecessor-version":[{"id":9667,"href":"https:\/\/hygienic-seat.com\/it\/wp-json\/wp\/v2\/pages\/9663\/revisions\/9667"}],"wp:attachment":[{"href":"https:\/\/hygienic-seat.com\/it\/wp-json\/wp\/v2\/media?parent=9663"}],"curies":[{"name":"wp","href":"https:\/\/api.w.org\/{rel}","templated":true}]}}