{"id":9617,"date":"2022-11-15T08:46:31","date_gmt":"2022-11-15T07:46:31","guid":{"rendered":"https:\/\/hygienic-seat.com\/nasi-brendovi"},"modified":"2022-12-27T15:38:05","modified_gmt":"2022-12-27T14:38:05","slug":"i-nostri-marchi","status":"publish","type":"page","link":"https:\/\/hygienic-seat.com\/it\/i-nostri-marchi","title":{"rendered":"I nostri marchi"},"content":{"rendered":"<section class=\"wpb-content-wrapper\"><p>[vc_row css=&#8221;.vc_custom_1668498641477{padding-top: 30px !important;}&#8221; woodmart_css_id=&#8221;637344ce325c8&#8243; responsive_spacing=&#8221;eyJwYXJhbV90eXBlIjoid29vZG1hcnRfcmVzcG9uc2l2ZV9zcGFjaW5nIiwic2VsZWN0b3JfaWQiOiI2MzczNDRjZTMyNWM4Iiwic2hvcnRjb2RlIjoidmNfcm93IiwiZGF0YSI6eyJ0YWJsZXQiOnt9LCJtb2JpbGUiOnt9fX0=&#8221; mobile_bg_img_hidden=&#8221;no&#8221; tablet_bg_img_hidden=&#8221;no&#8221; woodmart_parallax=&#8221;0&#8243; woodmart_gradient_switch=&#8221;no&#8221; woodmart_box_shadow=&#8221;no&#8221; wd_z_index=&#8221;no&#8221; woodmart_disable_overflow=&#8221;0&#8243; row_reverse_mobile=&#8221;0&#8243; row_reverse_tablet=&#8221;0&#8243;][vc_column width=&#8221;1\/2&#8243; css=&#8221;.vc_custom_1615617895716{padding-top: 0px !important;}&#8221; mobile_bg_img_hidden=&#8221;no&#8221; tablet_bg_img_hidden=&#8221;no&#8221; woodmart_parallax=&#8221;0&#8243; woodmart_sticky_column=&#8221;false&#8221; parallax_scroll=&#8221;no&#8221; mobile_reset_margin=&#8221;no&#8221; tablet_reset_margin=&#8221;no&#8221;]\t\t<div id=\"wd-63734c9ea2347\" class=\"wd-image wd-wpb wd-rs-63734c9ea2347 text-left \">\n\t\t\t\t\t\t\t<a href=\"http:\/\/www.ford-krainc.hr\/\"  target=\"_blank\">\n\t\t\t\n\t\t\t<img loading=\"lazy\" decoding=\"async\" width=\"800\" height=\"426\" src=\"https:\/\/hygienic-seat.com\/wp-content\/uploads\/2022\/11\/brend-ford-krainc-4.jpg\" class=\"attachment-medium\" alt=\"\" title=\"brend-ford-krainc-4\" srcset=\"https:\/\/hygienic-seat.com\/wp-content\/uploads\/2022\/11\/brend-ford-krainc-4.jpg 800w, https:\/\/hygienic-seat.com\/wp-content\/uploads\/2022\/11\/brend-ford-krainc-4-768x409.jpg 768w, https:\/\/hygienic-seat.com\/wp-content\/uploads\/2022\/11\/brend-ford-krainc-4-700x373.jpg 700w, https:\/\/hygienic-seat.com\/wp-content\/uploads\/2022\/11\/brend-ford-krainc-4-500x266.jpg 500w\" sizes=\"auto, (max-width: 800px) 100vw, 800px\" \/>\n\t\t\t\t\t\t\t<\/a>\n\t\t\t\t\t<\/div>\n\t\t\n\t\t<div id=\"wd-63734917bbe32\" class=\"title-wrapper wd-wpb set-mb-s reset-last-child  wd-rs-63734917bbe32 wd-title-color-default wd-title-style-default text-left vc_custom_1668499790676 wd-underline-colored\">\n\t\t\t\n\t\t\t<div class=\"liner-continer\">\n\t\t\t\t<h4 class=\"woodmart-title-container title  wd-font-weight- wd-fontsize-l\" >Krainc auto d.o.o.<\/h4>\n\t\t\t\t\t\t\t<\/div>\n\t\t\t\n\t\t\t\n\t\t\t\n\t\t<\/div>\n\t\t\n\t\t\t\t<div id=\"wd-63ab03223528e\" class=\"wd-text-block wd-wpb reset-last-child wd-rs-63ab03223528e text-left wd-fontsize-s \">\n\t\t\t<p><em>Dalla fondazione fino ad oggi, l&#8217;attivit\u00e0 principale dell&#8217;azienda \u00e8 la vendita e l&#8217;assistenza di autoveicoli. Da pi\u00f9 di 20 anni Krainc auto \u00e8 venditore e riparatore autorizzato di veicoli Ford per la regione litoraneo-montana.<\/em><\/p>\n<div class=\"lista\">\n<p class=\"item\">Web: <a href=\"http:\/\/www.ford-krainc.hr\/\" target=\"_blank\" rel=\"noopener\">www.ford-krainc.hr<\/a><\/p>\n<\/div>\n\t\t<\/div>\n\t\t[\/vc_column][vc_column width=&#8221;1\/2&#8243; css=&#8221;.vc_custom_1629877093976{padding-top: 0px !important;}&#8221; mobile_bg_img_hidden=&#8221;no&#8221; tablet_bg_img_hidden=&#8221;no&#8221; woodmart_parallax=&#8221;0&#8243; woodmart_sticky_column=&#8221;false&#8221; parallax_scroll=&#8221;no&#8221; mobile_reset_margin=&#8221;no&#8221; tablet_reset_margin=&#8221;no&#8221; wd_z_index=&#8221;no&#8221; woodmart_css_id=&#8221;6125f363cf509&#8243; responsive_spacing=&#8221;eyJwYXJhbV90eXBlIjoid29vZG1hcnRfcmVzcG9uc2l2ZV9zcGFjaW5nIiwic2VsZWN0b3JfaWQiOiI2MTI1ZjM2M2NmNTA5Iiwic2hvcnRjb2RlIjoidmNfY29sdW1uIiwiZGF0YSI6eyJ0YWJsZXQiOnt9LCJtb2JpbGUiOnt9fX0=&#8221;]\t\t<div id=\"wd-63734cad21735\" class=\"wd-image wd-wpb wd-rs-63734cad21735 text-left \">\n\t\t\t\t\t\t\t<a href=\"https:\/\/cargorent.hr\/\"  target=\"_blank\">\n\t\t\t\n\t\t\t<img loading=\"lazy\" decoding=\"async\" width=\"800\" height=\"426\" src=\"https:\/\/hygienic-seat.com\/wp-content\/uploads\/2022\/11\/brend-cargorent-4.jpg\" class=\"attachment-medium\" alt=\"\" title=\"brend-cargorent-4\" srcset=\"https:\/\/hygienic-seat.com\/wp-content\/uploads\/2022\/11\/brend-cargorent-4.jpg 800w, https:\/\/hygienic-seat.com\/wp-content\/uploads\/2022\/11\/brend-cargorent-4-768x409.jpg 768w, https:\/\/hygienic-seat.com\/wp-content\/uploads\/2022\/11\/brend-cargorent-4-700x373.jpg 700w, https:\/\/hygienic-seat.com\/wp-content\/uploads\/2022\/11\/brend-cargorent-4-500x266.jpg 500w\" sizes=\"auto, (max-width: 800px) 100vw, 800px\" \/>\n\t\t\t\t\t\t\t<\/a>\n\t\t\t\t\t<\/div>\n\t\t\n\t\t<div id=\"wd-6373498c32e4b\" class=\"title-wrapper wd-wpb set-mb-s reset-last-child  wd-rs-6373498c32e4b wd-title-color-default wd-title-style-default text-left vc_custom_1668499873169 wd-underline-colored\">\n\t\t\t\n\t\t\t<div class=\"liner-continer\">\n\t\t\t\t<h4 class=\"woodmart-title-container title  wd-font-weight- wd-fontsize-l\" >CargoRent Rijeka<\/h4>\n\t\t\t\t\t\t\t<\/div>\n\t\t\t\n\t\t\t\n\t\t\t\n\t\t<\/div>\n\t\t\n\t\t\t\t<div id=\"wd-63ab033a403aa\" class=\"wd-text-block wd-wpb reset-last-child wd-rs-63ab033a403aa text-left wd-fontsize-s \">\n\t\t\t<p><em>Noleggiare un furgone non \u00e8 mai stato cos\u00ec facile, economico, accessibile e veloce. Prezzi e tariffe accettabili &#8211; pi\u00f9 economici rispetto ad altri servizi di trasporto a noleggio di furgoni. La possibilit\u00e0 di aggiungere un guidatore in pi\u00f9 in caso di tragitti lunghi.<\/em><\/p>\n<p>Web: <a href=\"https:\/\/cargorent.hr\/\" target=\"_blank\" rel=\"noopener\">www.cargorent.hr<\/a><\/p>\n\t\t<\/div>\n\t\t[\/vc_column][\/vc_row]<\/p>\n<\/section>","protected":false},"excerpt":{"rendered":"<p>[vc_row css=&#8221;.vc_custom_1668498641477{padding-top: 30px !important;}&#8221; woodmart_css_id=&#8221;637344ce325c8&#8243; responsive_spacing=&#8221;eyJwYXJhbV90eXBlIjoid29vZG1hcnRfcmVzcG9uc2l2ZV9zcGFjaW5nIiwic2VsZWN0b3JfaWQiOiI2MzczNDRjZTMyNWM4Iiwic2hvcnRjb2RlIjoidmNfcm93IiwiZGF0YSI6eyJ0YWJsZXQiOnt9LCJtb2JpbGUiOnt9fX0=&#8221; mobile_bg_img_hidden=&#8221;no&#8221; tablet_bg_img_hidden=&#8221;no&#8221; woodmart_parallax=&#8221;0&#8243; woodmart_gradient_switch=&#8221;no&#8221; woodmart_box_shadow=&#8221;no&#8221; wd_z_index=&#8221;no&#8221; woodmart_disable_overflow=&#8221;0&#8243; row_reverse_mobile=&#8221;0&#8243; row_reverse_tablet=&#8221;0&#8243;][vc_column width=&#8221;1\/2&#8243; css=&#8221;.vc_custom_1615617895716{padding-top: 0px !important;}&#8221; mobile_bg_img_hidden=&#8221;no&#8221;<\/p>\n","protected":false},"author":2,"featured_media":0,"parent":0,"menu_order":0,"comment_status":"closed","ping_status":"closed","template":"","meta":{"footnotes":""},"class_list":["post-9617","page","type-page","status-publish","hentry"],"yoast_head":"<!-- This site is optimized with the Yoast SEO plugin v27.1.1 - https:\/\/yoast.com\/product\/yoast-seo-wordpress\/ -->\n<title>I nostri marchi - Hygienic Seat - non si erano ancora viste delle tavolette del water cos\u00ec sane<\/title>\n<meta name=\"robots\" content=\"index, follow, max-snippet:-1, max-image-preview:large, max-video-preview:-1\" \/>\n<link rel=\"canonical\" href=\"https:\/\/hygienic-seat.com\/it\/i-nostri-marchi\" \/>\n<meta property=\"og:locale\" content=\"it_IT\" \/>\n<meta property=\"og:type\" content=\"article\" \/>\n<meta property=\"og:title\" content=\"I nostri marchi - Hygienic Seat - non si erano ancora viste delle tavolette del water cos\u00ec sane\" \/>\n<meta property=\"og:description\" content=\"[vc_row css=&#8221;.vc_custom_1668498641477{padding-top: 30px !important;}&#8221; woodmart_css_id=&#8221;637344ce325c8&#8243; responsive_spacing=&#8221;eyJwYXJhbV90eXBlIjoid29vZG1hcnRfcmVzcG9uc2l2ZV9zcGFjaW5nIiwic2VsZWN0b3JfaWQiOiI2MzczNDRjZTMyNWM4Iiwic2hvcnRjb2RlIjoidmNfcm93IiwiZGF0YSI6eyJ0YWJsZXQiOnt9LCJtb2JpbGUiOnt9fX0=&#8221; mobile_bg_img_hidden=&#8221;no&#8221; tablet_bg_img_hidden=&#8221;no&#8221; woodmart_parallax=&#8221;0&#8243; woodmart_gradient_switch=&#8221;no&#8221; woodmart_box_shadow=&#8221;no&#8221; wd_z_index=&#8221;no&#8221; woodmart_disable_overflow=&#8221;0&#8243; row_reverse_mobile=&#8221;0&#8243; row_reverse_tablet=&#8221;0&#8243;][vc_column width=&#8221;1\/2&#8243; css=&#8221;.vc_custom_1615617895716{padding-top: 0px !important;}&#8221; mobile_bg_img_hidden=&#8221;no&#8221;\" \/>\n<meta property=\"og:url\" content=\"https:\/\/hygienic-seat.com\/it\/i-nostri-marchi\" \/>\n<meta property=\"og:site_name\" content=\"Hygienic Seat - non si erano ancora viste delle tavolette del water cos\u00ec sane\" \/>\n<meta property=\"article:modified_time\" content=\"2022-12-27T14:38:05+00:00\" \/>\n<meta property=\"og:image\" content=\"https:\/\/hygienic-seat.com\/wp-content\/uploads\/2022\/11\/CLEAN4U-logo-350.png\" \/>\n\t<meta property=\"og:image:width\" content=\"350\" \/>\n\t<meta property=\"og:image:height\" content=\"329\" \/>\n\t<meta property=\"og:image:type\" content=\"image\/png\" \/>\n<meta name=\"twitter:card\" content=\"summary_large_image\" \/>\n<meta name=\"twitter:label1\" content=\"Tempo di lettura stimato\" \/>\n\t<meta name=\"twitter:data1\" content=\"1 minuto\" \/>\n<script type=\"application\/ld+json\" class=\"yoast-schema-graph\">{\"@context\":\"https:\/\/schema.org\",\"@graph\":[{\"@type\":\"WebPage\",\"@id\":\"https:\/\/hygienic-seat.com\/it\/i-nostri-marchi\",\"url\":\"https:\/\/hygienic-seat.com\/it\/i-nostri-marchi\",\"name\":\"I nostri marchi - Hygienic Seat - non si erano ancora viste delle tavolette del water cos\u00ec sane\",\"isPartOf\":{\"@id\":\"https:\/\/hygienic-seat.com\/#website\"},\"datePublished\":\"2022-11-15T07:46:31+00:00\",\"dateModified\":\"2022-12-27T14:38:05+00:00\",\"breadcrumb\":{\"@id\":\"https:\/\/hygienic-seat.com\/it\/i-nostri-marchi#breadcrumb\"},\"inLanguage\":\"it-IT\",\"potentialAction\":[{\"@type\":\"ReadAction\",\"target\":[\"https:\/\/hygienic-seat.com\/it\/i-nostri-marchi\"]}]},{\"@type\":\"BreadcrumbList\",\"@id\":\"https:\/\/hygienic-seat.com\/it\/i-nostri-marchi#breadcrumb\",\"itemListElement\":[{\"@type\":\"ListItem\",\"position\":1,\"name\":\"Po\u010detna stranica\",\"item\":\"https:\/\/hygienic-seat.com\/it\"},{\"@type\":\"ListItem\",\"position\":2,\"name\":\"I nostri marchi\"}]},{\"@type\":\"WebSite\",\"@id\":\"https:\/\/hygienic-seat.com\/#website\",\"url\":\"https:\/\/hygienic-seat.com\/\",\"name\":\"Hygienic Seat - non si erano ancora viste delle tavolette del water cos\u00ec sane\",\"description\":\"\",\"publisher\":{\"@id\":\"https:\/\/hygienic-seat.com\/#organization\"},\"alternateName\":\"Hygienic Seat - toilet seats have never been this clean\",\"potentialAction\":[{\"@type\":\"SearchAction\",\"target\":{\"@type\":\"EntryPoint\",\"urlTemplate\":\"https:\/\/hygienic-seat.com\/?s={search_term_string}\"},\"query-input\":{\"@type\":\"PropertyValueSpecification\",\"valueRequired\":true,\"valueName\":\"search_term_string\"}}],\"inLanguage\":\"it-IT\"},{\"@type\":\"Organization\",\"@id\":\"https:\/\/hygienic-seat.com\/#organization\",\"name\":\"Hygienic Seat - non si erano ancora viste delle tavolette del water cos\u00ec sane\",\"alternateName\":\"Hygienic Seat - toilet seats have never been this clean\",\"url\":\"https:\/\/hygienic-seat.com\/\",\"logo\":{\"@type\":\"ImageObject\",\"inLanguage\":\"it-IT\",\"@id\":\"https:\/\/hygienic-seat.com\/#\/schema\/logo\/image\/\",\"url\":\"https:\/\/hygienic-seat.com\/wp-content\/uploads\/2022\/11\/CLEAN4U-logo-350.png\",\"contentUrl\":\"https:\/\/hygienic-seat.com\/wp-content\/uploads\/2022\/11\/CLEAN4U-logo-350.png\",\"width\":350,\"height\":329,\"caption\":\"Hygienic Seat - non si erano ancora viste delle tavolette del water cos\u00ec sane\"},\"image\":{\"@id\":\"https:\/\/hygienic-seat.com\/#\/schema\/logo\/image\/\"}}]}<\/script>\n<!-- \/ Yoast SEO plugin. -->","yoast_head_json":{"title":"I nostri marchi - Hygienic Seat - non si erano ancora viste delle tavolette del water cos\u00ec sane","robots":{"index":"index","follow":"follow","max-snippet":"max-snippet:-1","max-image-preview":"max-image-preview:large","max-video-preview":"max-video-preview:-1"},"canonical":"https:\/\/hygienic-seat.com\/it\/i-nostri-marchi","og_locale":"it_IT","og_type":"article","og_title":"I nostri marchi - Hygienic Seat - non si erano ancora viste delle tavolette del water cos\u00ec sane","og_description":"[vc_row css=&#8221;.vc_custom_1668498641477{padding-top: 30px !important;}&#8221; woodmart_css_id=&#8221;637344ce325c8&#8243; responsive_spacing=&#8221;eyJwYXJhbV90eXBlIjoid29vZG1hcnRfcmVzcG9uc2l2ZV9zcGFjaW5nIiwic2VsZWN0b3JfaWQiOiI2MzczNDRjZTMyNWM4Iiwic2hvcnRjb2RlIjoidmNfcm93IiwiZGF0YSI6eyJ0YWJsZXQiOnt9LCJtb2JpbGUiOnt9fX0=&#8221; mobile_bg_img_hidden=&#8221;no&#8221; tablet_bg_img_hidden=&#8221;no&#8221; woodmart_parallax=&#8221;0&#8243; woodmart_gradient_switch=&#8221;no&#8221; woodmart_box_shadow=&#8221;no&#8221; wd_z_index=&#8221;no&#8221; woodmart_disable_overflow=&#8221;0&#8243; row_reverse_mobile=&#8221;0&#8243; row_reverse_tablet=&#8221;0&#8243;][vc_column width=&#8221;1\/2&#8243; css=&#8221;.vc_custom_1615617895716{padding-top: 0px !important;}&#8221; mobile_bg_img_hidden=&#8221;no&#8221;","og_url":"https:\/\/hygienic-seat.com\/it\/i-nostri-marchi","og_site_name":"Hygienic Seat - non si erano ancora viste delle tavolette del water cos\u00ec sane","article_modified_time":"2022-12-27T14:38:05+00:00","og_image":[{"width":350,"height":329,"url":"https:\/\/hygienic-seat.com\/wp-content\/uploads\/2022\/11\/CLEAN4U-logo-350.png","type":"image\/png"}],"twitter_card":"summary_large_image","twitter_misc":{"Tempo di lettura stimato":"1 minuto"},"schema":{"@context":"https:\/\/schema.org","@graph":[{"@type":"WebPage","@id":"https:\/\/hygienic-seat.com\/it\/i-nostri-marchi","url":"https:\/\/hygienic-seat.com\/it\/i-nostri-marchi","name":"I nostri marchi - Hygienic Seat - non si erano ancora viste delle tavolette del water cos\u00ec sane","isPartOf":{"@id":"https:\/\/hygienic-seat.com\/#website"},"datePublished":"2022-11-15T07:46:31+00:00","dateModified":"2022-12-27T14:38:05+00:00","breadcrumb":{"@id":"https:\/\/hygienic-seat.com\/it\/i-nostri-marchi#breadcrumb"},"inLanguage":"it-IT","potentialAction":[{"@type":"ReadAction","target":["https:\/\/hygienic-seat.com\/it\/i-nostri-marchi"]}]},{"@type":"BreadcrumbList","@id":"https:\/\/hygienic-seat.com\/it\/i-nostri-marchi#breadcrumb","itemListElement":[{"@type":"ListItem","position":1,"name":"Po\u010detna stranica","item":"https:\/\/hygienic-seat.com\/it"},{"@type":"ListItem","position":2,"name":"I nostri marchi"}]},{"@type":"WebSite","@id":"https:\/\/hygienic-seat.com\/#website","url":"https:\/\/hygienic-seat.com\/","name":"Hygienic Seat - non si erano ancora viste delle tavolette del water cos\u00ec sane","description":"","publisher":{"@id":"https:\/\/hygienic-seat.com\/#organization"},"alternateName":"Hygienic Seat - toilet seats have never been this clean","potentialAction":[{"@type":"SearchAction","target":{"@type":"EntryPoint","urlTemplate":"https:\/\/hygienic-seat.com\/?s={search_term_string}"},"query-input":{"@type":"PropertyValueSpecification","valueRequired":true,"valueName":"search_term_string"}}],"inLanguage":"it-IT"},{"@type":"Organization","@id":"https:\/\/hygienic-seat.com\/#organization","name":"Hygienic Seat - non si erano ancora viste delle tavolette del water cos\u00ec sane","alternateName":"Hygienic Seat - toilet seats have never been this clean","url":"https:\/\/hygienic-seat.com\/","logo":{"@type":"ImageObject","inLanguage":"it-IT","@id":"https:\/\/hygienic-seat.com\/#\/schema\/logo\/image\/","url":"https:\/\/hygienic-seat.com\/wp-content\/uploads\/2022\/11\/CLEAN4U-logo-350.png","contentUrl":"https:\/\/hygienic-seat.com\/wp-content\/uploads\/2022\/11\/CLEAN4U-logo-350.png","width":350,"height":329,"caption":"Hygienic Seat - non si erano ancora viste delle tavolette del water cos\u00ec sane"},"image":{"@id":"https:\/\/hygienic-seat.com\/#\/schema\/logo\/image\/"}}]}},"_links":{"self":[{"href":"https:\/\/hygienic-seat.com\/it\/wp-json\/wp\/v2\/pages\/9617","targetHints":{"allow":["GET"]}}],"collection":[{"href":"https:\/\/hygienic-seat.com\/it\/wp-json\/wp\/v2\/pages"}],"about":[{"href":"https:\/\/hygienic-seat.com\/it\/wp-json\/wp\/v2\/types\/page"}],"author":[{"embeddable":true,"href":"https:\/\/hygienic-seat.com\/it\/wp-json\/wp\/v2\/users\/2"}],"replies":[{"embeddable":true,"href":"https:\/\/hygienic-seat.com\/it\/wp-json\/wp\/v2\/comments?post=9617"}],"version-history":[{"count":3,"href":"https:\/\/hygienic-seat.com\/it\/wp-json\/wp\/v2\/pages\/9617\/revisions"}],"predecessor-version":[{"id":9622,"href":"https:\/\/hygienic-seat.com\/it\/wp-json\/wp\/v2\/pages\/9617\/revisions\/9622"}],"wp:attachment":[{"href":"https:\/\/hygienic-seat.com\/it\/wp-json\/wp\/v2\/media?parent=9617"}],"curies":[{"name":"wp","href":"https:\/\/api.w.org\/{rel}","templated":true}]}}