{"id":9602,"date":"2022-11-15T11:06:06","date_gmt":"2022-11-15T10:06:06","guid":{"rendered":"https:\/\/hygienic-seat.com\/nacini-placanja"},"modified":"2023-01-02T08:50:56","modified_gmt":"2023-01-02T07:50:56","slug":"modalita-di-pagamento","status":"publish","type":"page","link":"https:\/\/hygienic-seat.com\/it\/modalita-di-pagamento","title":{"rendered":"Modalit\u00e0 di pagamento"},"content":{"rendered":"<section class=\"wpb-content-wrapper\"><p>[vc_row el_class=&#8221;pravni-tekstovi&#8221; woodmart_css_id=&#8221;637362c6a4f13&#8243; responsive_spacing=&#8221;eyJwYXJhbV90eXBlIjoid29vZG1hcnRfcmVzcG9uc2l2ZV9zcGFjaW5nIiwic2VsZWN0b3JfaWQiOiI2MzczNjJjNmE0ZjEzIiwic2hvcnRjb2RlIjoidmNfcm93IiwiZGF0YSI6eyJ0YWJsZXQiOnt9LCJtb2JpbGUiOnt9fX0=&#8221; mobile_bg_img_hidden=&#8221;no&#8221; tablet_bg_img_hidden=&#8221;no&#8221; woodmart_parallax=&#8221;0&#8243; woodmart_gradient_switch=&#8221;no&#8221; woodmart_box_shadow=&#8221;no&#8221; wd_z_index=&#8221;no&#8221; woodmart_disable_overflow=&#8221;0&#8243; row_reverse_mobile=&#8221;0&#8243; row_reverse_tablet=&#8221;0&#8243;][vc_column][vc_column_text woodmart_inline=&#8221;no&#8221; text_larger=&#8221;no&#8221;]<\/p>\n<h3>MODALIT\u00c0 DI PAGAMENTO<\/h3>\n<h4>1. Con transazione bancaria<\/h4>\n<p>Pagamento tramite internet banking o vaglia postale secondo la nostra offerta. Il prezzo \u00e8 lo stesso dei contanti. Inviamo la merce dopo aver ricevuto il pagamento sul nostro conto.<\/p>\n<p><strong>Beneficiario:<\/strong><\/p>\n<p>Krainc auto d.o.o.<br \/>\nKa\u010djak 2, 51000 Rijeka, Croazia<\/p>\n<p>OIB: 56357939924<br \/>\nBanca: Erste&amp;Steierm\u00e4rkische Bank d.d.<br \/>\nIBAN: HR5124020061100103270<br \/>\nSWIFT: ESBCHR22<\/p>\n<p>Segui le istruzioni che riceverai dopo aver effettuato l&#8217;ordine. Presta attenzione all&#8217;importo che devi pagare. Si prega di effettuare il pagamento entro il termine in base al valore dell&#8217;offerta ricevuta, altrimenti non possiamo garantire la disponibilit\u00e0 della merce e annulleremo l&#8217;ordine non pagato.<\/p>\n<h4>2. Con carta di credito o debito<\/h4>\n<p>Pagamento direttamente via Internet, utilizzando i servizi di pagamento con carta: Visa Electron, American Express, MasterCard, Maestro, Visa e Diners.<\/p>\n<div style=\"padding-bottom: 30px;\" align=\"left\"><a href=\"https:\/\/www.vivawallet.com\/hr_hr\" target=\"_blank\" rel=\"noopener noreferrer\"><img decoding=\"async\" src=\"\/wp-content\/uploads\/2022\/11\/VIVA_WALLET_logo.jpg\" alt=\"Viva Wallet\" \/><\/a>\u00a0<a href=\"https:\/\/www.apple.com\/apple-pay\/\" target=\"_blank\" rel=\"noopener noreferrer\"><img decoding=\"async\" src=\"\/wp-content\/uploads\/2022\/11\/applepay.png\" alt=\"Apple Pay\" \/><\/a>\u00a0<a href=\"https:\/\/pay.google.com\/\" target=\"_blank\" rel=\"noopener noreferrer\"><img decoding=\"async\" src=\"\/wp-content\/uploads\/2022\/11\/googlepay.jpg\" alt=\"Google Pay\" \/><\/a>\u00a0<a href=\"https:\/\/www.paypal.com\/\" target=\"_blank\" rel=\"noopener noreferrer\"><img decoding=\"async\" src=\"\/wp-content\/uploads\/2022\/11\/PayPalLogo.png\" alt=\"PayPal\" \/><\/a>\u00a0<a href=\"http:\/\/www.visa.com\" target=\"_blank\" rel=\"noopener noreferrer\"><img decoding=\"async\" src=\"\/wp-content\/uploads\/2022\/11\/pp_logo_122_v1.jpg\" alt=\"\" \/><\/a>\u00a0<a href=\"http:\/\/www.americanexpress.hr\/\" target=\"_blank\" rel=\"noopener noreferrer\"><img decoding=\"async\" src=\"\/wp-content\/uploads\/2022\/11\/AmericanExpress50.png\" \/><\/a>\u00a0<a href=\"http:\/\/www.mastercard.com\" target=\"&quot;_blank\" rel=\"noopener noreferrer\"><img decoding=\"async\" src=\"\/wp-content\/uploads\/2022\/11\/MasterCard50.gif\" alt=\"\" \/><\/a>\u00a0<a href=\"https:\/\/www.mastercard.hr\/hr-hr\/consumers\/find-card-products\/debit-cards\/maestro-debit.html\" target=\"_blank\" rel=\"noopener noreferrer\"><img decoding=\"async\" src=\"\/wp-content\/uploads\/2022\/11\/maestro50.gif\" alt=\"\" \/><\/a>\u00a0<a href=\"http:\/\/www.visa.com\" target=\"_blank\" rel=\"noopener noreferrer\"><img decoding=\"async\" src=\"\/wp-content\/uploads\/2022\/11\/Visa50.gif\" alt=\"\" \/><\/a>\u00a0<a href=\"http:\/\/www.diners.com.hr\" target=\"_blank\" rel=\"noopener noreferrer\"><img decoding=\"async\" src=\"\/wp-content\/uploads\/2022\/11\/diners_50.png\" \/><\/a><\/div>\n<h4>3. Pagamento in contrassegno (al ricevimento della spedizione)<\/h4>\n<p>I clienti del territorio della Repubblica di Croazia hanno, oltre alla possibilit\u00e0 di pagare con carte di credito e di debito, ulteriori opzioni di pagamento &#8211; pagamento in contrassegno.<\/p>\n<p>Consente al cliente di pagare l&#8217;importo dell&#8217;ordine al corriere al momento della consegna all&#8217;indirizzo.<\/p>\n<p>Il pagamento in contrassegno viene effettuato esclusivamente in contanti, ovvero non \u00e8 possibile pagare l&#8217;importo con carta di credito.<\/p>\n<h3>CONFORMIT\u00c0 ALLA PSD2<\/h3>\n<p>Viva Wallet \u00e8 conforme a tutti i protocolli di sicurezza delle transazioni PSD2, quindi tutti i pagamenti dei clienti rimangono al sicuro in qualsiasi soluzione Checkout di loro scelta.<\/p>\n<p>Viva Wallet Smart Checkout, plug-in e strumenti di pagamento sono completamente compatibili con PSD2 e 3DS \u00e8 gestito dagli emittenti di carte tramite SMS OTP.<br \/>\n<!--\n\n\n<h3><span data-mce-type=\"bookmark\" style=\"display: inline-block; width: 0px; overflow: hidden; line-height: 0;\" class=\"mce_SELRES_start\"><\/span>DICHIARAZIONE DI CONVERSIONE<\/h3>\n\n\nTutti i pagamenti saranno effettuati in kuna croata. L'importo addebitato sulla Carta di Credito si ottiene convertendo il prezzo da Euro a HRK secondo il tasso di cambio corrente della Banca Nazionale Croata. Quando addebiti sulla tua carta di credito, lo stesso importo viene convertito nella tua valuta locale in base al tasso di cambio delle societ\u00e0 di carte. Come risultato di questa conversione, c'\u00e8 la possibilit\u00e0 di una piccola differenza rispetto al prezzo indicato sul nostro sito web.-->[\/vc_column_text][\/vc_column][\/vc_row]<\/p>\n<\/section>","protected":false},"excerpt":{"rendered":"<p>[vc_row el_class=&#8221;pravni-tekstovi&#8221; woodmart_css_id=&#8221;637362c6a4f13&#8243; responsive_spacing=&#8221;eyJwYXJhbV90eXBlIjoid29vZG1hcnRfcmVzcG9uc2l2ZV9zcGFjaW5nIiwic2VsZWN0b3JfaWQiOiI2MzczNjJjNmE0ZjEzIiwic2hvcnRjb2RlIjoidmNfcm93IiwiZGF0YSI6eyJ0YWJsZXQiOnt9LCJtb2JpbGUiOnt9fX0=&#8221; mobile_bg_img_hidden=&#8221;no&#8221; tablet_bg_img_hidden=&#8221;no&#8221; woodmart_parallax=&#8221;0&#8243; woodmart_gradient_switch=&#8221;no&#8221; woodmart_box_shadow=&#8221;no&#8221; wd_z_index=&#8221;no&#8221; woodmart_disable_overflow=&#8221;0&#8243; row_reverse_mobile=&#8221;0&#8243; row_reverse_tablet=&#8221;0&#8243;][vc_column][vc_column_text woodmart_inline=&#8221;no&#8221; text_larger=&#8221;no&#8221;] MODALIT\u00c0 DI PAGAMENTO 1. Con<\/p>\n","protected":false},"author":2,"featured_media":0,"parent":0,"menu_order":0,"comment_status":"closed","ping_status":"closed","template":"","meta":{"footnotes":""},"class_list":["post-9602","page","type-page","status-publish","hentry"],"yoast_head":"<!-- This site is optimized with the Yoast SEO plugin v27.1.1 - https:\/\/yoast.com\/product\/yoast-seo-wordpress\/ -->\n<title>Modalit\u00e0 di pagamento - Hygienic Seat - non si erano ancora viste delle tavolette del water cos\u00ec sane<\/title>\n<meta name=\"robots\" content=\"index, follow, max-snippet:-1, max-image-preview:large, max-video-preview:-1\" \/>\n<link rel=\"canonical\" href=\"https:\/\/hygienic-seat.com\/it\/modalita-di-pagamento\" \/>\n<meta property=\"og:locale\" content=\"it_IT\" \/>\n<meta property=\"og:type\" content=\"article\" \/>\n<meta property=\"og:title\" content=\"Modalit\u00e0 di pagamento - Hygienic Seat - non si erano ancora viste delle tavolette del water cos\u00ec sane\" \/>\n<meta property=\"og:description\" content=\"[vc_row el_class=&#8221;pravni-tekstovi&#8221; woodmart_css_id=&#8221;637362c6a4f13&#8243; responsive_spacing=&#8221;eyJwYXJhbV90eXBlIjoid29vZG1hcnRfcmVzcG9uc2l2ZV9zcGFjaW5nIiwic2VsZWN0b3JfaWQiOiI2MzczNjJjNmE0ZjEzIiwic2hvcnRjb2RlIjoidmNfcm93IiwiZGF0YSI6eyJ0YWJsZXQiOnt9LCJtb2JpbGUiOnt9fX0=&#8221; mobile_bg_img_hidden=&#8221;no&#8221; tablet_bg_img_hidden=&#8221;no&#8221; woodmart_parallax=&#8221;0&#8243; woodmart_gradient_switch=&#8221;no&#8221; woodmart_box_shadow=&#8221;no&#8221; wd_z_index=&#8221;no&#8221; woodmart_disable_overflow=&#8221;0&#8243; row_reverse_mobile=&#8221;0&#8243; row_reverse_tablet=&#8221;0&#8243;][vc_column][vc_column_text woodmart_inline=&#8221;no&#8221; text_larger=&#8221;no&#8221;] MODALIT\u00c0 DI PAGAMENTO 1. Con\" \/>\n<meta property=\"og:url\" content=\"https:\/\/hygienic-seat.com\/it\/modalita-di-pagamento\" \/>\n<meta property=\"og:site_name\" content=\"Hygienic Seat - non si erano ancora viste delle tavolette del water cos\u00ec sane\" \/>\n<meta property=\"article:modified_time\" content=\"2023-01-02T07:50:56+00:00\" \/>\n<meta property=\"og:image\" content=\"https:\/\/hygienic-seat.com\/wp-content\/uploads\/2022\/11\/CLEAN4U-logo-350.png\" \/>\n\t<meta property=\"og:image:width\" content=\"350\" \/>\n\t<meta property=\"og:image:height\" content=\"329\" \/>\n\t<meta property=\"og:image:type\" content=\"image\/png\" \/>\n<meta name=\"twitter:card\" content=\"summary_large_image\" \/>\n<meta name=\"twitter:label1\" content=\"Tempo di lettura stimato\" \/>\n\t<meta name=\"twitter:data1\" content=\"4 minuti\" \/>\n<script type=\"application\/ld+json\" class=\"yoast-schema-graph\">{\"@context\":\"https:\/\/schema.org\",\"@graph\":[{\"@type\":\"WebPage\",\"@id\":\"https:\/\/hygienic-seat.com\/it\/modalita-di-pagamento\",\"url\":\"https:\/\/hygienic-seat.com\/it\/modalita-di-pagamento\",\"name\":\"Modalit\u00e0 di pagamento - Hygienic Seat - non si erano ancora viste delle tavolette del water cos\u00ec sane\",\"isPartOf\":{\"@id\":\"https:\/\/hygienic-seat.com\/#website\"},\"datePublished\":\"2022-11-15T10:06:06+00:00\",\"dateModified\":\"2023-01-02T07:50:56+00:00\",\"breadcrumb\":{\"@id\":\"https:\/\/hygienic-seat.com\/it\/modalita-di-pagamento#breadcrumb\"},\"inLanguage\":\"it-IT\",\"potentialAction\":[{\"@type\":\"ReadAction\",\"target\":[\"https:\/\/hygienic-seat.com\/it\/modalita-di-pagamento\"]}]},{\"@type\":\"BreadcrumbList\",\"@id\":\"https:\/\/hygienic-seat.com\/it\/modalita-di-pagamento#breadcrumb\",\"itemListElement\":[{\"@type\":\"ListItem\",\"position\":1,\"name\":\"Po\u010detna stranica\",\"item\":\"https:\/\/hygienic-seat.com\/it\"},{\"@type\":\"ListItem\",\"position\":2,\"name\":\"Modalit\u00e0 di pagamento\"}]},{\"@type\":\"WebSite\",\"@id\":\"https:\/\/hygienic-seat.com\/#website\",\"url\":\"https:\/\/hygienic-seat.com\/\",\"name\":\"Hygienic Seat - non si erano ancora viste delle tavolette del water cos\u00ec sane\",\"description\":\"\",\"publisher\":{\"@id\":\"https:\/\/hygienic-seat.com\/#organization\"},\"alternateName\":\"Hygienic Seat - toilet seats have never been this clean\",\"potentialAction\":[{\"@type\":\"SearchAction\",\"target\":{\"@type\":\"EntryPoint\",\"urlTemplate\":\"https:\/\/hygienic-seat.com\/?s={search_term_string}\"},\"query-input\":{\"@type\":\"PropertyValueSpecification\",\"valueRequired\":true,\"valueName\":\"search_term_string\"}}],\"inLanguage\":\"it-IT\"},{\"@type\":\"Organization\",\"@id\":\"https:\/\/hygienic-seat.com\/#organization\",\"name\":\"Hygienic Seat - non si erano ancora viste delle tavolette del water cos\u00ec sane\",\"alternateName\":\"Hygienic Seat - toilet seats have never been this clean\",\"url\":\"https:\/\/hygienic-seat.com\/\",\"logo\":{\"@type\":\"ImageObject\",\"inLanguage\":\"it-IT\",\"@id\":\"https:\/\/hygienic-seat.com\/#\/schema\/logo\/image\/\",\"url\":\"https:\/\/hygienic-seat.com\/wp-content\/uploads\/2022\/11\/CLEAN4U-logo-350.png\",\"contentUrl\":\"https:\/\/hygienic-seat.com\/wp-content\/uploads\/2022\/11\/CLEAN4U-logo-350.png\",\"width\":350,\"height\":329,\"caption\":\"Hygienic Seat - non si erano ancora viste delle tavolette del water cos\u00ec sane\"},\"image\":{\"@id\":\"https:\/\/hygienic-seat.com\/#\/schema\/logo\/image\/\"}}]}<\/script>\n<!-- \/ Yoast SEO plugin. -->","yoast_head_json":{"title":"Modalit\u00e0 di pagamento - Hygienic Seat - non si erano ancora viste delle tavolette del water cos\u00ec sane","robots":{"index":"index","follow":"follow","max-snippet":"max-snippet:-1","max-image-preview":"max-image-preview:large","max-video-preview":"max-video-preview:-1"},"canonical":"https:\/\/hygienic-seat.com\/it\/modalita-di-pagamento","og_locale":"it_IT","og_type":"article","og_title":"Modalit\u00e0 di pagamento - Hygienic Seat - non si erano ancora viste delle tavolette del water cos\u00ec sane","og_description":"[vc_row el_class=&#8221;pravni-tekstovi&#8221; woodmart_css_id=&#8221;637362c6a4f13&#8243; responsive_spacing=&#8221;eyJwYXJhbV90eXBlIjoid29vZG1hcnRfcmVzcG9uc2l2ZV9zcGFjaW5nIiwic2VsZWN0b3JfaWQiOiI2MzczNjJjNmE0ZjEzIiwic2hvcnRjb2RlIjoidmNfcm93IiwiZGF0YSI6eyJ0YWJsZXQiOnt9LCJtb2JpbGUiOnt9fX0=&#8221; mobile_bg_img_hidden=&#8221;no&#8221; tablet_bg_img_hidden=&#8221;no&#8221; woodmart_parallax=&#8221;0&#8243; woodmart_gradient_switch=&#8221;no&#8221; woodmart_box_shadow=&#8221;no&#8221; wd_z_index=&#8221;no&#8221; woodmart_disable_overflow=&#8221;0&#8243; row_reverse_mobile=&#8221;0&#8243; row_reverse_tablet=&#8221;0&#8243;][vc_column][vc_column_text woodmart_inline=&#8221;no&#8221; text_larger=&#8221;no&#8221;] MODALIT\u00c0 DI PAGAMENTO 1. Con","og_url":"https:\/\/hygienic-seat.com\/it\/modalita-di-pagamento","og_site_name":"Hygienic Seat - non si erano ancora viste delle tavolette del water cos\u00ec sane","article_modified_time":"2023-01-02T07:50:56+00:00","og_image":[{"width":350,"height":329,"url":"https:\/\/hygienic-seat.com\/wp-content\/uploads\/2022\/11\/CLEAN4U-logo-350.png","type":"image\/png"}],"twitter_card":"summary_large_image","twitter_misc":{"Tempo di lettura stimato":"4 minuti"},"schema":{"@context":"https:\/\/schema.org","@graph":[{"@type":"WebPage","@id":"https:\/\/hygienic-seat.com\/it\/modalita-di-pagamento","url":"https:\/\/hygienic-seat.com\/it\/modalita-di-pagamento","name":"Modalit\u00e0 di pagamento - Hygienic Seat - non si erano ancora viste delle tavolette del water cos\u00ec sane","isPartOf":{"@id":"https:\/\/hygienic-seat.com\/#website"},"datePublished":"2022-11-15T10:06:06+00:00","dateModified":"2023-01-02T07:50:56+00:00","breadcrumb":{"@id":"https:\/\/hygienic-seat.com\/it\/modalita-di-pagamento#breadcrumb"},"inLanguage":"it-IT","potentialAction":[{"@type":"ReadAction","target":["https:\/\/hygienic-seat.com\/it\/modalita-di-pagamento"]}]},{"@type":"BreadcrumbList","@id":"https:\/\/hygienic-seat.com\/it\/modalita-di-pagamento#breadcrumb","itemListElement":[{"@type":"ListItem","position":1,"name":"Po\u010detna stranica","item":"https:\/\/hygienic-seat.com\/it"},{"@type":"ListItem","position":2,"name":"Modalit\u00e0 di pagamento"}]},{"@type":"WebSite","@id":"https:\/\/hygienic-seat.com\/#website","url":"https:\/\/hygienic-seat.com\/","name":"Hygienic Seat - non si erano ancora viste delle tavolette del water cos\u00ec sane","description":"","publisher":{"@id":"https:\/\/hygienic-seat.com\/#organization"},"alternateName":"Hygienic Seat - toilet seats have never been this clean","potentialAction":[{"@type":"SearchAction","target":{"@type":"EntryPoint","urlTemplate":"https:\/\/hygienic-seat.com\/?s={search_term_string}"},"query-input":{"@type":"PropertyValueSpecification","valueRequired":true,"valueName":"search_term_string"}}],"inLanguage":"it-IT"},{"@type":"Organization","@id":"https:\/\/hygienic-seat.com\/#organization","name":"Hygienic Seat - non si erano ancora viste delle tavolette del water cos\u00ec sane","alternateName":"Hygienic Seat - toilet seats have never been this clean","url":"https:\/\/hygienic-seat.com\/","logo":{"@type":"ImageObject","inLanguage":"it-IT","@id":"https:\/\/hygienic-seat.com\/#\/schema\/logo\/image\/","url":"https:\/\/hygienic-seat.com\/wp-content\/uploads\/2022\/11\/CLEAN4U-logo-350.png","contentUrl":"https:\/\/hygienic-seat.com\/wp-content\/uploads\/2022\/11\/CLEAN4U-logo-350.png","width":350,"height":329,"caption":"Hygienic Seat - non si erano ancora viste delle tavolette del water cos\u00ec sane"},"image":{"@id":"https:\/\/hygienic-seat.com\/#\/schema\/logo\/image\/"}}]}},"_links":{"self":[{"href":"https:\/\/hygienic-seat.com\/it\/wp-json\/wp\/v2\/pages\/9602","targetHints":{"allow":["GET"]}}],"collection":[{"href":"https:\/\/hygienic-seat.com\/it\/wp-json\/wp\/v2\/pages"}],"about":[{"href":"https:\/\/hygienic-seat.com\/it\/wp-json\/wp\/v2\/types\/page"}],"author":[{"embeddable":true,"href":"https:\/\/hygienic-seat.com\/it\/wp-json\/wp\/v2\/users\/2"}],"replies":[{"embeddable":true,"href":"https:\/\/hygienic-seat.com\/it\/wp-json\/wp\/v2\/comments?post=9602"}],"version-history":[{"count":3,"href":"https:\/\/hygienic-seat.com\/it\/wp-json\/wp\/v2\/pages\/9602\/revisions"}],"predecessor-version":[{"id":9701,"href":"https:\/\/hygienic-seat.com\/it\/wp-json\/wp\/v2\/pages\/9602\/revisions\/9701"}],"wp:attachment":[{"href":"https:\/\/hygienic-seat.com\/it\/wp-json\/wp\/v2\/media?parent=9602"}],"curies":[{"name":"wp","href":"https:\/\/api.w.org\/{rel}","templated":true}]}}