{"id":9562,"date":"2022-11-15T14:11:20","date_gmt":"2022-11-15T13:11:20","guid":{"rendered":"https:\/\/hygienic-seat.com\/dostava-i-jamstvo"},"modified":"2022-12-27T13:50:40","modified_gmt":"2022-12-27T12:50:40","slug":"consegna-e-garanzia","status":"publish","type":"page","link":"https:\/\/hygienic-seat.com\/it\/consegna-e-garanzia","title":{"rendered":"Consegna e Garanzia"},"content":{"rendered":"<section class=\"wpb-content-wrapper\"><p>[vc_row el_class=&#8221;pravni-tekstovi&#8221; woodmart_css_id=&#8221;637362c6a4f13&#8243; responsive_spacing=&#8221;eyJwYXJhbV90eXBlIjoid29vZG1hcnRfcmVzcG9uc2l2ZV9zcGFjaW5nIiwic2VsZWN0b3JfaWQiOiI2MzczNjJjNmE0ZjEzIiwic2hvcnRjb2RlIjoidmNfcm93IiwiZGF0YSI6eyJ0YWJsZXQiOnt9LCJtb2JpbGUiOnt9fX0=&#8221; mobile_bg_img_hidden=&#8221;no&#8221; tablet_bg_img_hidden=&#8221;no&#8221; woodmart_parallax=&#8221;0&#8243; woodmart_gradient_switch=&#8221;no&#8221; woodmart_box_shadow=&#8221;no&#8221; wd_z_index=&#8221;no&#8221; woodmart_disable_overflow=&#8221;0&#8243; row_reverse_mobile=&#8221;0&#8243; row_reverse_tablet=&#8221;0&#8243;][vc_column][vc_column_text woodmart_inline=&#8221;no&#8221; text_larger=&#8221;no&#8221;]<\/p>\n<h3>CONSEGNA E GARANZIA<\/h3>\n<h4>1. ZONA DI CONSEGNA<\/h4>\n<p class=\"Standard\"><strong>Clean4U<\/strong> effettua consegne in tutti i paesi del mondo. Le spese di spedizione verranno calcolate automaticamente quando si seleziona il luogo di consegna.<\/p>\n<p class=\"Standard\">Il prezzo non comprende le spese doganali e le tasse di altri paesi (al di fuori dell&#8217;UE).<\/p>\n<h4>2. TEMPI DI CONSEGNA<\/h4>\n<p>Elaboriamo tutti gli ordini ricevuti in un giorno lavorativo entro le ore 12:00 dello stesso giorno, quindi nella maggior parte dei casi la merce ordinata verr\u00e0 consegnata al servizio di consegna lo stesso giorno.<\/p>\n<p>Consegniamo gli ordini dopo le 12:00 nei giorni feriali (tranne il venerd\u00ec) il giorno successivo, mentre gli ordini ricevuti il venerd\u00ec dopo le 12:00 vengono consegnati il luned\u00ec.<\/p>\n<p>Dopo aver consegnato la merce al servizio di consegna, ti invieremo il numero di spedizione al tuo indirizzo e-mail in modo che tu possa verificarne lo stato all&#8217;indirizzo del servizio di consegna.<\/p>\n<p>Sfortunatamente, non possiamo influenzare l&#8217;ulteriore velocit\u00e0 di consegna e le possibili complicazioni legate alla consegna stessa causate dalla consegna.<\/p>\n<p>Per ogni spedizione, il destinatario certifica e firma la bolla di consegna al ricevimento della spedizione. Ai sensi di quanto previsto dalla Legge sui Rapporti Obbligatori, previa certificazione della bolla di consegna da parte del destinatario, si considera che la spedizione sia stata consegnata integra e il vettore \u00e8 esonerato da ogni successiva responsabilit\u00e0. Se il destinatario non esiste all&#8217;indirizzo specificato o l&#8217;indirizzo \u00e8 sconosciuto, il servizio di consegna prover\u00e0 a contattare il destinatario al fine di concordare l&#8217;ora esatta ed eventualmente un altro indirizzo di consegna.<\/p>\n<p>In caso di impossibilit\u00e0 di consegna, la spedizione ci viene restituita. Ci impegniamo a consegnare il tuo ordine in tempo, se hai inserito le tue informazioni in modo completamente accurato e veritiero.<\/p>\n<h4>3. OBIEZIONI<\/h4>\n<p>In caso di reclamo, danneggiamento durante la consegna, errore nel trasferimento dei dati o qualsiasi altro difetto, ti preghiamo di contattarci entro due giorni lavorativi dal ricevimento della spedizione.<\/p>\n<p>L&#8217;utente acquisisce il diritto di opposizione se:<\/p>\n<ul>\n<li>la merce non \u00e8 stata consegnata secondo le istruzioni nell&#8217;ordine<\/li>\n<li>le merci consegnate non soddisfano gli standard<\/li>\n<li>\u00e8 stato danneggiato durante la consegna<\/li>\n<\/ul>\n<p>Risolviamo tutti i reclami menzionati in accordo con l&#8217;acquirente, ovvero il destinatario della merce.[\/vc_column_text][\/vc_column][\/vc_row]<\/p>\n<\/section>","protected":false},"excerpt":{"rendered":"<p>[vc_row el_class=&#8221;pravni-tekstovi&#8221; woodmart_css_id=&#8221;637362c6a4f13&#8243; responsive_spacing=&#8221;eyJwYXJhbV90eXBlIjoid29vZG1hcnRfcmVzcG9uc2l2ZV9zcGFjaW5nIiwic2VsZWN0b3JfaWQiOiI2MzczNjJjNmE0ZjEzIiwic2hvcnRjb2RlIjoidmNfcm93IiwiZGF0YSI6eyJ0YWJsZXQiOnt9LCJtb2JpbGUiOnt9fX0=&#8221; mobile_bg_img_hidden=&#8221;no&#8221; tablet_bg_img_hidden=&#8221;no&#8221; woodmart_parallax=&#8221;0&#8243; woodmart_gradient_switch=&#8221;no&#8221; woodmart_box_shadow=&#8221;no&#8221; wd_z_index=&#8221;no&#8221; woodmart_disable_overflow=&#8221;0&#8243; row_reverse_mobile=&#8221;0&#8243; row_reverse_tablet=&#8221;0&#8243;][vc_column][vc_column_text woodmart_inline=&#8221;no&#8221; text_larger=&#8221;no&#8221;] CONSEGNA E GARANZIA 1. ZONA<\/p>\n","protected":false},"author":2,"featured_media":0,"parent":0,"menu_order":0,"comment_status":"closed","ping_status":"closed","template":"","meta":{"footnotes":""},"class_list":["post-9562","page","type-page","status-publish","hentry"],"yoast_head":"<!-- This site is optimized with the Yoast SEO plugin v27.1.1 - https:\/\/yoast.com\/product\/yoast-seo-wordpress\/ -->\n<title>Consegna e Garanzia - Hygienic Seat - non si erano ancora viste delle tavolette del water cos\u00ec sane<\/title>\n<meta name=\"robots\" content=\"index, follow, max-snippet:-1, max-image-preview:large, max-video-preview:-1\" \/>\n<link rel=\"canonical\" href=\"https:\/\/hygienic-seat.com\/it\/consegna-e-garanzia\" \/>\n<meta property=\"og:locale\" content=\"it_IT\" \/>\n<meta property=\"og:type\" content=\"article\" \/>\n<meta property=\"og:title\" content=\"Consegna e Garanzia - Hygienic Seat - non si erano ancora viste delle tavolette del water cos\u00ec sane\" \/>\n<meta property=\"og:description\" content=\"[vc_row el_class=&#8221;pravni-tekstovi&#8221; woodmart_css_id=&#8221;637362c6a4f13&#8243; responsive_spacing=&#8221;eyJwYXJhbV90eXBlIjoid29vZG1hcnRfcmVzcG9uc2l2ZV9zcGFjaW5nIiwic2VsZWN0b3JfaWQiOiI2MzczNjJjNmE0ZjEzIiwic2hvcnRjb2RlIjoidmNfcm93IiwiZGF0YSI6eyJ0YWJsZXQiOnt9LCJtb2JpbGUiOnt9fX0=&#8221; mobile_bg_img_hidden=&#8221;no&#8221; tablet_bg_img_hidden=&#8221;no&#8221; woodmart_parallax=&#8221;0&#8243; woodmart_gradient_switch=&#8221;no&#8221; woodmart_box_shadow=&#8221;no&#8221; wd_z_index=&#8221;no&#8221; woodmart_disable_overflow=&#8221;0&#8243; row_reverse_mobile=&#8221;0&#8243; row_reverse_tablet=&#8221;0&#8243;][vc_column][vc_column_text woodmart_inline=&#8221;no&#8221; text_larger=&#8221;no&#8221;] CONSEGNA E GARANZIA 1. ZONA\" \/>\n<meta property=\"og:url\" content=\"https:\/\/hygienic-seat.com\/it\/consegna-e-garanzia\" \/>\n<meta property=\"og:site_name\" content=\"Hygienic Seat - non si erano ancora viste delle tavolette del water cos\u00ec sane\" \/>\n<meta property=\"article:modified_time\" content=\"2022-12-27T12:50:40+00:00\" \/>\n<meta property=\"og:image\" content=\"https:\/\/hygienic-seat.com\/wp-content\/uploads\/2022\/11\/CLEAN4U-logo-350.png\" \/>\n\t<meta property=\"og:image:width\" content=\"350\" \/>\n\t<meta property=\"og:image:height\" content=\"329\" \/>\n\t<meta property=\"og:image:type\" content=\"image\/png\" \/>\n<meta name=\"twitter:card\" content=\"summary_large_image\" \/>\n<meta name=\"twitter:label1\" content=\"Tempo di lettura stimato\" \/>\n\t<meta name=\"twitter:data1\" content=\"2 minuti\" \/>\n<script type=\"application\/ld+json\" class=\"yoast-schema-graph\">{\"@context\":\"https:\/\/schema.org\",\"@graph\":[{\"@type\":\"WebPage\",\"@id\":\"https:\/\/hygienic-seat.com\/it\/consegna-e-garanzia\",\"url\":\"https:\/\/hygienic-seat.com\/it\/consegna-e-garanzia\",\"name\":\"Consegna e Garanzia - Hygienic Seat - non si erano ancora viste delle tavolette del water cos\u00ec sane\",\"isPartOf\":{\"@id\":\"https:\/\/hygienic-seat.com\/#website\"},\"datePublished\":\"2022-11-15T13:11:20+00:00\",\"dateModified\":\"2022-12-27T12:50:40+00:00\",\"breadcrumb\":{\"@id\":\"https:\/\/hygienic-seat.com\/it\/consegna-e-garanzia#breadcrumb\"},\"inLanguage\":\"it-IT\",\"potentialAction\":[{\"@type\":\"ReadAction\",\"target\":[\"https:\/\/hygienic-seat.com\/it\/consegna-e-garanzia\"]}]},{\"@type\":\"BreadcrumbList\",\"@id\":\"https:\/\/hygienic-seat.com\/it\/consegna-e-garanzia#breadcrumb\",\"itemListElement\":[{\"@type\":\"ListItem\",\"position\":1,\"name\":\"Po\u010detna stranica\",\"item\":\"https:\/\/hygienic-seat.com\/it\"},{\"@type\":\"ListItem\",\"position\":2,\"name\":\"Consegna e Garanzia\"}]},{\"@type\":\"WebSite\",\"@id\":\"https:\/\/hygienic-seat.com\/#website\",\"url\":\"https:\/\/hygienic-seat.com\/\",\"name\":\"Hygienic Seat - non si erano ancora viste delle tavolette del water cos\u00ec sane\",\"description\":\"\",\"publisher\":{\"@id\":\"https:\/\/hygienic-seat.com\/#organization\"},\"alternateName\":\"Hygienic Seat - toilet seats have never been this clean\",\"potentialAction\":[{\"@type\":\"SearchAction\",\"target\":{\"@type\":\"EntryPoint\",\"urlTemplate\":\"https:\/\/hygienic-seat.com\/?s={search_term_string}\"},\"query-input\":{\"@type\":\"PropertyValueSpecification\",\"valueRequired\":true,\"valueName\":\"search_term_string\"}}],\"inLanguage\":\"it-IT\"},{\"@type\":\"Organization\",\"@id\":\"https:\/\/hygienic-seat.com\/#organization\",\"name\":\"Hygienic Seat - non si erano ancora viste delle tavolette del water cos\u00ec sane\",\"alternateName\":\"Hygienic Seat - toilet seats have never been this clean\",\"url\":\"https:\/\/hygienic-seat.com\/\",\"logo\":{\"@type\":\"ImageObject\",\"inLanguage\":\"it-IT\",\"@id\":\"https:\/\/hygienic-seat.com\/#\/schema\/logo\/image\/\",\"url\":\"https:\/\/hygienic-seat.com\/wp-content\/uploads\/2022\/11\/CLEAN4U-logo-350.png\",\"contentUrl\":\"https:\/\/hygienic-seat.com\/wp-content\/uploads\/2022\/11\/CLEAN4U-logo-350.png\",\"width\":350,\"height\":329,\"caption\":\"Hygienic Seat - non si erano ancora viste delle tavolette del water cos\u00ec sane\"},\"image\":{\"@id\":\"https:\/\/hygienic-seat.com\/#\/schema\/logo\/image\/\"}}]}<\/script>\n<!-- \/ Yoast SEO plugin. -->","yoast_head_json":{"title":"Consegna e Garanzia - Hygienic Seat - non si erano ancora viste delle tavolette del water cos\u00ec sane","robots":{"index":"index","follow":"follow","max-snippet":"max-snippet:-1","max-image-preview":"max-image-preview:large","max-video-preview":"max-video-preview:-1"},"canonical":"https:\/\/hygienic-seat.com\/it\/consegna-e-garanzia","og_locale":"it_IT","og_type":"article","og_title":"Consegna e Garanzia - Hygienic Seat - non si erano ancora viste delle tavolette del water cos\u00ec sane","og_description":"[vc_row el_class=&#8221;pravni-tekstovi&#8221; woodmart_css_id=&#8221;637362c6a4f13&#8243; responsive_spacing=&#8221;eyJwYXJhbV90eXBlIjoid29vZG1hcnRfcmVzcG9uc2l2ZV9zcGFjaW5nIiwic2VsZWN0b3JfaWQiOiI2MzczNjJjNmE0ZjEzIiwic2hvcnRjb2RlIjoidmNfcm93IiwiZGF0YSI6eyJ0YWJsZXQiOnt9LCJtb2JpbGUiOnt9fX0=&#8221; mobile_bg_img_hidden=&#8221;no&#8221; tablet_bg_img_hidden=&#8221;no&#8221; woodmart_parallax=&#8221;0&#8243; woodmart_gradient_switch=&#8221;no&#8221; woodmart_box_shadow=&#8221;no&#8221; wd_z_index=&#8221;no&#8221; woodmart_disable_overflow=&#8221;0&#8243; row_reverse_mobile=&#8221;0&#8243; row_reverse_tablet=&#8221;0&#8243;][vc_column][vc_column_text woodmart_inline=&#8221;no&#8221; text_larger=&#8221;no&#8221;] CONSEGNA E GARANZIA 1. ZONA","og_url":"https:\/\/hygienic-seat.com\/it\/consegna-e-garanzia","og_site_name":"Hygienic Seat - non si erano ancora viste delle tavolette del water cos\u00ec sane","article_modified_time":"2022-12-27T12:50:40+00:00","og_image":[{"width":350,"height":329,"url":"https:\/\/hygienic-seat.com\/wp-content\/uploads\/2022\/11\/CLEAN4U-logo-350.png","type":"image\/png"}],"twitter_card":"summary_large_image","twitter_misc":{"Tempo di lettura stimato":"2 minuti"},"schema":{"@context":"https:\/\/schema.org","@graph":[{"@type":"WebPage","@id":"https:\/\/hygienic-seat.com\/it\/consegna-e-garanzia","url":"https:\/\/hygienic-seat.com\/it\/consegna-e-garanzia","name":"Consegna e Garanzia - Hygienic Seat - non si erano ancora viste delle tavolette del water cos\u00ec sane","isPartOf":{"@id":"https:\/\/hygienic-seat.com\/#website"},"datePublished":"2022-11-15T13:11:20+00:00","dateModified":"2022-12-27T12:50:40+00:00","breadcrumb":{"@id":"https:\/\/hygienic-seat.com\/it\/consegna-e-garanzia#breadcrumb"},"inLanguage":"it-IT","potentialAction":[{"@type":"ReadAction","target":["https:\/\/hygienic-seat.com\/it\/consegna-e-garanzia"]}]},{"@type":"BreadcrumbList","@id":"https:\/\/hygienic-seat.com\/it\/consegna-e-garanzia#breadcrumb","itemListElement":[{"@type":"ListItem","position":1,"name":"Po\u010detna stranica","item":"https:\/\/hygienic-seat.com\/it"},{"@type":"ListItem","position":2,"name":"Consegna e Garanzia"}]},{"@type":"WebSite","@id":"https:\/\/hygienic-seat.com\/#website","url":"https:\/\/hygienic-seat.com\/","name":"Hygienic Seat - non si erano ancora viste delle tavolette del water cos\u00ec sane","description":"","publisher":{"@id":"https:\/\/hygienic-seat.com\/#organization"},"alternateName":"Hygienic Seat - toilet seats have never been this clean","potentialAction":[{"@type":"SearchAction","target":{"@type":"EntryPoint","urlTemplate":"https:\/\/hygienic-seat.com\/?s={search_term_string}"},"query-input":{"@type":"PropertyValueSpecification","valueRequired":true,"valueName":"search_term_string"}}],"inLanguage":"it-IT"},{"@type":"Organization","@id":"https:\/\/hygienic-seat.com\/#organization","name":"Hygienic Seat - non si erano ancora viste delle tavolette del water cos\u00ec sane","alternateName":"Hygienic Seat - toilet seats have never been this clean","url":"https:\/\/hygienic-seat.com\/","logo":{"@type":"ImageObject","inLanguage":"it-IT","@id":"https:\/\/hygienic-seat.com\/#\/schema\/logo\/image\/","url":"https:\/\/hygienic-seat.com\/wp-content\/uploads\/2022\/11\/CLEAN4U-logo-350.png","contentUrl":"https:\/\/hygienic-seat.com\/wp-content\/uploads\/2022\/11\/CLEAN4U-logo-350.png","width":350,"height":329,"caption":"Hygienic Seat - non si erano ancora viste delle tavolette del water cos\u00ec sane"},"image":{"@id":"https:\/\/hygienic-seat.com\/#\/schema\/logo\/image\/"}}]}},"_links":{"self":[{"href":"https:\/\/hygienic-seat.com\/it\/wp-json\/wp\/v2\/pages\/9562","targetHints":{"allow":["GET"]}}],"collection":[{"href":"https:\/\/hygienic-seat.com\/it\/wp-json\/wp\/v2\/pages"}],"about":[{"href":"https:\/\/hygienic-seat.com\/it\/wp-json\/wp\/v2\/types\/page"}],"author":[{"embeddable":true,"href":"https:\/\/hygienic-seat.com\/it\/wp-json\/wp\/v2\/users\/2"}],"replies":[{"embeddable":true,"href":"https:\/\/hygienic-seat.com\/it\/wp-json\/wp\/v2\/comments?post=9562"}],"version-history":[{"count":2,"href":"https:\/\/hygienic-seat.com\/it\/wp-json\/wp\/v2\/pages\/9562\/revisions"}],"predecessor-version":[{"id":9565,"href":"https:\/\/hygienic-seat.com\/it\/wp-json\/wp\/v2\/pages\/9562\/revisions\/9565"}],"wp:attachment":[{"href":"https:\/\/hygienic-seat.com\/it\/wp-json\/wp\/v2\/media?parent=9562"}],"curies":[{"name":"wp","href":"https:\/\/api.w.org\/{rel}","templated":true}]}}