{"id":9845,"date":"2022-11-15T14:13:17","date_gmt":"2022-11-15T13:13:17","guid":{"rendered":"https:\/\/hygienic-seat.com\/?page_id=9845"},"modified":"2023-01-17T13:02:34","modified_gmt":"2023-01-17T12:02:34","slug":"reklamationen-und-ruecksendungen","status":"publish","type":"page","link":"https:\/\/hygienic-seat.com\/de\/reklamationen-und-ruecksendungen","title":{"rendered":"Reklamationen und R\u00fccksendungen"},"content":{"rendered":"<section class=\"wpb-content-wrapper\"><p>[vc_row el_class=&#8221;pravni-tekstovi&#8221; woodmart_css_id=&#8221;637362c6a4f13&#8243; responsive_spacing=&#8221;eyJwYXJhbV90eXBlIjoid29vZG1hcnRfcmVzcG9uc2l2ZV9zcGFjaW5nIiwic2VsZWN0b3JfaWQiOiI2MzczNjJjNmE0ZjEzIiwic2hvcnRjb2RlIjoidmNfcm93IiwiZGF0YSI6eyJ0YWJsZXQiOnt9LCJtb2JpbGUiOnt9fX0=&#8221; mobile_bg_img_hidden=&#8221;no&#8221; tablet_bg_img_hidden=&#8221;no&#8221; woodmart_parallax=&#8221;0&#8243; woodmart_gradient_switch=&#8221;no&#8221; woodmart_box_shadow=&#8221;no&#8221; wd_z_index=&#8221;no&#8221; woodmart_disable_overflow=&#8221;0&#8243; row_reverse_mobile=&#8221;0&#8243; row_reverse_tablet=&#8221;0&#8243;][vc_column][vc_column_text woodmart_inline=&#8221;no&#8221; text_larger=&#8221;no&#8221;]<\/p>\n<h3>REKLAMATIONEN UND R\u00dcCKSENDUNGEN<\/h3>\n<p>Wenn der Kunde aus irgendeinem Grund unzufrieden ist, hat er das Recht, die Ware zur\u00fcckzugeben oder den Vertrag innerhalb von 14 Tagen einseitig zu k\u00fcndigen, gem\u00e4\u00df dem Verbraucherschutzgesetz, Art. 57 und Kunst. 72 (Sie k\u00f6nnen den gesamten Text des Gesetzes <a href=\"http:\/\/narodne-novine.nn.hr\/clanci\/sluzbeni\/2014_03_41_723.html\">hier lesen<\/a>). Im Falle einer Reklamation oder einseitigen Vertragsaufl\u00f6sung ist der K\u00e4ufer verpflichtet, das Produkt auf eigene Kosten an den Verk\u00e4ufer zur\u00fcckzusenden. Der K\u00e4ufer ist verantwortlich f\u00fcr jeglichen Wertverlust der Waren, der sich aus der Handhabung der Waren ergibt, mit Ausnahme dessen, was zur Bestimmung der Art, Eigenschaften und Funktionalit\u00e4t der Waren erforderlich ist. Der Verk\u00e4ufer ist verpflichtet, innerhalb von 14 Tagen ab Erhalt der schriftlichen Beschwerde an den K\u00e4ufer das Produkt zu ersetzen oder den gesamten gezahlten Betrag an den K\u00e4ufer zur\u00fcckzuzahlen, gerechnet ab Erhalt der schriftlichen Mitteilung \u00fcber die einseitige Vertragsaufl\u00f6sung. Sie k\u00f6nnen die Benachrichtigung auch \u00fcber das unten stehende Beschwerdeformular, per <a href=\"mailto:info@hygienic-seat.com\">E-mail<\/a>\u00a0oder per Post \u00fcbermitteln.<\/p>\n<p>Der Verk\u00e4ufer genehmigt die R\u00fccksendung der Ware an den K\u00e4ufer nach Erhalt der Reklamation per E-Mail, \u00fcber das untenstehende Formular oder auf eine andere festgelegte Weise. Im Falle der Unf\u00e4higkeit, andere Waren zu liefern, erstattet der Verk\u00e4ufer dem K\u00e4ufer die Portokosten f\u00fcr die R\u00fccksendung der Waren und den m\u00f6glichen Wert der Waren, die er nicht mehr liefern kann. Im Falle einer Warenr\u00fccksendung, die nicht durch das Verschulden des Verk\u00e4ufers verursacht wurde, tr\u00e4gt der K\u00e4ufer alle anfallenden Abwicklungskosten.<\/p>\n<p>Wenn Sie nachtr\u00e4glich einen Mangel oder Schaden an der Ware entdeckt haben, der nicht w\u00e4hrend des Transports aufgetreten ist, Sie von Ihrem Recht Gebrauch machen m\u00f6chten, den Vertrag einseitig zu k\u00fcndigen, oder Sie innerhalb der Garantiezeit oder au\u00dferhalb der Garantiezeit eine andere Beschwerde haben, k\u00f6nnen Sie sich gerne an uns wenden uns \u00fcber das unten stehende Formular. Wir werden Ihre Beschwerde so schnell wie m\u00f6glich und sp\u00e4testens 14 Tage nach Erhalt der Beschwerde schriftlich beantworten.<\/p>\n<h4>ONLINE-STREITBEILEGUNG<\/h4>\n<p>Gem\u00e4\u00df einer Sonderverordnung der Europ\u00e4ischen Union ist es ab dem 15. Februar 2016 m\u00f6glich, Streitigkeiten im Zusammenhang mit Online-K\u00e4ufen EU-weit \u00fcber die ODR-Plattform beizulegen, auf die Sie <a href=\"http:\/\/ec.europa.eu\/consumers\/odr\/\">hier<\/a>\u00a0zugreifen k\u00f6nnen.<\/p>\n<p>Das hei\u00dft, wenn Sie w\u00e4hrend eines Online-Kaufs innerhalb der EU auf ein Problem sto\u00dfen (defektes Produkt, Umtausch nicht m\u00f6glich usw.), k\u00f6nnen Sie Ihre Beschwerde schneller und einfacher unter dem obigen Link einreichen.<\/p>\n<p>Die Plattform kann sowohl von Verbrauchern als auch von H\u00e4ndlern genutzt werden und Beschwerden k\u00f6nnen in jeder der 23 Amtssprachen der EU eingereicht werden.<\/p>\n<h4>FORMULAR F\u00dcR REKLAMATION UND WARENR\u00dcCKGABE<\/h4>\n<div class=\"wpcf7 no-js\" id=\"wpcf7-f9849-o1\" lang=\"en-US\" dir=\"ltr\" data-wpcf7-id=\"9849\">\n<div class=\"screen-reader-response\"><p role=\"status\" aria-live=\"polite\" aria-atomic=\"true\"><\/p> <ul><\/ul><\/div>\n<form action=\"\/de\/wp-json\/wp\/v2\/pages\/9845#wpcf7-f9849-o1\" method=\"post\" class=\"wpcf7-form init\" aria-label=\"Contact form\" novalidate=\"novalidate\" data-status=\"init\">\n<fieldset class=\"hidden-fields-container\"><input type=\"hidden\" name=\"_wpcf7\" value=\"9849\" \/><input type=\"hidden\" name=\"_wpcf7_version\" value=\"6.1.5\" \/><input type=\"hidden\" name=\"_wpcf7_locale\" value=\"en_US\" \/><input type=\"hidden\" name=\"_wpcf7_unit_tag\" value=\"wpcf7-f9849-o1\" \/><input type=\"hidden\" name=\"_wpcf7_container_post\" value=\"0\" \/><input type=\"hidden\" name=\"_wpcf7_posted_data_hash\" value=\"\" \/><input type=\"hidden\" name=\"_wpcf7_recaptcha_response\" value=\"\" \/>\n<\/fieldset>\n<p>Name, Nachname und\/oder Firmenname *\n<\/p>\n<p><span class=\"wpcf7-form-control-wrap\" data-name=\"tvrtka\"><input size=\"40\" maxlength=\"400\" class=\"wpcf7-form-control wpcf7-text wpcf7-validates-as-required\" aria-required=\"true\" aria-invalid=\"false\" value=\"\" type=\"text\" name=\"tvrtka\" \/><\/span>\n<\/p>\n<p>Stra\u00dfe, Ort und Postleitzahl *\n<\/p>\n<p><span class=\"wpcf7-form-control-wrap\" data-name=\"adresa\"><input size=\"40\" maxlength=\"400\" class=\"wpcf7-form-control wpcf7-text wpcf7-validates-as-required\" aria-required=\"true\" aria-invalid=\"false\" value=\"\" type=\"text\" name=\"adresa\" \/><\/span>\n<\/p>\n<p>E-Mail-Addresse *\n<\/p>\n<p><span class=\"wpcf7-form-control-wrap\" data-name=\"email\"><input size=\"40\" maxlength=\"400\" class=\"wpcf7-form-control wpcf7-email wpcf7-validates-as-required wpcf7-text wpcf7-validates-as-email\" aria-required=\"true\" aria-invalid=\"false\" value=\"\" type=\"email\" name=\"email\" \/><\/span>\n<\/p>\n<p>Telefon *\n<\/p>\n<p><span class=\"wpcf7-form-control-wrap\" data-name=\"telefon\"><input size=\"40\" maxlength=\"400\" class=\"wpcf7-form-control wpcf7-text wpcf7-validates-as-required\" aria-required=\"true\" aria-invalid=\"false\" value=\"\" type=\"text\" name=\"telefon\" \/><\/span>\n<\/p>\n<p>Rechnungs- oder Bestellnummer *\n<\/p>\n<p><span class=\"wpcf7-form-control-wrap\" data-name=\"racun\"><input size=\"40\" maxlength=\"400\" class=\"wpcf7-form-control wpcf7-text wpcf7-validates-as-required\" aria-required=\"true\" aria-invalid=\"false\" value=\"\" type=\"text\" name=\"racun\" \/><\/span>\n<\/p>\n<p>Rechnung oder Bestelldatum *\n<\/p>\n<p><span class=\"wpcf7-form-control-wrap\" data-name=\"datum\"><input size=\"40\" maxlength=\"400\" class=\"wpcf7-form-control wpcf7-text wpcf7-validates-as-required\" aria-required=\"true\" aria-invalid=\"false\" value=\"\" type=\"text\" name=\"datum\" \/><\/span>\n<\/p>\n<h4 style=\"margin-top: 15px;\">ANGABEN ZUM BEWORBENEN PRODUKT\n<\/h4>\n<p>Produktname *\n<\/p>\n<p><span class=\"wpcf7-form-control-wrap\" data-name=\"naziv\"><input size=\"40\" maxlength=\"400\" class=\"wpcf7-form-control wpcf7-text wpcf7-validates-as-required\" aria-required=\"true\" aria-invalid=\"false\" value=\"\" type=\"text\" name=\"naziv\" \/><\/span>\n<\/p>\n<p>Produktkennung\/-code (SKU) *\n<\/p>\n<p><span class=\"wpcf7-form-control-wrap\" data-name=\"oznaka\"><input size=\"40\" maxlength=\"400\" class=\"wpcf7-form-control wpcf7-text wpcf7-validates-as-required\" aria-required=\"true\" aria-invalid=\"false\" value=\"\" type=\"text\" name=\"oznaka\" \/><\/span>\n<\/p>\n<p>Menge *\n<\/p>\n<p><span class=\"wpcf7-form-control-wrap\" data-name=\"kolicina\"><input size=\"40\" maxlength=\"400\" class=\"wpcf7-form-control wpcf7-text wpcf7-validates-as-required\" aria-required=\"true\" aria-invalid=\"false\" value=\"\" type=\"text\" name=\"kolicina\" \/><\/span>\n<\/p>\n<p>Beschreibung der Produktm\u00e4ngel und Grund der R\u00fccksendung *\n<\/p>\n<p><span class=\"wpcf7-form-control-wrap\" data-name=\"your-message\"><textarea cols=\"40\" rows=\"10\" maxlength=\"2000\" class=\"wpcf7-form-control wpcf7-textarea wpcf7-validates-as-required\" aria-required=\"true\" aria-invalid=\"false\" name=\"your-message\"><\/textarea><\/span>\n<\/p>\n<p style=\"margin-bottom:25px;\">Diese Website ist durch reCAPTCHA gesch\u00fctzt und es gelten die <a href=\"https:\/\/policies.google.com\/privacy\" target=\"_blank\">Google-Datenschutzbestimmungen<\/a> und <a href=\"https:\/\/policies.google.com\/terms\" target=\"_blank\">Nutzungsbedingungen<\/a>.\n<\/p>\n<p><input class=\"wpcf7-form-control wpcf7-submit has-spinner\" type=\"submit\" value=\"SENDEN\" \/>\n<\/p><div class=\"wpcf7-response-output\" aria-hidden=\"true\"><\/div>\n<\/form>\n<\/div>\n[\/vc_column_text][\/vc_column][\/vc_row]<\/p>\n<\/section>","protected":false},"excerpt":{"rendered":"<p>[vc_row el_class=&#8221;pravni-tekstovi&#8221; woodmart_css_id=&#8221;637362c6a4f13&#8243; responsive_spacing=&#8221;eyJwYXJhbV90eXBlIjoid29vZG1hcnRfcmVzcG9uc2l2ZV9zcGFjaW5nIiwic2VsZWN0b3JfaWQiOiI2MzczNjJjNmE0ZjEzIiwic2hvcnRjb2RlIjoidmNfcm93IiwiZGF0YSI6eyJ0YWJsZXQiOnt9LCJtb2JpbGUiOnt9fX0=&#8221; mobile_bg_img_hidden=&#8221;no&#8221; tablet_bg_img_hidden=&#8221;no&#8221; woodmart_parallax=&#8221;0&#8243; woodmart_gradient_switch=&#8221;no&#8221; woodmart_box_shadow=&#8221;no&#8221; wd_z_index=&#8221;no&#8221; woodmart_disable_overflow=&#8221;0&#8243; row_reverse_mobile=&#8221;0&#8243; row_reverse_tablet=&#8221;0&#8243;][vc_column][vc_column_text woodmart_inline=&#8221;no&#8221; text_larger=&#8221;no&#8221;] REKLAMATIONEN UND R\u00dcCKSENDUNGEN Wenn der<\/p>\n","protected":false},"author":2,"featured_media":0,"parent":0,"menu_order":0,"comment_status":"closed","ping_status":"closed","template":"","meta":{"footnotes":""},"class_list":["post-9845","page","type-page","status-publish","hentry"],"yoast_head":"<!-- This site is optimized with the Yoast SEO plugin v27.1.1 - https:\/\/yoast.com\/product\/yoast-seo-wordpress\/ -->\n<title>Reklamationen und R\u00fccksendungen - Hygienic Seat - Toilettensitze waren noch nie so gesund<\/title>\n<meta name=\"robots\" content=\"index, follow, max-snippet:-1, max-image-preview:large, max-video-preview:-1\" \/>\n<link rel=\"canonical\" href=\"https:\/\/hygienic-seat.com\/de\/reklamationen-und-ruecksendungen\" \/>\n<meta property=\"og:locale\" content=\"de_DE\" \/>\n<meta property=\"og:type\" content=\"article\" \/>\n<meta property=\"og:title\" content=\"Reklamationen und R\u00fccksendungen - Hygienic Seat - Toilettensitze waren noch nie so gesund\" \/>\n<meta property=\"og:description\" content=\"[vc_row el_class=&#8221;pravni-tekstovi&#8221; woodmart_css_id=&#8221;637362c6a4f13&#8243; responsive_spacing=&#8221;eyJwYXJhbV90eXBlIjoid29vZG1hcnRfcmVzcG9uc2l2ZV9zcGFjaW5nIiwic2VsZWN0b3JfaWQiOiI2MzczNjJjNmE0ZjEzIiwic2hvcnRjb2RlIjoidmNfcm93IiwiZGF0YSI6eyJ0YWJsZXQiOnt9LCJtb2JpbGUiOnt9fX0=&#8221; mobile_bg_img_hidden=&#8221;no&#8221; tablet_bg_img_hidden=&#8221;no&#8221; woodmart_parallax=&#8221;0&#8243; woodmart_gradient_switch=&#8221;no&#8221; woodmart_box_shadow=&#8221;no&#8221; wd_z_index=&#8221;no&#8221; woodmart_disable_overflow=&#8221;0&#8243; row_reverse_mobile=&#8221;0&#8243; row_reverse_tablet=&#8221;0&#8243;][vc_column][vc_column_text woodmart_inline=&#8221;no&#8221; text_larger=&#8221;no&#8221;] REKLAMATIONEN UND R\u00dcCKSENDUNGEN Wenn der\" \/>\n<meta property=\"og:url\" content=\"https:\/\/hygienic-seat.com\/de\/reklamationen-und-ruecksendungen\" \/>\n<meta property=\"og:site_name\" content=\"Hygienic Seat - Toilettensitze waren noch nie so gesund\" \/>\n<meta property=\"article:modified_time\" content=\"2023-01-17T12:02:34+00:00\" \/>\n<meta property=\"og:image\" content=\"https:\/\/hygienic-seat.com\/wp-content\/uploads\/2022\/11\/CLEAN4U-logo-350.png\" \/>\n\t<meta property=\"og:image:width\" content=\"350\" \/>\n\t<meta property=\"og:image:height\" content=\"329\" \/>\n\t<meta property=\"og:image:type\" content=\"image\/png\" \/>\n<meta name=\"twitter:card\" content=\"summary_large_image\" \/>\n<meta name=\"twitter:label1\" content=\"Gesch\u00e4tzte Lesezeit\" \/>\n\t<meta name=\"twitter:data1\" content=\"3\u00a0Minuten\" \/>\n<script type=\"application\/ld+json\" class=\"yoast-schema-graph\">{\"@context\":\"https:\/\/schema.org\",\"@graph\":[{\"@type\":\"WebPage\",\"@id\":\"https:\/\/hygienic-seat.com\/de\/reklamationen-und-ruecksendungen\",\"url\":\"https:\/\/hygienic-seat.com\/de\/reklamationen-und-ruecksendungen\",\"name\":\"Reklamationen und R\u00fccksendungen - Hygienic Seat - Toilettensitze waren noch nie so gesund\",\"isPartOf\":{\"@id\":\"https:\/\/hygienic-seat.com\/#website\"},\"datePublished\":\"2022-11-15T13:13:17+00:00\",\"dateModified\":\"2023-01-17T12:02:34+00:00\",\"breadcrumb\":{\"@id\":\"https:\/\/hygienic-seat.com\/de\/reklamationen-und-ruecksendungen#breadcrumb\"},\"inLanguage\":\"de\",\"potentialAction\":[{\"@type\":\"ReadAction\",\"target\":[\"https:\/\/hygienic-seat.com\/de\/reklamationen-und-ruecksendungen\"]}]},{\"@type\":\"BreadcrumbList\",\"@id\":\"https:\/\/hygienic-seat.com\/de\/reklamationen-und-ruecksendungen#breadcrumb\",\"itemListElement\":[{\"@type\":\"ListItem\",\"position\":1,\"name\":\"Po\u010detna stranica\",\"item\":\"https:\/\/hygienic-seat.com\/de\"},{\"@type\":\"ListItem\",\"position\":2,\"name\":\"Reklamationen und R\u00fccksendungen\"}]},{\"@type\":\"WebSite\",\"@id\":\"https:\/\/hygienic-seat.com\/#website\",\"url\":\"https:\/\/hygienic-seat.com\/\",\"name\":\"Hygienic Seat - Toilettensitze waren noch nie so gesund\",\"description\":\"\",\"publisher\":{\"@id\":\"https:\/\/hygienic-seat.com\/#organization\"},\"alternateName\":\"Hygienic Seat - toilet seats have never been this clean\",\"potentialAction\":[{\"@type\":\"SearchAction\",\"target\":{\"@type\":\"EntryPoint\",\"urlTemplate\":\"https:\/\/hygienic-seat.com\/?s={search_term_string}\"},\"query-input\":{\"@type\":\"PropertyValueSpecification\",\"valueRequired\":true,\"valueName\":\"search_term_string\"}}],\"inLanguage\":\"de\"},{\"@type\":\"Organization\",\"@id\":\"https:\/\/hygienic-seat.com\/#organization\",\"name\":\"Hygienic Seat - Toilettensitze waren noch nie so gesund\",\"alternateName\":\"Hygienic Seat - toilet seats have never been this clean\",\"url\":\"https:\/\/hygienic-seat.com\/\",\"logo\":{\"@type\":\"ImageObject\",\"inLanguage\":\"de\",\"@id\":\"https:\/\/hygienic-seat.com\/#\/schema\/logo\/image\/\",\"url\":\"https:\/\/hygienic-seat.com\/wp-content\/uploads\/2022\/11\/CLEAN4U-logo-350.png\",\"contentUrl\":\"https:\/\/hygienic-seat.com\/wp-content\/uploads\/2022\/11\/CLEAN4U-logo-350.png\",\"width\":350,\"height\":329,\"caption\":\"Hygienic Seat - Toilettensitze waren noch nie so gesund\"},\"image\":{\"@id\":\"https:\/\/hygienic-seat.com\/#\/schema\/logo\/image\/\"}}]}<\/script>\n<!-- \/ Yoast SEO plugin. -->","yoast_head_json":{"title":"Reklamationen und R\u00fccksendungen - Hygienic Seat - Toilettensitze waren noch nie so gesund","robots":{"index":"index","follow":"follow","max-snippet":"max-snippet:-1","max-image-preview":"max-image-preview:large","max-video-preview":"max-video-preview:-1"},"canonical":"https:\/\/hygienic-seat.com\/de\/reklamationen-und-ruecksendungen","og_locale":"de_DE","og_type":"article","og_title":"Reklamationen und R\u00fccksendungen - Hygienic Seat - Toilettensitze waren noch nie so gesund","og_description":"[vc_row el_class=&#8221;pravni-tekstovi&#8221; woodmart_css_id=&#8221;637362c6a4f13&#8243; responsive_spacing=&#8221;eyJwYXJhbV90eXBlIjoid29vZG1hcnRfcmVzcG9uc2l2ZV9zcGFjaW5nIiwic2VsZWN0b3JfaWQiOiI2MzczNjJjNmE0ZjEzIiwic2hvcnRjb2RlIjoidmNfcm93IiwiZGF0YSI6eyJ0YWJsZXQiOnt9LCJtb2JpbGUiOnt9fX0=&#8221; mobile_bg_img_hidden=&#8221;no&#8221; tablet_bg_img_hidden=&#8221;no&#8221; woodmart_parallax=&#8221;0&#8243; woodmart_gradient_switch=&#8221;no&#8221; woodmart_box_shadow=&#8221;no&#8221; wd_z_index=&#8221;no&#8221; woodmart_disable_overflow=&#8221;0&#8243; row_reverse_mobile=&#8221;0&#8243; row_reverse_tablet=&#8221;0&#8243;][vc_column][vc_column_text woodmart_inline=&#8221;no&#8221; text_larger=&#8221;no&#8221;] REKLAMATIONEN UND R\u00dcCKSENDUNGEN Wenn der","og_url":"https:\/\/hygienic-seat.com\/de\/reklamationen-und-ruecksendungen","og_site_name":"Hygienic Seat - Toilettensitze waren noch nie so gesund","article_modified_time":"2023-01-17T12:02:34+00:00","og_image":[{"width":350,"height":329,"url":"https:\/\/hygienic-seat.com\/wp-content\/uploads\/2022\/11\/CLEAN4U-logo-350.png","type":"image\/png"}],"twitter_card":"summary_large_image","twitter_misc":{"Gesch\u00e4tzte Lesezeit":"3\u00a0Minuten"},"schema":{"@context":"https:\/\/schema.org","@graph":[{"@type":"WebPage","@id":"https:\/\/hygienic-seat.com\/de\/reklamationen-und-ruecksendungen","url":"https:\/\/hygienic-seat.com\/de\/reklamationen-und-ruecksendungen","name":"Reklamationen und R\u00fccksendungen - Hygienic Seat - Toilettensitze waren noch nie so gesund","isPartOf":{"@id":"https:\/\/hygienic-seat.com\/#website"},"datePublished":"2022-11-15T13:13:17+00:00","dateModified":"2023-01-17T12:02:34+00:00","breadcrumb":{"@id":"https:\/\/hygienic-seat.com\/de\/reklamationen-und-ruecksendungen#breadcrumb"},"inLanguage":"de","potentialAction":[{"@type":"ReadAction","target":["https:\/\/hygienic-seat.com\/de\/reklamationen-und-ruecksendungen"]}]},{"@type":"BreadcrumbList","@id":"https:\/\/hygienic-seat.com\/de\/reklamationen-und-ruecksendungen#breadcrumb","itemListElement":[{"@type":"ListItem","position":1,"name":"Po\u010detna stranica","item":"https:\/\/hygienic-seat.com\/de"},{"@type":"ListItem","position":2,"name":"Reklamationen und R\u00fccksendungen"}]},{"@type":"WebSite","@id":"https:\/\/hygienic-seat.com\/#website","url":"https:\/\/hygienic-seat.com\/","name":"Hygienic Seat - Toilettensitze waren noch nie so gesund","description":"","publisher":{"@id":"https:\/\/hygienic-seat.com\/#organization"},"alternateName":"Hygienic Seat - toilet seats have never been this clean","potentialAction":[{"@type":"SearchAction","target":{"@type":"EntryPoint","urlTemplate":"https:\/\/hygienic-seat.com\/?s={search_term_string}"},"query-input":{"@type":"PropertyValueSpecification","valueRequired":true,"valueName":"search_term_string"}}],"inLanguage":"de"},{"@type":"Organization","@id":"https:\/\/hygienic-seat.com\/#organization","name":"Hygienic Seat - Toilettensitze waren noch nie so gesund","alternateName":"Hygienic Seat - toilet seats have never been this clean","url":"https:\/\/hygienic-seat.com\/","logo":{"@type":"ImageObject","inLanguage":"de","@id":"https:\/\/hygienic-seat.com\/#\/schema\/logo\/image\/","url":"https:\/\/hygienic-seat.com\/wp-content\/uploads\/2022\/11\/CLEAN4U-logo-350.png","contentUrl":"https:\/\/hygienic-seat.com\/wp-content\/uploads\/2022\/11\/CLEAN4U-logo-350.png","width":350,"height":329,"caption":"Hygienic Seat - Toilettensitze waren noch nie so gesund"},"image":{"@id":"https:\/\/hygienic-seat.com\/#\/schema\/logo\/image\/"}}]}},"_links":{"self":[{"href":"https:\/\/hygienic-seat.com\/de\/wp-json\/wp\/v2\/pages\/9845","targetHints":{"allow":["GET"]}}],"collection":[{"href":"https:\/\/hygienic-seat.com\/de\/wp-json\/wp\/v2\/pages"}],"about":[{"href":"https:\/\/hygienic-seat.com\/de\/wp-json\/wp\/v2\/types\/page"}],"author":[{"embeddable":true,"href":"https:\/\/hygienic-seat.com\/de\/wp-json\/wp\/v2\/users\/2"}],"replies":[{"embeddable":true,"href":"https:\/\/hygienic-seat.com\/de\/wp-json\/wp\/v2\/comments?post=9845"}],"version-history":[{"count":4,"href":"https:\/\/hygienic-seat.com\/de\/wp-json\/wp\/v2\/pages\/9845\/revisions"}],"predecessor-version":[{"id":9851,"href":"https:\/\/hygienic-seat.com\/de\/wp-json\/wp\/v2\/pages\/9845\/revisions\/9851"}],"wp:attachment":[{"href":"https:\/\/hygienic-seat.com\/de\/wp-json\/wp\/v2\/media?parent=9845"}],"curies":[{"name":"wp","href":"https:\/\/api.w.org\/{rel}","templated":true}]}}