{"id":9836,"date":"2022-11-15T14:11:20","date_gmt":"2022-11-15T13:11:20","guid":{"rendered":"https:\/\/hygienic-seat.com\/?page_id=9836"},"modified":"2023-01-17T12:57:25","modified_gmt":"2023-01-17T11:57:25","slug":"lieferung-und-garantie","status":"publish","type":"page","link":"https:\/\/hygienic-seat.com\/de\/lieferung-und-garantie","title":{"rendered":"Lieferung und Garantie"},"content":{"rendered":"<section class=\"wpb-content-wrapper\"><p>[vc_row el_class=&#8221;pravni-tekstovi&#8221; woodmart_css_id=&#8221;637362c6a4f13&#8243; responsive_spacing=&#8221;eyJwYXJhbV90eXBlIjoid29vZG1hcnRfcmVzcG9uc2l2ZV9zcGFjaW5nIiwic2VsZWN0b3JfaWQiOiI2MzczNjJjNmE0ZjEzIiwic2hvcnRjb2RlIjoidmNfcm93IiwiZGF0YSI6eyJ0YWJsZXQiOnt9LCJtb2JpbGUiOnt9fX0=&#8221; mobile_bg_img_hidden=&#8221;no&#8221; tablet_bg_img_hidden=&#8221;no&#8221; woodmart_parallax=&#8221;0&#8243; woodmart_gradient_switch=&#8221;no&#8221; woodmart_box_shadow=&#8221;no&#8221; wd_z_index=&#8221;no&#8221; woodmart_disable_overflow=&#8221;0&#8243; row_reverse_mobile=&#8221;0&#8243; row_reverse_tablet=&#8221;0&#8243;][vc_column][vc_column_text woodmart_inline=&#8221;no&#8221; text_larger=&#8221;no&#8221;]<\/p>\n<h3>LIEFERUNG UND GARANTIE<\/h3>\n<h4>1. LIEFERBEREICH<\/h4>\n<p>Clean4U liefert in alle L\u00e4nder der Welt. Die Versandkosten werden automatisch berechnet, wenn Sie den Lieferort ausw\u00e4hlen.<\/p>\n<p>Der Preis beinhaltet nicht die Kosten f\u00fcr Zoll und Steuern anderer L\u00e4nder (au\u00dferhalb der EU).<\/p>\n<h4>2. LIEFERZEIT<\/h4>\n<p>Alle Bestellungen, die an einem Werktag bis 12:00 Uhr eingehen, bearbeiten wir noch am selben Tag, sodass die bestellte Ware in den meisten F\u00e4llen noch am selben Tag an den Lieferdienst geliefert wird.<\/p>\n<p>Wir liefern Bestellungen nach 12:00 Uhr werktags (au\u00dfer freitags) am n\u00e4chsten Tag, w\u00e4hrend Bestellungen, die freitags nach 12:00 Uhr eingehen, montags zugestellt werden.<\/p>\n<p>Nach \u00dcbergabe der Ware an den Zustelldienst senden wir Ihnen die Sendungsnummer an Ihre E-Mail-Adresse, damit Sie den Status bei der Adresse des Zustelldienstes einsehen k\u00f6nnen.<\/p>\n<p>Auf die weitere Liefergeschwindigkeit und eventuelle Komplikationen im Zusammenhang mit der Lieferung selbst, die durch die Lieferung verursacht werden, k\u00f6nnen wir leider keinen Einfluss nehmen.<\/p>\n<p>F\u00fcr jede Sendung beglaubigt und unterschreibt der Empf\u00e4nger bei Empfang der Sendung den Lieferschein. Nach den Bestimmungen des Schuldverh\u00e4ltnissegesetzes gilt die Sendung mit der Beglaubigung des Lieferscheins durch den Empf\u00e4nger als unbesch\u00e4digt zugestellt und der Frachtf\u00fchrer ist von jeder weiteren Haftung befreit. Ist der Empf\u00e4nger an der angegebenen Adresse nicht vorhanden oder die Adresse unbekannt, versucht der Zustelldienst den Empf\u00e4nger zu kontaktieren, um den genauen Zeitpunkt und ggf. eine andere Zustelladresse zu vereinbaren.<\/p>\n<p>Bei Unm\u00f6glichkeit der Zustellung ist die Sendung an uns zur\u00fcckzusenden. Wir verpflichten uns, Ihre Bestellung termingerecht auszuliefern, wenn Sie Ihre Angaben vollst\u00e4ndig richtig und wahrheitsgem\u00e4\u00df ausgef\u00fcllt haben.<\/p>\n<h4>3. EINW\u00c4NDE<\/h4>\n<p>Bei Reklamationen, Transportsch\u00e4den, Fehlern bei der Daten\u00fcbertragung oder sonstigen M\u00e4ngeln kontaktieren Sie uns bitte innerhalb von zwei Werktagen nach Erhalt der Sendung.<\/p>\n<p>Der Nutzer erwirbt ein Beschwerderecht, wenn:<\/p>\n<ul>\n<li>die Ware nicht gem\u00e4\u00df den Anweisungen in der Bestellung geliefert wurde<\/li>\n<li>gelieferte Ware nicht den Standards entspricht<\/li>\n<li>Es wurde bei der Lieferung besch\u00e4digt<\/li>\n<\/ul>\n<p>Alle genannten Reklamationen l\u00f6sen wir im Einvernehmen mit dem K\u00e4ufer, dh dem Empf\u00e4nger der Ware.[\/vc_column_text][\/vc_column][\/vc_row]<\/p>\n<\/section>","protected":false},"excerpt":{"rendered":"<p>[vc_row el_class=&#8221;pravni-tekstovi&#8221; woodmart_css_id=&#8221;637362c6a4f13&#8243; responsive_spacing=&#8221;eyJwYXJhbV90eXBlIjoid29vZG1hcnRfcmVzcG9uc2l2ZV9zcGFjaW5nIiwic2VsZWN0b3JfaWQiOiI2MzczNjJjNmE0ZjEzIiwic2hvcnRjb2RlIjoidmNfcm93IiwiZGF0YSI6eyJ0YWJsZXQiOnt9LCJtb2JpbGUiOnt9fX0=&#8221; mobile_bg_img_hidden=&#8221;no&#8221; tablet_bg_img_hidden=&#8221;no&#8221; woodmart_parallax=&#8221;0&#8243; woodmart_gradient_switch=&#8221;no&#8221; woodmart_box_shadow=&#8221;no&#8221; wd_z_index=&#8221;no&#8221; woodmart_disable_overflow=&#8221;0&#8243; row_reverse_mobile=&#8221;0&#8243; row_reverse_tablet=&#8221;0&#8243;][vc_column][vc_column_text woodmart_inline=&#8221;no&#8221; text_larger=&#8221;no&#8221;] LIEFERUNG UND GARANTIE 1. LIEFERBEREICH<\/p>\n","protected":false},"author":2,"featured_media":0,"parent":0,"menu_order":0,"comment_status":"closed","ping_status":"closed","template":"","meta":{"footnotes":""},"class_list":["post-9836","page","type-page","status-publish","hentry"],"yoast_head":"<!-- This site is optimized with the Yoast SEO plugin v27.1.1 - https:\/\/yoast.com\/product\/yoast-seo-wordpress\/ -->\n<title>Lieferung und Garantie - Hygienic Seat - Toilettensitze waren noch nie so gesund<\/title>\n<meta name=\"robots\" content=\"index, follow, max-snippet:-1, max-image-preview:large, max-video-preview:-1\" \/>\n<link rel=\"canonical\" href=\"https:\/\/hygienic-seat.com\/de\/lieferung-und-garantie\" \/>\n<meta property=\"og:locale\" content=\"de_DE\" \/>\n<meta property=\"og:type\" content=\"article\" \/>\n<meta property=\"og:title\" content=\"Lieferung und Garantie - Hygienic Seat - Toilettensitze waren noch nie so gesund\" \/>\n<meta property=\"og:description\" content=\"[vc_row el_class=&#8221;pravni-tekstovi&#8221; woodmart_css_id=&#8221;637362c6a4f13&#8243; responsive_spacing=&#8221;eyJwYXJhbV90eXBlIjoid29vZG1hcnRfcmVzcG9uc2l2ZV9zcGFjaW5nIiwic2VsZWN0b3JfaWQiOiI2MzczNjJjNmE0ZjEzIiwic2hvcnRjb2RlIjoidmNfcm93IiwiZGF0YSI6eyJ0YWJsZXQiOnt9LCJtb2JpbGUiOnt9fX0=&#8221; mobile_bg_img_hidden=&#8221;no&#8221; tablet_bg_img_hidden=&#8221;no&#8221; woodmart_parallax=&#8221;0&#8243; woodmart_gradient_switch=&#8221;no&#8221; woodmart_box_shadow=&#8221;no&#8221; wd_z_index=&#8221;no&#8221; woodmart_disable_overflow=&#8221;0&#8243; row_reverse_mobile=&#8221;0&#8243; row_reverse_tablet=&#8221;0&#8243;][vc_column][vc_column_text woodmart_inline=&#8221;no&#8221; text_larger=&#8221;no&#8221;] LIEFERUNG UND GARANTIE 1. LIEFERBEREICH\" \/>\n<meta property=\"og:url\" content=\"https:\/\/hygienic-seat.com\/de\/lieferung-und-garantie\" \/>\n<meta property=\"og:site_name\" content=\"Hygienic Seat - Toilettensitze waren noch nie so gesund\" \/>\n<meta property=\"article:modified_time\" content=\"2023-01-17T11:57:25+00:00\" \/>\n<meta property=\"og:image\" content=\"https:\/\/hygienic-seat.com\/wp-content\/uploads\/2022\/11\/CLEAN4U-logo-350.png\" \/>\n\t<meta property=\"og:image:width\" content=\"350\" \/>\n\t<meta property=\"og:image:height\" content=\"329\" \/>\n\t<meta property=\"og:image:type\" content=\"image\/png\" \/>\n<meta name=\"twitter:card\" content=\"summary_large_image\" \/>\n<meta name=\"twitter:label1\" content=\"Gesch\u00e4tzte Lesezeit\" \/>\n\t<meta name=\"twitter:data1\" content=\"2\u00a0Minuten\" \/>\n<script type=\"application\/ld+json\" class=\"yoast-schema-graph\">{\"@context\":\"https:\/\/schema.org\",\"@graph\":[{\"@type\":\"WebPage\",\"@id\":\"https:\/\/hygienic-seat.com\/de\/lieferung-und-garantie\",\"url\":\"https:\/\/hygienic-seat.com\/de\/lieferung-und-garantie\",\"name\":\"Lieferung und Garantie - Hygienic Seat - Toilettensitze waren noch nie so gesund\",\"isPartOf\":{\"@id\":\"https:\/\/hygienic-seat.com\/#website\"},\"datePublished\":\"2022-11-15T13:11:20+00:00\",\"dateModified\":\"2023-01-17T11:57:25+00:00\",\"breadcrumb\":{\"@id\":\"https:\/\/hygienic-seat.com\/de\/lieferung-und-garantie#breadcrumb\"},\"inLanguage\":\"de\",\"potentialAction\":[{\"@type\":\"ReadAction\",\"target\":[\"https:\/\/hygienic-seat.com\/de\/lieferung-und-garantie\"]}]},{\"@type\":\"BreadcrumbList\",\"@id\":\"https:\/\/hygienic-seat.com\/de\/lieferung-und-garantie#breadcrumb\",\"itemListElement\":[{\"@type\":\"ListItem\",\"position\":1,\"name\":\"Po\u010detna stranica\",\"item\":\"https:\/\/hygienic-seat.com\/de\"},{\"@type\":\"ListItem\",\"position\":2,\"name\":\"Lieferung und Garantie\"}]},{\"@type\":\"WebSite\",\"@id\":\"https:\/\/hygienic-seat.com\/#website\",\"url\":\"https:\/\/hygienic-seat.com\/\",\"name\":\"Hygienic Seat - Toilettensitze waren noch nie so gesund\",\"description\":\"\",\"publisher\":{\"@id\":\"https:\/\/hygienic-seat.com\/#organization\"},\"alternateName\":\"Hygienic Seat - toilet seats have never been this clean\",\"potentialAction\":[{\"@type\":\"SearchAction\",\"target\":{\"@type\":\"EntryPoint\",\"urlTemplate\":\"https:\/\/hygienic-seat.com\/?s={search_term_string}\"},\"query-input\":{\"@type\":\"PropertyValueSpecification\",\"valueRequired\":true,\"valueName\":\"search_term_string\"}}],\"inLanguage\":\"de\"},{\"@type\":\"Organization\",\"@id\":\"https:\/\/hygienic-seat.com\/#organization\",\"name\":\"Hygienic Seat - Toilettensitze waren noch nie so gesund\",\"alternateName\":\"Hygienic Seat - toilet seats have never been this clean\",\"url\":\"https:\/\/hygienic-seat.com\/\",\"logo\":{\"@type\":\"ImageObject\",\"inLanguage\":\"de\",\"@id\":\"https:\/\/hygienic-seat.com\/#\/schema\/logo\/image\/\",\"url\":\"https:\/\/hygienic-seat.com\/wp-content\/uploads\/2022\/11\/CLEAN4U-logo-350.png\",\"contentUrl\":\"https:\/\/hygienic-seat.com\/wp-content\/uploads\/2022\/11\/CLEAN4U-logo-350.png\",\"width\":350,\"height\":329,\"caption\":\"Hygienic Seat - Toilettensitze waren noch nie so gesund\"},\"image\":{\"@id\":\"https:\/\/hygienic-seat.com\/#\/schema\/logo\/image\/\"}}]}<\/script>\n<!-- \/ Yoast SEO plugin. -->","yoast_head_json":{"title":"Lieferung und Garantie - Hygienic Seat - Toilettensitze waren noch nie so gesund","robots":{"index":"index","follow":"follow","max-snippet":"max-snippet:-1","max-image-preview":"max-image-preview:large","max-video-preview":"max-video-preview:-1"},"canonical":"https:\/\/hygienic-seat.com\/de\/lieferung-und-garantie","og_locale":"de_DE","og_type":"article","og_title":"Lieferung und Garantie - Hygienic Seat - Toilettensitze waren noch nie so gesund","og_description":"[vc_row el_class=&#8221;pravni-tekstovi&#8221; woodmart_css_id=&#8221;637362c6a4f13&#8243; responsive_spacing=&#8221;eyJwYXJhbV90eXBlIjoid29vZG1hcnRfcmVzcG9uc2l2ZV9zcGFjaW5nIiwic2VsZWN0b3JfaWQiOiI2MzczNjJjNmE0ZjEzIiwic2hvcnRjb2RlIjoidmNfcm93IiwiZGF0YSI6eyJ0YWJsZXQiOnt9LCJtb2JpbGUiOnt9fX0=&#8221; mobile_bg_img_hidden=&#8221;no&#8221; tablet_bg_img_hidden=&#8221;no&#8221; woodmart_parallax=&#8221;0&#8243; woodmart_gradient_switch=&#8221;no&#8221; woodmart_box_shadow=&#8221;no&#8221; wd_z_index=&#8221;no&#8221; woodmart_disable_overflow=&#8221;0&#8243; row_reverse_mobile=&#8221;0&#8243; row_reverse_tablet=&#8221;0&#8243;][vc_column][vc_column_text woodmart_inline=&#8221;no&#8221; text_larger=&#8221;no&#8221;] LIEFERUNG UND GARANTIE 1. LIEFERBEREICH","og_url":"https:\/\/hygienic-seat.com\/de\/lieferung-und-garantie","og_site_name":"Hygienic Seat - Toilettensitze waren noch nie so gesund","article_modified_time":"2023-01-17T11:57:25+00:00","og_image":[{"width":350,"height":329,"url":"https:\/\/hygienic-seat.com\/wp-content\/uploads\/2022\/11\/CLEAN4U-logo-350.png","type":"image\/png"}],"twitter_card":"summary_large_image","twitter_misc":{"Gesch\u00e4tzte Lesezeit":"2\u00a0Minuten"},"schema":{"@context":"https:\/\/schema.org","@graph":[{"@type":"WebPage","@id":"https:\/\/hygienic-seat.com\/de\/lieferung-und-garantie","url":"https:\/\/hygienic-seat.com\/de\/lieferung-und-garantie","name":"Lieferung und Garantie - Hygienic Seat - Toilettensitze waren noch nie so gesund","isPartOf":{"@id":"https:\/\/hygienic-seat.com\/#website"},"datePublished":"2022-11-15T13:11:20+00:00","dateModified":"2023-01-17T11:57:25+00:00","breadcrumb":{"@id":"https:\/\/hygienic-seat.com\/de\/lieferung-und-garantie#breadcrumb"},"inLanguage":"de","potentialAction":[{"@type":"ReadAction","target":["https:\/\/hygienic-seat.com\/de\/lieferung-und-garantie"]}]},{"@type":"BreadcrumbList","@id":"https:\/\/hygienic-seat.com\/de\/lieferung-und-garantie#breadcrumb","itemListElement":[{"@type":"ListItem","position":1,"name":"Po\u010detna stranica","item":"https:\/\/hygienic-seat.com\/de"},{"@type":"ListItem","position":2,"name":"Lieferung und Garantie"}]},{"@type":"WebSite","@id":"https:\/\/hygienic-seat.com\/#website","url":"https:\/\/hygienic-seat.com\/","name":"Hygienic Seat - Toilettensitze waren noch nie so gesund","description":"","publisher":{"@id":"https:\/\/hygienic-seat.com\/#organization"},"alternateName":"Hygienic Seat - toilet seats have never been this clean","potentialAction":[{"@type":"SearchAction","target":{"@type":"EntryPoint","urlTemplate":"https:\/\/hygienic-seat.com\/?s={search_term_string}"},"query-input":{"@type":"PropertyValueSpecification","valueRequired":true,"valueName":"search_term_string"}}],"inLanguage":"de"},{"@type":"Organization","@id":"https:\/\/hygienic-seat.com\/#organization","name":"Hygienic Seat - Toilettensitze waren noch nie so gesund","alternateName":"Hygienic Seat - toilet seats have never been this clean","url":"https:\/\/hygienic-seat.com\/","logo":{"@type":"ImageObject","inLanguage":"de","@id":"https:\/\/hygienic-seat.com\/#\/schema\/logo\/image\/","url":"https:\/\/hygienic-seat.com\/wp-content\/uploads\/2022\/11\/CLEAN4U-logo-350.png","contentUrl":"https:\/\/hygienic-seat.com\/wp-content\/uploads\/2022\/11\/CLEAN4U-logo-350.png","width":350,"height":329,"caption":"Hygienic Seat - Toilettensitze waren noch nie so gesund"},"image":{"@id":"https:\/\/hygienic-seat.com\/#\/schema\/logo\/image\/"}}]}},"_links":{"self":[{"href":"https:\/\/hygienic-seat.com\/de\/wp-json\/wp\/v2\/pages\/9836","targetHints":{"allow":["GET"]}}],"collection":[{"href":"https:\/\/hygienic-seat.com\/de\/wp-json\/wp\/v2\/pages"}],"about":[{"href":"https:\/\/hygienic-seat.com\/de\/wp-json\/wp\/v2\/types\/page"}],"author":[{"embeddable":true,"href":"https:\/\/hygienic-seat.com\/de\/wp-json\/wp\/v2\/users\/2"}],"replies":[{"embeddable":true,"href":"https:\/\/hygienic-seat.com\/de\/wp-json\/wp\/v2\/comments?post=9836"}],"version-history":[{"count":7,"href":"https:\/\/hygienic-seat.com\/de\/wp-json\/wp\/v2\/pages\/9836\/revisions"}],"predecessor-version":[{"id":9844,"href":"https:\/\/hygienic-seat.com\/de\/wp-json\/wp\/v2\/pages\/9836\/revisions\/9844"}],"wp:attachment":[{"href":"https:\/\/hygienic-seat.com\/de\/wp-json\/wp\/v2\/media?parent=9836"}],"curies":[{"name":"wp","href":"https:\/\/api.w.org\/{rel}","templated":true}]}}