{"id":9829,"date":"2022-11-15T11:06:06","date_gmt":"2022-11-15T10:06:06","guid":{"rendered":"https:\/\/hygienic-seat.com\/?page_id=9829"},"modified":"2023-01-17T12:51:01","modified_gmt":"2023-01-17T11:51:01","slug":"zahlungsarten","status":"publish","type":"page","link":"https:\/\/hygienic-seat.com\/de\/zahlungsarten","title":{"rendered":"Zahlungsarten"},"content":{"rendered":"<section class=\"wpb-content-wrapper\"><p>[vc_row el_class=&#8221;pravni-tekstovi&#8221; woodmart_css_id=&#8221;637362c6a4f13&#8243; responsive_spacing=&#8221;eyJwYXJhbV90eXBlIjoid29vZG1hcnRfcmVzcG9uc2l2ZV9zcGFjaW5nIiwic2VsZWN0b3JfaWQiOiI2MzczNjJjNmE0ZjEzIiwic2hvcnRjb2RlIjoidmNfcm93IiwiZGF0YSI6eyJ0YWJsZXQiOnt9LCJtb2JpbGUiOnt9fX0=&#8221; mobile_bg_img_hidden=&#8221;no&#8221; tablet_bg_img_hidden=&#8221;no&#8221; woodmart_parallax=&#8221;0&#8243; woodmart_gradient_switch=&#8221;no&#8221; woodmart_box_shadow=&#8221;no&#8221; wd_z_index=&#8221;no&#8221; woodmart_disable_overflow=&#8221;0&#8243; row_reverse_mobile=&#8221;0&#8243; row_reverse_tablet=&#8221;0&#8243;][vc_column][vc_column_text woodmart_inline=&#8221;no&#8221; text_larger=&#8221;no&#8221;]<\/p>\n<h3>ZAHLUNGSARTEN<\/h3>\n<h4>1. Per Bank\u00fcberweisung<\/h4>\n<p>Zahlung per Internetbanking oder Zahlungsanweisung nach unserem Angebot. Der Preis ist derselbe wie f\u00fcr Bargeld. Wir versenden die Ware nach Zahlungseingang auf unserem Konto.<\/p>\n<p><strong>Zahlungsempf\u00e4nger:<\/strong><\/p>\n<p>Krainc auto d.o.o.<br \/>\nKa\u010djak 2, 51000 Rijeka, Kroatien<\/p>\n<p>OIB: 56357939924<br \/>\nBank: Erste&amp;Steierm\u00e4rkische Bank d.d.<br \/>\nIBAN: HR5124020061100103270<br \/>\nSWIFT: ESBCHR22<\/p>\n<p>Befolgen Sie die Anweisungen, die Sie nach Ihrer Bestellung erhalten. Achten Sie auf den Betrag, den Sie bezahlen m\u00fcssen. Bitte leisten Sie die Zahlung innerhalb der Frist entsprechend dem Wert des erhaltenen Angebots, da wir sonst die Verf\u00fcgbarkeit der Ware nicht garantieren k\u00f6nnen und wir die unbezahlte Bestellung stornieren.<\/p>\n<h4>2. Per Kredit- oder Debitkarte<\/h4>\n<p>Zahlung direkt \u00fcber das Internet mit Kartenzahlungsdiensten: Visa Electron, American Express, MasterCard, Maestro, Visa und Diners.<\/p>\n<div style=\"padding-bottom: 30px;\" align=\"left\"><a href=\"https:\/\/www.vivawallet.com\/hr_hr\" target=\"_blank\" rel=\"noopener noreferrer\"><img decoding=\"async\" src=\"\/wp-content\/uploads\/2022\/11\/VIVA_WALLET_logo.jpg\" alt=\"Viva Wallet\" \/><\/a>\u00a0<a href=\"https:\/\/www.apple.com\/apple-pay\/\" target=\"_blank\" rel=\"noopener noreferrer\"><img decoding=\"async\" src=\"\/wp-content\/uploads\/2022\/11\/applepay.png\" alt=\"Apple Pay\" \/><\/a>\u00a0<a href=\"https:\/\/pay.google.com\/\" target=\"_blank\" rel=\"noopener noreferrer\"><img decoding=\"async\" src=\"\/wp-content\/uploads\/2022\/11\/googlepay.jpg\" alt=\"Google Pay\" \/><\/a>\u00a0<a href=\"https:\/\/www.paypal.com\/\" target=\"_blank\" rel=\"noopener noreferrer\"><img decoding=\"async\" src=\"\/wp-content\/uploads\/2022\/11\/PayPalLogo.png\" alt=\"PayPal\" \/><\/a>\u00a0<a href=\"http:\/\/www.visa.com\" target=\"_blank\" rel=\"noopener noreferrer\"><img decoding=\"async\" src=\"\/wp-content\/uploads\/2022\/11\/pp_logo_122_v1.jpg\" alt=\"\" \/><\/a>\u00a0<a href=\"http:\/\/www.americanexpress.hr\/\" target=\"_blank\" rel=\"noopener noreferrer\"><img decoding=\"async\" src=\"\/wp-content\/uploads\/2022\/11\/AmericanExpress50.png\" \/><\/a>\u00a0<a href=\"http:\/\/www.mastercard.com\" target=\"&quot;_blank\" rel=\"noopener noreferrer\"><img decoding=\"async\" src=\"\/wp-content\/uploads\/2022\/11\/MasterCard50.gif\" alt=\"\" \/><\/a>\u00a0<a href=\"https:\/\/www.mastercard.hr\/hr-hr\/consumers\/find-card-products\/debit-cards\/maestro-debit.html\" target=\"_blank\" rel=\"noopener noreferrer\"><img decoding=\"async\" src=\"\/wp-content\/uploads\/2022\/11\/maestro50.gif\" alt=\"\" \/><\/a>\u00a0<a href=\"http:\/\/www.visa.com\" target=\"_blank\" rel=\"noopener noreferrer\"><img decoding=\"async\" src=\"\/wp-content\/uploads\/2022\/11\/Visa50.gif\" alt=\"\" \/><\/a>\u00a0<a href=\"http:\/\/www.diners.com.hr\" target=\"_blank\" rel=\"noopener noreferrer\"><img decoding=\"async\" src=\"\/wp-content\/uploads\/2022\/11\/diners_50.png\" \/><\/a><\/div>\n<h4>3. Zahlung per Nachnahme (bei Erhalt der Sendung)<\/h4>\n<p>Erm\u00f6glicht dem Kunden, den Bestellbetrag bei Lieferung an die Adresse an den Zusteller zu zahlen.<\/p>\n<p>Die Zahlung per Nachnahme erfolgt ausschlie\u00dflich in bar, d.h. eine Zahlung per Kreditkarte ist nicht m\u00f6glich.<\/p>\n<h3>PSD2-Konformit\u00e4t<\/h3>\n<p>Viva Wallet ist mit allen PSD2-Transaktionssicherheitsprotokollen kompatibel, sodass alle Kundenzahlungen in jeder Checkout-L\u00f6sung ihrer Wahl sicher bleiben.<\/p>\n<p>Viva Wallet Smart Checkout, Plugins und Zahlungstools sind vollst\u00e4ndig PSD2-konform und 3DS wird von Kartenausstellern \u00fcber SMS-OTPs verwaltet.<\/p>\n<h3 class=\"Standard\" style=\"margin-bottom: 11.25pt; line-height: normal;\"><span lang=\"EN-US\">UMWANDLUNGSERKL\u00c4RUNG<\/span><\/h3>\n<p class=\"Standard\"><span lang=\"EN-US\">Alle Zahlungen erfolgen in kroatischer Kuna. Der der Kreditkarte belastete Betrag ergibt sich aus der Umrechnung des Preises von Euro in HRK gem\u00e4\u00df dem aktuellen Wechselkurs der Kroatischen Nationalbank. Bei der Belastung Ihrer Kreditkarte wird der gleiche Betrag gem\u00e4\u00df dem Wechselkurs der Kartenunternehmen in Ihre Landesw\u00e4hrung umgerechnet. Aufgrund dieser Umrechnung besteht die M\u00f6glichkeit einer geringf\u00fcgigen Abweichung von dem auf unserer Website angegebenen Preis.<\/span><\/p>\n<p>[\/vc_column_text][\/vc_column][\/vc_row]<\/p>\n<\/section>","protected":false},"excerpt":{"rendered":"<p>[vc_row el_class=&#8221;pravni-tekstovi&#8221; woodmart_css_id=&#8221;637362c6a4f13&#8243; responsive_spacing=&#8221;eyJwYXJhbV90eXBlIjoid29vZG1hcnRfcmVzcG9uc2l2ZV9zcGFjaW5nIiwic2VsZWN0b3JfaWQiOiI2MzczNjJjNmE0ZjEzIiwic2hvcnRjb2RlIjoidmNfcm93IiwiZGF0YSI6eyJ0YWJsZXQiOnt9LCJtb2JpbGUiOnt9fX0=&#8221; mobile_bg_img_hidden=&#8221;no&#8221; tablet_bg_img_hidden=&#8221;no&#8221; woodmart_parallax=&#8221;0&#8243; woodmart_gradient_switch=&#8221;no&#8221; woodmart_box_shadow=&#8221;no&#8221; wd_z_index=&#8221;no&#8221; woodmart_disable_overflow=&#8221;0&#8243; row_reverse_mobile=&#8221;0&#8243; row_reverse_tablet=&#8221;0&#8243;][vc_column][vc_column_text woodmart_inline=&#8221;no&#8221; text_larger=&#8221;no&#8221;] ZAHLUNGSARTEN 1. Per Bank\u00fcberweisung Zahlung<\/p>\n","protected":false},"author":2,"featured_media":0,"parent":0,"menu_order":0,"comment_status":"closed","ping_status":"closed","template":"","meta":{"footnotes":""},"class_list":["post-9829","page","type-page","status-publish","hentry"],"yoast_head":"<!-- This site is optimized with the Yoast SEO plugin v27.1.1 - https:\/\/yoast.com\/product\/yoast-seo-wordpress\/ -->\n<title>Zahlungsarten - Hygienic Seat - Toilettensitze waren noch nie so gesund<\/title>\n<meta name=\"robots\" content=\"index, follow, max-snippet:-1, max-image-preview:large, max-video-preview:-1\" \/>\n<link rel=\"canonical\" href=\"https:\/\/hygienic-seat.com\/de\/zahlungsarten\" \/>\n<meta property=\"og:locale\" content=\"de_DE\" \/>\n<meta property=\"og:type\" content=\"article\" \/>\n<meta property=\"og:title\" content=\"Zahlungsarten - Hygienic Seat - Toilettensitze waren noch nie so gesund\" \/>\n<meta property=\"og:description\" content=\"[vc_row el_class=&#8221;pravni-tekstovi&#8221; woodmart_css_id=&#8221;637362c6a4f13&#8243; responsive_spacing=&#8221;eyJwYXJhbV90eXBlIjoid29vZG1hcnRfcmVzcG9uc2l2ZV9zcGFjaW5nIiwic2VsZWN0b3JfaWQiOiI2MzczNjJjNmE0ZjEzIiwic2hvcnRjb2RlIjoidmNfcm93IiwiZGF0YSI6eyJ0YWJsZXQiOnt9LCJtb2JpbGUiOnt9fX0=&#8221; mobile_bg_img_hidden=&#8221;no&#8221; tablet_bg_img_hidden=&#8221;no&#8221; woodmart_parallax=&#8221;0&#8243; woodmart_gradient_switch=&#8221;no&#8221; woodmart_box_shadow=&#8221;no&#8221; wd_z_index=&#8221;no&#8221; woodmart_disable_overflow=&#8221;0&#8243; row_reverse_mobile=&#8221;0&#8243; row_reverse_tablet=&#8221;0&#8243;][vc_column][vc_column_text woodmart_inline=&#8221;no&#8221; text_larger=&#8221;no&#8221;] ZAHLUNGSARTEN 1. Per Bank\u00fcberweisung Zahlung\" \/>\n<meta property=\"og:url\" content=\"https:\/\/hygienic-seat.com\/de\/zahlungsarten\" \/>\n<meta property=\"og:site_name\" content=\"Hygienic Seat - Toilettensitze waren noch nie so gesund\" \/>\n<meta property=\"article:modified_time\" content=\"2023-01-17T11:51:01+00:00\" \/>\n<meta property=\"og:image\" content=\"https:\/\/hygienic-seat.com\/wp-content\/uploads\/2022\/11\/CLEAN4U-logo-350.png\" \/>\n\t<meta property=\"og:image:width\" content=\"350\" \/>\n\t<meta property=\"og:image:height\" content=\"329\" \/>\n\t<meta property=\"og:image:type\" content=\"image\/png\" \/>\n<meta name=\"twitter:card\" content=\"summary_large_image\" \/>\n<meta name=\"twitter:label1\" content=\"Gesch\u00e4tzte Lesezeit\" \/>\n\t<meta name=\"twitter:data1\" content=\"4\u00a0Minuten\" \/>\n<script type=\"application\/ld+json\" class=\"yoast-schema-graph\">{\"@context\":\"https:\/\/schema.org\",\"@graph\":[{\"@type\":\"WebPage\",\"@id\":\"https:\/\/hygienic-seat.com\/de\/zahlungsarten\",\"url\":\"https:\/\/hygienic-seat.com\/de\/zahlungsarten\",\"name\":\"Zahlungsarten - Hygienic Seat - Toilettensitze waren noch nie so gesund\",\"isPartOf\":{\"@id\":\"https:\/\/hygienic-seat.com\/#website\"},\"datePublished\":\"2022-11-15T10:06:06+00:00\",\"dateModified\":\"2023-01-17T11:51:01+00:00\",\"breadcrumb\":{\"@id\":\"https:\/\/hygienic-seat.com\/de\/zahlungsarten#breadcrumb\"},\"inLanguage\":\"de\",\"potentialAction\":[{\"@type\":\"ReadAction\",\"target\":[\"https:\/\/hygienic-seat.com\/de\/zahlungsarten\"]}]},{\"@type\":\"BreadcrumbList\",\"@id\":\"https:\/\/hygienic-seat.com\/de\/zahlungsarten#breadcrumb\",\"itemListElement\":[{\"@type\":\"ListItem\",\"position\":1,\"name\":\"Po\u010detna stranica\",\"item\":\"https:\/\/hygienic-seat.com\/de\"},{\"@type\":\"ListItem\",\"position\":2,\"name\":\"Zahlungsarten\"}]},{\"@type\":\"WebSite\",\"@id\":\"https:\/\/hygienic-seat.com\/#website\",\"url\":\"https:\/\/hygienic-seat.com\/\",\"name\":\"Hygienic Seat - Toilettensitze waren noch nie so gesund\",\"description\":\"\",\"publisher\":{\"@id\":\"https:\/\/hygienic-seat.com\/#organization\"},\"alternateName\":\"Hygienic Seat - toilet seats have never been this clean\",\"potentialAction\":[{\"@type\":\"SearchAction\",\"target\":{\"@type\":\"EntryPoint\",\"urlTemplate\":\"https:\/\/hygienic-seat.com\/?s={search_term_string}\"},\"query-input\":{\"@type\":\"PropertyValueSpecification\",\"valueRequired\":true,\"valueName\":\"search_term_string\"}}],\"inLanguage\":\"de\"},{\"@type\":\"Organization\",\"@id\":\"https:\/\/hygienic-seat.com\/#organization\",\"name\":\"Hygienic Seat - Toilettensitze waren noch nie so gesund\",\"alternateName\":\"Hygienic Seat - toilet seats have never been this clean\",\"url\":\"https:\/\/hygienic-seat.com\/\",\"logo\":{\"@type\":\"ImageObject\",\"inLanguage\":\"de\",\"@id\":\"https:\/\/hygienic-seat.com\/#\/schema\/logo\/image\/\",\"url\":\"https:\/\/hygienic-seat.com\/wp-content\/uploads\/2022\/11\/CLEAN4U-logo-350.png\",\"contentUrl\":\"https:\/\/hygienic-seat.com\/wp-content\/uploads\/2022\/11\/CLEAN4U-logo-350.png\",\"width\":350,\"height\":329,\"caption\":\"Hygienic Seat - Toilettensitze waren noch nie so gesund\"},\"image\":{\"@id\":\"https:\/\/hygienic-seat.com\/#\/schema\/logo\/image\/\"}}]}<\/script>\n<!-- \/ Yoast SEO plugin. -->","yoast_head_json":{"title":"Zahlungsarten - Hygienic Seat - Toilettensitze waren noch nie so gesund","robots":{"index":"index","follow":"follow","max-snippet":"max-snippet:-1","max-image-preview":"max-image-preview:large","max-video-preview":"max-video-preview:-1"},"canonical":"https:\/\/hygienic-seat.com\/de\/zahlungsarten","og_locale":"de_DE","og_type":"article","og_title":"Zahlungsarten - Hygienic Seat - Toilettensitze waren noch nie so gesund","og_description":"[vc_row el_class=&#8221;pravni-tekstovi&#8221; woodmart_css_id=&#8221;637362c6a4f13&#8243; responsive_spacing=&#8221;eyJwYXJhbV90eXBlIjoid29vZG1hcnRfcmVzcG9uc2l2ZV9zcGFjaW5nIiwic2VsZWN0b3JfaWQiOiI2MzczNjJjNmE0ZjEzIiwic2hvcnRjb2RlIjoidmNfcm93IiwiZGF0YSI6eyJ0YWJsZXQiOnt9LCJtb2JpbGUiOnt9fX0=&#8221; mobile_bg_img_hidden=&#8221;no&#8221; tablet_bg_img_hidden=&#8221;no&#8221; woodmart_parallax=&#8221;0&#8243; woodmart_gradient_switch=&#8221;no&#8221; woodmart_box_shadow=&#8221;no&#8221; wd_z_index=&#8221;no&#8221; woodmart_disable_overflow=&#8221;0&#8243; row_reverse_mobile=&#8221;0&#8243; row_reverse_tablet=&#8221;0&#8243;][vc_column][vc_column_text woodmart_inline=&#8221;no&#8221; text_larger=&#8221;no&#8221;] ZAHLUNGSARTEN 1. Per Bank\u00fcberweisung Zahlung","og_url":"https:\/\/hygienic-seat.com\/de\/zahlungsarten","og_site_name":"Hygienic Seat - Toilettensitze waren noch nie so gesund","article_modified_time":"2023-01-17T11:51:01+00:00","og_image":[{"width":350,"height":329,"url":"https:\/\/hygienic-seat.com\/wp-content\/uploads\/2022\/11\/CLEAN4U-logo-350.png","type":"image\/png"}],"twitter_card":"summary_large_image","twitter_misc":{"Gesch\u00e4tzte Lesezeit":"4\u00a0Minuten"},"schema":{"@context":"https:\/\/schema.org","@graph":[{"@type":"WebPage","@id":"https:\/\/hygienic-seat.com\/de\/zahlungsarten","url":"https:\/\/hygienic-seat.com\/de\/zahlungsarten","name":"Zahlungsarten - Hygienic Seat - Toilettensitze waren noch nie so gesund","isPartOf":{"@id":"https:\/\/hygienic-seat.com\/#website"},"datePublished":"2022-11-15T10:06:06+00:00","dateModified":"2023-01-17T11:51:01+00:00","breadcrumb":{"@id":"https:\/\/hygienic-seat.com\/de\/zahlungsarten#breadcrumb"},"inLanguage":"de","potentialAction":[{"@type":"ReadAction","target":["https:\/\/hygienic-seat.com\/de\/zahlungsarten"]}]},{"@type":"BreadcrumbList","@id":"https:\/\/hygienic-seat.com\/de\/zahlungsarten#breadcrumb","itemListElement":[{"@type":"ListItem","position":1,"name":"Po\u010detna stranica","item":"https:\/\/hygienic-seat.com\/de"},{"@type":"ListItem","position":2,"name":"Zahlungsarten"}]},{"@type":"WebSite","@id":"https:\/\/hygienic-seat.com\/#website","url":"https:\/\/hygienic-seat.com\/","name":"Hygienic Seat - Toilettensitze waren noch nie so gesund","description":"","publisher":{"@id":"https:\/\/hygienic-seat.com\/#organization"},"alternateName":"Hygienic Seat - toilet seats have never been this clean","potentialAction":[{"@type":"SearchAction","target":{"@type":"EntryPoint","urlTemplate":"https:\/\/hygienic-seat.com\/?s={search_term_string}"},"query-input":{"@type":"PropertyValueSpecification","valueRequired":true,"valueName":"search_term_string"}}],"inLanguage":"de"},{"@type":"Organization","@id":"https:\/\/hygienic-seat.com\/#organization","name":"Hygienic Seat - Toilettensitze waren noch nie so gesund","alternateName":"Hygienic Seat - toilet seats have never been this clean","url":"https:\/\/hygienic-seat.com\/","logo":{"@type":"ImageObject","inLanguage":"de","@id":"https:\/\/hygienic-seat.com\/#\/schema\/logo\/image\/","url":"https:\/\/hygienic-seat.com\/wp-content\/uploads\/2022\/11\/CLEAN4U-logo-350.png","contentUrl":"https:\/\/hygienic-seat.com\/wp-content\/uploads\/2022\/11\/CLEAN4U-logo-350.png","width":350,"height":329,"caption":"Hygienic Seat - Toilettensitze waren noch nie so gesund"},"image":{"@id":"https:\/\/hygienic-seat.com\/#\/schema\/logo\/image\/"}}]}},"_links":{"self":[{"href":"https:\/\/hygienic-seat.com\/de\/wp-json\/wp\/v2\/pages\/9829","targetHints":{"allow":["GET"]}}],"collection":[{"href":"https:\/\/hygienic-seat.com\/de\/wp-json\/wp\/v2\/pages"}],"about":[{"href":"https:\/\/hygienic-seat.com\/de\/wp-json\/wp\/v2\/types\/page"}],"author":[{"embeddable":true,"href":"https:\/\/hygienic-seat.com\/de\/wp-json\/wp\/v2\/users\/2"}],"replies":[{"embeddable":true,"href":"https:\/\/hygienic-seat.com\/de\/wp-json\/wp\/v2\/comments?post=9829"}],"version-history":[{"count":4,"href":"https:\/\/hygienic-seat.com\/de\/wp-json\/wp\/v2\/pages\/9829\/revisions"}],"predecessor-version":[{"id":9835,"href":"https:\/\/hygienic-seat.com\/de\/wp-json\/wp\/v2\/pages\/9829\/revisions\/9835"}],"wp:attachment":[{"href":"https:\/\/hygienic-seat.com\/de\/wp-json\/wp\/v2\/media?parent=9829"}],"curies":[{"name":"wp","href":"https:\/\/api.w.org\/{rel}","templated":true}]}}