{"id":9814,"date":"2022-10-26T07:55:06","date_gmt":"2022-10-26T05:55:06","guid":{"rendered":"https:\/\/hygienic-seat.com\/?page_id=9814"},"modified":"2023-01-17T12:34:30","modified_gmt":"2023-01-17T11:34:30","slug":"datenschutz-bestimmungen","status":"publish","type":"page","link":"https:\/\/hygienic-seat.com\/de\/datenschutz-bestimmungen","title":{"rendered":"Datenschutz-Bestimmungen"},"content":{"rendered":"<section class=\"wpb-content-wrapper\"><p>[vc_row el_class=&#8221;pravni-tekstovi&#8221; woodmart_css_id=&#8221;637362c6a4f13&#8243; responsive_spacing=&#8221;eyJwYXJhbV90eXBlIjoid29vZG1hcnRfcmVzcG9uc2l2ZV9zcGFjaW5nIiwic2VsZWN0b3JfaWQiOiI2MzczNjJjNmE0ZjEzIiwic2hvcnRjb2RlIjoidmNfcm93IiwiZGF0YSI6eyJ0YWJsZXQiOnt9LCJtb2JpbGUiOnt9fX0=&#8221; mobile_bg_img_hidden=&#8221;no&#8221; tablet_bg_img_hidden=&#8221;no&#8221; woodmart_parallax=&#8221;0&#8243; woodmart_gradient_switch=&#8221;no&#8221; woodmart_box_shadow=&#8221;no&#8221; wd_z_index=&#8221;no&#8221; woodmart_disable_overflow=&#8221;0&#8243; row_reverse_mobile=&#8221;0&#8243; row_reverse_tablet=&#8221;0&#8243;][vc_column][vc_column_text woodmart_inline=&#8221;no&#8221; text_larger=&#8221;no&#8221;]<\/p>\n<h3>1. ERKL\u00c4RUNG ZUM SCHUTZ UND ZUR ERHEBUNG PERSONENBEZOGENER DATEN UND DEREN VERWENDUNG<\/h3>\n<p>Bei Ford Service Krainc und Krainc Auto d.o.o. erkennen wir als gemeinsame Datenverarbeiter die Bedeutung des Schutzes personenbezogener Daten an und wenden hohe Standards f\u00fcr den Schutz personenbezogener Daten an. Die von der Europ\u00e4ischen Union verabschiedete Verordnung schreibt hohe Standards vor, die bestimmen, wie Ihre Daten erfasst und gespeichert werden, und erm\u00f6glicht es Ihnen, sie einzusehen, die L\u00f6schung zu beantragen und vieles mehr. In \u00dcbereinstimmung mit der Gesetzgebung und unserem Bewusstsein f\u00fcr die Bedeutung dieses Bereichs haben wir Erl\u00e4uterungen zum Schutz Ihrer Daten und den Rechten, die Sie als Dateneigent\u00fcmer haben, vorbereitet.<\/p>\n<p>Bitte lesen Sie die nachstehende Erkl\u00e4rung sorgf\u00e4ltig durch, bevor Sie der Erhebung oder Verarbeitung Ihrer personenbezogenen Daten zustimmen.<\/p>\n<p><strong>Dieser Hinweis:<\/strong><\/p>\n<ul>\n<li>beschreibt die Art der personenbezogenen Daten, die wir erheben und erhalten,<\/li>\n<li>schreibt die Regeln und Verfahren vor, die wir f\u00fcr ihre Verwendung und Speicherung festgelegt haben,<\/li>\n<li>schreibt die Weitergabe bestimmter Arten personenbezogener Daten unter bestimmten begrenzten Umst\u00e4nden vor,<\/li>\n<li>beschreibt die Verfahren, die Sie befolgen sollten, wenn Sie Fragen oder Anfragen bez\u00fcglich Ihrer personenbezogenen Daten oder unserer Richtlinien und Verfahren haben;<\/li>\n<li>enth\u00e4lt Kontaktinformationen \u00fcber die Person, an die solche Fragen oder Anfragen gerichtet werden sollten, und wie man mit ihnen kommuniziert<\/li>\n<\/ul>\n<h5>1.1 DEFINITIONEN<\/h5>\n<p><strong>Gem\u00e4\u00df der VERORDNUNG (EU) 2016\/679 DES EUROP\u00c4ISCHEN PARLAMENTS UND DES RATES Allgemeine Datenschutzverordnung haben bestimmte Begriffe in diesem Regelwerk die folgende Bedeutung:<\/strong><\/p>\n<ul>\n<li>\u201ePersonenbezogene Daten\u201c alle Daten, die sich auf eine nat\u00fcrliche Person beziehen, deren Identit\u00e4t festgestellt wurde oder bestimmbar ist;<\/li>\n<li>\u201eBefragte\u201c nat\u00fcrliche Person, deren Identit\u00e4t festgestellt werden kann, ist eine Person, die direkt oder indirekt identifiziert werden kann, insbesondere mit Hilfe von Kennungen wie Name, Identifikationsnummer, Standortdaten, Netzwerkkennung oder mit Hilfe eines oder mehrerer inh\u00e4renter Faktoren in der physischen, physiologischen, genetischen, mentalen, wirtschaftlichen, kulturellen oder sozialen Identit\u00e4t dieser Person;<\/li>\n<li>\u201eVerarbeitung\u201c bezeichnet jeden Prozess oder jede Reihe von Prozessen, die an personenbezogenen Daten oder S\u00e4tzen personenbezogener Daten durchgef\u00fchrt werden, sei es durch automatisierte oder nicht automatisierte Verfahren, wie z. B. Erhebung, Aufzeichnung, Organisation, Strukturierung, Speicherung, Anpassung oder \u00c4nderung, Abruf, Einsichtnahme, Verwendung , Offenlegung durch \u00dcbertragung, Verbreitung oder anderweitige Bereitstellung, Abgleich oder Kombination, Einschr\u00e4nkung, L\u00f6schung oder Vernichtung<\/li>\n<li>\u201eVerantwortlicher\u201c ist eine nat\u00fcrliche oder juristische Person, Beh\u00f6rde, Einrichtung oder andere Stelle, die allein oder gemeinsam mit anderen \u00fcber die Zwecke und Mittel der Verarbeitung von personenbezogenen Daten entscheidet; sind die Zwecke und Mittel dieser Verarbeitung durch das Unionsrecht oder das Recht eines Mitgliedstaats vorgegeben, so k\u00f6nnen der Verantwortliche bzw. nach dem Unionsrecht oder dem Recht eines Mitgliedstaats besondere Kriterien f\u00fcr seine Benennung vorgesehen werden;<\/li>\n<li>\u201eEinwilligung der betroffenen Person\u201c bezeichnet jede freiwillige, spezifische, informierte und unmissverst\u00e4ndliche Willens\u00e4u\u00dferung der betroffenen Person, mit der sie der Verarbeitung der sie betreffenden personenbezogenen Daten durch eine Erkl\u00e4rung oder eine eindeutige best\u00e4tigende Handlung zustimmt;<\/li>\n<\/ul>\n<h5>1.2 ANWENDUNGSBEREICH<\/h5>\n<p>Diese Regeln gelten f\u00fcr alle unsere G\u00e4ste, Kunden und Personen, die Dienstleistungen und Waren anfragen. Wir verarbeiten personenbezogene Daten von Kindern unter 16 Jahren ausschlie\u00dflich zur Erf\u00fcllung gesetzlicher Verpflichtungen. Die Regeln gelten f\u00fcr alle Nutzer und Verarbeitungsarten gleicherma\u00dfen und werden vom Ford Service durchgesetzt.<\/p>\n<p>Ford Service und Krainc Auto d.o.o. kann Unterauftragsverarbeiter (andere Auftragsverarbeiter) mit der Durchf\u00fchrung bestimmter Verarbeitungst\u00e4tigkeiten in seinem Namen beauftragen. Subunternehmer d\u00fcrfen personenbezogene Daten ausschlie\u00dflich zu den in dieser Erkl\u00e4rung genannten Zwecken verarbeiten.<\/p>\n<p><strong>Diese Regeln gelten f\u00fcr alle Informationen und Aufzeichnungen, unabh\u00e4ngig davon, wie sie erfasst werden:<\/strong><\/p>\n<ul>\n<li>E-Mail<\/li>\n<li>Ein physisches Exemplar des Dokuments<\/li>\n<li>Dokument in elektronischer Form<\/li>\n<li>Video und Audio<\/li>\n<\/ul>\n<h5>1.3 WELCHE DATEN WIR ERHEBEN UND ZU WELCHEM ZWECK ERHEBEN WIR DATEN<\/h5>\n<p><strong>Wir erheben von Ihnen:<\/strong><\/p>\n<ol>\n<li><strong>a) Personenbezogene Daten, mit denen Sie identifiziert werden k\u00f6nnen:<\/strong><\/li>\n<\/ol>\n<ul>\n<li>Name und Nachname<\/li>\n<li>Wohnort, Stadt, Land<\/li>\n<li>ID-Nummer<\/li>\n<\/ul>\n<p><strong>Wir verwenden diese Daten:<\/strong><\/p>\n<ul>\n<li>um die von Ihnen angeforderten Dienstleistungen zu erbringen<\/li>\n<li>um ein Angebot und\/oder eine Rechnung zu erstellen<\/li>\n<li>um die von Ihnen angeforderten Dienstleistungen zu erbringen<\/li>\n<li>um zu berichten<\/li>\n<\/ul>\n<ol>\n<li><strong>b) Ihre Ansprechpartner:<\/strong><\/li>\n<\/ol>\n<ul>\n<li>Handynummer<\/li>\n<li>Email<\/li>\n<\/ul>\n<p><strong>Wir verwenden diese Daten:<\/strong><\/p>\n<ul>\n<li>um Ihnen Benachrichtigungen \u00fcber Aktionen zu senden<\/li>\n<li>um regelm\u00e4\u00dfige Servicebenachrichtigungen zu senden<\/li>\n<li>sowie das Versenden einer Benachrichtigung \u00fcber die Ausf\u00fchrung des Dienstes<\/li>\n<\/ul>\n<ol>\n<li><strong>c) Finanzdaten:<\/strong><\/li>\n<\/ol>\n<ul>\n<li>Rechnungsnummer<\/li>\n<\/ul>\n<p><strong>Wir verwenden diese Daten:<\/strong><\/p>\n<ul>\n<li>um die Zahlung zu bearbeiten<\/li>\n<\/ul>\n<h5>1.4 WO DIE DATEN GESPEICHERT WERDEN<\/h5>\n<p><strong>Ihre Daten in physischer und elektronischer Form werden gespeichert:<\/strong><\/p>\n<p>Bei Ka\u010djak 2 &#8211; Orehovica, 51000 Rijeka<\/p>\n<p>auf dem lokalen Server Ka\u010djak 2 &#8211; Orehovica, 51000 Rijeka Esgibt ein geheimes Backup f\u00fcr die Daten<\/p>\n<h5>1.5 IHRE RECHTE ALS BEFRAGTER<\/h5>\n<p>Recht auf Zugang zu personenbezogenen Daten \u2013 Sie haben das Recht auf Zugang zu personenbezogenen Daten von Krainc Auto d.o.o. eine Best\u00e4tigung dar\u00fcber zu erhalten, ob Sie betreffende personenbezogene Daten verarbeitet werden und Informationen \u00fcber Verarbeitungszwecke, Kategorien der verarbeiteten Daten, Empf\u00e4nger, Speicherdauer und \u00fcber Ihre Rechte als betroffene Person.<\/p>\n<p>Recht auf Berichtigung und L\u00f6schung \u2013 Sie haben jederzeit das Recht, von dem Datenschutzbeauftragten die Berichtigung oder Erg\u00e4nzung Sie betreffender unrichtiger oder unvollst\u00e4ndiger personenbezogener Daten zu verlangen. Sie k\u00f6nnen eine \u00dcbersicht \u00fcber die Daten, die der Manager \u00fcber Sie gesammelt hat, oder die sofortige L\u00f6schung Ihrer pers\u00f6nlichen Daten verlangen.<\/p>\n<p>Das Recht auf Einschr\u00e4nkung der Verarbeitung \u2013 Sie haben das Recht, von dem Verantwortlichen die Einschr\u00e4nkung der Verarbeitung Ihrer Daten zu verlangen, wenn diese Verarbeitung keine gesetzliche Grundlage hat. Sie haben das Recht, Ihre Einwilligung zur Verarbeitung personenbezogener Daten jederzeit zu widerrufen. Sie k\u00f6nnen das Recht f\u00fcr einen bestimmten Zweck oder f\u00fcr alle Zwecke der Verarbeitung personenbezogener Daten, denen Sie zugestimmt haben, widerrufen.<\/p>\n<p>Das Recht auf Daten\u00fcbertragbarkeit \u2013 Sie haben das Recht zu verlangen, dass wir Ihre personenbezogenen Daten, die wir verarbeiten, an einen anderen Datenverantwortlichen weitergeben.<\/p>\n<p>Widerspruchsrecht &#8211; Wenn Sie feststellen, dass Ihre Daten f\u00fcr Zwecke verwendet werden, die nicht in dieser Erkl\u00e4rung genannt sind, oder der Zweck der Verarbeitung nicht gesetzlich begr\u00fcndet ist, k\u00f6nnen Sie schriftlich (per E-Mail) die Beendigung der Verwendung Ihrer Daten verlangen Daten f\u00fcr diese Zwecke.<\/p>\n<p>Sie k\u00f6nnen Ihre Rechte schriftlich an die E-Mail-Adresse <a href=\"mailto:szp@ford-krainc.com\">szp@ford-krainc.com<\/a> hinterlassen.<\/p>\n<p>Unser Datenschutzbeauftragter wird Sie sp\u00e4testens innerhalb von 30 Tagen \u00fcber den Fortgang der Anfrage und die Gr\u00fcnde f\u00fcr die Ablehnung der Anfrage informieren.<\/p>\n<p>Wenn Sie dar\u00fcber nachdenken, dass Krainc Auto d.o.o. eines Ihrer durch die Allgemeine Verordnung garantierten Rechte verletzt, haben Sie das Recht, bei der zust\u00e4ndigen Beh\u00f6rde einen Antrag auf Feststellung der Rechtsverletzung zu stellen.<\/p>\n<h5>1.6 WEN SIE KONTAKTIEREN K\u00d6NNEN<\/h5>\n<p>Bei Unklarheiten und weiteren Fragen k\u00f6nnen Sie sich \u00fcber die E-Mail-Adresse <a href=\"mailto:szp@ford-krainc.com\">szp@ford-krainc.com<\/a> an unseren Datenschutzbeauftragten wenden.[\/vc_column_text][\/vc_column][\/vc_row]<\/p>\n<\/section>","protected":false},"excerpt":{"rendered":"<p>[vc_row el_class=&#8221;pravni-tekstovi&#8221; woodmart_css_id=&#8221;637362c6a4f13&#8243; responsive_spacing=&#8221;eyJwYXJhbV90eXBlIjoid29vZG1hcnRfcmVzcG9uc2l2ZV9zcGFjaW5nIiwic2VsZWN0b3JfaWQiOiI2MzczNjJjNmE0ZjEzIiwic2hvcnRjb2RlIjoidmNfcm93IiwiZGF0YSI6eyJ0YWJsZXQiOnt9LCJtb2JpbGUiOnt9fX0=&#8221; mobile_bg_img_hidden=&#8221;no&#8221; tablet_bg_img_hidden=&#8221;no&#8221; woodmart_parallax=&#8221;0&#8243; woodmart_gradient_switch=&#8221;no&#8221; woodmart_box_shadow=&#8221;no&#8221; wd_z_index=&#8221;no&#8221; woodmart_disable_overflow=&#8221;0&#8243; row_reverse_mobile=&#8221;0&#8243; row_reverse_tablet=&#8221;0&#8243;][vc_column][vc_column_text woodmart_inline=&#8221;no&#8221; text_larger=&#8221;no&#8221;] 1. ERKL\u00c4RUNG ZUM SCHUTZ UND<\/p>\n","protected":false},"author":2,"featured_media":0,"parent":0,"menu_order":0,"comment_status":"closed","ping_status":"closed","template":"","meta":{"footnotes":""},"class_list":["post-9814","page","type-page","status-publish","hentry"],"yoast_head":"<!-- This site is optimized with the Yoast SEO plugin v27.1.1 - https:\/\/yoast.com\/product\/yoast-seo-wordpress\/ -->\n<title>Datenschutz-Bestimmungen - Hygienic Seat - Toilettensitze waren noch nie so gesund<\/title>\n<meta name=\"robots\" content=\"index, follow, max-snippet:-1, max-image-preview:large, max-video-preview:-1\" \/>\n<link rel=\"canonical\" href=\"https:\/\/hygienic-seat.com\/de\/datenschutz-bestimmungen\" \/>\n<meta property=\"og:locale\" content=\"de_DE\" \/>\n<meta property=\"og:type\" content=\"article\" \/>\n<meta property=\"og:title\" content=\"Datenschutz-Bestimmungen - Hygienic Seat - Toilettensitze waren noch nie so gesund\" \/>\n<meta property=\"og:description\" content=\"[vc_row el_class=&#8221;pravni-tekstovi&#8221; woodmart_css_id=&#8221;637362c6a4f13&#8243; responsive_spacing=&#8221;eyJwYXJhbV90eXBlIjoid29vZG1hcnRfcmVzcG9uc2l2ZV9zcGFjaW5nIiwic2VsZWN0b3JfaWQiOiI2MzczNjJjNmE0ZjEzIiwic2hvcnRjb2RlIjoidmNfcm93IiwiZGF0YSI6eyJ0YWJsZXQiOnt9LCJtb2JpbGUiOnt9fX0=&#8221; mobile_bg_img_hidden=&#8221;no&#8221; tablet_bg_img_hidden=&#8221;no&#8221; woodmart_parallax=&#8221;0&#8243; woodmart_gradient_switch=&#8221;no&#8221; woodmart_box_shadow=&#8221;no&#8221; wd_z_index=&#8221;no&#8221; woodmart_disable_overflow=&#8221;0&#8243; row_reverse_mobile=&#8221;0&#8243; row_reverse_tablet=&#8221;0&#8243;][vc_column][vc_column_text woodmart_inline=&#8221;no&#8221; text_larger=&#8221;no&#8221;] 1. ERKL\u00c4RUNG ZUM SCHUTZ UND\" \/>\n<meta property=\"og:url\" content=\"https:\/\/hygienic-seat.com\/de\/datenschutz-bestimmungen\" \/>\n<meta property=\"og:site_name\" content=\"Hygienic Seat - Toilettensitze waren noch nie so gesund\" \/>\n<meta property=\"article:modified_time\" content=\"2023-01-17T11:34:30+00:00\" \/>\n<meta property=\"og:image\" content=\"https:\/\/hygienic-seat.com\/wp-content\/uploads\/2022\/11\/CLEAN4U-logo-350.png\" \/>\n\t<meta property=\"og:image:width\" content=\"350\" \/>\n\t<meta property=\"og:image:height\" content=\"329\" \/>\n\t<meta property=\"og:image:type\" content=\"image\/png\" \/>\n<meta name=\"twitter:card\" content=\"summary_large_image\" \/>\n<meta name=\"twitter:label1\" content=\"Gesch\u00e4tzte Lesezeit\" \/>\n\t<meta name=\"twitter:data1\" content=\"6\u00a0Minuten\" \/>\n<script type=\"application\/ld+json\" class=\"yoast-schema-graph\">{\"@context\":\"https:\/\/schema.org\",\"@graph\":[{\"@type\":\"WebPage\",\"@id\":\"https:\/\/hygienic-seat.com\/de\/datenschutz-bestimmungen\",\"url\":\"https:\/\/hygienic-seat.com\/de\/datenschutz-bestimmungen\",\"name\":\"Datenschutz-Bestimmungen - Hygienic Seat - Toilettensitze waren noch nie so gesund\",\"isPartOf\":{\"@id\":\"https:\/\/hygienic-seat.com\/#website\"},\"datePublished\":\"2022-10-26T05:55:06+00:00\",\"dateModified\":\"2023-01-17T11:34:30+00:00\",\"breadcrumb\":{\"@id\":\"https:\/\/hygienic-seat.com\/de\/datenschutz-bestimmungen#breadcrumb\"},\"inLanguage\":\"de\",\"potentialAction\":[{\"@type\":\"ReadAction\",\"target\":[\"https:\/\/hygienic-seat.com\/de\/datenschutz-bestimmungen\"]}]},{\"@type\":\"BreadcrumbList\",\"@id\":\"https:\/\/hygienic-seat.com\/de\/datenschutz-bestimmungen#breadcrumb\",\"itemListElement\":[{\"@type\":\"ListItem\",\"position\":1,\"name\":\"Po\u010detna stranica\",\"item\":\"https:\/\/hygienic-seat.com\/de\"},{\"@type\":\"ListItem\",\"position\":2,\"name\":\"Datenschutz-Bestimmungen\"}]},{\"@type\":\"WebSite\",\"@id\":\"https:\/\/hygienic-seat.com\/#website\",\"url\":\"https:\/\/hygienic-seat.com\/\",\"name\":\"Hygienic Seat - Toilettensitze waren noch nie so gesund\",\"description\":\"\",\"publisher\":{\"@id\":\"https:\/\/hygienic-seat.com\/#organization\"},\"alternateName\":\"Hygienic Seat - toilet seats have never been this clean\",\"potentialAction\":[{\"@type\":\"SearchAction\",\"target\":{\"@type\":\"EntryPoint\",\"urlTemplate\":\"https:\/\/hygienic-seat.com\/?s={search_term_string}\"},\"query-input\":{\"@type\":\"PropertyValueSpecification\",\"valueRequired\":true,\"valueName\":\"search_term_string\"}}],\"inLanguage\":\"de\"},{\"@type\":\"Organization\",\"@id\":\"https:\/\/hygienic-seat.com\/#organization\",\"name\":\"Hygienic Seat - Toilettensitze waren noch nie so gesund\",\"alternateName\":\"Hygienic Seat - toilet seats have never been this clean\",\"url\":\"https:\/\/hygienic-seat.com\/\",\"logo\":{\"@type\":\"ImageObject\",\"inLanguage\":\"de\",\"@id\":\"https:\/\/hygienic-seat.com\/#\/schema\/logo\/image\/\",\"url\":\"https:\/\/hygienic-seat.com\/wp-content\/uploads\/2022\/11\/CLEAN4U-logo-350.png\",\"contentUrl\":\"https:\/\/hygienic-seat.com\/wp-content\/uploads\/2022\/11\/CLEAN4U-logo-350.png\",\"width\":350,\"height\":329,\"caption\":\"Hygienic Seat - Toilettensitze waren noch nie so gesund\"},\"image\":{\"@id\":\"https:\/\/hygienic-seat.com\/#\/schema\/logo\/image\/\"}}]}<\/script>\n<!-- \/ Yoast SEO plugin. -->","yoast_head_json":{"title":"Datenschutz-Bestimmungen - Hygienic Seat - Toilettensitze waren noch nie so gesund","robots":{"index":"index","follow":"follow","max-snippet":"max-snippet:-1","max-image-preview":"max-image-preview:large","max-video-preview":"max-video-preview:-1"},"canonical":"https:\/\/hygienic-seat.com\/de\/datenschutz-bestimmungen","og_locale":"de_DE","og_type":"article","og_title":"Datenschutz-Bestimmungen - Hygienic Seat - Toilettensitze waren noch nie so gesund","og_description":"[vc_row el_class=&#8221;pravni-tekstovi&#8221; woodmart_css_id=&#8221;637362c6a4f13&#8243; responsive_spacing=&#8221;eyJwYXJhbV90eXBlIjoid29vZG1hcnRfcmVzcG9uc2l2ZV9zcGFjaW5nIiwic2VsZWN0b3JfaWQiOiI2MzczNjJjNmE0ZjEzIiwic2hvcnRjb2RlIjoidmNfcm93IiwiZGF0YSI6eyJ0YWJsZXQiOnt9LCJtb2JpbGUiOnt9fX0=&#8221; mobile_bg_img_hidden=&#8221;no&#8221; tablet_bg_img_hidden=&#8221;no&#8221; woodmart_parallax=&#8221;0&#8243; woodmart_gradient_switch=&#8221;no&#8221; woodmart_box_shadow=&#8221;no&#8221; wd_z_index=&#8221;no&#8221; woodmart_disable_overflow=&#8221;0&#8243; row_reverse_mobile=&#8221;0&#8243; row_reverse_tablet=&#8221;0&#8243;][vc_column][vc_column_text woodmart_inline=&#8221;no&#8221; text_larger=&#8221;no&#8221;] 1. ERKL\u00c4RUNG ZUM SCHUTZ UND","og_url":"https:\/\/hygienic-seat.com\/de\/datenschutz-bestimmungen","og_site_name":"Hygienic Seat - Toilettensitze waren noch nie so gesund","article_modified_time":"2023-01-17T11:34:30+00:00","og_image":[{"width":350,"height":329,"url":"https:\/\/hygienic-seat.com\/wp-content\/uploads\/2022\/11\/CLEAN4U-logo-350.png","type":"image\/png"}],"twitter_card":"summary_large_image","twitter_misc":{"Gesch\u00e4tzte Lesezeit":"6\u00a0Minuten"},"schema":{"@context":"https:\/\/schema.org","@graph":[{"@type":"WebPage","@id":"https:\/\/hygienic-seat.com\/de\/datenschutz-bestimmungen","url":"https:\/\/hygienic-seat.com\/de\/datenschutz-bestimmungen","name":"Datenschutz-Bestimmungen - Hygienic Seat - Toilettensitze waren noch nie so gesund","isPartOf":{"@id":"https:\/\/hygienic-seat.com\/#website"},"datePublished":"2022-10-26T05:55:06+00:00","dateModified":"2023-01-17T11:34:30+00:00","breadcrumb":{"@id":"https:\/\/hygienic-seat.com\/de\/datenschutz-bestimmungen#breadcrumb"},"inLanguage":"de","potentialAction":[{"@type":"ReadAction","target":["https:\/\/hygienic-seat.com\/de\/datenschutz-bestimmungen"]}]},{"@type":"BreadcrumbList","@id":"https:\/\/hygienic-seat.com\/de\/datenschutz-bestimmungen#breadcrumb","itemListElement":[{"@type":"ListItem","position":1,"name":"Po\u010detna stranica","item":"https:\/\/hygienic-seat.com\/de"},{"@type":"ListItem","position":2,"name":"Datenschutz-Bestimmungen"}]},{"@type":"WebSite","@id":"https:\/\/hygienic-seat.com\/#website","url":"https:\/\/hygienic-seat.com\/","name":"Hygienic Seat - Toilettensitze waren noch nie so gesund","description":"","publisher":{"@id":"https:\/\/hygienic-seat.com\/#organization"},"alternateName":"Hygienic Seat - toilet seats have never been this clean","potentialAction":[{"@type":"SearchAction","target":{"@type":"EntryPoint","urlTemplate":"https:\/\/hygienic-seat.com\/?s={search_term_string}"},"query-input":{"@type":"PropertyValueSpecification","valueRequired":true,"valueName":"search_term_string"}}],"inLanguage":"de"},{"@type":"Organization","@id":"https:\/\/hygienic-seat.com\/#organization","name":"Hygienic Seat - Toilettensitze waren noch nie so gesund","alternateName":"Hygienic Seat - toilet seats have never been this clean","url":"https:\/\/hygienic-seat.com\/","logo":{"@type":"ImageObject","inLanguage":"de","@id":"https:\/\/hygienic-seat.com\/#\/schema\/logo\/image\/","url":"https:\/\/hygienic-seat.com\/wp-content\/uploads\/2022\/11\/CLEAN4U-logo-350.png","contentUrl":"https:\/\/hygienic-seat.com\/wp-content\/uploads\/2022\/11\/CLEAN4U-logo-350.png","width":350,"height":329,"caption":"Hygienic Seat - Toilettensitze waren noch nie so gesund"},"image":{"@id":"https:\/\/hygienic-seat.com\/#\/schema\/logo\/image\/"}}]}},"_links":{"self":[{"href":"https:\/\/hygienic-seat.com\/de\/wp-json\/wp\/v2\/pages\/9814","targetHints":{"allow":["GET"]}}],"collection":[{"href":"https:\/\/hygienic-seat.com\/de\/wp-json\/wp\/v2\/pages"}],"about":[{"href":"https:\/\/hygienic-seat.com\/de\/wp-json\/wp\/v2\/types\/page"}],"author":[{"embeddable":true,"href":"https:\/\/hygienic-seat.com\/de\/wp-json\/wp\/v2\/users\/2"}],"replies":[{"embeddable":true,"href":"https:\/\/hygienic-seat.com\/de\/wp-json\/wp\/v2\/comments?post=9814"}],"version-history":[{"count":5,"href":"https:\/\/hygienic-seat.com\/de\/wp-json\/wp\/v2\/pages\/9814\/revisions"}],"predecessor-version":[{"id":9820,"href":"https:\/\/hygienic-seat.com\/de\/wp-json\/wp\/v2\/pages\/9814\/revisions\/9820"}],"wp:attachment":[{"href":"https:\/\/hygienic-seat.com\/de\/wp-json\/wp\/v2\/media?parent=9814"}],"curies":[{"name":"wp","href":"https:\/\/api.w.org\/{rel}","templated":true}]}}