{"id":9770,"date":"2021-08-25T07:26:28","date_gmt":"2021-08-25T05:26:28","guid":{"rendered":"https:\/\/hygienic-seat.com\/?page_id=9770"},"modified":"2023-01-17T11:14:17","modified_gmt":"2023-01-17T10:14:17","slug":"ueber-uns","status":"publish","type":"page","link":"https:\/\/hygienic-seat.com\/de\/ueber-uns","title":{"rendered":"\u00dcber Uns"},"content":{"rendered":"<section class=\"wpb-content-wrapper\"><p>[vc_row css=&#8221;.vc_custom_1668519490388{margin-bottom: 40px !important;padding-top: 30px !important;}&#8221; mobile_bg_img_hidden=&#8221;no&#8221; tablet_bg_img_hidden=&#8221;no&#8221; woodmart_parallax=&#8221;0&#8243; woodmart_gradient_switch=&#8221;no&#8221; row_reverse_mobile=&#8221;1&#8243; row_reverse_tablet=&#8221;1&#8243; woodmart_disable_overflow=&#8221;0&#8243; wd_z_index=&#8221;no&#8221; woodmart_css_id=&#8221;6373963cc7089&#8243; responsive_spacing=&#8221;eyJwYXJhbV90eXBlIjoid29vZG1hcnRfcmVzcG9uc2l2ZV9zcGFjaW5nIiwic2VsZWN0b3JfaWQiOiI2MzczOTYzY2M3MDg5Iiwic2hvcnRjb2RlIjoidmNfcm93IiwiZGF0YSI6eyJ0YWJsZXQiOnt9LCJtb2JpbGUiOnsibWFyZ2luLWJvdHRvbSI6IjIwcHgifX19&#8243; woodmart_box_shadow=&#8221;no&#8221;][vc_column css=&#8221;.vc_custom_1629877010833{margin-bottom: 40px !important;padding-top: 0px !important;}&#8221; mobile_bg_img_hidden=&#8221;no&#8221; tablet_bg_img_hidden=&#8221;no&#8221; woodmart_parallax=&#8221;0&#8243; woodmart_sticky_column=&#8221;false&#8221; parallax_scroll=&#8221;no&#8221; mobile_reset_margin=&#8221;no&#8221; tablet_reset_margin=&#8221;no&#8221; offset=&#8221;vc_col-lg-6 vc_col-md-6&#8243; wd_z_index=&#8221;no&#8221; woodmart_css_id=&#8221;6125f30edad72&#8243; responsive_spacing=&#8221;eyJwYXJhbV90eXBlIjoid29vZG1hcnRfcmVzcG9uc2l2ZV9zcGFjaW5nIiwic2VsZWN0b3JfaWQiOiI2MTI1ZjMwZWRhZDcyIiwic2hvcnRjb2RlIjoidmNfY29sdW1uIiwiZGF0YSI6eyJ0YWJsZXQiOnt9LCJtb2JpbGUiOnt9fX0=&#8221;]\t\t<div id=\"wd-6373977deb205\" class=\"wd-image wd-wpb wd-rs-6373977deb205 text-left vc_custom_1668519831177\">\n\t\t\t\n\t\t\t<img loading=\"lazy\" decoding=\"async\" width=\"1080\" height=\"1080\" src=\"https:\/\/hygienic-seat.com\/wp-content\/uploads\/2022\/10\/Naslovnica-za-unutra-plocice-folija-strelice-1x1-1.jpg\" class=\"attachment-full\" alt=\"\" title=\"Naslovnica-za-unutra-plocice-folija-strelice-1x1\" srcset=\"https:\/\/hygienic-seat.com\/wp-content\/uploads\/2022\/10\/Naslovnica-za-unutra-plocice-folija-strelice-1x1-1.jpg 1080w, https:\/\/hygienic-seat.com\/wp-content\/uploads\/2022\/10\/Naslovnica-za-unutra-plocice-folija-strelice-1x1-1-800x800.jpg 800w, https:\/\/hygienic-seat.com\/wp-content\/uploads\/2022\/10\/Naslovnica-za-unutra-plocice-folija-strelice-1x1-1-500x500.jpg 500w, https:\/\/hygienic-seat.com\/wp-content\/uploads\/2022\/10\/Naslovnica-za-unutra-plocice-folija-strelice-1x1-1-768x768.jpg 768w, https:\/\/hygienic-seat.com\/wp-content\/uploads\/2022\/10\/Naslovnica-za-unutra-plocice-folija-strelice-1x1-1-700x700.jpg 700w\" sizes=\"auto, (max-width: 1080px) 100vw, 1080px\" \/>\n\t\t\t\t\t<\/div>\n\t\t[\/vc_column][vc_column css=&#8221;.vc_custom_1668519754313{margin-bottom: 40px !important;padding-top: 20px !important;}&#8221; mobile_bg_img_hidden=&#8221;no&#8221; tablet_bg_img_hidden=&#8221;no&#8221; woodmart_parallax=&#8221;0&#8243; woodmart_sticky_column=&#8221;false&#8221; parallax_scroll=&#8221;no&#8221; mobile_reset_margin=&#8221;no&#8221; tablet_reset_margin=&#8221;no&#8221; offset=&#8221;vc_col-lg-offset-1 vc_col-lg-5 vc_col-md-6 vc_col-xs-12&#8243; wd_z_index=&#8221;no&#8221; woodmart_css_id=&#8221;637397462ab84&#8243; responsive_spacing=&#8221;eyJwYXJhbV90eXBlIjoid29vZG1hcnRfcmVzcG9uc2l2ZV9zcGFjaW5nIiwic2VsZWN0b3JfaWQiOiI2MzczOTc0NjJhYjg0Iiwic2hvcnRjb2RlIjoidmNfY29sdW1uIiwiZGF0YSI6eyJ0YWJsZXQiOnt9LCJtb2JpbGUiOnsicGFkZGluZy10b3AiOiIwcHgifX19&#8243; wd_collapsible_content_switcher=&#8221;no&#8221; wd_column_role_offcanvas_desktop=&#8221;no&#8221; wd_column_role_offcanvas_tablet=&#8221;no&#8221; wd_column_role_offcanvas_mobile=&#8221;no&#8221; wd_column_role_content_desktop=&#8221;no&#8221; wd_column_role_content_tablet=&#8221;no&#8221; wd_column_role_content_mobile=&#8221;no&#8221; woodmart_box_shadow=&#8221;no&#8221;]\n\t\t<div id=\"wd-63c67473a1561\" class=\"title-wrapper wd-wpb set-mb-s reset-last-child  wd-rs-63c67473a1561 wd-title-color-primary wd-title-style-default text-left vc_custom_1673950365203 wd-underline-colored\">\n\t\t\t\n\t\t\t<div class=\"liner-continer\">\n\t\t\t\t<h4 class=\"woodmart-title-container title  wd-font-weight- wd-fontsize-m\" >Der hygienische Toilettensitz Clean4U ist ein neues innovatives Produkt auf dem Markt, das ein H\u00f6chstma\u00df an Schutz und Hygiene bietet. <\/h4>\n\t\t\t\t\t\t\t<\/div>\n\t\t\t\n\t\t\t\n\t\t\t\n\t\t<\/div>\n\t\t\n\t\t\t\t<div id=\"wd-63c674a0badb2\" class=\"wd-text-block wd-wpb reset-last-child wd-rs-63c674a0badb2 text-left wd-fontsize-custom vc_custom_1673950385460\">\n\t\t\t<p>Der Clean4U Hygiene-Toilettensitz ist die perfekte Antwort, denn er bietet ein hygienisches, erschwingliches und modernes Erlebnis, das auf jeden Benutzer zugeschnitten ist, und die Menschen verlangen ein H\u00f6chstma\u00df an Hygiene in \u00f6ffentlichen Toiletten.<\/p>\n<p>Die Internationale Organisation f\u00fcr Normung hat die Qualit\u00e4tskontrolle w\u00e4hrend der Herstellung, der Montage und des Verkaufs der Produkte mit dem ISO 9001:2015 Zertifikat best\u00e4tigt. Unser Expertenteam arbeitet kontinuierlich an der Entwicklung und Verbesserung unserer Produkte.<\/p>\n<p>Die Designer des hygienischen Toilettensitzes Clean4U wurden mit dem renommierten Reddot Design Award ausgezeichnet. Red Dot steht f\u00fcr die Zugeh\u00f6rigkeit zur Elite in Wirtschaft und Design. Qualifizierte Fachjuroren aus den Bereichen Produktdesign, Kommunikationsdesign und Designkonzept w\u00e4hlen die besten Entw\u00fcrfe aus.<\/p>\n\t\t<\/div>\n\t\t<div id=\"wd-63c674b53289a\" class=\" wd-rs-63c674b53289a  wd-button-wrapper text-center inline-element\"><a href=\"\/de\/produkt\/clean4u-hygienischer-toilettensitz-batterie\" title=\"\" class=\"btn btn-color-primary btn-style-default btn-style-round btn-size-default\">MEHR ZUM PRODUKT<\/a><\/div><div id=\"wd-63c674d4a4182\" class=\" wd-rs-63c674d4a4182  wd-button-wrapper text-center inline-element\"><a href=\"\/de\/haeufig-gestellte-fragen\" title=\"\" class=\"btn btn-color-default btn-style-bordered btn-style-round btn-size-default\">H\u00c4UFIG GESTELLTE FRAGEN<\/a><\/div>[\/vc_column][\/vc_row][vc_row][vc_column]\t\t<div id=\"wd-637f7ae0bf608\" class=\"wd-image wd-wpb wd-rs-637f7ae0bf608 text-center \">\n\t\t\t\n\t\t\t<img loading=\"lazy\" decoding=\"async\" width=\"1920\" height=\"1440\" src=\"https:\/\/hygienic-seat.com\/wp-content\/uploads\/2022\/11\/Ured-clean4u.jpg\" class=\"attachment-full\" alt=\"\" title=\"Ured-clean4u\" srcset=\"https:\/\/hygienic-seat.com\/wp-content\/uploads\/2022\/11\/Ured-clean4u.jpg 1920w, https:\/\/hygienic-seat.com\/wp-content\/uploads\/2022\/11\/Ured-clean4u-800x600.jpg 800w, https:\/\/hygienic-seat.com\/wp-content\/uploads\/2022\/11\/Ured-clean4u-1500x1125.jpg 1500w, https:\/\/hygienic-seat.com\/wp-content\/uploads\/2022\/11\/Ured-clean4u-768x576.jpg 768w, https:\/\/hygienic-seat.com\/wp-content\/uploads\/2022\/11\/Ured-clean4u-1536x1152.jpg 1536w, https:\/\/hygienic-seat.com\/wp-content\/uploads\/2022\/11\/Ured-clean4u-1400x1050.jpg 1400w, https:\/\/hygienic-seat.com\/wp-content\/uploads\/2022\/11\/Ured-clean4u-700x525.jpg 700w, https:\/\/hygienic-seat.com\/wp-content\/uploads\/2022\/11\/Ured-clean4u-500x375.jpg 500w\" sizes=\"auto, (max-width: 1920px) 100vw, 1920px\" \/>\n\t\t\t\t\t<\/div>\n\t\t[\/vc_column][\/vc_row][vc_row disable_element=&#8221;yes&#8221; woodmart_css_id=&#8221;637397a54badb&#8221; responsive_spacing=&#8221;eyJwYXJhbV90eXBlIjoid29vZG1hcnRfcmVzcG9uc2l2ZV9zcGFjaW5nIiwic2VsZWN0b3JfaWQiOiI2MzczOTdhNTRiYWRiIiwic2hvcnRjb2RlIjoidmNfcm93IiwiZGF0YSI6eyJ0YWJsZXQiOnt9LCJtb2JpbGUiOnt9fX0=&#8221; mobile_bg_img_hidden=&#8221;no&#8221; tablet_bg_img_hidden=&#8221;no&#8221; woodmart_parallax=&#8221;0&#8243; woodmart_gradient_switch=&#8221;no&#8221; woodmart_box_shadow=&#8221;no&#8221; wd_z_index=&#8221;no&#8221; woodmart_disable_overflow=&#8221;0&#8243; row_reverse_mobile=&#8221;0&#8243; row_reverse_tablet=&#8221;0&#8243;][vc_column width=&#8221;1\/2&#8243; css=&#8221;.vc_custom_1615617895716{padding-top: 0px !important;}&#8221; mobile_bg_img_hidden=&#8221;no&#8221; tablet_bg_img_hidden=&#8221;no&#8221; woodmart_parallax=&#8221;0&#8243; woodmart_sticky_column=&#8221;false&#8221; parallax_scroll=&#8221;no&#8221; mobile_reset_margin=&#8221;no&#8221; tablet_reset_margin=&#8221;no&#8221;][vc_video poster_image=&#8221;5222&#8243; image_poster_switch=&#8221;yes&#8221; img_size=&#8221;full&#8221;]\n\t\t<div id=\"wd-604c63b41733b\" class=\"title-wrapper wd-wpb set-mb-s reset-last-child  wd-rs-604c63b41733b wd-title-color-default wd-title-style-default text-left vc_custom_1615618999087 wd-underline-colored\">\n\t\t\t\n\t\t\t<div class=\"liner-continer\">\n\t\t\t\t<h4 class=\"woodmart-title-container title  wd-font-weight- wd-fontsize-l\" >Our company history and facts<\/h4>\n\t\t\t\t\t\t\t<\/div>\n\t\t\t\n\t\t\t\n\t\t\t\n\t\t<\/div>\n\t\t\n\t\t\t\t<div id=\"wd-6125f26cceca6\" class=\"wd-text-block wd-wpb reset-last-child wd-rs-6125f26cceca6 text-left wd-width-custom wd-fontsize-s \">\n\t\t\t<p><em>I should be incapable of drawing a single stroke at the present moment; and yet I feel that I never was a greater artist than now.<\/em><\/p>\n\t\t<\/div>\n\t\t[\/vc_column][vc_column width=&#8221;1\/2&#8243; css=&#8221;.vc_custom_1629877093976{padding-top: 0px !important;}&#8221; mobile_bg_img_hidden=&#8221;no&#8221; tablet_bg_img_hidden=&#8221;no&#8221; woodmart_parallax=&#8221;0&#8243; woodmart_sticky_column=&#8221;false&#8221; parallax_scroll=&#8221;no&#8221; mobile_reset_margin=&#8221;no&#8221; tablet_reset_margin=&#8221;no&#8221; wd_z_index=&#8221;no&#8221; woodmart_css_id=&#8221;6125f363cf509&#8243; responsive_spacing=&#8221;eyJwYXJhbV90eXBlIjoid29vZG1hcnRfcmVzcG9uc2l2ZV9zcGFjaW5nIiwic2VsZWN0b3JfaWQiOiI2MTI1ZjM2M2NmNTA5Iiwic2hvcnRjb2RlIjoidmNfY29sdW1uIiwiZGF0YSI6eyJ0YWJsZXQiOnt9LCJtb2JpbGUiOnt9fX0=&#8221;][vc_video poster_image=&#8221;5223&#8243; image_poster_switch=&#8221;yes&#8221; img_size=&#8221;full&#8221;]\n\t\t<div id=\"wd-604c63f4baeb6\" class=\"title-wrapper wd-wpb set-mb-s reset-last-child  wd-rs-604c63f4baeb6 wd-title-color-default wd-title-style-default text-left vc_custom_1615619062292 wd-underline-colored\">\n\t\t\t\n\t\t\t<div class=\"liner-continer\">\n\t\t\t\t<h4 class=\"woodmart-title-container title  wd-font-weight- wd-fontsize-l\" >Design &amp; development process demonstration<\/h4>\n\t\t\t\t\t\t\t<\/div>\n\t\t\t\n\t\t\t\n\t\t\t\n\t\t<\/div>\n\t\t\n\t\t\t\t<div id=\"wd-6125f2c0e928f\" class=\"wd-text-block wd-wpb reset-last-child wd-rs-6125f2c0e928f text-left wd-width-custom wd-fontsize-s \">\n\t\t\t<p><em>A wonderful serenity has taken possession of my entire soul,like these sweet mornings of spring which I enjoy with my whole heart.<\/em><\/p>\n\t\t<\/div>\n\t\t[\/vc_column][\/vc_row]<\/p>\n<\/section>","protected":false},"excerpt":{"rendered":"<p>[vc_row css=&#8221;.vc_custom_1668519490388{margin-bottom: 40px !important;padding-top: 30px !important;}&#8221; mobile_bg_img_hidden=&#8221;no&#8221; tablet_bg_img_hidden=&#8221;no&#8221; woodmart_parallax=&#8221;0&#8243; woodmart_gradient_switch=&#8221;no&#8221; row_reverse_mobile=&#8221;1&#8243; row_reverse_tablet=&#8221;1&#8243; woodmart_disable_overflow=&#8221;0&#8243; wd_z_index=&#8221;no&#8221; woodmart_css_id=&#8221;6373963cc7089&#8243; responsive_spacing=&#8221;eyJwYXJhbV90eXBlIjoid29vZG1hcnRfcmVzcG9uc2l2ZV9zcGFjaW5nIiwic2VsZWN0b3JfaWQiOiI2MzczOTYzY2M3MDg5Iiwic2hvcnRjb2RlIjoidmNfcm93IiwiZGF0YSI6eyJ0YWJsZXQiOnt9LCJtb2JpbGUiOnsibWFyZ2luLWJvdHRvbSI6IjIwcHgifX19&#8243; woodmart_box_shadow=&#8221;no&#8221;][vc_column css=&#8221;.vc_custom_1629877010833{margin-bottom: 40px !important;padding-top:<\/p>\n","protected":false},"author":2,"featured_media":0,"parent":0,"menu_order":0,"comment_status":"closed","ping_status":"closed","template":"","meta":{"footnotes":""},"class_list":["post-9770","page","type-page","status-publish","hentry"],"yoast_head":"<!-- This site is optimized with the Yoast SEO plugin v27.1.1 - https:\/\/yoast.com\/product\/yoast-seo-wordpress\/ -->\n<title>\u00dcber Uns - Hygienic Seat - Toilettensitze waren noch nie so gesund<\/title>\n<meta name=\"robots\" content=\"index, follow, max-snippet:-1, max-image-preview:large, max-video-preview:-1\" \/>\n<link rel=\"canonical\" href=\"https:\/\/hygienic-seat.com\/de\/ueber-uns\" \/>\n<meta property=\"og:locale\" content=\"de_DE\" \/>\n<meta property=\"og:type\" content=\"article\" \/>\n<meta property=\"og:title\" content=\"\u00dcber Uns - Hygienic Seat - Toilettensitze waren noch nie so gesund\" \/>\n<meta property=\"og:description\" content=\"[vc_row css=&#8221;.vc_custom_1668519490388{margin-bottom: 40px !important;padding-top: 30px !important;}&#8221; mobile_bg_img_hidden=&#8221;no&#8221; tablet_bg_img_hidden=&#8221;no&#8221; woodmart_parallax=&#8221;0&#8243; woodmart_gradient_switch=&#8221;no&#8221; row_reverse_mobile=&#8221;1&#8243; row_reverse_tablet=&#8221;1&#8243; woodmart_disable_overflow=&#8221;0&#8243; wd_z_index=&#8221;no&#8221; woodmart_css_id=&#8221;6373963cc7089&#8243; responsive_spacing=&#8221;eyJwYXJhbV90eXBlIjoid29vZG1hcnRfcmVzcG9uc2l2ZV9zcGFjaW5nIiwic2VsZWN0b3JfaWQiOiI2MzczOTYzY2M3MDg5Iiwic2hvcnRjb2RlIjoidmNfcm93IiwiZGF0YSI6eyJ0YWJsZXQiOnt9LCJtb2JpbGUiOnsibWFyZ2luLWJvdHRvbSI6IjIwcHgifX19&#8243; woodmart_box_shadow=&#8221;no&#8221;][vc_column css=&#8221;.vc_custom_1629877010833{margin-bottom: 40px !important;padding-top:\" \/>\n<meta property=\"og:url\" content=\"https:\/\/hygienic-seat.com\/de\/ueber-uns\" \/>\n<meta property=\"og:site_name\" content=\"Hygienic Seat - Toilettensitze waren noch nie so gesund\" \/>\n<meta property=\"article:modified_time\" content=\"2023-01-17T10:14:17+00:00\" \/>\n<meta property=\"og:image\" content=\"https:\/\/hygienic-seat.com\/wp-content\/uploads\/2022\/11\/CLEAN4U-logo-350.png\" \/>\n\t<meta property=\"og:image:width\" content=\"350\" \/>\n\t<meta property=\"og:image:height\" content=\"329\" \/>\n\t<meta property=\"og:image:type\" content=\"image\/png\" \/>\n<meta name=\"twitter:card\" content=\"summary_large_image\" \/>\n<meta name=\"twitter:label1\" content=\"Gesch\u00e4tzte Lesezeit\" \/>\n\t<meta name=\"twitter:data1\" content=\"3\u00a0Minuten\" \/>\n<script type=\"application\/ld+json\" class=\"yoast-schema-graph\">{\"@context\":\"https:\/\/schema.org\",\"@graph\":[{\"@type\":\"WebPage\",\"@id\":\"https:\/\/hygienic-seat.com\/de\/ueber-uns\",\"url\":\"https:\/\/hygienic-seat.com\/de\/ueber-uns\",\"name\":\"\u00dcber Uns - Hygienic Seat - Toilettensitze waren noch nie so gesund\",\"isPartOf\":{\"@id\":\"https:\/\/hygienic-seat.com\/#website\"},\"datePublished\":\"2021-08-25T05:26:28+00:00\",\"dateModified\":\"2023-01-17T10:14:17+00:00\",\"breadcrumb\":{\"@id\":\"https:\/\/hygienic-seat.com\/de\/ueber-uns#breadcrumb\"},\"inLanguage\":\"de\",\"potentialAction\":[{\"@type\":\"ReadAction\",\"target\":[\"https:\/\/hygienic-seat.com\/de\/ueber-uns\"]}]},{\"@type\":\"BreadcrumbList\",\"@id\":\"https:\/\/hygienic-seat.com\/de\/ueber-uns#breadcrumb\",\"itemListElement\":[{\"@type\":\"ListItem\",\"position\":1,\"name\":\"Po\u010detna stranica\",\"item\":\"https:\/\/hygienic-seat.com\/de\"},{\"@type\":\"ListItem\",\"position\":2,\"name\":\"\u00dcber Uns\"}]},{\"@type\":\"WebSite\",\"@id\":\"https:\/\/hygienic-seat.com\/#website\",\"url\":\"https:\/\/hygienic-seat.com\/\",\"name\":\"Hygienic Seat - Toilettensitze waren noch nie so gesund\",\"description\":\"\",\"publisher\":{\"@id\":\"https:\/\/hygienic-seat.com\/#organization\"},\"alternateName\":\"Hygienic Seat - toilet seats have never been this clean\",\"potentialAction\":[{\"@type\":\"SearchAction\",\"target\":{\"@type\":\"EntryPoint\",\"urlTemplate\":\"https:\/\/hygienic-seat.com\/?s={search_term_string}\"},\"query-input\":{\"@type\":\"PropertyValueSpecification\",\"valueRequired\":true,\"valueName\":\"search_term_string\"}}],\"inLanguage\":\"de\"},{\"@type\":\"Organization\",\"@id\":\"https:\/\/hygienic-seat.com\/#organization\",\"name\":\"Hygienic Seat - Toilettensitze waren noch nie so gesund\",\"alternateName\":\"Hygienic Seat - toilet seats have never been this clean\",\"url\":\"https:\/\/hygienic-seat.com\/\",\"logo\":{\"@type\":\"ImageObject\",\"inLanguage\":\"de\",\"@id\":\"https:\/\/hygienic-seat.com\/#\/schema\/logo\/image\/\",\"url\":\"https:\/\/hygienic-seat.com\/wp-content\/uploads\/2022\/11\/CLEAN4U-logo-350.png\",\"contentUrl\":\"https:\/\/hygienic-seat.com\/wp-content\/uploads\/2022\/11\/CLEAN4U-logo-350.png\",\"width\":350,\"height\":329,\"caption\":\"Hygienic Seat - Toilettensitze waren noch nie so gesund\"},\"image\":{\"@id\":\"https:\/\/hygienic-seat.com\/#\/schema\/logo\/image\/\"}}]}<\/script>\n<!-- \/ Yoast SEO plugin. -->","yoast_head_json":{"title":"\u00dcber Uns - Hygienic Seat - Toilettensitze waren noch nie so gesund","robots":{"index":"index","follow":"follow","max-snippet":"max-snippet:-1","max-image-preview":"max-image-preview:large","max-video-preview":"max-video-preview:-1"},"canonical":"https:\/\/hygienic-seat.com\/de\/ueber-uns","og_locale":"de_DE","og_type":"article","og_title":"\u00dcber Uns - Hygienic Seat - Toilettensitze waren noch nie so gesund","og_description":"[vc_row css=&#8221;.vc_custom_1668519490388{margin-bottom: 40px !important;padding-top: 30px !important;}&#8221; mobile_bg_img_hidden=&#8221;no&#8221; tablet_bg_img_hidden=&#8221;no&#8221; woodmart_parallax=&#8221;0&#8243; woodmart_gradient_switch=&#8221;no&#8221; row_reverse_mobile=&#8221;1&#8243; row_reverse_tablet=&#8221;1&#8243; woodmart_disable_overflow=&#8221;0&#8243; wd_z_index=&#8221;no&#8221; woodmart_css_id=&#8221;6373963cc7089&#8243; responsive_spacing=&#8221;eyJwYXJhbV90eXBlIjoid29vZG1hcnRfcmVzcG9uc2l2ZV9zcGFjaW5nIiwic2VsZWN0b3JfaWQiOiI2MzczOTYzY2M3MDg5Iiwic2hvcnRjb2RlIjoidmNfcm93IiwiZGF0YSI6eyJ0YWJsZXQiOnt9LCJtb2JpbGUiOnsibWFyZ2luLWJvdHRvbSI6IjIwcHgifX19&#8243; woodmart_box_shadow=&#8221;no&#8221;][vc_column css=&#8221;.vc_custom_1629877010833{margin-bottom: 40px !important;padding-top:","og_url":"https:\/\/hygienic-seat.com\/de\/ueber-uns","og_site_name":"Hygienic Seat - Toilettensitze waren noch nie so gesund","article_modified_time":"2023-01-17T10:14:17+00:00","og_image":[{"width":350,"height":329,"url":"https:\/\/hygienic-seat.com\/wp-content\/uploads\/2022\/11\/CLEAN4U-logo-350.png","type":"image\/png"}],"twitter_card":"summary_large_image","twitter_misc":{"Gesch\u00e4tzte Lesezeit":"3\u00a0Minuten"},"schema":{"@context":"https:\/\/schema.org","@graph":[{"@type":"WebPage","@id":"https:\/\/hygienic-seat.com\/de\/ueber-uns","url":"https:\/\/hygienic-seat.com\/de\/ueber-uns","name":"\u00dcber Uns - Hygienic Seat - Toilettensitze waren noch nie so gesund","isPartOf":{"@id":"https:\/\/hygienic-seat.com\/#website"},"datePublished":"2021-08-25T05:26:28+00:00","dateModified":"2023-01-17T10:14:17+00:00","breadcrumb":{"@id":"https:\/\/hygienic-seat.com\/de\/ueber-uns#breadcrumb"},"inLanguage":"de","potentialAction":[{"@type":"ReadAction","target":["https:\/\/hygienic-seat.com\/de\/ueber-uns"]}]},{"@type":"BreadcrumbList","@id":"https:\/\/hygienic-seat.com\/de\/ueber-uns#breadcrumb","itemListElement":[{"@type":"ListItem","position":1,"name":"Po\u010detna stranica","item":"https:\/\/hygienic-seat.com\/de"},{"@type":"ListItem","position":2,"name":"\u00dcber Uns"}]},{"@type":"WebSite","@id":"https:\/\/hygienic-seat.com\/#website","url":"https:\/\/hygienic-seat.com\/","name":"Hygienic Seat - Toilettensitze waren noch nie so gesund","description":"","publisher":{"@id":"https:\/\/hygienic-seat.com\/#organization"},"alternateName":"Hygienic Seat - toilet seats have never been this clean","potentialAction":[{"@type":"SearchAction","target":{"@type":"EntryPoint","urlTemplate":"https:\/\/hygienic-seat.com\/?s={search_term_string}"},"query-input":{"@type":"PropertyValueSpecification","valueRequired":true,"valueName":"search_term_string"}}],"inLanguage":"de"},{"@type":"Organization","@id":"https:\/\/hygienic-seat.com\/#organization","name":"Hygienic Seat - Toilettensitze waren noch nie so gesund","alternateName":"Hygienic Seat - toilet seats have never been this clean","url":"https:\/\/hygienic-seat.com\/","logo":{"@type":"ImageObject","inLanguage":"de","@id":"https:\/\/hygienic-seat.com\/#\/schema\/logo\/image\/","url":"https:\/\/hygienic-seat.com\/wp-content\/uploads\/2022\/11\/CLEAN4U-logo-350.png","contentUrl":"https:\/\/hygienic-seat.com\/wp-content\/uploads\/2022\/11\/CLEAN4U-logo-350.png","width":350,"height":329,"caption":"Hygienic Seat - Toilettensitze waren noch nie so gesund"},"image":{"@id":"https:\/\/hygienic-seat.com\/#\/schema\/logo\/image\/"}}]}},"_links":{"self":[{"href":"https:\/\/hygienic-seat.com\/de\/wp-json\/wp\/v2\/pages\/9770","targetHints":{"allow":["GET"]}}],"collection":[{"href":"https:\/\/hygienic-seat.com\/de\/wp-json\/wp\/v2\/pages"}],"about":[{"href":"https:\/\/hygienic-seat.com\/de\/wp-json\/wp\/v2\/types\/page"}],"author":[{"embeddable":true,"href":"https:\/\/hygienic-seat.com\/de\/wp-json\/wp\/v2\/users\/2"}],"replies":[{"embeddable":true,"href":"https:\/\/hygienic-seat.com\/de\/wp-json\/wp\/v2\/comments?post=9770"}],"version-history":[{"count":4,"href":"https:\/\/hygienic-seat.com\/de\/wp-json\/wp\/v2\/pages\/9770\/revisions"}],"predecessor-version":[{"id":9776,"href":"https:\/\/hygienic-seat.com\/de\/wp-json\/wp\/v2\/pages\/9770\/revisions\/9776"}],"wp:attachment":[{"href":"https:\/\/hygienic-seat.com\/de\/wp-json\/wp\/v2\/media?parent=9770"}],"curies":[{"name":"wp","href":"https:\/\/api.w.org\/{rel}","templated":true}]}}